{"id":508,"date":"2025-10-26T18:43:18","date_gmt":"2025-10-26T18:43:18","guid":{"rendered":"https:\/\/balamdmc.com\/?page_id=508"},"modified":"2025-12-11T00:46:10","modified_gmt":"2025-12-11T00:46:10","slug":"2026-football-cup-packages","status":"publish","type":"page","link":"https:\/\/balamdmc.com\/de\/2026-football-cup-packages\/","title":{"rendered":"WC 2026 - Katalog der Berechtigungsnachweise und Dienstleistungen"},"content":{"rendered":"<div data-elementor-type=\"wp-page\" data-elementor-id=\"508\" class=\"elementor elementor-508\" data-elementor-post-type=\"page\">\n\t\t\t\t<div class=\"elementor-element elementor-element-fe56a53 e-flex e-con-boxed e-con e-parent\" data-id=\"fe56a53\" data-element_type=\"container\" data-e-type=\"container\">\n\t\t\t\t\t<div class=\"e-con-inner\">\n\t\t\t\t<div class=\"elementor-element elementor-element-d140bdf elementor-widget elementor-widget-spacer\" data-id=\"d140bdf\" data-element_type=\"widget\" data-e-type=\"widget\" data-widget_type=\"spacer.default\">\n\t\t\t\t<div class=\"elementor-widget-container\">\n\t\t\t\t\t\t\t<div class=\"elementor-spacer\">\n\t\t\t<div class=\"elementor-spacer-inner\"><\/div>\n\t\t<\/div>\n\t\t\t\t\t\t<\/div>\n\t\t\t\t<\/div>\n\t\t\t\t<div class=\"elementor-element elementor-element-2194821 elementor-widget elementor-widget-heading\" data-id=\"2194821\" data-element_type=\"widget\" data-e-type=\"widget\" data-widget_type=\"heading.default\">\n\t\t\t\t<div class=\"elementor-widget-container\">\n\t\t\t\t\t<h2 class=\"elementor-heading-title elementor-size-default\">Beglaubigungsschreiben, Produkt- und Dienstleistungskatalog und Pakete f\u00fcr die Fu\u00dfballmeisterschaft 2026\n<\/h2>\t\t\t\t<\/div>\n\t\t\t\t<\/div>\n\t\t\t\t<div class=\"elementor-element elementor-element-41e5a96 elementor-widget elementor-widget-spacer\" data-id=\"41e5a96\" data-element_type=\"widget\" data-e-type=\"widget\" data-widget_type=\"spacer.default\">\n\t\t\t\t<div class=\"elementor-widget-container\">\n\t\t\t\t\t\t\t<div class=\"elementor-spacer\">\n\t\t\t<div class=\"elementor-spacer-inner\"><\/div>\n\t\t<\/div>\n\t\t\t\t\t\t<\/div>\n\t\t\t\t<\/div>\n\t\t\t\t\t<\/div>\n\t\t\t\t<\/div>\n\t\t<div class=\"elementor-element elementor-element-04a16a6 e-flex e-con-boxed e-con e-parent\" data-id=\"04a16a6\" data-element_type=\"container\" data-e-type=\"container\">\n\t\t\t\t\t<div class=\"e-con-inner\">\n\t\t<div class=\"elementor-element elementor-element-c3a8302 e-con-full e-flex e-con e-child\" data-id=\"c3a8302\" data-element_type=\"container\" data-e-type=\"container\">\n\t\t\t\t<div class=\"elementor-element elementor-element-0872975 elementor-align-center elementor-widget elementor-widget-button\" data-id=\"0872975\" data-element_type=\"widget\" data-e-type=\"widget\" data-widget_type=\"button.default\">\n\t\t\t\t<div class=\"elementor-widget-container\">\n\t\t\t\t\t\t\t\t\t<div class=\"elementor-button-wrapper\">\n\t\t\t\t\t<a class=\"elementor-button elementor-button-link elementor-size-sm\" href=\"https:\/\/balamdmc.com\/wp-content\/uploads\/2025\/12\/Balam-DMC-Credentials-2026.pdf\" target=\"_blank\">\n\t\t\t\t\t\t<span class=\"elementor-button-content-wrapper\">\n\t\t\t\t\t\t\t\t\t<span class=\"elementor-button-text\">Balam DMC Zeugnisse<\/span>\n\t\t\t\t\t<\/span>\n\t\t\t\t\t<\/a>\n\t\t\t\t<\/div>\n\t\t\t\t\t\t\t\t<\/div>\n\t\t\t\t<\/div>\n\t\t\t\t<\/div>\n\t\t<div class=\"elementor-element elementor-element-b76826e e-con-full e-flex e-con e-child\" data-id=\"b76826e\" data-element_type=\"container\" data-e-type=\"container\">\n\t\t\t\t<div class=\"elementor-element elementor-element-e3c0396 elementor-align-center elementor-widget elementor-widget-button\" data-id=\"e3c0396\" data-element_type=\"widget\" data-e-type=\"widget\" data-widget_type=\"button.default\">\n\t\t\t\t<div class=\"elementor-widget-container\">\n\t\t\t\t\t\t\t\t\t<div class=\"elementor-button-wrapper\">\n\t\t\t\t\t<a class=\"elementor-button elementor-button-link elementor-size-sm\" href=\"https:\/\/balamdmc.com\/wp-content\/uploads\/2025\/12\/Packages-2026-Mexico.pdf\" target=\"_blank\">\n\t\t\t\t\t\t<span class=\"elementor-button-content-wrapper\">\n\t\t\t\t\t\t\t\t\t<span class=\"elementor-button-text\">Spiel-Pakete<\/span>\n\t\t\t\t\t<\/span>\n\t\t\t\t\t<\/a>\n\t\t\t\t<\/div>\n\t\t\t\t\t\t\t\t<\/div>\n\t\t\t\t<\/div>\n\t\t\t\t<\/div>\n\t\t<div class=\"elementor-element elementor-element-c95c997 e-con-full e-flex e-con e-child\" data-id=\"c95c997\" data-element_type=\"container\" data-e-type=\"container\">\n\t\t\t\t<div class=\"elementor-element elementor-element-74ccc39 elementor-align-center elementor-widget elementor-widget-button\" data-id=\"74ccc39\" data-element_type=\"widget\" data-e-type=\"widget\" data-widget_type=\"button.default\">\n\t\t\t\t<div class=\"elementor-widget-container\">\n\t\t\t\t\t\t\t\t\t<div class=\"elementor-button-wrapper\">\n\t\t\t\t\t<a class=\"elementor-button elementor-button-link elementor-size-sm\" href=\"https:\/\/balamdmc.com\/wp-content\/uploads\/2025\/12\/Products-and-Services-2026-Balam-DMC.pdf\" target=\"_blank\">\n\t\t\t\t\t\t<span class=\"elementor-button-content-wrapper\">\n\t\t\t\t\t\t\t\t\t<span class=\"elementor-button-text\">Katalog der Produkte und Dienstleistungen<\/span>\n\t\t\t\t\t<\/span>\n\t\t\t\t\t<\/a>\n\t\t\t\t<\/div>\n\t\t\t\t\t\t\t\t<\/div>\n\t\t\t\t<\/div>\n\t\t\t\t<\/div>\n\t\t\t\t\t<\/div>\n\t\t\t\t<\/div>\n\t\t<div class=\"elementor-element elementor-element-4eb9a8b e-flex e-con-boxed e-con e-parent\" data-id=\"4eb9a8b\" data-element_type=\"container\" data-e-type=\"container\">\n\t\t\t\t\t<div class=\"e-con-inner\">\n\t\t<div class=\"elementor-element elementor-element-1d5b157 e-con-full e-flex e-con e-child\" data-id=\"1d5b157\" data-element_type=\"container\" data-e-type=\"container\">\n\t\t\t\t<div class=\"elementor-element elementor-element-ce74787 elementor-widget elementor-widget-heading\" data-id=\"ce74787\" data-element_type=\"widget\" data-e-type=\"widget\" data-widget_type=\"heading.default\">\n\t\t\t\t<div class=\"elementor-widget-container\">\n\t\t\t\t\t<h5 class=\"elementor-heading-title elementor-size-default\">M\u00f6chten Ihre Kunden an der Fu\u00dfballmeisterschaft 2026 in Mexiko teilnehmen?\n<\/h5>\t\t\t\t<\/div>\n\t\t\t\t<\/div>\n\t\t\t\t<div class=\"elementor-element elementor-element-363c9bc elementor-widget elementor-widget-text-editor\" data-id=\"363c9bc\" data-element_type=\"widget\" data-e-type=\"widget\" data-widget_type=\"text-editor.default\">\n\t\t\t\t<div class=\"elementor-widget-container\">\n\t\t\t\t\t\t\t\t\t<p style=\"text-align: center;\" data-start=\"212\" data-end=\"571\">Unter <strong data-start=\"272\" data-end=\"285\">Balam DMC<\/strong> helfen wir Ihnen, ein komplettes und unvergessliches Erlebnis zu gestalten. Wir k\u00fcmmern uns um <strong data-start=\"367\" data-end=\"478\">alle Dienstleistungen, einschlie\u00dflich Unterkunft, Transport, exklusive Erlebnisse, Partys und besondere Veranstaltungen<\/strong>wie auch <strong data-start=\"492\" data-end=\"521\">vor und nach der Reise <\/strong>zu den au\u00dfergew\u00f6hnlichsten Reisezielen in Mexiko.<\/p><p style=\"text-align: center;\" data-start=\"573\" data-end=\"721\">Vertrauen Sie uns, wenn es darum geht, ein ma\u00dfgeschneidertes Programm zusammenzustellen, das die Faszination des Fu\u00dfballs mit der mexikanischen Kultur, Gastronomie und Gastfreundschaft verbindet.<\/p>\t\t\t\t\t\t\t\t<\/div>\n\t\t\t\t<\/div>\n\t\t\t\t<div class=\"elementor-element elementor-element-4a7dd56 elementor-widget elementor-widget-heading\" data-id=\"4a7dd56\" data-element_type=\"widget\" data-e-type=\"widget\" data-widget_type=\"heading.default\">\n\t\t\t\t<div class=\"elementor-widget-container\">\n\t\t\t\t\t<h5 class=\"elementor-heading-title elementor-size-default\">Klicken Sie hier, um uns eine E-Mail zu senden und mit der Planung des perfekten Erlebnisses f\u00fcr das Gro\u00dfereignis im Jahr 2026 zu beginnen.<\/h5>\t\t\t\t<\/div>\n\t\t\t\t<\/div>\n\t\t\t\t<div class=\"elementor-element elementor-element-270eb8b elementor-align-center elementor-widget elementor-widget-button\" data-id=\"270eb8b\" data-element_type=\"widget\" data-e-type=\"widget\" data-widget_type=\"button.default\">\n\t\t\t\t<div class=\"elementor-widget-container\">\n\t\t\t\t\t\t\t\t\t<div class=\"elementor-button-wrapper\">\n\t\t\t\t\t<a class=\"elementor-button elementor-button-link elementor-size-sm\" href=\"mailto:wc26@balamdmc.com%20?subject=Request%20for%20WC%2026%20in%20Mexico%20&#038;cc=juan@balamdmc.com;%20rodrigo@balamdmc.com;natalia@balamdmc.com;%20mariel@balamdmc.com\">\n\t\t\t\t\t\t<span class=\"elementor-button-content-wrapper\">\n\t\t\t\t\t\t\t\t\t<span class=\"elementor-button-text\">Mail senden<\/span>\n\t\t\t\t\t<\/span>\n\t\t\t\t\t<\/a>\n\t\t\t\t<\/div>\n\t\t\t\t\t\t\t\t<\/div>\n\t\t\t\t<\/div>\n\t\t\t\t<\/div>\n\t\t\t\t\t<\/div>\n\t\t\t\t<\/div>\n\t\t\t\t<\/div>","protected":false},"excerpt":{"rendered":"<p>Credenciales, Cat\u00e1logo de Productos y Servicios y Paquetes para la Copa de Futbol 2026 Balam DMC Credenciales Paquetes para los partidos Cat\u00e1logo de Productos y Servicios \u00bfSus clientes quieren asistir al Copa de F\u00fatbol 2026 en M\u00e9xico? En Balam DMC les ayudamos a dise\u00f1ar una experiencia completa e inolvidable. Nos encargamos de todos los servicios [&hellip;]<\/p>\n","protected":false},"author":1,"featured_media":0,"parent":0,"menu_order":0,"comment_status":"closed","ping_status":"closed","template":"","meta":{"footnotes":""},"class_list":["post-508","page","type-page","status-publish","hentry"],"_links":{"self":[{"href":"https:\/\/balamdmc.com\/de\/wp-json\/wp\/v2\/pages\/508","targetHints":{"allow":["GET"]}}],"collection":[{"href":"https:\/\/balamdmc.com\/de\/wp-json\/wp\/v2\/pages"}],"about":[{"href":"https:\/\/balamdmc.com\/de\/wp-json\/wp\/v2\/types\/page"}],"author":[{"embeddable":true,"href":"https:\/\/balamdmc.com\/de\/wp-json\/wp\/v2\/users\/1"}],"replies":[{"embeddable":true,"href":"https:\/\/balamdmc.com\/de\/wp-json\/wp\/v2\/comments?post=508"}],"version-history":[{"count":37,"href":"https:\/\/balamdmc.com\/de\/wp-json\/wp\/v2\/pages\/508\/revisions"}],"predecessor-version":[{"id":581,"href":"https:\/\/balamdmc.com\/de\/wp-json\/wp\/v2\/pages\/508\/revisions\/581"}],"wp:attachment":[{"href":"https:\/\/balamdmc.com\/de\/wp-json\/wp\/v2\/media?parent=508"}],"curies":[{"name":"wp","href":"https:\/\/api.w.org\/{rel}","templated":true}]}}