{"id":62,"date":"2024-04-05T19:23:28","date_gmt":"2024-04-05T19:23:28","guid":{"rendered":"https:\/\/balamdmc.com\/?page_id=62"},"modified":"2025-10-15T20:22:41","modified_gmt":"2025-10-15T20:22:41","slug":"nosotros","status":"publish","type":"page","link":"https:\/\/balamdmc.com\/de\/nosotros\/","title":{"rendered":"Wir"},"content":{"rendered":"<div data-elementor-type=\"wp-page\" data-elementor-id=\"62\" class=\"elementor elementor-62\" data-elementor-post-type=\"page\">\n\t\t\t\t<div class=\"elementor-element elementor-element-237c014 e-flex e-con-boxed e-con e-parent\" data-id=\"237c014\" data-element_type=\"container\" data-e-type=\"container\">\n\t\t\t\t\t<div class=\"e-con-inner\">\n\t\t\t\t<div class=\"elementor-element elementor-element-ebbad47 elementor-widget elementor-widget-spacer\" data-id=\"ebbad47\" data-element_type=\"widget\" data-e-type=\"widget\" data-widget_type=\"spacer.default\">\n\t\t\t\t<div class=\"elementor-widget-container\">\n\t\t\t\t\t\t\t<div class=\"elementor-spacer\">\n\t\t\t<div class=\"elementor-spacer-inner\"><\/div>\n\t\t<\/div>\n\t\t\t\t\t\t<\/div>\n\t\t\t\t<\/div>\n\t\t\t\t<div class=\"elementor-element elementor-element-597fa0f elementor-widget elementor-widget-heading\" data-id=\"597fa0f\" data-element_type=\"widget\" data-e-type=\"widget\" data-widget_type=\"heading.default\">\n\t\t\t\t<div class=\"elementor-widget-container\">\n\t\t\t\t\t<h2 class=\"elementor-heading-title elementor-size-default\">Wir<\/h2>\t\t\t\t<\/div>\n\t\t\t\t<\/div>\n\t\t\t\t<div class=\"elementor-element elementor-element-7549b9a elementor-widget elementor-widget-spacer\" data-id=\"7549b9a\" data-element_type=\"widget\" data-e-type=\"widget\" data-widget_type=\"spacer.default\">\n\t\t\t\t<div class=\"elementor-widget-container\">\n\t\t\t\t\t\t\t<div class=\"elementor-spacer\">\n\t\t\t<div class=\"elementor-spacer-inner\"><\/div>\n\t\t<\/div>\n\t\t\t\t\t\t<\/div>\n\t\t\t\t<\/div>\n\t\t\t\t\t<\/div>\n\t\t\t\t<\/div>\n\t\t<div class=\"elementor-element elementor-element-3628b04 e-flex e-con-boxed e-con e-parent\" data-id=\"3628b04\" data-element_type=\"container\" data-e-type=\"container\">\n\t\t\t\t\t<div class=\"e-con-inner\">\n\t\t\t\t<div class=\"elementor-element elementor-element-6ac9f68 elementor-widget elementor-widget-text-editor\" data-id=\"6ac9f68\" data-element_type=\"widget\" data-e-type=\"widget\" data-widget_type=\"text-editor.default\">\n\t\t\t\t<div class=\"elementor-widget-container\">\n\t\t\t\t\t\t\t\t\t<p style=\"text-align: center;\"><strong data-start=\"447\" data-end=\"460\">Balam DMC<\/strong> ist angetreten, um das Konzept der ma\u00dfgeschneiderten Luxusreisen in Mexiko neu zu definieren. Eine mexikanisch gef\u00fchrte DMC, die Koh\u00e4renz, Authentizit\u00e4t und Exzellenz in jedem Detail vereint und jedes Erlebnis in etwas wirklich Au\u00dfergew\u00f6hnliches verwandelt.<\/p>\t\t\t\t\t\t\t\t<\/div>\n\t\t\t\t<\/div>\n\t\t\t\t\t<\/div>\n\t\t\t\t<\/div>\n\t\t<div class=\"elementor-element elementor-element-a299ba9 e-flex e-con-boxed e-con e-parent\" data-id=\"a299ba9\" data-element_type=\"container\" data-e-type=\"container\">\n\t\t\t\t\t<div class=\"e-con-inner\">\n\t\t<div class=\"elementor-element elementor-element-ecd21ba e-con-full e-flex e-con e-child\" data-id=\"ecd21ba\" data-element_type=\"container\" data-e-type=\"container\">\n\t\t\t\t<\/div>\n\t\t<div class=\"elementor-element elementor-element-afab07c e-con-full e-flex e-con e-child\" data-id=\"afab07c\" data-element_type=\"container\" data-e-type=\"container\">\n\t\t\t\t<div class=\"elementor-element elementor-element-01d89ac elementor-widget elementor-widget-image\" data-id=\"01d89ac\" data-element_type=\"widget\" data-e-type=\"widget\" data-widget_type=\"image.default\">\n\t\t\t\t<div class=\"elementor-widget-container\">\n\t\t\t\t\t\t\t\t\t\t\t\t\t\t\t<img fetchpriority=\"high\" decoding=\"async\" width=\"768\" height=\"768\" src=\"https:\/\/balamdmc.com\/wp-content\/uploads\/2025\/01\/13-768x768.png\" class=\"attachment-medium_large size-medium_large wp-image-240\" alt=\"\" srcset=\"https:\/\/balamdmc.com\/wp-content\/uploads\/2025\/01\/13-768x768.png 768w, https:\/\/balamdmc.com\/wp-content\/uploads\/2025\/01\/13-300x300.png 300w, https:\/\/balamdmc.com\/wp-content\/uploads\/2025\/01\/13-150x150.png 150w, https:\/\/balamdmc.com\/wp-content\/uploads\/2025\/01\/13-12x12.png 12w, https:\/\/balamdmc.com\/wp-content\/uploads\/2025\/01\/13-400x400.png 400w, https:\/\/balamdmc.com\/wp-content\/uploads\/2025\/01\/13-600x600.png 600w, https:\/\/balamdmc.com\/wp-content\/uploads\/2025\/01\/13.png 1024w\" sizes=\"(max-width: 768px) 100vw, 768px\" \/>\t\t\t\t\t\t\t\t\t\t\t\t\t\t\t<\/div>\n\t\t\t\t<\/div>\n\t\t\t\t<div class=\"elementor-element elementor-element-441bf29 elementor-widget elementor-widget-spacer\" data-id=\"441bf29\" data-element_type=\"widget\" data-e-type=\"widget\" data-widget_type=\"spacer.default\">\n\t\t\t\t<div class=\"elementor-widget-container\">\n\t\t\t\t\t\t\t<div class=\"elementor-spacer\">\n\t\t\t<div class=\"elementor-spacer-inner\"><\/div>\n\t\t<\/div>\n\t\t\t\t\t\t<\/div>\n\t\t\t\t<\/div>\n\t\t\t\t<\/div>\n\t\t\t\t<div class=\"elementor-element elementor-element-29d55e4 elementor-widget elementor-widget-spacer\" data-id=\"29d55e4\" data-element_type=\"widget\" data-e-type=\"widget\" data-widget_type=\"spacer.default\">\n\t\t\t\t<div class=\"elementor-widget-container\">\n\t\t\t\t\t\t\t<div class=\"elementor-spacer\">\n\t\t\t<div class=\"elementor-spacer-inner\"><\/div>\n\t\t<\/div>\n\t\t\t\t\t\t<\/div>\n\t\t\t\t<\/div>\n\t\t<div class=\"elementor-element elementor-element-47a1a2e e-con-full e-flex e-con e-child\" data-id=\"47a1a2e\" data-element_type=\"container\" data-e-type=\"container\">\n\t\t\t\t<\/div>\n\t\t\t\t\t<\/div>\n\t\t\t\t<\/div>\n\t\t<div class=\"elementor-element elementor-element-40c7154 e-flex e-con-boxed e-con e-parent\" data-id=\"40c7154\" data-element_type=\"container\" data-e-type=\"container\" data-settings=\"{&quot;background_background&quot;:&quot;classic&quot;}\">\n\t\t\t\t\t<div class=\"e-con-inner\">\n\t\t<div class=\"elementor-element elementor-element-60a1401 e-con-full e-flex e-con e-child\" data-id=\"60a1401\" data-element_type=\"container\" data-e-type=\"container\">\n\t\t\t\t<div class=\"elementor-element elementor-element-5e309be elementor-widget elementor-widget-image\" data-id=\"5e309be\" data-element_type=\"widget\" data-e-type=\"widget\" data-widget_type=\"image.default\">\n\t\t\t\t<div class=\"elementor-widget-container\">\n\t\t\t\t\t\t\t\t\t\t\t\t\t\t\t<img decoding=\"async\" width=\"255\" height=\"215\" src=\"https:\/\/balamdmc.com\/wp-content\/uploads\/2025\/10\/logos-04.png\" class=\"attachment-medium size-medium wp-image-492\" alt=\"\" srcset=\"https:\/\/balamdmc.com\/wp-content\/uploads\/2025\/10\/logos-04.png 255w, https:\/\/balamdmc.com\/wp-content\/uploads\/2025\/10\/logos-04-14x12.png 14w\" sizes=\"(max-width: 255px) 100vw, 255px\" \/>\t\t\t\t\t\t\t\t\t\t\t\t\t\t\t<\/div>\n\t\t\t\t<\/div>\n\t\t\t\t<\/div>\n\t\t<div class=\"elementor-element elementor-element-a78aa50 e-con-full e-flex e-con e-child\" data-id=\"a78aa50\" data-element_type=\"container\" data-e-type=\"container\">\n\t\t\t\t<div class=\"elementor-element elementor-element-fd94b22 elementor-widget elementor-widget-spacer\" data-id=\"fd94b22\" data-element_type=\"widget\" data-e-type=\"widget\" data-widget_type=\"spacer.default\">\n\t\t\t\t<div class=\"elementor-widget-container\">\n\t\t\t\t\t\t\t<div class=\"elementor-spacer\">\n\t\t\t<div class=\"elementor-spacer-inner\"><\/div>\n\t\t<\/div>\n\t\t\t\t\t\t<\/div>\n\t\t\t\t<\/div>\n\t\t\t\t<div class=\"elementor-element elementor-element-331a6b3 elementor-widget elementor-widget-text-editor\" data-id=\"331a6b3\" data-element_type=\"widget\" data-e-type=\"widget\" data-widget_type=\"text-editor.default\">\n\t\t\t\t<div class=\"elementor-widget-container\">\n\t\t\t\t\t\t\t\t\t<p style=\"text-align: center;\">Unser Logo ist von der Gr\u00f6\u00dfe der Maya-Zivilisation inspiriert und vereint Symbole, die f\u00fcr den Kalender und die <strong data-start=\"261\" data-end=\"283\">Symbol des Camino<\/strong>die Weisheit, Bewegung und Verbindung hervorrufen. <strong data-start=\"328\" data-end=\"337\">Balam<\/strong> ist genau das: der Weg, der unsere Kunden dazu bringt, das Beste unseres au\u00dfergew\u00f6hnlichen Landes zu entdecken.<\/p>\t\t\t\t\t\t\t\t<\/div>\n\t\t\t\t<\/div>\n\t\t\t\t<div class=\"elementor-element elementor-element-5a66ac8 elementor-widget elementor-widget-spacer\" data-id=\"5a66ac8\" data-element_type=\"widget\" data-e-type=\"widget\" data-widget_type=\"spacer.default\">\n\t\t\t\t<div class=\"elementor-widget-container\">\n\t\t\t\t\t\t\t<div class=\"elementor-spacer\">\n\t\t\t<div class=\"elementor-spacer-inner\"><\/div>\n\t\t<\/div>\n\t\t\t\t\t\t<\/div>\n\t\t\t\t<\/div>\n\t\t\t\t<\/div>\n\t\t\t\t\t<\/div>\n\t\t\t\t<\/div>\n\t\t<div class=\"elementor-element elementor-element-8692273 e-flex e-con-boxed e-con e-parent\" data-id=\"8692273\" data-element_type=\"container\" data-e-type=\"container\" data-settings=\"{&quot;background_background&quot;:&quot;classic&quot;}\">\n\t\t\t\t\t<div class=\"e-con-inner\">\n\t\t<div class=\"elementor-element elementor-element-7e39deb e-con-full e-flex e-con e-child\" data-id=\"7e39deb\" data-element_type=\"container\" data-e-type=\"container\">\n\t\t\t\t<\/div>\n\t\t<div class=\"elementor-element elementor-element-5e96ad4 e-con-full e-flex e-con e-child\" data-id=\"5e96ad4\" data-element_type=\"container\" data-e-type=\"container\">\n\t\t\t\t<div class=\"elementor-element elementor-element-4ef910f elementor-widget elementor-widget-heading\" data-id=\"4ef910f\" data-element_type=\"widget\" data-e-type=\"widget\" data-widget_type=\"heading.default\">\n\t\t\t\t<div class=\"elementor-widget-container\">\n\t\t\t\t\t<h1 class=\"elementor-heading-title elementor-size-default\">WAS TUN WIR?<\/h1>\t\t\t\t<\/div>\n\t\t\t\t<\/div>\n\t\t\t\t<div class=\"elementor-element elementor-element-c998281 elementor-widget elementor-widget-spacer\" data-id=\"c998281\" data-element_type=\"widget\" data-e-type=\"widget\" data-widget_type=\"spacer.default\">\n\t\t\t\t<div class=\"elementor-widget-container\">\n\t\t\t\t\t\t\t<div class=\"elementor-spacer\">\n\t\t\t<div class=\"elementor-spacer-inner\"><\/div>\n\t\t<\/div>\n\t\t\t\t\t\t<\/div>\n\t\t\t\t<\/div>\n\t\t\t\t<div class=\"elementor-element elementor-element-39a03df elementor-widget elementor-widget-text-editor\" data-id=\"39a03df\" data-element_type=\"widget\" data-e-type=\"widget\" data-widget_type=\"text-editor.default\">\n\t\t\t\t<div class=\"elementor-widget-container\">\n\t\t\t\t\t\t\t\t\t<p style=\"text-align: center;\" data-start=\"306\" data-end=\"693\"><strong data-start=\"306\" data-end=\"329\">Bei Balam DMC Mexiko<\/strong> sind wir Experten f\u00fcr die Schaffung einzigartiger und unvergesslicher Erlebnisse f\u00fcr anspruchsvolle Reisende auf der Suche nach dem Au\u00dfergew\u00f6hnlichen. Mit unserer umfassenden Kenntnis des Reiseziels bieten wir <strong data-start=\"493\" data-end=\"515\">Luxus-FIT-Reisen<\/strong> die vollst\u00e4ndig auf Bestellung entwickelt wurden und Authentizit\u00e4t, Kreativit\u00e4t und privilegierten Zugang miteinander verbinden (<em data-start=\"613\" data-end=\"629\">Insiderzugang<\/em>) zu Mexikos einzigartigsten Orten, Menschen und Momenten.<\/p><p style=\"text-align: center;\" data-start=\"695\" data-end=\"927\">Durch unsere spezialisierte Marke <strong data-start=\"735\" data-end=\"756\">Emotionen Sch\u00f6pfer<\/strong>wir entwerfen und betreiben <strong data-start=\"779\" data-end=\"835\">Veranstaltungen, Tagungen, Konferenzen und Incentives (MICE)<\/strong> mit hauseigener Produktion, grenzenloser Kreativit\u00e4t und makelloser Ausf\u00fchrung im ganzen Land.<\/p><p style=\"text-align: center;\" data-start=\"929\" data-end=\"1195\">Unser Bereich <strong data-start=\"946\" data-end=\"975\">Einzigartige Hochzeiten in Mexiko<\/strong> widmet sich der Schaffung von <strong data-start=\"1003\" data-end=\"1034\">au\u00dfergew\u00f6hnliche Hochzeiten am Urlaubsort<\/strong>Die Veranstaltung ist eine Verschmelzung von spektakul\u00e4ren Landschaften, pers\u00f6nlichen Details und dem kulturellen Zauber Mexikos, der jede Feier zu einem unvergesslichen Erlebnis macht.<\/p><p style=\"text-align: center;\" data-start=\"1197\" data-end=\"1356\">Unter <strong data-start=\"1200\" data-end=\"1213\">Balam DMC<\/strong>Ob es sich um eine Reise, eine Veranstaltung oder eine Feier handelt, jedes Projekt ist ein ma\u00dfgeschneidertes Werk, das sorgf\u00e4ltig entworfen wurde, um zu inspirieren, zu verbinden und zu begeistern.<\/p>\t\t\t\t\t\t\t\t<\/div>\n\t\t\t\t<\/div>\n\t\t\t\t<div class=\"elementor-element elementor-element-34e4c4d elementor-widget elementor-widget-image\" data-id=\"34e4c4d\" data-element_type=\"widget\" data-e-type=\"widget\" data-widget_type=\"image.default\">\n\t\t\t\t<div class=\"elementor-widget-container\">\n\t\t\t\t\t\t\t\t\t\t\t\t\t\t\t<img decoding=\"async\" width=\"225\" height=\"300\" src=\"https:\/\/balamdmc.com\/wp-content\/uploads\/2024\/04\/ryan-loughlin-A5f8tCAfjq8-unsplash-225x300.jpg\" class=\"attachment-medium size-medium wp-image-145\" alt=\"\" srcset=\"https:\/\/balamdmc.com\/wp-content\/uploads\/2024\/04\/ryan-loughlin-A5f8tCAfjq8-unsplash-225x300.jpg 225w, https:\/\/balamdmc.com\/wp-content\/uploads\/2024\/04\/ryan-loughlin-A5f8tCAfjq8-unsplash-768x1024.jpg 768w, https:\/\/balamdmc.com\/wp-content\/uploads\/2024\/04\/ryan-loughlin-A5f8tCAfjq8-unsplash-1152x1536.jpg 1152w, https:\/\/balamdmc.com\/wp-content\/uploads\/2024\/04\/ryan-loughlin-A5f8tCAfjq8-unsplash-1536x2048.jpg 1536w, https:\/\/balamdmc.com\/wp-content\/uploads\/2024\/04\/ryan-loughlin-A5f8tCAfjq8-unsplash-9x12.jpg 9w, https:\/\/balamdmc.com\/wp-content\/uploads\/2024\/04\/ryan-loughlin-A5f8tCAfjq8-unsplash-scaled.jpg 1920w\" sizes=\"(max-width: 225px) 100vw, 225px\" \/>\t\t\t\t\t\t\t\t\t\t\t\t\t\t\t<\/div>\n\t\t\t\t<\/div>\n\t\t\t\t<\/div>\n\t\t<div class=\"elementor-element elementor-element-ba84cb3 e-con-full e-flex e-con e-child\" data-id=\"ba84cb3\" data-element_type=\"container\" data-e-type=\"container\">\n\t\t\t\t<\/div>\n\t\t\t\t\t<\/div>\n\t\t\t\t<\/div>\n\t\t<div class=\"elementor-element elementor-element-1c1096b e-flex e-con-boxed e-con e-parent\" data-id=\"1c1096b\" data-element_type=\"container\" data-e-type=\"container\">\n\t\t\t\t\t<div class=\"e-con-inner\">\n\t\t<div class=\"elementor-element elementor-element-9b9ce40 e-con-full e-flex e-con e-child\" data-id=\"9b9ce40\" data-element_type=\"container\" data-e-type=\"container\">\n\t\t\t\t<\/div>\n\t\t<div class=\"elementor-element elementor-element-7db1f0d e-con-full e-flex e-con e-child\" data-id=\"7db1f0d\" data-element_type=\"container\" data-e-type=\"container\">\n\t\t\t\t<div class=\"elementor-element elementor-element-4c06d00 elementor-widget elementor-widget-heading\" data-id=\"4c06d00\" data-element_type=\"widget\" data-e-type=\"widget\" data-widget_type=\"heading.default\">\n\t\t\t\t<div class=\"elementor-widget-container\">\n\t\t\t\t\t<h2 class=\"elementor-heading-title elementor-size-default\">WIE MACHEN WIR DAS?<\/h2>\t\t\t\t<\/div>\n\t\t\t\t<\/div>\n\t\t\t\t<div class=\"elementor-element elementor-element-8c772cb elementor-widget elementor-widget-spacer\" data-id=\"8c772cb\" data-element_type=\"widget\" data-e-type=\"widget\" data-widget_type=\"spacer.default\">\n\t\t\t\t<div class=\"elementor-widget-container\">\n\t\t\t\t\t\t\t<div class=\"elementor-spacer\">\n\t\t\t<div class=\"elementor-spacer-inner\"><\/div>\n\t\t<\/div>\n\t\t\t\t\t\t<\/div>\n\t\t\t\t<\/div>\n\t\t\t\t<div class=\"elementor-element elementor-element-7f7acdc elementor-widget elementor-widget-text-editor\" data-id=\"7f7acdc\" data-element_type=\"widget\" data-e-type=\"widget\" data-widget_type=\"text-editor.default\">\n\t\t\t\t<div class=\"elementor-widget-container\">\n\t\t\t\t\t\t\t\t\t<p style=\"text-align: center;\" data-start=\"167\" data-end=\"465\">Unter <strong data-start=\"170\" data-end=\"183\">Balam DMC<\/strong> Wir sind stolz darauf, dass wir durch eine enge und transparente Kommunikation mit Ihnen die Bed\u00fcrfnisse Ihrer Reisenden genau verstehen. Wir verf\u00fcgen \u00fcber ein ethisches, gewissenhaftes und hochqualifiziertes Team mit fundierten Kenntnissen des Reiseziels und den besten internationalen Zertifizierungen.<\/p><p style=\"text-align: center;\" data-start=\"467\" data-end=\"776\">Wir folgen den globalen Tourismustrends, aber wir stellen sie auch in Frage, um neue <strong data-start=\"552\" data-end=\"600\">einzigartige, authentische und denkw\u00fcrdige Erlebnisse<\/strong>. Unser Ziel ist es, Ihnen und Ihren Reisenden den bestm\u00f6glichen Service zu bieten. <strong data-start=\"659\" data-end=\"703\">absolute Sorgenfreiheit von Anfang bis Ende<\/strong>mit der Exzellenz und Sorgfalt, die jedes Balam-Projekt auszeichnet.<\/p>\t\t\t\t\t\t\t\t<\/div>\n\t\t\t\t<\/div>\n\t\t\t\t<div class=\"elementor-element elementor-element-9d4f07a elementor-widget elementor-widget-spacer\" data-id=\"9d4f07a\" data-element_type=\"widget\" data-e-type=\"widget\" data-widget_type=\"spacer.default\">\n\t\t\t\t<div class=\"elementor-widget-container\">\n\t\t\t\t\t\t\t<div class=\"elementor-spacer\">\n\t\t\t<div class=\"elementor-spacer-inner\"><\/div>\n\t\t<\/div>\n\t\t\t\t\t\t<\/div>\n\t\t\t\t<\/div>\n\t\t\t\t<\/div>\n\t\t<div class=\"elementor-element elementor-element-eb03155 e-con-full e-flex e-con e-child\" data-id=\"eb03155\" data-element_type=\"container\" data-e-type=\"container\">\n\t\t\t\t<\/div>\n\t\t\t\t\t<\/div>\n\t\t\t\t<\/div>\n\t\t\t\t<\/div>","protected":false},"excerpt":{"rendered":"<p>Nosotros Balam DMC surge para redefinir el concepto del lujo en los viajes a medida en M\u00e9xico. Un DMC liderado por mexicanos que combina coherencia, autenticidad y excelencia en cada detalle, transformando cada experiencia en algo verdaderamente excepcional. Nuestro logotipo se inspira en la grandeza de la civilizaci\u00f3n maya, fusionando s\u00edmbolos representativos del calendario y [&hellip;]<\/p>\n","protected":false},"author":1,"featured_media":0,"parent":0,"menu_order":0,"comment_status":"closed","ping_status":"closed","template":"","meta":{"footnotes":""},"class_list":["post-62","page","type-page","status-publish","hentry"],"_links":{"self":[{"href":"https:\/\/balamdmc.com\/de\/wp-json\/wp\/v2\/pages\/62","targetHints":{"allow":["GET"]}}],"collection":[{"href":"https:\/\/balamdmc.com\/de\/wp-json\/wp\/v2\/pages"}],"about":[{"href":"https:\/\/balamdmc.com\/de\/wp-json\/wp\/v2\/types\/page"}],"author":[{"embeddable":true,"href":"https:\/\/balamdmc.com\/de\/wp-json\/wp\/v2\/users\/1"}],"replies":[{"embeddable":true,"href":"https:\/\/balamdmc.com\/de\/wp-json\/wp\/v2\/comments?post=62"}],"version-history":[{"count":37,"href":"https:\/\/balamdmc.com\/de\/wp-json\/wp\/v2\/pages\/62\/revisions"}],"predecessor-version":[{"id":504,"href":"https:\/\/balamdmc.com\/de\/wp-json\/wp\/v2\/pages\/62\/revisions\/504"}],"wp:attachment":[{"href":"https:\/\/balamdmc.com\/de\/wp-json\/wp\/v2\/media?parent=62"}],"curies":[{"name":"wp","href":"https:\/\/api.w.org\/{rel}","templated":true}]}}