{"id":69,"date":"2024-04-05T19:24:41","date_gmt":"2024-04-05T19:24:41","guid":{"rendered":"https:\/\/balamdmc.com\/?page_id=69"},"modified":"2025-10-15T04:55:16","modified_gmt":"2025-10-15T04:55:16","slug":"como-trabajamos","status":"publish","type":"page","link":"https:\/\/balamdmc.com\/de\/como-trabajamos\/","title":{"rendered":"Wie arbeiten wir?"},"content":{"rendered":"<div data-elementor-type=\"wp-page\" data-elementor-id=\"69\" class=\"elementor elementor-69\" data-elementor-post-type=\"page\">\n\t\t\t\t<div class=\"elementor-element elementor-element-a97edd6 e-flex e-con-boxed e-con e-parent\" data-id=\"a97edd6\" data-element_type=\"container\" data-e-type=\"container\">\n\t\t\t\t\t<div class=\"e-con-inner\">\n\t\t\t\t<div class=\"elementor-element elementor-element-a9bce78 elementor-widget elementor-widget-spacer\" data-id=\"a9bce78\" data-element_type=\"widget\" data-e-type=\"widget\" data-widget_type=\"spacer.default\">\n\t\t\t\t<div class=\"elementor-widget-container\">\n\t\t\t\t\t\t\t<div class=\"elementor-spacer\">\n\t\t\t<div class=\"elementor-spacer-inner\"><\/div>\n\t\t<\/div>\n\t\t\t\t\t\t<\/div>\n\t\t\t\t<\/div>\n\t\t\t\t<div class=\"elementor-element elementor-element-f9d6fff elementor-widget elementor-widget-heading\" data-id=\"f9d6fff\" data-element_type=\"widget\" data-e-type=\"widget\" data-widget_type=\"heading.default\">\n\t\t\t\t<div class=\"elementor-widget-container\">\n\t\t\t\t\t<h2 class=\"elementor-heading-title elementor-size-default\">Wie arbeiten wir?<\/h2>\t\t\t\t<\/div>\n\t\t\t\t<\/div>\n\t\t\t\t<div class=\"elementor-element elementor-element-4ff6123 elementor-widget elementor-widget-spacer\" data-id=\"4ff6123\" data-element_type=\"widget\" data-e-type=\"widget\" data-widget_type=\"spacer.default\">\n\t\t\t\t<div class=\"elementor-widget-container\">\n\t\t\t\t\t\t\t<div class=\"elementor-spacer\">\n\t\t\t<div class=\"elementor-spacer-inner\"><\/div>\n\t\t<\/div>\n\t\t\t\t\t\t<\/div>\n\t\t\t\t<\/div>\n\t\t\t\t\t<\/div>\n\t\t\t\t<\/div>\n\t\t<div class=\"elementor-element elementor-element-06af4bc e-flex e-con-boxed e-con e-parent\" data-id=\"06af4bc\" data-element_type=\"container\" data-e-type=\"container\">\n\t\t\t\t\t<div class=\"e-con-inner\">\n\t\t<div class=\"elementor-element elementor-element-07093d5 e-con-full e-flex e-con e-child\" data-id=\"07093d5\" data-element_type=\"container\" data-e-type=\"container\">\n\t\t\t\t<\/div>\n\t\t<div class=\"elementor-element elementor-element-66bc0ac e-con-full e-flex e-con e-child\" data-id=\"66bc0ac\" data-element_type=\"container\" data-e-type=\"container\">\n\t\t\t\t<div class=\"elementor-element elementor-element-ad95969 elementor-widget elementor-widget-image\" data-id=\"ad95969\" data-element_type=\"widget\" data-e-type=\"widget\" data-widget_type=\"image.default\">\n\t\t\t\t<div class=\"elementor-widget-container\">\n\t\t\t\t\t\t\t\t\t\t\t\t\t\t\t<img fetchpriority=\"high\" decoding=\"async\" width=\"768\" height=\"1152\" src=\"https:\/\/balamdmc.com\/wp-content\/uploads\/2024\/04\/pexels-felipe-perez-12282043-768x1152.jpg\" class=\"attachment-medium_large size-medium_large wp-image-136\" alt=\"\" srcset=\"https:\/\/balamdmc.com\/wp-content\/uploads\/2024\/04\/pexels-felipe-perez-12282043-768x1152.jpg 768w, https:\/\/balamdmc.com\/wp-content\/uploads\/2024\/04\/pexels-felipe-perez-12282043-200x300.jpg 200w, https:\/\/balamdmc.com\/wp-content\/uploads\/2024\/04\/pexels-felipe-perez-12282043-683x1024.jpg 683w, https:\/\/balamdmc.com\/wp-content\/uploads\/2024\/04\/pexels-felipe-perez-12282043-1024x1536.jpg 1024w, https:\/\/balamdmc.com\/wp-content\/uploads\/2024\/04\/pexels-felipe-perez-12282043-1365x2048.jpg 1365w, https:\/\/balamdmc.com\/wp-content\/uploads\/2024\/04\/pexels-felipe-perez-12282043-8x12.jpg 8w, https:\/\/balamdmc.com\/wp-content\/uploads\/2024\/04\/pexels-felipe-perez-12282043-scaled.jpg 1706w\" sizes=\"(max-width: 768px) 100vw, 768px\" \/>\t\t\t\t\t\t\t\t\t\t\t\t\t\t\t<\/div>\n\t\t\t\t<\/div>\n\t\t\t\t<div class=\"elementor-element elementor-element-e7078bc elementor-widget elementor-widget-heading\" data-id=\"e7078bc\" data-element_type=\"widget\" data-e-type=\"widget\" data-widget_type=\"heading.default\">\n\t\t\t\t<div class=\"elementor-widget-container\">\n\t\t\t\t\t<h4 class=\"elementor-heading-title elementor-size-default\">Wir lieben es, mit unseren Reiseb\u00fcros zusammenzuarbeiten und sie zu verw\u00f6hnen, indem wir dauerhafte, authentische und positive Beziehungen aufbauen, die f\u00fcr alle Beteiligten einen Mehrwert schaffen.<\/h4>\t\t\t\t<\/div>\n\t\t\t\t<\/div>\n\t\t\t\t<\/div>\n\t\t<div class=\"elementor-element elementor-element-13aaece e-con-full e-flex e-con e-child\" data-id=\"13aaece\" data-element_type=\"container\" data-e-type=\"container\">\n\t\t\t\t<\/div>\n\t\t\t\t\t<\/div>\n\t\t\t\t<\/div>\n\t\t<div class=\"elementor-element elementor-element-e7773d3 e-flex e-con-boxed e-con e-parent\" data-id=\"e7773d3\" data-element_type=\"container\" data-e-type=\"container\">\n\t\t\t\t\t<div class=\"e-con-inner\">\n\t\t\t\t<div class=\"elementor-element elementor-element-f1a3e58 elementor-widget elementor-widget-spacer\" data-id=\"f1a3e58\" data-element_type=\"widget\" data-e-type=\"widget\" data-widget_type=\"spacer.default\">\n\t\t\t\t<div class=\"elementor-widget-container\">\n\t\t\t\t\t\t\t<div class=\"elementor-spacer\">\n\t\t\t<div class=\"elementor-spacer-inner\"><\/div>\n\t\t<\/div>\n\t\t\t\t\t\t<\/div>\n\t\t\t\t<\/div>\n\t\t\t\t\t<\/div>\n\t\t\t\t<\/div>\n\t\t<div class=\"elementor-element elementor-element-eabfad7 e-flex e-con-boxed e-con e-parent\" data-id=\"eabfad7\" data-element_type=\"container\" data-e-type=\"container\">\n\t\t\t\t\t<div class=\"e-con-inner\">\n\t\t<div class=\"elementor-element elementor-element-aa4fd9e e-con-full e-flex e-con e-child\" data-id=\"aa4fd9e\" data-element_type=\"container\" data-e-type=\"container\">\n\t\t\t\t<div class=\"elementor-element elementor-element-21dd724 elementor-widget elementor-widget-image\" data-id=\"21dd724\" data-element_type=\"widget\" data-e-type=\"widget\" data-widget_type=\"image.default\">\n\t\t\t\t<div class=\"elementor-widget-container\">\n\t\t\t\t\t\t\t\t\t\t\t\t\t\t\t<img decoding=\"async\" width=\"750\" height=\"1024\" src=\"https:\/\/balamdmc.com\/wp-content\/uploads\/2024\/04\/pexels-fausto-hernandez-12276701-750x1024.jpg\" class=\"attachment-large size-large wp-image-135\" alt=\"\" srcset=\"https:\/\/balamdmc.com\/wp-content\/uploads\/2024\/04\/pexels-fausto-hernandez-12276701-750x1024.jpg 750w, https:\/\/balamdmc.com\/wp-content\/uploads\/2024\/04\/pexels-fausto-hernandez-12276701-220x300.jpg 220w, https:\/\/balamdmc.com\/wp-content\/uploads\/2024\/04\/pexels-fausto-hernandez-12276701-768x1048.jpg 768w, https:\/\/balamdmc.com\/wp-content\/uploads\/2024\/04\/pexels-fausto-hernandez-12276701-1125x1536.jpg 1125w, https:\/\/balamdmc.com\/wp-content\/uploads\/2024\/04\/pexels-fausto-hernandez-12276701-1501x2048.jpg 1501w, https:\/\/balamdmc.com\/wp-content\/uploads\/2024\/04\/pexels-fausto-hernandez-12276701-9x12.jpg 9w, https:\/\/balamdmc.com\/wp-content\/uploads\/2024\/04\/pexels-fausto-hernandez-12276701-scaled.jpg 1876w\" sizes=\"(max-width: 750px) 100vw, 750px\" \/>\t\t\t\t\t\t\t\t\t\t\t\t\t\t\t<\/div>\n\t\t\t\t<\/div>\n\t\t\t\t<\/div>\n\t\t<div class=\"elementor-element elementor-element-c938491 e-con-full e-flex e-con e-child\" data-id=\"c938491\" data-element_type=\"container\" data-e-type=\"container\">\n\t\t\t\t<div class=\"elementor-element elementor-element-b591ff1 elementor-widget elementor-widget-text-editor\" data-id=\"b591ff1\" data-element_type=\"widget\" data-e-type=\"widget\" data-widget_type=\"text-editor.default\">\n\t\t\t\t<div class=\"elementor-widget-container\">\n\t\t\t\t\t\t\t\t\t<h3 data-start=\"126\" data-end=\"186\"><strong data-start=\"130\" data-end=\"186\">Unsere Art der Zusammenarbeit mit Reiseb\u00fcros<\/strong><\/h3><p data-start=\"188\" data-end=\"313\">Unter <strong data-start=\"191\" data-end=\"204\">Balam DMC<\/strong> wir m\u00f6chten Beziehungen aufbauen, die auf Vertrauen, Transparenz und Zusammenarbeit beruhen. So arbeiten wir:<\/p><ul data-start=\"315\" data-end=\"978\"><li data-start=\"315\" data-end=\"389\"><p data-start=\"317\" data-end=\"389\"><strong data-start=\"317\" data-end=\"340\">Ausschlie\u00dflich B2B:<\/strong> wir arbeiten nur mit Reiseb\u00fcros zusammen.<\/p><\/li><li data-start=\"390\" data-end=\"490\"><p data-start=\"392\" data-end=\"490\"><strong data-start=\"392\" data-end=\"408\">Wei\u00dfes Etikett:<\/strong> Wir agieren als Ihr Partner und Ihr Team in Mexiko, immer unter Ihrer Marke.<\/p><\/li><li data-start=\"491\" data-end=\"649\"><p data-start=\"493\" data-end=\"649\"><strong data-start=\"493\" data-end=\"505\">Preise:<\/strong> wir arbeiten mit <strong data-start=\"521\" data-end=\"570\">Nettotarife oder Tarife einschlie\u00dflich Provision<\/strong>Das neue System gew\u00e4hrleistet Klarheit und Flexibilit\u00e4t je nach den Bed\u00fcrfnissen der einzelnen Agenturen.<\/p><\/li><li data-start=\"650\" data-end=\"807\"><p data-start=\"652\" data-end=\"807\"><strong data-start=\"652\" data-end=\"679\">Zus\u00e4tzliche Provisionen:<\/strong> f\u00fcr alle Leistungen, die der Reisende w\u00e4hrend seiner Reise direkt in Anspruch nimmt, erh\u00e4lt Ihre Agentur eine Provision von <strong data-start=\"797\" data-end=\"804\">10%<\/strong>.<\/p><\/li><li data-start=\"808\" data-end=\"978\"><p data-start=\"810\" data-end=\"978\"><strong data-start=\"810\" data-end=\"837\">St\u00e4ndige Kommunikation:<\/strong> Wir pflegen eine fl\u00fcssige und pers\u00f6nliche Kommunikation in allen Phasen des Prozesses, von der Planung bis zur Durchf\u00fchrung der Reise.<\/p><\/li><\/ul>\t\t\t\t\t\t\t\t<\/div>\n\t\t\t\t<\/div>\n\t\t\t\t<\/div>\n\t\t\t\t\t<\/div>\n\t\t\t\t<\/div>\n\t\t<div class=\"elementor-element elementor-element-34da367 e-flex e-con-boxed e-con e-parent\" data-id=\"34da367\" data-element_type=\"container\" data-e-type=\"container\">\n\t\t\t\t\t<div class=\"e-con-inner\">\n\t\t<div class=\"elementor-element elementor-element-fe4a98f e-con-full e-flex e-con e-child\" data-id=\"fe4a98f\" data-element_type=\"container\" data-e-type=\"container\">\n\t\t\t\t<div class=\"elementor-element elementor-element-91e243d elementor-widget elementor-widget-text-editor\" data-id=\"91e243d\" data-element_type=\"widget\" data-e-type=\"widget\" data-widget_type=\"text-editor.default\">\n\t\t\t\t<div class=\"elementor-widget-container\">\n\t\t\t\t\t\t\t\t\t<h3 data-start=\"122\" data-end=\"172\"><strong data-start=\"126\" data-end=\"172\">Unsere Art der Zusammenarbeit mit Reisenden<\/strong><\/h3><p data-start=\"174\" data-end=\"309\">Unter <strong data-start=\"177\" data-end=\"190\">Balam DMC<\/strong> Wir k\u00fcmmern uns um jedes Detail, um einen reibungslosen Ablauf von Anfang bis Ende zu gew\u00e4hrleisten. So arbeiten wir mit Ihren Reisenden:<\/p><ul data-start=\"311\" data-end=\"920\"><li data-start=\"311\" data-end=\"408\"><p data-start=\"313\" data-end=\"408\"><strong data-start=\"313\" data-end=\"336\">Totale Flexibilit\u00e4t:<\/strong> wir passen uns w\u00e4hrend der gesamten Reise Ihren Bed\u00fcrfnissen und Vorlieben an.<\/p><\/li><li data-start=\"409\" data-end=\"541\"><p data-start=\"411\" data-end=\"541\"><strong data-start=\"411\" data-end=\"430\">Mehrsprachigkeit:<\/strong> Wir bieten Dienstleistungen und Fachwissen in folgenden Bereichen <strong data-start=\"469\" data-end=\"490\">mehr als 10 Sprachen<\/strong>Gew\u00e4hrleistung einer reibungslosen Kommunikation zu jeder Zeit.<\/p><\/li><li data-start=\"542\" data-end=\"650\"><p data-start=\"544\" data-end=\"650\"><strong data-start=\"544\" data-end=\"562\">Achtung 24\/7:<\/strong> unser Team steht Ihnen jederzeit zur Verf\u00fcgung, um Sie in jeder Situation zu unterst\u00fctzen.<\/p><\/li><li data-start=\"651\" data-end=\"790\"><p data-start=\"653\" data-end=\"790\"><strong data-start=\"653\" data-end=\"679\">Concierge-Dienst:<\/strong> auf Wunsch w\u00e4hrend der Reise zur Verf\u00fcgung stehen, um besondere oder pers\u00f6nliche W\u00fcnsche zu erf\u00fcllen.<\/p><\/li><li data-start=\"791\" data-end=\"920\"><p data-start=\"793\" data-end=\"920\"><strong data-start=\"793\" data-end=\"823\">Hervorragende Dienstleistungen:<\/strong> wir bieten die <strong data-start=\"837\" data-end=\"893\">ein H\u00f6chstma\u00df an Aufmerksamkeit, Engagement und Bereitschaft<\/strong> auf jeder Etappe der Reise.<\/p><\/li><\/ul>\t\t\t\t\t\t\t\t<\/div>\n\t\t\t\t<\/div>\n\t\t\t\t<\/div>\n\t\t<div class=\"elementor-element elementor-element-32cfdff e-con-full e-flex e-con e-child\" data-id=\"32cfdff\" data-element_type=\"container\" data-e-type=\"container\">\n\t\t\t\t<div class=\"elementor-element elementor-element-a6709a0 elementor-widget elementor-widget-image\" data-id=\"a6709a0\" data-element_type=\"widget\" data-e-type=\"widget\" data-widget_type=\"image.default\">\n\t\t\t\t<div class=\"elementor-widget-container\">\n\t\t\t\t\t\t\t\t\t\t\t\t\t\t\t<img decoding=\"async\" width=\"681\" height=\"1024\" src=\"https:\/\/balamdmc.com\/wp-content\/uploads\/2024\/04\/pexels-jhovani-morales-12319997-681x1024.jpg\" class=\"attachment-large size-large wp-image-140\" alt=\"\" srcset=\"https:\/\/balamdmc.com\/wp-content\/uploads\/2024\/04\/pexels-jhovani-morales-12319997-681x1024.jpg 681w, https:\/\/balamdmc.com\/wp-content\/uploads\/2024\/04\/pexels-jhovani-morales-12319997-200x300.jpg 200w, https:\/\/balamdmc.com\/wp-content\/uploads\/2024\/04\/pexels-jhovani-morales-12319997-768x1154.jpg 768w, https:\/\/balamdmc.com\/wp-content\/uploads\/2024\/04\/pexels-jhovani-morales-12319997-1022x1536.jpg 1022w, https:\/\/balamdmc.com\/wp-content\/uploads\/2024\/04\/pexels-jhovani-morales-12319997-1362x2048.jpg 1362w, https:\/\/balamdmc.com\/wp-content\/uploads\/2024\/04\/pexels-jhovani-morales-12319997-8x12.jpg 8w, https:\/\/balamdmc.com\/wp-content\/uploads\/2024\/04\/pexels-jhovani-morales-12319997-scaled.jpg 1703w\" sizes=\"(max-width: 681px) 100vw, 681px\" \/>\t\t\t\t\t\t\t\t\t\t\t\t\t\t\t<\/div>\n\t\t\t\t<\/div>\n\t\t\t\t<\/div>\n\t\t\t\t\t<\/div>\n\t\t\t\t<\/div>\n\t\t\t\t<\/div>","protected":false},"excerpt":{"rendered":"<p>\u00bfC\u00f3mo trabajamos? Nos encanta trabajar junto a nuestras agencias de viajes y consentirlas, creando relaciones duraderas, aut\u00e9nticas y positivas que generen valor para todos. Nuestra forma de trabajar con las agencias de viajes En Balam DMC nos gusta construir relaciones basadas en confianza, transparencia y colaboraci\u00f3n. As\u00ed es como trabajamos: Exclusivamente B2B: colaboramos \u00fanicamente con [&hellip;]<\/p>\n","protected":false},"author":1,"featured_media":0,"parent":0,"menu_order":0,"comment_status":"closed","ping_status":"closed","template":"","meta":{"footnotes":""},"class_list":["post-69","page","type-page","status-publish","hentry"],"_links":{"self":[{"href":"https:\/\/balamdmc.com\/de\/wp-json\/wp\/v2\/pages\/69","targetHints":{"allow":["GET"]}}],"collection":[{"href":"https:\/\/balamdmc.com\/de\/wp-json\/wp\/v2\/pages"}],"about":[{"href":"https:\/\/balamdmc.com\/de\/wp-json\/wp\/v2\/types\/page"}],"author":[{"embeddable":true,"href":"https:\/\/balamdmc.com\/de\/wp-json\/wp\/v2\/users\/1"}],"replies":[{"embeddable":true,"href":"https:\/\/balamdmc.com\/de\/wp-json\/wp\/v2\/comments?post=69"}],"version-history":[{"count":4,"href":"https:\/\/balamdmc.com\/de\/wp-json\/wp\/v2\/pages\/69\/revisions"}],"predecessor-version":[{"id":425,"href":"https:\/\/balamdmc.com\/de\/wp-json\/wp\/v2\/pages\/69\/revisions\/425"}],"wp:attachment":[{"href":"https:\/\/balamdmc.com\/de\/wp-json\/wp\/v2\/media?parent=69"}],"curies":[{"name":"wp","href":"https:\/\/api.w.org\/{rel}","templated":true}]}}