{"id":23,"date":"2024-04-05T02:15:52","date_gmt":"2024-04-05T02:15:52","guid":{"rendered":"https:\/\/balamdmc.com\/?page_id=23"},"modified":"2025-10-15T20:21:58","modified_gmt":"2025-10-15T20:21:58","slug":"home","status":"publish","type":"page","link":"https:\/\/balamdmc.com\/fr\/","title":{"rendered":"Accueil"},"content":{"rendered":"<div data-elementor-type=\"wp-page\" data-elementor-id=\"23\" class=\"elementor elementor-23\" data-elementor-post-type=\"page\">\n\t\t\t\t<div class=\"elementor-element elementor-element-c0a512b e-flex e-con-boxed e-con e-parent\" data-id=\"c0a512b\" data-element_type=\"container\" data-e-type=\"container\">\n\t\t\t\t\t<div class=\"e-con-inner\">\n\t\t\t\t<div class=\"elementor-element elementor-element-dfa33b8 elementor-widget elementor-widget-spacer\" data-id=\"dfa33b8\" data-element_type=\"widget\" data-e-type=\"widget\" data-widget_type=\"spacer.default\">\n\t\t\t\t<div class=\"elementor-widget-container\">\n\t\t\t\t\t\t\t<div class=\"elementor-spacer\">\n\t\t\t<div class=\"elementor-spacer-inner\"><\/div>\n\t\t<\/div>\n\t\t\t\t\t\t<\/div>\n\t\t\t\t<\/div>\n\t\t\t\t<div class=\"elementor-element elementor-element-9763c89 elementor-widget elementor-widget-text-editor\" data-id=\"9763c89\" data-element_type=\"widget\" data-e-type=\"widget\" data-widget_type=\"text-editor.default\">\n\t\t\t\t<div class=\"elementor-widget-container\">\n\t\t\t\t\t\t\t\t\t<p>DMC DE LUXE<\/p>\t\t\t\t\t\t\t\t<\/div>\n\t\t\t\t<\/div>\n\t\t\t\t\t<\/div>\n\t\t\t\t<\/div>\n\t\t<div class=\"elementor-element elementor-element-a83e768 e-flex e-con-boxed e-con e-parent\" data-id=\"a83e768\" data-element_type=\"container\" data-e-type=\"container\">\n\t\t\t\t\t<div class=\"e-con-inner\">\n\t\t<div class=\"elementor-element elementor-element-1922fd2 e-con-full e-flex e-con e-child\" data-id=\"1922fd2\" data-element_type=\"container\" data-e-type=\"container\">\n\t\t\t\t<\/div>\n\t\t<div class=\"elementor-element elementor-element-9f50b25 e-con-full e-flex e-con e-child\" data-id=\"9f50b25\" data-element_type=\"container\" data-e-type=\"container\">\n\t\t\t\t<div class=\"elementor-element elementor-element-4d08242 elementor-widget elementor-widget-heading\" data-id=\"4d08242\" data-element_type=\"widget\" data-e-type=\"widget\" data-widget_type=\"heading.default\">\n\t\t\t\t<div class=\"elementor-widget-container\">\n\t\t\t\t\t<h2 class=\"elementor-heading-title elementor-size-default\">BALAM MEXIQUE\nest un DMC de luxe qui op\u00e8re\nexclusivement au MEXIQUE.<\/h2>\t\t\t\t<\/div>\n\t\t\t\t<\/div>\n\t\t\t\t<div class=\"elementor-element elementor-element-3fc8c47 elementor-widget elementor-widget-text-editor\" data-id=\"3fc8c47\" data-element_type=\"widget\" data-e-type=\"widget\" data-widget_type=\"text-editor.default\">\n\t\t\t\t<div class=\"elementor-widget-container\">\n\t\t\t\t\t\t\t\t\t<p style=\"text-align: center;\"><strong data-start=\"85\" data-end=\"98\">Balam DMC <\/strong>est une soci\u00e9t\u00e9 de luxe de premier plan au Mexique, r\u00e9put\u00e9e pour sa cr\u00e9ativit\u00e9, sa fiabilit\u00e9 et sa grande exp\u00e9rience. Nous avons une \u00e9quipe passionn\u00e9e par l'art du voyage, travaillant exclusivement avec des agences pour cr\u00e9er des exp\u00e9riences immersives et enti\u00e8rement personnalis\u00e9es pour leurs clients.<\/p>\n<p style=\"text-align: center;\" data-start=\"496\" data-end=\"825\">Nous disposons d'une vaste exp\u00e9rience au service des voyageurs de luxe des cinq continents dans les domaines suivants&nbsp;<strong data-start=\"583\" data-end=\"647\">Voyages FIT, groupes, MICE<\/strong> par le biais de notre marque sp\u00e9cialis\u00e9e <strong data-start=\"688\" data-end=\"709\">Cr\u00e9ateurs d'\u00e9motions<\/strong>et l'organisation&nbsp;<strong data-start=\"725\" data-end=\"766\">des mariages uniques et inoubliables au Mexique<\/strong> par l'interm\u00e9diaire de notre division <strong data-start=\"793\" data-end=\"822\">Mariages uniques au Mexique<\/strong>.<\/p>\n<p style=\"text-align: center;\" data-start=\"827\" data-end=\"1113\">Nos experts con\u00e7oivent et ex\u00e9cutent chaque d\u00e9tail, transformant les id\u00e9es en exp\u00e9riences m\u00e9morables qui refl\u00e8tent l'essence de notre pays.<\/p>\n<p style=\"text-align: center;\" data-start=\"1115\" data-end=\"1237\"><strong data-start=\"1115\" data-end=\"1235\">Balam est le moyen id\u00e9al pour nos clients de d\u00e9couvrir la culture, les gens et la gastronomie du Mexique.<\/strong><\/p>\t\t\t\t\t\t\t\t<\/div>\n\t\t\t\t<\/div>\n\t\t\t\t<div class=\"elementor-element elementor-element-dc5df3c elementor-widget elementor-widget-image\" data-id=\"dc5df3c\" data-element_type=\"widget\" data-e-type=\"widget\" data-widget_type=\"image.default\">\n\t\t\t\t<div class=\"elementor-widget-container\">\n\t\t\t\t\t\t\t\t\t\t\t\t\t\t\t<img fetchpriority=\"high\" decoding=\"async\" width=\"800\" height=\"905\" src=\"https:\/\/balamdmc.com\/wp-content\/uploads\/2024\/02\/2-905x1024.gif\" class=\"attachment-large size-large wp-image-34\" alt=\"\" srcset=\"https:\/\/balamdmc.com\/wp-content\/uploads\/2024\/02\/2-905x1024.gif 905w, https:\/\/balamdmc.com\/wp-content\/uploads\/2024\/02\/2-265x300.gif 265w, https:\/\/balamdmc.com\/wp-content\/uploads\/2024\/02\/2-768x869.gif 768w, https:\/\/balamdmc.com\/wp-content\/uploads\/2024\/02\/2-11x12.gif 11w\" sizes=\"(max-width: 800px) 100vw, 800px\" \/>\t\t\t\t\t\t\t\t\t\t\t\t\t\t\t<\/div>\n\t\t\t\t<\/div>\n\t\t\t\t<div class=\"elementor-element elementor-element-dfa1330 elementor-widget elementor-widget-spacer\" data-id=\"dfa1330\" data-element_type=\"widget\" data-e-type=\"widget\" data-widget_type=\"spacer.default\">\n\t\t\t\t<div class=\"elementor-widget-container\">\n\t\t\t\t\t\t\t<div class=\"elementor-spacer\">\n\t\t\t<div class=\"elementor-spacer-inner\"><\/div>\n\t\t<\/div>\n\t\t\t\t\t\t<\/div>\n\t\t\t\t<\/div>\n\t\t\t\t<\/div>\n\t\t<div class=\"elementor-element elementor-element-1b90473 e-con-full e-flex e-con e-child\" data-id=\"1b90473\" data-element_type=\"container\" data-e-type=\"container\">\n\t\t\t\t<\/div>\n\t\t\t\t\t<\/div>\n\t\t\t\t<\/div>\n\t\t<div class=\"elementor-element elementor-element-99478b9 e-flex e-con-boxed e-con e-parent\" data-id=\"99478b9\" data-element_type=\"container\" data-e-type=\"container\">\n\t\t\t\t\t<div class=\"e-con-inner\">\n\t\t<div class=\"elementor-element elementor-element-51e2959 e-con-full e-flex e-con e-child\" data-id=\"51e2959\" data-element_type=\"container\" data-e-type=\"container\">\n\t\t\t\t<div class=\"elementor-element elementor-element-b2c25f5 elementor-widget elementor-widget-spacer\" data-id=\"b2c25f5\" data-element_type=\"widget\" data-e-type=\"widget\" data-widget_type=\"spacer.default\">\n\t\t\t\t<div class=\"elementor-widget-container\">\n\t\t\t\t\t\t\t<div class=\"elementor-spacer\">\n\t\t\t<div class=\"elementor-spacer-inner\"><\/div>\n\t\t<\/div>\n\t\t\t\t\t\t<\/div>\n\t\t\t\t<\/div>\n\t\t\t\t<div class=\"elementor-element elementor-element-64962a0 elementor-widget elementor-widget-image\" data-id=\"64962a0\" data-element_type=\"widget\" data-e-type=\"widget\" data-widget_type=\"image.default\">\n\t\t\t\t<div class=\"elementor-widget-container\">\n\t\t\t\t\t\t\t\t\t\t\t\t\t\t\t<img decoding=\"async\" width=\"625\" height=\"1024\" src=\"https:\/\/balamdmc.com\/wp-content\/uploads\/2024\/02\/3-625x1024.png\" class=\"attachment-large size-large wp-image-35\" alt=\"\" srcset=\"https:\/\/balamdmc.com\/wp-content\/uploads\/2024\/02\/3-625x1024.png 625w, https:\/\/balamdmc.com\/wp-content\/uploads\/2024\/02\/3-183x300.png 183w, https:\/\/balamdmc.com\/wp-content\/uploads\/2024\/02\/3-768x1259.png 768w, https:\/\/balamdmc.com\/wp-content\/uploads\/2024\/02\/3-937x1536.png 937w, https:\/\/balamdmc.com\/wp-content\/uploads\/2024\/02\/3-1249x2048.png 1249w, https:\/\/balamdmc.com\/wp-content\/uploads\/2024\/02\/3-7x12.png 7w\" sizes=\"(max-width: 625px) 100vw, 625px\" \/>\t\t\t\t\t\t\t\t\t\t\t\t\t\t\t<\/div>\n\t\t\t\t<\/div>\n\t\t\t\t<\/div>\n\t\t<div class=\"elementor-element elementor-element-326bddf e-con-full e-flex e-con e-child\" data-id=\"326bddf\" data-element_type=\"container\" data-e-type=\"container\">\n\t\t\t\t<div class=\"elementor-element elementor-element-46fc013 elementor-widget elementor-widget-spacer\" data-id=\"46fc013\" data-element_type=\"widget\" data-e-type=\"widget\" data-widget_type=\"spacer.default\">\n\t\t\t\t<div class=\"elementor-widget-container\">\n\t\t\t\t\t\t\t<div class=\"elementor-spacer\">\n\t\t\t<div class=\"elementor-spacer-inner\"><\/div>\n\t\t<\/div>\n\t\t\t\t\t\t<\/div>\n\t\t\t\t<\/div>\n\t\t\t\t<div class=\"elementor-element elementor-element-a80cca0 elementor-widget elementor-widget-heading\" data-id=\"a80cca0\" data-element_type=\"widget\" data-e-type=\"widget\" data-widget_type=\"heading.default\">\n\t\t\t\t<div class=\"elementor-widget-container\">\n\t\t\t\t\t<h2 class=\"elementor-heading-title elementor-size-default\">MEXIQUE<\/h2>\t\t\t\t<\/div>\n\t\t\t\t<\/div>\n\t\t\t\t<div class=\"elementor-element elementor-element-274c314 elementor-widget elementor-widget-heading\" data-id=\"274c314\" data-element_type=\"widget\" data-e-type=\"widget\" data-widget_type=\"heading.default\">\n\t\t\t\t<div class=\"elementor-widget-container\">\n\t\t\t\t\t<h1 class=\"elementor-heading-title elementor-size-default\">Un GRAND PAYS plein de Merveilles, de nature, de culture, d'histoire et d'une gastronomie EXTRAORDINAIRE.<\/h1>\t\t\t\t<\/div>\n\t\t\t\t<\/div>\n\t\t\t\t<\/div>\n\t\t<div class=\"elementor-element elementor-element-eede8b1 e-con-full e-flex e-con e-child\" data-id=\"eede8b1\" data-element_type=\"container\" data-e-type=\"container\">\n\t\t\t\t<div class=\"elementor-element elementor-element-d241856 elementor-widget elementor-widget-image\" data-id=\"d241856\" data-element_type=\"widget\" data-e-type=\"widget\" data-widget_type=\"image.default\">\n\t\t\t\t<div class=\"elementor-widget-container\">\n\t\t\t\t\t\t\t\t\t\t\t\t\t\t\t<img decoding=\"async\" width=\"611\" height=\"1024\" src=\"https:\/\/balamdmc.com\/wp-content\/uploads\/2024\/02\/4-611x1024.png\" class=\"attachment-large size-large wp-image-36\" alt=\"\" srcset=\"https:\/\/balamdmc.com\/wp-content\/uploads\/2024\/02\/4-611x1024.png 611w, https:\/\/balamdmc.com\/wp-content\/uploads\/2024\/02\/4-179x300.png 179w, https:\/\/balamdmc.com\/wp-content\/uploads\/2024\/02\/4-768x1287.png 768w, https:\/\/balamdmc.com\/wp-content\/uploads\/2024\/02\/4-916x1536.png 916w, https:\/\/balamdmc.com\/wp-content\/uploads\/2024\/02\/4-1222x2048.png 1222w, https:\/\/balamdmc.com\/wp-content\/uploads\/2024\/02\/4-7x12.png 7w, https:\/\/balamdmc.com\/wp-content\/uploads\/2024\/02\/4.png 1707w\" sizes=\"(max-width: 611px) 100vw, 611px\" \/>\t\t\t\t\t\t\t\t\t\t\t\t\t\t\t<\/div>\n\t\t\t\t<\/div>\n\t\t\t\t<div class=\"elementor-element elementor-element-6cf7068 elementor-widget elementor-widget-spacer\" data-id=\"6cf7068\" data-element_type=\"widget\" data-e-type=\"widget\" data-widget_type=\"spacer.default\">\n\t\t\t\t<div class=\"elementor-widget-container\">\n\t\t\t\t\t\t\t<div class=\"elementor-spacer\">\n\t\t\t<div class=\"elementor-spacer-inner\"><\/div>\n\t\t<\/div>\n\t\t\t\t\t\t<\/div>\n\t\t\t\t<\/div>\n\t\t\t\t<\/div>\n\t\t\t\t\t<\/div>\n\t\t\t\t<\/div>\n\t\t<div class=\"elementor-element elementor-element-09249c2 e-flex e-con-boxed e-con e-parent\" data-id=\"09249c2\" data-element_type=\"container\" data-e-type=\"container\" data-settings=\"{&quot;background_background&quot;:&quot;classic&quot;}\">\n\t\t\t\t\t<div class=\"e-con-inner\">\n\t\t<div class=\"elementor-element elementor-element-06acc1a e-con-full e-flex e-con e-child\" data-id=\"06acc1a\" data-element_type=\"container\" data-e-type=\"container\">\n\t\t\t\t<div class=\"elementor-element elementor-element-619afba elementor-widget elementor-widget-spacer\" data-id=\"619afba\" data-element_type=\"widget\" data-e-type=\"widget\" data-widget_type=\"spacer.default\">\n\t\t\t\t<div class=\"elementor-widget-container\">\n\t\t\t\t\t\t\t<div class=\"elementor-spacer\">\n\t\t\t<div class=\"elementor-spacer-inner\"><\/div>\n\t\t<\/div>\n\t\t\t\t\t\t<\/div>\n\t\t\t\t<\/div>\n\t\t\t\t<div class=\"elementor-element elementor-element-a978851 elementor-widget elementor-widget-heading\" data-id=\"a978851\" data-element_type=\"widget\" data-e-type=\"widget\" data-widget_type=\"heading.default\">\n\t\t\t\t<div class=\"elementor-widget-container\">\n\t\t\t\t\t<h2 class=\"elementor-heading-title elementor-size-default\">Notre travail pour le MEXIQUE<\/h2>\t\t\t\t<\/div>\n\t\t\t\t<\/div>\n\t\t\t\t<div class=\"elementor-element elementor-element-6750840 elementor-widget elementor-widget-spacer\" data-id=\"6750840\" data-element_type=\"widget\" data-e-type=\"widget\" data-widget_type=\"spacer.default\">\n\t\t\t\t<div class=\"elementor-widget-container\">\n\t\t\t\t\t\t\t<div class=\"elementor-spacer\">\n\t\t\t<div class=\"elementor-spacer-inner\"><\/div>\n\t\t<\/div>\n\t\t\t\t\t\t<\/div>\n\t\t\t\t<\/div>\n\t\t\t\t<div class=\"elementor-element elementor-element-83de406 elementor-widget elementor-widget-text-editor\" data-id=\"83de406\" data-element_type=\"widget\" data-e-type=\"widget\" data-widget_type=\"text-editor.default\">\n\t\t\t\t<div class=\"elementor-widget-container\">\n\t\t\t\t\t\t\t\t\t<p style=\"text-align: center;\">Nous sommes pr\u00e9occup\u00e9s par la perp\u00e9tuit\u00e9 de<br \/>par le biais d'un tourisme responsable qui<br \/>de rendre service aux communaut\u00e9s locales et<br \/>notre environnement, en cr\u00e9ant un<br \/>un impact social positif et durable.<\/p>\t\t\t\t\t\t\t\t<\/div>\n\t\t\t\t<\/div>\n\t\t\t\t<\/div>\n\t\t<div class=\"elementor-element elementor-element-9a2bff2 e-con-full e-flex e-con e-child\" data-id=\"9a2bff2\" data-element_type=\"container\" data-e-type=\"container\">\n\t\t\t\t<div class=\"elementor-element elementor-element-b236947 elementor-widget elementor-widget-image\" data-id=\"b236947\" data-element_type=\"widget\" data-e-type=\"widget\" data-widget_type=\"image.default\">\n\t\t\t\t<div class=\"elementor-widget-container\">\n\t\t\t\t\t\t\t\t\t\t\t\t\t\t\t<img loading=\"lazy\" decoding=\"async\" width=\"768\" height=\"1152\" src=\"https:\/\/balamdmc.com\/wp-content\/uploads\/2024\/02\/5-768x1152.png\" class=\"attachment-medium_large size-medium_large wp-image-37\" alt=\"\" srcset=\"https:\/\/balamdmc.com\/wp-content\/uploads\/2024\/02\/5-768x1152.png 768w, https:\/\/balamdmc.com\/wp-content\/uploads\/2024\/02\/5-200x300.png 200w, https:\/\/balamdmc.com\/wp-content\/uploads\/2024\/02\/5-683x1024.png 683w, https:\/\/balamdmc.com\/wp-content\/uploads\/2024\/02\/5-1024x1536.png 1024w, https:\/\/balamdmc.com\/wp-content\/uploads\/2024\/02\/5-1365x2048.png 1365w, https:\/\/balamdmc.com\/wp-content\/uploads\/2024\/02\/5-8x12.png 8w\" sizes=\"(max-width: 768px) 100vw, 768px\" \/>\t\t\t\t\t\t\t\t\t\t\t\t\t\t\t<\/div>\n\t\t\t\t<\/div>\n\t\t\t\t<\/div>\n\t\t\t\t\t<\/div>\n\t\t\t\t<\/div>\n\t\t<div class=\"elementor-element elementor-element-aab2c63 e-flex e-con-boxed e-con e-parent\" data-id=\"aab2c63\" data-element_type=\"container\" data-e-type=\"container\">\n\t\t\t\t\t<div class=\"e-con-inner\">\n\t\t\t\t<div class=\"elementor-element elementor-element-fdf0ff2 elementor-widget elementor-widget-spacer\" data-id=\"fdf0ff2\" data-element_type=\"widget\" data-e-type=\"widget\" data-widget_type=\"spacer.default\">\n\t\t\t\t<div class=\"elementor-widget-container\">\n\t\t\t\t\t\t\t<div class=\"elementor-spacer\">\n\t\t\t<div class=\"elementor-spacer-inner\"><\/div>\n\t\t<\/div>\n\t\t\t\t\t\t<\/div>\n\t\t\t\t<\/div>\n\t\t\t\t\t<\/div>\n\t\t\t\t<\/div>\n\t\t<div class=\"elementor-element elementor-element-169e85a e-flex e-con-boxed e-con e-parent\" data-id=\"169e85a\" data-element_type=\"container\" data-e-type=\"container\">\n\t\t\t\t\t<div class=\"e-con-inner\">\n\t\t\t\t<div class=\"elementor-element elementor-element-8a6c884 elementor-widget elementor-widget-heading\" data-id=\"8a6c884\" data-element_type=\"widget\" data-e-type=\"widget\" data-widget_type=\"heading.default\">\n\t\t\t\t<div class=\"elementor-widget-container\">\n\t\t\t\t\t<h2 class=\"elementor-heading-title elementor-size-default\">Nos marques MICE et mariages \u00e0 destination<\/h2>\t\t\t\t<\/div>\n\t\t\t\t<\/div>\n\t\t\t\t\t<\/div>\n\t\t\t\t<\/div>\n\t\t<div class=\"elementor-element elementor-element-4385800 e-flex e-con-boxed e-con e-parent\" data-id=\"4385800\" data-element_type=\"container\" data-e-type=\"container\">\n\t\t\t\t\t<div class=\"e-con-inner\">\n\t\t\t\t<div class=\"elementor-element elementor-element-482bcb7 elementor-widget elementor-widget-spacer\" data-id=\"482bcb7\" data-element_type=\"widget\" data-e-type=\"widget\" data-widget_type=\"spacer.default\">\n\t\t\t\t<div class=\"elementor-widget-container\">\n\t\t\t\t\t\t\t<div class=\"elementor-spacer\">\n\t\t\t<div class=\"elementor-spacer-inner\"><\/div>\n\t\t<\/div>\n\t\t\t\t\t\t<\/div>\n\t\t\t\t<\/div>\n\t\t\t\t\t<\/div>\n\t\t\t\t<\/div>\n\t\t<div class=\"elementor-element elementor-element-457d9e9 e-flex e-con-boxed e-con e-parent\" data-id=\"457d9e9\" data-element_type=\"container\" data-e-type=\"container\">\n\t\t\t\t\t<div class=\"e-con-inner\">\n\t\t<div class=\"elementor-element elementor-element-8135b71 e-con-full e-flex e-con e-child\" data-id=\"8135b71\" data-element_type=\"container\" data-e-type=\"container\">\n\t\t\t\t<div class=\"elementor-element elementor-element-7bcdb00 elementor-widget elementor-widget-image\" data-id=\"7bcdb00\" data-element_type=\"widget\" data-e-type=\"widget\" data-widget_type=\"image.default\">\n\t\t\t\t<div class=\"elementor-widget-container\">\n\t\t\t\t\t\t\t\t\t\t\t\t\t\t\t<img loading=\"lazy\" decoding=\"async\" width=\"255\" height=\"215\" src=\"https:\/\/balamdmc.com\/wp-content\/uploads\/2025\/10\/logos-06.png\" class=\"attachment-large size-large wp-image-490\" alt=\"\" srcset=\"https:\/\/balamdmc.com\/wp-content\/uploads\/2025\/10\/logos-06.png 255w, https:\/\/balamdmc.com\/wp-content\/uploads\/2025\/10\/logos-06-14x12.png 14w\" sizes=\"(max-width: 255px) 100vw, 255px\" \/>\t\t\t\t\t\t\t\t\t\t\t\t\t\t\t<\/div>\n\t\t\t\t<\/div>\n\t\t\t\t<\/div>\n\t\t<div class=\"elementor-element elementor-element-6310e94 e-con-full e-flex e-con e-child\" data-id=\"6310e94\" data-element_type=\"container\" data-e-type=\"container\">\n\t\t\t\t<div class=\"elementor-element elementor-element-bbe9147 elementor-widget elementor-widget-image\" data-id=\"bbe9147\" data-element_type=\"widget\" data-e-type=\"widget\" data-widget_type=\"image.default\">\n\t\t\t\t<div class=\"elementor-widget-container\">\n\t\t\t\t\t\t\t\t\t\t\t\t\t\t\t<img loading=\"lazy\" decoding=\"async\" width=\"255\" height=\"215\" src=\"https:\/\/balamdmc.com\/wp-content\/uploads\/2025\/10\/logos-05.png\" class=\"attachment-large size-large wp-image-491\" alt=\"\" srcset=\"https:\/\/balamdmc.com\/wp-content\/uploads\/2025\/10\/logos-05.png 255w, https:\/\/balamdmc.com\/wp-content\/uploads\/2025\/10\/logos-05-14x12.png 14w\" sizes=\"(max-width: 255px) 100vw, 255px\" \/>\t\t\t\t\t\t\t\t\t\t\t\t\t\t\t<\/div>\n\t\t\t\t<\/div>\n\t\t\t\t<\/div>\n\t\t\t\t\t<\/div>\n\t\t\t\t<\/div>\n\t\t<div class=\"elementor-element elementor-element-a1291f3 e-flex e-con-boxed e-con e-parent\" data-id=\"a1291f3\" data-element_type=\"container\" data-e-type=\"container\">\n\t\t\t\t\t<div class=\"e-con-inner\">\n\t\t\t\t<div class=\"elementor-element elementor-element-bcfa134 elementor-widget elementor-widget-spacer\" data-id=\"bcfa134\" data-element_type=\"widget\" data-e-type=\"widget\" data-widget_type=\"spacer.default\">\n\t\t\t\t<div class=\"elementor-widget-container\">\n\t\t\t\t\t\t\t<div class=\"elementor-spacer\">\n\t\t\t<div class=\"elementor-spacer-inner\"><\/div>\n\t\t<\/div>\n\t\t\t\t\t\t<\/div>\n\t\t\t\t<\/div>\n\t\t\t\t\t<\/div>\n\t\t\t\t<\/div>\n\t\t\t\t<\/div>","protected":false},"excerpt":{"rendered":"<p>LUXURY DMC BALAM M\u00c9XICO es un LUXURY DMC que opera exclusivamente en M\u00c9XICO. Balam DMC es una empresa l\u00edder en el lujo en M\u00e9xico, reconocida por su creatividad, confiabilidad y amplia experiencia. Contamos con un equipo apasionado por el arte de viajar, que trabaja exclusivamente con agencias para crear experiencias inmersivas y totalmente personalizadas para [&hellip;]<\/p>\n","protected":false},"author":1,"featured_media":0,"parent":0,"menu_order":0,"comment_status":"closed","ping_status":"closed","template":"","meta":{"footnotes":""},"class_list":["post-23","page","type-page","status-publish","hentry"],"_links":{"self":[{"href":"https:\/\/balamdmc.com\/fr\/wp-json\/wp\/v2\/pages\/23","targetHints":{"allow":["GET"]}}],"collection":[{"href":"https:\/\/balamdmc.com\/fr\/wp-json\/wp\/v2\/pages"}],"about":[{"href":"https:\/\/balamdmc.com\/fr\/wp-json\/wp\/v2\/types\/page"}],"author":[{"embeddable":true,"href":"https:\/\/balamdmc.com\/fr\/wp-json\/wp\/v2\/users\/1"}],"replies":[{"embeddable":true,"href":"https:\/\/balamdmc.com\/fr\/wp-json\/wp\/v2\/comments?post=23"}],"version-history":[{"count":37,"href":"https:\/\/balamdmc.com\/fr\/wp-json\/wp\/v2\/pages\/23\/revisions"}],"predecessor-version":[{"id":495,"href":"https:\/\/balamdmc.com\/fr\/wp-json\/wp\/v2\/pages\/23\/revisions\/495"}],"wp:attachment":[{"href":"https:\/\/balamdmc.com\/fr\/wp-json\/wp\/v2\/media?parent=23"}],"curies":[{"name":"wp","href":"https:\/\/api.w.org\/{rel}","templated":true}]}}