{"id":62,"date":"2024-04-05T19:23:28","date_gmt":"2024-04-05T19:23:28","guid":{"rendered":"https:\/\/balamdmc.com\/?page_id=62"},"modified":"2025-10-15T20:22:41","modified_gmt":"2025-10-15T20:22:41","slug":"nosotros","status":"publish","type":"page","link":"https:\/\/balamdmc.com\/fr\/nosotros\/","title":{"rendered":"Nous"},"content":{"rendered":"<div data-elementor-type=\"wp-page\" data-elementor-id=\"62\" class=\"elementor elementor-62\" data-elementor-post-type=\"page\">\n\t\t\t\t<div class=\"elementor-element elementor-element-237c014 e-flex e-con-boxed e-con e-parent\" data-id=\"237c014\" data-element_type=\"container\" data-e-type=\"container\">\n\t\t\t\t\t<div class=\"e-con-inner\">\n\t\t\t\t<div class=\"elementor-element elementor-element-ebbad47 elementor-widget elementor-widget-spacer\" data-id=\"ebbad47\" data-element_type=\"widget\" data-e-type=\"widget\" data-widget_type=\"spacer.default\">\n\t\t\t\t<div class=\"elementor-widget-container\">\n\t\t\t\t\t\t\t<div class=\"elementor-spacer\">\n\t\t\t<div class=\"elementor-spacer-inner\"><\/div>\n\t\t<\/div>\n\t\t\t\t\t\t<\/div>\n\t\t\t\t<\/div>\n\t\t\t\t<div class=\"elementor-element elementor-element-597fa0f elementor-widget elementor-widget-heading\" data-id=\"597fa0f\" data-element_type=\"widget\" data-e-type=\"widget\" data-widget_type=\"heading.default\">\n\t\t\t\t<div class=\"elementor-widget-container\">\n\t\t\t\t\t<h2 class=\"elementor-heading-title elementor-size-default\">Nous<\/h2>\t\t\t\t<\/div>\n\t\t\t\t<\/div>\n\t\t\t\t<div class=\"elementor-element elementor-element-7549b9a elementor-widget elementor-widget-spacer\" data-id=\"7549b9a\" data-element_type=\"widget\" data-e-type=\"widget\" data-widget_type=\"spacer.default\">\n\t\t\t\t<div class=\"elementor-widget-container\">\n\t\t\t\t\t\t\t<div class=\"elementor-spacer\">\n\t\t\t<div class=\"elementor-spacer-inner\"><\/div>\n\t\t<\/div>\n\t\t\t\t\t\t<\/div>\n\t\t\t\t<\/div>\n\t\t\t\t\t<\/div>\n\t\t\t\t<\/div>\n\t\t<div class=\"elementor-element elementor-element-3628b04 e-flex e-con-boxed e-con e-parent\" data-id=\"3628b04\" data-element_type=\"container\" data-e-type=\"container\">\n\t\t\t\t\t<div class=\"e-con-inner\">\n\t\t\t\t<div class=\"elementor-element elementor-element-6ac9f68 elementor-widget elementor-widget-text-editor\" data-id=\"6ac9f68\" data-element_type=\"widget\" data-e-type=\"widget\" data-widget_type=\"text-editor.default\">\n\t\t\t\t<div class=\"elementor-widget-container\">\n\t\t\t\t\t\t\t\t\t<p style=\"text-align: center;\"><strong data-start=\"447\" data-end=\"460\">Balam DMC<\/strong> a \u00e9t\u00e9 cr\u00e9\u00e9e pour red\u00e9finir le concept de voyage de luxe sur mesure au Mexique. Il s'agit d'un DMC dirig\u00e9 par des Mexicains qui allie coh\u00e9rence, authenticit\u00e9 et excellence dans les moindres d\u00e9tails, transformant ainsi chaque exp\u00e9rience en quelque chose de vraiment exceptionnel.<\/p>\t\t\t\t\t\t\t\t<\/div>\n\t\t\t\t<\/div>\n\t\t\t\t\t<\/div>\n\t\t\t\t<\/div>\n\t\t<div class=\"elementor-element elementor-element-a299ba9 e-flex e-con-boxed e-con e-parent\" data-id=\"a299ba9\" data-element_type=\"container\" data-e-type=\"container\">\n\t\t\t\t\t<div class=\"e-con-inner\">\n\t\t<div class=\"elementor-element elementor-element-ecd21ba e-con-full e-flex e-con e-child\" data-id=\"ecd21ba\" data-element_type=\"container\" data-e-type=\"container\">\n\t\t\t\t<\/div>\n\t\t<div class=\"elementor-element elementor-element-afab07c e-con-full e-flex e-con e-child\" data-id=\"afab07c\" data-element_type=\"container\" data-e-type=\"container\">\n\t\t\t\t<div class=\"elementor-element elementor-element-01d89ac elementor-widget elementor-widget-image\" data-id=\"01d89ac\" data-element_type=\"widget\" data-e-type=\"widget\" data-widget_type=\"image.default\">\n\t\t\t\t<div class=\"elementor-widget-container\">\n\t\t\t\t\t\t\t\t\t\t\t\t\t\t\t<img fetchpriority=\"high\" decoding=\"async\" width=\"768\" height=\"768\" src=\"https:\/\/balamdmc.com\/wp-content\/uploads\/2025\/01\/13-768x768.png\" class=\"attachment-medium_large size-medium_large wp-image-240\" alt=\"\" srcset=\"https:\/\/balamdmc.com\/wp-content\/uploads\/2025\/01\/13-768x768.png 768w, https:\/\/balamdmc.com\/wp-content\/uploads\/2025\/01\/13-300x300.png 300w, https:\/\/balamdmc.com\/wp-content\/uploads\/2025\/01\/13-150x150.png 150w, https:\/\/balamdmc.com\/wp-content\/uploads\/2025\/01\/13-12x12.png 12w, https:\/\/balamdmc.com\/wp-content\/uploads\/2025\/01\/13-400x400.png 400w, https:\/\/balamdmc.com\/wp-content\/uploads\/2025\/01\/13-600x600.png 600w, https:\/\/balamdmc.com\/wp-content\/uploads\/2025\/01\/13.png 1024w\" sizes=\"(max-width: 768px) 100vw, 768px\" \/>\t\t\t\t\t\t\t\t\t\t\t\t\t\t\t<\/div>\n\t\t\t\t<\/div>\n\t\t\t\t<div class=\"elementor-element elementor-element-441bf29 elementor-widget elementor-widget-spacer\" data-id=\"441bf29\" data-element_type=\"widget\" data-e-type=\"widget\" data-widget_type=\"spacer.default\">\n\t\t\t\t<div class=\"elementor-widget-container\">\n\t\t\t\t\t\t\t<div class=\"elementor-spacer\">\n\t\t\t<div class=\"elementor-spacer-inner\"><\/div>\n\t\t<\/div>\n\t\t\t\t\t\t<\/div>\n\t\t\t\t<\/div>\n\t\t\t\t<\/div>\n\t\t\t\t<div class=\"elementor-element elementor-element-29d55e4 elementor-widget elementor-widget-spacer\" data-id=\"29d55e4\" data-element_type=\"widget\" data-e-type=\"widget\" data-widget_type=\"spacer.default\">\n\t\t\t\t<div class=\"elementor-widget-container\">\n\t\t\t\t\t\t\t<div class=\"elementor-spacer\">\n\t\t\t<div class=\"elementor-spacer-inner\"><\/div>\n\t\t<\/div>\n\t\t\t\t\t\t<\/div>\n\t\t\t\t<\/div>\n\t\t<div class=\"elementor-element elementor-element-47a1a2e e-con-full e-flex e-con e-child\" data-id=\"47a1a2e\" data-element_type=\"container\" data-e-type=\"container\">\n\t\t\t\t<\/div>\n\t\t\t\t\t<\/div>\n\t\t\t\t<\/div>\n\t\t<div class=\"elementor-element elementor-element-40c7154 e-flex e-con-boxed e-con e-parent\" data-id=\"40c7154\" data-element_type=\"container\" data-e-type=\"container\" data-settings=\"{&quot;background_background&quot;:&quot;classic&quot;}\">\n\t\t\t\t\t<div class=\"e-con-inner\">\n\t\t<div class=\"elementor-element elementor-element-60a1401 e-con-full e-flex e-con e-child\" data-id=\"60a1401\" data-element_type=\"container\" data-e-type=\"container\">\n\t\t\t\t<div class=\"elementor-element elementor-element-5e309be elementor-widget elementor-widget-image\" data-id=\"5e309be\" data-element_type=\"widget\" data-e-type=\"widget\" data-widget_type=\"image.default\">\n\t\t\t\t<div class=\"elementor-widget-container\">\n\t\t\t\t\t\t\t\t\t\t\t\t\t\t\t<img decoding=\"async\" width=\"255\" height=\"215\" src=\"https:\/\/balamdmc.com\/wp-content\/uploads\/2025\/10\/logos-04.png\" class=\"attachment-medium size-medium wp-image-492\" alt=\"\" srcset=\"https:\/\/balamdmc.com\/wp-content\/uploads\/2025\/10\/logos-04.png 255w, https:\/\/balamdmc.com\/wp-content\/uploads\/2025\/10\/logos-04-14x12.png 14w\" sizes=\"(max-width: 255px) 100vw, 255px\" \/>\t\t\t\t\t\t\t\t\t\t\t\t\t\t\t<\/div>\n\t\t\t\t<\/div>\n\t\t\t\t<\/div>\n\t\t<div class=\"elementor-element elementor-element-a78aa50 e-con-full e-flex e-con e-child\" data-id=\"a78aa50\" data-element_type=\"container\" data-e-type=\"container\">\n\t\t\t\t<div class=\"elementor-element elementor-element-fd94b22 elementor-widget elementor-widget-spacer\" data-id=\"fd94b22\" data-element_type=\"widget\" data-e-type=\"widget\" data-widget_type=\"spacer.default\">\n\t\t\t\t<div class=\"elementor-widget-container\">\n\t\t\t\t\t\t\t<div class=\"elementor-spacer\">\n\t\t\t<div class=\"elementor-spacer-inner\"><\/div>\n\t\t<\/div>\n\t\t\t\t\t\t<\/div>\n\t\t\t\t<\/div>\n\t\t\t\t<div class=\"elementor-element elementor-element-331a6b3 elementor-widget elementor-widget-text-editor\" data-id=\"331a6b3\" data-element_type=\"widget\" data-e-type=\"widget\" data-widget_type=\"text-editor.default\">\n\t\t\t\t<div class=\"elementor-widget-container\">\n\t\t\t\t\t\t\t\t\t<p style=\"text-align: center;\">Notre logo s'inspire de la grandeur de la civilisation maya, en fusionnant les symboles repr\u00e9sentatifs du calendrier et de l'architecture. <strong data-start=\"261\" data-end=\"283\">symbole du Camino<\/strong>\u00e9voquant la sagesse, le mouvement et la connexion. <strong data-start=\"328\" data-end=\"337\">Balam<\/strong> repr\u00e9sente justement le chemin qui guide nos clients \u00e0 la d\u00e9couverte du meilleur de notre extraordinaire pays.<\/p>\t\t\t\t\t\t\t\t<\/div>\n\t\t\t\t<\/div>\n\t\t\t\t<div class=\"elementor-element elementor-element-5a66ac8 elementor-widget elementor-widget-spacer\" data-id=\"5a66ac8\" data-element_type=\"widget\" data-e-type=\"widget\" data-widget_type=\"spacer.default\">\n\t\t\t\t<div class=\"elementor-widget-container\">\n\t\t\t\t\t\t\t<div class=\"elementor-spacer\">\n\t\t\t<div class=\"elementor-spacer-inner\"><\/div>\n\t\t<\/div>\n\t\t\t\t\t\t<\/div>\n\t\t\t\t<\/div>\n\t\t\t\t<\/div>\n\t\t\t\t\t<\/div>\n\t\t\t\t<\/div>\n\t\t<div class=\"elementor-element elementor-element-8692273 e-flex e-con-boxed e-con e-parent\" data-id=\"8692273\" data-element_type=\"container\" data-e-type=\"container\" data-settings=\"{&quot;background_background&quot;:&quot;classic&quot;}\">\n\t\t\t\t\t<div class=\"e-con-inner\">\n\t\t<div class=\"elementor-element elementor-element-7e39deb e-con-full e-flex e-con e-child\" data-id=\"7e39deb\" data-element_type=\"container\" data-e-type=\"container\">\n\t\t\t\t<\/div>\n\t\t<div class=\"elementor-element elementor-element-5e96ad4 e-con-full e-flex e-con e-child\" data-id=\"5e96ad4\" data-element_type=\"container\" data-e-type=\"container\">\n\t\t\t\t<div class=\"elementor-element elementor-element-4ef910f elementor-widget elementor-widget-heading\" data-id=\"4ef910f\" data-element_type=\"widget\" data-e-type=\"widget\" data-widget_type=\"heading.default\">\n\t\t\t\t<div class=\"elementor-widget-container\">\n\t\t\t\t\t<h1 class=\"elementor-heading-title elementor-size-default\">QUE FAISONS-NOUS ?<\/h1>\t\t\t\t<\/div>\n\t\t\t\t<\/div>\n\t\t\t\t<div class=\"elementor-element elementor-element-c998281 elementor-widget elementor-widget-spacer\" data-id=\"c998281\" data-element_type=\"widget\" data-e-type=\"widget\" data-widget_type=\"spacer.default\">\n\t\t\t\t<div class=\"elementor-widget-container\">\n\t\t\t\t\t\t\t<div class=\"elementor-spacer\">\n\t\t\t<div class=\"elementor-spacer-inner\"><\/div>\n\t\t<\/div>\n\t\t\t\t\t\t<\/div>\n\t\t\t\t<\/div>\n\t\t\t\t<div class=\"elementor-element elementor-element-39a03df elementor-widget elementor-widget-text-editor\" data-id=\"39a03df\" data-element_type=\"widget\" data-e-type=\"widget\" data-widget_type=\"text-editor.default\">\n\t\t\t\t<div class=\"elementor-widget-container\">\n\t\t\t\t\t\t\t\t\t<p style=\"text-align: center;\" data-start=\"306\" data-end=\"693\"><strong data-start=\"306\" data-end=\"329\">\u00c0 Balam DMC Mexique<\/strong> nous sommes experts dans la cr\u00e9ation d'exp\u00e9riences uniques et m\u00e9morables pour les voyageurs exigeants \u00e0 la recherche de l'extraordinaire. Forts d'une connaissance approfondie de la destination, nous proposons <strong data-start=\"493\" data-end=\"515\">Voyage de luxe FIT<\/strong> con\u00e7us enti\u00e8rement sur mesure, alliant authenticit\u00e9, cr\u00e9ativit\u00e9 et acc\u00e8s privil\u00e9gi\u00e9 (<em data-start=\"613\" data-end=\"629\">acc\u00e8s d'initi\u00e9<\/em>) aux endroits, aux personnes et aux moments les plus uniques du Mexique.<\/p><p style=\"text-align: center;\" data-start=\"695\" data-end=\"927\">Gr\u00e2ce \u00e0 notre marque sp\u00e9cialis\u00e9e <strong data-start=\"735\" data-end=\"756\">Cr\u00e9ateurs d'\u00e9motions<\/strong>nous concevons et exploitons <strong data-start=\"779\" data-end=\"835\">\u00e9v\u00e9nements, r\u00e9unions, conf\u00e9rences et incitations (MICE)<\/strong> avec une production interne, une cr\u00e9ativit\u00e9 sans limite et une ex\u00e9cution sans faille dans tout le pays.<\/p><p style=\"text-align: center;\" data-start=\"929\" data-end=\"1195\">Notre division <strong data-start=\"946\" data-end=\"975\">Mariages uniques au Mexique<\/strong> se consacre \u00e0 la cr\u00e9ation de <strong data-start=\"1003\" data-end=\"1034\">mariages exceptionnels \u00e0 destination<\/strong>L'\u00e9v\u00e9nement est une fusion de paysages spectaculaires, de d\u00e9tails personnalis\u00e9s et de la magie culturelle du Mexique pour transformer chaque c\u00e9l\u00e9bration en une exp\u00e9rience inoubliable.<\/p><p style=\"text-align: center;\" data-start=\"1197\" data-end=\"1356\">Au <strong data-start=\"1200\" data-end=\"1213\">Balam DMC<\/strong>Qu'il s'agisse d'un voyage, d'un \u00e9v\u00e9nement ou d'une c\u00e9l\u00e9bration, chaque projet est une \u0153uvre sur mesure, soigneusement con\u00e7ue pour inspirer, relier et enthousiasmer.<\/p>\t\t\t\t\t\t\t\t<\/div>\n\t\t\t\t<\/div>\n\t\t\t\t<div class=\"elementor-element elementor-element-34e4c4d elementor-widget elementor-widget-image\" data-id=\"34e4c4d\" data-element_type=\"widget\" data-e-type=\"widget\" data-widget_type=\"image.default\">\n\t\t\t\t<div class=\"elementor-widget-container\">\n\t\t\t\t\t\t\t\t\t\t\t\t\t\t\t<img decoding=\"async\" width=\"225\" height=\"300\" src=\"https:\/\/balamdmc.com\/wp-content\/uploads\/2024\/04\/ryan-loughlin-A5f8tCAfjq8-unsplash-225x300.jpg\" class=\"attachment-medium size-medium wp-image-145\" alt=\"\" srcset=\"https:\/\/balamdmc.com\/wp-content\/uploads\/2024\/04\/ryan-loughlin-A5f8tCAfjq8-unsplash-225x300.jpg 225w, https:\/\/balamdmc.com\/wp-content\/uploads\/2024\/04\/ryan-loughlin-A5f8tCAfjq8-unsplash-768x1024.jpg 768w, https:\/\/balamdmc.com\/wp-content\/uploads\/2024\/04\/ryan-loughlin-A5f8tCAfjq8-unsplash-1152x1536.jpg 1152w, https:\/\/balamdmc.com\/wp-content\/uploads\/2024\/04\/ryan-loughlin-A5f8tCAfjq8-unsplash-1536x2048.jpg 1536w, https:\/\/balamdmc.com\/wp-content\/uploads\/2024\/04\/ryan-loughlin-A5f8tCAfjq8-unsplash-9x12.jpg 9w, https:\/\/balamdmc.com\/wp-content\/uploads\/2024\/04\/ryan-loughlin-A5f8tCAfjq8-unsplash-scaled.jpg 1920w\" sizes=\"(max-width: 225px) 100vw, 225px\" \/>\t\t\t\t\t\t\t\t\t\t\t\t\t\t\t<\/div>\n\t\t\t\t<\/div>\n\t\t\t\t<\/div>\n\t\t<div class=\"elementor-element elementor-element-ba84cb3 e-con-full e-flex e-con e-child\" data-id=\"ba84cb3\" data-element_type=\"container\" data-e-type=\"container\">\n\t\t\t\t<\/div>\n\t\t\t\t\t<\/div>\n\t\t\t\t<\/div>\n\t\t<div class=\"elementor-element elementor-element-1c1096b e-flex e-con-boxed e-con e-parent\" data-id=\"1c1096b\" data-element_type=\"container\" data-e-type=\"container\">\n\t\t\t\t\t<div class=\"e-con-inner\">\n\t\t<div class=\"elementor-element elementor-element-9b9ce40 e-con-full e-flex e-con e-child\" data-id=\"9b9ce40\" data-element_type=\"container\" data-e-type=\"container\">\n\t\t\t\t<\/div>\n\t\t<div class=\"elementor-element elementor-element-7db1f0d e-con-full e-flex e-con e-child\" data-id=\"7db1f0d\" data-element_type=\"container\" data-e-type=\"container\">\n\t\t\t\t<div class=\"elementor-element elementor-element-4c06d00 elementor-widget elementor-widget-heading\" data-id=\"4c06d00\" data-element_type=\"widget\" data-e-type=\"widget\" data-widget_type=\"heading.default\">\n\t\t\t\t<div class=\"elementor-widget-container\">\n\t\t\t\t\t<h2 class=\"elementor-heading-title elementor-size-default\">COMMENT FAIRE ?<\/h2>\t\t\t\t<\/div>\n\t\t\t\t<\/div>\n\t\t\t\t<div class=\"elementor-element elementor-element-8c772cb elementor-widget elementor-widget-spacer\" data-id=\"8c772cb\" data-element_type=\"widget\" data-e-type=\"widget\" data-widget_type=\"spacer.default\">\n\t\t\t\t<div class=\"elementor-widget-container\">\n\t\t\t\t\t\t\t<div class=\"elementor-spacer\">\n\t\t\t<div class=\"elementor-spacer-inner\"><\/div>\n\t\t<\/div>\n\t\t\t\t\t\t<\/div>\n\t\t\t\t<\/div>\n\t\t\t\t<div class=\"elementor-element elementor-element-7f7acdc elementor-widget elementor-widget-text-editor\" data-id=\"7f7acdc\" data-element_type=\"widget\" data-e-type=\"widget\" data-widget_type=\"text-editor.default\">\n\t\t\t\t<div class=\"elementor-widget-container\">\n\t\t\t\t\t\t\t\t\t<p style=\"text-align: center;\" data-start=\"167\" data-end=\"465\">Au <strong data-start=\"170\" data-end=\"183\">Balam DMC<\/strong> Nous sommes fiers de comprendre parfaitement les besoins de vos voyageurs gr\u00e2ce \u00e0 une communication \u00e9troite et transparente avec vous. Nous disposons d'une \u00e9quipe \u00e9thique, consciencieuse et hautement qualifi\u00e9e ayant une connaissance approfondie de la destination et des meilleures certifications internationales.<\/p><p style=\"text-align: center;\" data-start=\"467\" data-end=\"776\">Nous suivons les tendances mondiales du tourisme, mais nous les remettons \u00e9galement en question afin de cr\u00e9er un environnement propice \u00e0 l'innovation. <strong data-start=\"552\" data-end=\"600\">des exp\u00e9riences uniques, authentiques et m\u00e9morables<\/strong>. Notre engagement est de vous fournir, \u00e0 vous et \u00e0 vos voyageurs, le meilleur service possible. <strong data-start=\"659\" data-end=\"703\">une tranquillit\u00e9 d'esprit absolue du d\u00e9but \u00e0 la fin<\/strong>avec l'excellence et le soin qui caract\u00e9risent chaque projet de Balam.<\/p>\t\t\t\t\t\t\t\t<\/div>\n\t\t\t\t<\/div>\n\t\t\t\t<div class=\"elementor-element elementor-element-9d4f07a elementor-widget elementor-widget-spacer\" data-id=\"9d4f07a\" data-element_type=\"widget\" data-e-type=\"widget\" data-widget_type=\"spacer.default\">\n\t\t\t\t<div class=\"elementor-widget-container\">\n\t\t\t\t\t\t\t<div class=\"elementor-spacer\">\n\t\t\t<div class=\"elementor-spacer-inner\"><\/div>\n\t\t<\/div>\n\t\t\t\t\t\t<\/div>\n\t\t\t\t<\/div>\n\t\t\t\t<\/div>\n\t\t<div class=\"elementor-element elementor-element-eb03155 e-con-full e-flex e-con e-child\" data-id=\"eb03155\" data-element_type=\"container\" data-e-type=\"container\">\n\t\t\t\t<\/div>\n\t\t\t\t\t<\/div>\n\t\t\t\t<\/div>\n\t\t\t\t<\/div>","protected":false},"excerpt":{"rendered":"<p>Nosotros Balam DMC surge para redefinir el concepto del lujo en los viajes a medida en M\u00e9xico. Un DMC liderado por mexicanos que combina coherencia, autenticidad y excelencia en cada detalle, transformando cada experiencia en algo verdaderamente excepcional. Nuestro logotipo se inspira en la grandeza de la civilizaci\u00f3n maya, fusionando s\u00edmbolos representativos del calendario y [&hellip;]<\/p>\n","protected":false},"author":1,"featured_media":0,"parent":0,"menu_order":0,"comment_status":"closed","ping_status":"closed","template":"","meta":{"footnotes":""},"class_list":["post-62","page","type-page","status-publish","hentry"],"_links":{"self":[{"href":"https:\/\/balamdmc.com\/fr\/wp-json\/wp\/v2\/pages\/62","targetHints":{"allow":["GET"]}}],"collection":[{"href":"https:\/\/balamdmc.com\/fr\/wp-json\/wp\/v2\/pages"}],"about":[{"href":"https:\/\/balamdmc.com\/fr\/wp-json\/wp\/v2\/types\/page"}],"author":[{"embeddable":true,"href":"https:\/\/balamdmc.com\/fr\/wp-json\/wp\/v2\/users\/1"}],"replies":[{"embeddable":true,"href":"https:\/\/balamdmc.com\/fr\/wp-json\/wp\/v2\/comments?post=62"}],"version-history":[{"count":37,"href":"https:\/\/balamdmc.com\/fr\/wp-json\/wp\/v2\/pages\/62\/revisions"}],"predecessor-version":[{"id":504,"href":"https:\/\/balamdmc.com\/fr\/wp-json\/wp\/v2\/pages\/62\/revisions\/504"}],"wp:attachment":[{"href":"https:\/\/balamdmc.com\/fr\/wp-json\/wp\/v2\/media?parent=62"}],"curies":[{"name":"wp","href":"https:\/\/api.w.org\/{rel}","templated":true}]}}