{"id":63,"date":"2024-04-05T19:23:36","date_gmt":"2024-04-05T19:23:36","guid":{"rendered":"https:\/\/balamdmc.com\/?page_id=63"},"modified":"2025-10-15T05:34:44","modified_gmt":"2025-10-15T05:34:44","slug":"mexico","status":"publish","type":"page","link":"https:\/\/balamdmc.com\/fr\/mexico\/","title":{"rendered":"Mexique"},"content":{"rendered":"<div data-elementor-type=\"wp-page\" data-elementor-id=\"63\" class=\"elementor elementor-63\" data-elementor-post-type=\"page\">\n\t\t\t\t<div class=\"elementor-element elementor-element-5d21fa9 e-flex e-con-boxed e-con e-parent\" data-id=\"5d21fa9\" data-element_type=\"container\" data-e-type=\"container\">\n\t\t\t\t\t<div class=\"e-con-inner\">\n\t\t\t\t<div class=\"elementor-element elementor-element-22818b2 elementor-widget elementor-widget-spacer\" data-id=\"22818b2\" data-element_type=\"widget\" data-e-type=\"widget\" data-widget_type=\"spacer.default\">\n\t\t\t\t<div class=\"elementor-widget-container\">\n\t\t\t\t\t\t\t<div class=\"elementor-spacer\">\n\t\t\t<div class=\"elementor-spacer-inner\"><\/div>\n\t\t<\/div>\n\t\t\t\t\t\t<\/div>\n\t\t\t\t<\/div>\n\t\t\t\t\t<\/div>\n\t\t\t\t<\/div>\n\t\t<div class=\"elementor-element elementor-element-8fb44a5 e-flex e-con-boxed e-con e-parent\" data-id=\"8fb44a5\" data-element_type=\"container\" data-e-type=\"container\">\n\t\t\t\t\t<div class=\"e-con-inner\">\n\t\t\t\t<div class=\"elementor-element elementor-element-3792407 elementor-widget elementor-widget-heading\" data-id=\"3792407\" data-element_type=\"widget\" data-e-type=\"widget\" data-widget_type=\"heading.default\">\n\t\t\t\t<div class=\"elementor-widget-container\">\n\t\t\t\t\t<h2 class=\"elementor-heading-title elementor-size-default\">Mexique<\/h2>\t\t\t\t<\/div>\n\t\t\t\t<\/div>\n\t\t\t\t<div class=\"elementor-element elementor-element-dc150ec elementor-widget elementor-widget-spacer\" data-id=\"dc150ec\" data-element_type=\"widget\" data-e-type=\"widget\" data-widget_type=\"spacer.default\">\n\t\t\t\t<div class=\"elementor-widget-container\">\n\t\t\t\t\t\t\t<div class=\"elementor-spacer\">\n\t\t\t<div class=\"elementor-spacer-inner\"><\/div>\n\t\t<\/div>\n\t\t\t\t\t\t<\/div>\n\t\t\t\t<\/div>\n\t\t\t\t\t<\/div>\n\t\t\t\t<\/div>\n\t\t<div class=\"elementor-element elementor-element-5f00636 e-flex e-con-boxed e-con e-parent\" data-id=\"5f00636\" data-element_type=\"container\" data-e-type=\"container\">\n\t\t\t\t\t<div class=\"e-con-inner\">\n\t\t<div class=\"elementor-element elementor-element-47526f8 e-con-full e-flex e-con e-child\" data-id=\"47526f8\" data-element_type=\"container\" data-e-type=\"container\">\n\t\t\t\t<div class=\"elementor-element elementor-element-e0002e0 elementor-widget elementor-widget-text-editor\" data-id=\"e0002e0\" data-element_type=\"widget\" data-e-type=\"widget\" data-widget_type=\"text-editor.default\">\n\t\t\t\t<div class=\"elementor-widget-container\">\n\t\t\t\t\t\t\t\t\t<p data-start=\"184\" data-end=\"480\"><strong data-start=\"184\" data-end=\"194\">Mexique<\/strong> est un pays <strong data-start=\"206\" data-end=\"216\">magie<\/strong>Elle est charg\u00e9e d'histoire, de traditions et d'une \u00e9nergie unique que l'on peut ressentir \u00e0 chaque coin de rue. Elle poss\u00e8de l'un des <strong data-start=\"314\" data-end=\"348\">les meilleures cuisines du monde<\/strong>a <strong data-start=\"354\" data-end=\"376\">personnes hospitali\u00e8res<\/strong> qui accueille avec un c\u0153ur ouvert et <strong data-start=\"413\" data-end=\"437\">merveilles naturelles<\/strong> qui vous laissera sans voix.<\/p><p data-start=\"482\" data-end=\"739\">Vous y trouverez <strong data-start=\"499\" data-end=\"536\">des villes magiques et pleines de charme<\/strong>, <strong data-start=\"538\" data-end=\"573\">des villes cosmopolites et dynamiques<\/strong>, y <strong data-start=\"577\" data-end=\"602\">communaut\u00e9s indig\u00e8nes<\/strong> qui pr\u00e9servent leurs traditions ancestrales entre <strong data-start=\"651\" data-end=\"736\">vall\u00e9es, montagnes, volcans, plages, jungles, dunes, r\u00e9serves naturelles et d\u00e9serts<\/strong>.<\/p><p data-start=\"741\" data-end=\"875\"><strong data-start=\"741\" data-end=\"789\">Le Mexique, c'est la diversit\u00e9, la couleur, la culture et la vie.<\/strong> Une destination \u00e0 d\u00e9couvrir avec les sens... et \u00e0 garder \u00e0 jamais dans le c\u0153ur.<\/p>\t\t\t\t\t\t\t\t<\/div>\n\t\t\t\t<\/div>\n\t\t\t\t<\/div>\n\t\t<div class=\"elementor-element elementor-element-69ffa0e e-con-full e-flex e-con e-child\" data-id=\"69ffa0e\" data-element_type=\"container\" data-e-type=\"container\">\n\t\t\t\t<div class=\"elementor-element elementor-element-bddbbfb elementor-widget elementor-widget-image\" data-id=\"bddbbfb\" data-element_type=\"widget\" data-e-type=\"widget\" data-widget_type=\"image.default\">\n\t\t\t\t<div class=\"elementor-widget-container\">\n\t\t\t\t\t\t\t\t\t\t\t\t\t\t\t<img fetchpriority=\"high\" decoding=\"async\" width=\"768\" height=\"412\" src=\"https:\/\/balamdmc.com\/wp-content\/uploads\/2024\/04\/Captura-de-Pantalla-2022-08-24-a-las-13.01.01-768x412.png\" class=\"attachment-medium_large size-medium_large wp-image-111\" alt=\"\" srcset=\"https:\/\/balamdmc.com\/wp-content\/uploads\/2024\/04\/Captura-de-Pantalla-2022-08-24-a-las-13.01.01-768x412.png 768w, https:\/\/balamdmc.com\/wp-content\/uploads\/2024\/04\/Captura-de-Pantalla-2022-08-24-a-las-13.01.01-300x161.png 300w, https:\/\/balamdmc.com\/wp-content\/uploads\/2024\/04\/Captura-de-Pantalla-2022-08-24-a-las-13.01.01-1024x549.png 1024w, https:\/\/balamdmc.com\/wp-content\/uploads\/2024\/04\/Captura-de-Pantalla-2022-08-24-a-las-13.01.01-1536x823.png 1536w, https:\/\/balamdmc.com\/wp-content\/uploads\/2024\/04\/Captura-de-Pantalla-2022-08-24-a-las-13.01.01-2048x1098.png 2048w, https:\/\/balamdmc.com\/wp-content\/uploads\/2024\/04\/Captura-de-Pantalla-2022-08-24-a-las-13.01.01-18x10.png 18w\" sizes=\"(max-width: 768px) 100vw, 768px\" \/>\t\t\t\t\t\t\t\t\t\t\t\t\t\t\t<\/div>\n\t\t\t\t<\/div>\n\t\t\t\t<\/div>\n\t\t\t\t\t<\/div>\n\t\t\t\t<\/div>\n\t\t<div class=\"elementor-element elementor-element-d09cdc9 e-flex e-con-boxed e-con e-parent\" data-id=\"d09cdc9\" data-element_type=\"container\" data-e-type=\"container\" data-settings=\"{&quot;background_background&quot;:&quot;classic&quot;}\">\n\t\t\t\t\t<div class=\"e-con-inner\">\n\t\t\t\t<div class=\"elementor-element elementor-element-9706b01 elementor-widget elementor-widget-heading\" data-id=\"9706b01\" data-element_type=\"widget\" data-e-type=\"widget\" data-widget_type=\"heading.default\">\n\t\t\t\t<div class=\"elementor-widget-container\">\n\t\t\t\t\t<h3 class=\"elementor-heading-title elementor-size-default\">Le MEXIQUE est divis\u00e9 en DOUZE R\u00c9GIONS TOURISTIQUES<\/h3>\t\t\t\t<\/div>\n\t\t\t\t<\/div>\n\t\t\t\t<div class=\"elementor-element elementor-element-49f0edb elementor-widget elementor-widget-image\" data-id=\"49f0edb\" data-element_type=\"widget\" data-e-type=\"widget\" data-widget_type=\"image.default\">\n\t\t\t\t<div class=\"elementor-widget-container\">\n\t\t\t\t\t\t\t\t\t\t\t\t\t\t\t<img decoding=\"async\" width=\"800\" height=\"295\" src=\"https:\/\/balamdmc.com\/wp-content\/uploads\/2024\/04\/Captura-de-Pantalla-2022-08-24-a-las-12.30.03-1024x377.png\" class=\"attachment-large size-large wp-image-108\" alt=\"\" srcset=\"https:\/\/balamdmc.com\/wp-content\/uploads\/2024\/04\/Captura-de-Pantalla-2022-08-24-a-las-12.30.03-1024x377.png 1024w, https:\/\/balamdmc.com\/wp-content\/uploads\/2024\/04\/Captura-de-Pantalla-2022-08-24-a-las-12.30.03-300x111.png 300w, https:\/\/balamdmc.com\/wp-content\/uploads\/2024\/04\/Captura-de-Pantalla-2022-08-24-a-las-12.30.03-768x283.png 768w, https:\/\/balamdmc.com\/wp-content\/uploads\/2024\/04\/Captura-de-Pantalla-2022-08-24-a-las-12.30.03-1536x566.png 1536w, https:\/\/balamdmc.com\/wp-content\/uploads\/2024\/04\/Captura-de-Pantalla-2022-08-24-a-las-12.30.03-2048x755.png 2048w, https:\/\/balamdmc.com\/wp-content\/uploads\/2024\/04\/Captura-de-Pantalla-2022-08-24-a-las-12.30.03-18x7.png 18w\" sizes=\"(max-width: 800px) 100vw, 800px\" \/>\t\t\t\t\t\t\t\t\t\t\t\t\t\t\t<\/div>\n\t\t\t\t<\/div>\n\t\t\t\t\t<\/div>\n\t\t\t\t<\/div>\n\t\t<div class=\"elementor-element elementor-element-46e2869 e-flex e-con-boxed e-con e-parent\" data-id=\"46e2869\" data-element_type=\"container\" data-e-type=\"container\">\n\t\t\t\t\t<div class=\"e-con-inner\">\n\t\t\t\t<div class=\"elementor-element elementor-element-b29747b elementor-widget elementor-widget-spacer\" data-id=\"b29747b\" data-element_type=\"widget\" data-e-type=\"widget\" data-widget_type=\"spacer.default\">\n\t\t\t\t<div class=\"elementor-widget-container\">\n\t\t\t\t\t\t\t<div class=\"elementor-spacer\">\n\t\t\t<div class=\"elementor-spacer-inner\"><\/div>\n\t\t<\/div>\n\t\t\t\t\t\t<\/div>\n\t\t\t\t<\/div>\n\t\t\t\t<div class=\"elementor-element elementor-element-35e55fe elementor-widget elementor-widget-text-editor\" data-id=\"35e55fe\" data-element_type=\"widget\" data-e-type=\"widget\" data-widget_type=\"text-editor.default\">\n\t\t\t\t<div class=\"elementor-widget-container\">\n\t\t\t\t\t\t\t\t\t<h3 style=\"text-align: center;\" data-start=\"127\" data-end=\"291\"><strong data-start=\"127\" data-end=\"137\">Mexique<\/strong> est une destination que vos voyageurs voudront <strong data-start=\"180\" data-end=\"205\">revenir encore et encore<\/strong>Les gens, la culture, la nourriture et l'hospitalit\u00e9 sont captivants.<\/h3>\t\t\t\t\t\t\t\t<\/div>\n\t\t\t\t<\/div>\n\t\t\t\t\t<\/div>\n\t\t\t\t<\/div>\n\t\t\t\t<\/div>","protected":false},"excerpt":{"rendered":"<p>M\u00e9xico M\u00e9xico es un pa\u00eds m\u00e1gico, lleno de historia, tradici\u00f3n y una energ\u00eda \u00fanica que se siente en cada rinc\u00f3n. Posee una de las mejores gastronom\u00edas del mundo, una gente hospitalaria que recibe con el coraz\u00f3n abierto y maravillas naturales que simplemente te dejar\u00e1n sin palabras. Aqu\u00ed encontrar\u00e1n pueblos m\u00e1gicos llenos de encanto, ciudades cosmopolitas [&hellip;]<\/p>\n","protected":false},"author":1,"featured_media":0,"parent":0,"menu_order":0,"comment_status":"closed","ping_status":"closed","template":"","meta":{"footnotes":""},"class_list":["post-63","page","type-page","status-publish","hentry"],"_links":{"self":[{"href":"https:\/\/balamdmc.com\/fr\/wp-json\/wp\/v2\/pages\/63","targetHints":{"allow":["GET"]}}],"collection":[{"href":"https:\/\/balamdmc.com\/fr\/wp-json\/wp\/v2\/pages"}],"about":[{"href":"https:\/\/balamdmc.com\/fr\/wp-json\/wp\/v2\/types\/page"}],"author":[{"embeddable":true,"href":"https:\/\/balamdmc.com\/fr\/wp-json\/wp\/v2\/users\/1"}],"replies":[{"embeddable":true,"href":"https:\/\/balamdmc.com\/fr\/wp-json\/wp\/v2\/comments?post=63"}],"version-history":[{"count":10,"href":"https:\/\/balamdmc.com\/fr\/wp-json\/wp\/v2\/pages\/63\/revisions"}],"predecessor-version":[{"id":466,"href":"https:\/\/balamdmc.com\/fr\/wp-json\/wp\/v2\/pages\/63\/revisions\/466"}],"wp:attachment":[{"href":"https:\/\/balamdmc.com\/fr\/wp-json\/wp\/v2\/media?parent=63"}],"curies":[{"name":"wp","href":"https:\/\/api.w.org\/{rel}","templated":true}]}}