{"id":69,"date":"2024-04-05T19:24:41","date_gmt":"2024-04-05T19:24:41","guid":{"rendered":"https:\/\/balamdmc.com\/?page_id=69"},"modified":"2025-10-15T04:55:16","modified_gmt":"2025-10-15T04:55:16","slug":"como-trabajamos","status":"publish","type":"page","link":"https:\/\/balamdmc.com\/fr\/como-trabajamos\/","title":{"rendered":"Comment travaillons-nous ?"},"content":{"rendered":"<div data-elementor-type=\"wp-page\" data-elementor-id=\"69\" class=\"elementor elementor-69\" data-elementor-post-type=\"page\">\n\t\t\t\t<div class=\"elementor-element elementor-element-a97edd6 e-flex e-con-boxed e-con e-parent\" data-id=\"a97edd6\" data-element_type=\"container\" data-e-type=\"container\">\n\t\t\t\t\t<div class=\"e-con-inner\">\n\t\t\t\t<div class=\"elementor-element elementor-element-a9bce78 elementor-widget elementor-widget-spacer\" data-id=\"a9bce78\" data-element_type=\"widget\" data-e-type=\"widget\" data-widget_type=\"spacer.default\">\n\t\t\t\t<div class=\"elementor-widget-container\">\n\t\t\t\t\t\t\t<div class=\"elementor-spacer\">\n\t\t\t<div class=\"elementor-spacer-inner\"><\/div>\n\t\t<\/div>\n\t\t\t\t\t\t<\/div>\n\t\t\t\t<\/div>\n\t\t\t\t<div class=\"elementor-element elementor-element-f9d6fff elementor-widget elementor-widget-heading\" data-id=\"f9d6fff\" data-element_type=\"widget\" data-e-type=\"widget\" data-widget_type=\"heading.default\">\n\t\t\t\t<div class=\"elementor-widget-container\">\n\t\t\t\t\t<h2 class=\"elementor-heading-title elementor-size-default\">Comment travaillons-nous ?<\/h2>\t\t\t\t<\/div>\n\t\t\t\t<\/div>\n\t\t\t\t<div class=\"elementor-element elementor-element-4ff6123 elementor-widget elementor-widget-spacer\" data-id=\"4ff6123\" data-element_type=\"widget\" data-e-type=\"widget\" data-widget_type=\"spacer.default\">\n\t\t\t\t<div class=\"elementor-widget-container\">\n\t\t\t\t\t\t\t<div class=\"elementor-spacer\">\n\t\t\t<div class=\"elementor-spacer-inner\"><\/div>\n\t\t<\/div>\n\t\t\t\t\t\t<\/div>\n\t\t\t\t<\/div>\n\t\t\t\t\t<\/div>\n\t\t\t\t<\/div>\n\t\t<div class=\"elementor-element elementor-element-06af4bc e-flex e-con-boxed e-con e-parent\" data-id=\"06af4bc\" data-element_type=\"container\" data-e-type=\"container\">\n\t\t\t\t\t<div class=\"e-con-inner\">\n\t\t<div class=\"elementor-element elementor-element-07093d5 e-con-full e-flex e-con e-child\" data-id=\"07093d5\" data-element_type=\"container\" data-e-type=\"container\">\n\t\t\t\t<\/div>\n\t\t<div class=\"elementor-element elementor-element-66bc0ac e-con-full e-flex e-con e-child\" data-id=\"66bc0ac\" data-element_type=\"container\" data-e-type=\"container\">\n\t\t\t\t<div class=\"elementor-element elementor-element-ad95969 elementor-widget elementor-widget-image\" data-id=\"ad95969\" data-element_type=\"widget\" data-e-type=\"widget\" data-widget_type=\"image.default\">\n\t\t\t\t<div class=\"elementor-widget-container\">\n\t\t\t\t\t\t\t\t\t\t\t\t\t\t\t<img fetchpriority=\"high\" decoding=\"async\" width=\"768\" height=\"1152\" src=\"https:\/\/balamdmc.com\/wp-content\/uploads\/2024\/04\/pexels-felipe-perez-12282043-768x1152.jpg\" class=\"attachment-medium_large size-medium_large wp-image-136\" alt=\"\" srcset=\"https:\/\/balamdmc.com\/wp-content\/uploads\/2024\/04\/pexels-felipe-perez-12282043-768x1152.jpg 768w, https:\/\/balamdmc.com\/wp-content\/uploads\/2024\/04\/pexels-felipe-perez-12282043-200x300.jpg 200w, https:\/\/balamdmc.com\/wp-content\/uploads\/2024\/04\/pexels-felipe-perez-12282043-683x1024.jpg 683w, https:\/\/balamdmc.com\/wp-content\/uploads\/2024\/04\/pexels-felipe-perez-12282043-1024x1536.jpg 1024w, https:\/\/balamdmc.com\/wp-content\/uploads\/2024\/04\/pexels-felipe-perez-12282043-1365x2048.jpg 1365w, https:\/\/balamdmc.com\/wp-content\/uploads\/2024\/04\/pexels-felipe-perez-12282043-8x12.jpg 8w, https:\/\/balamdmc.com\/wp-content\/uploads\/2024\/04\/pexels-felipe-perez-12282043-scaled.jpg 1706w\" sizes=\"(max-width: 768px) 100vw, 768px\" \/>\t\t\t\t\t\t\t\t\t\t\t\t\t\t\t<\/div>\n\t\t\t\t<\/div>\n\t\t\t\t<div class=\"elementor-element elementor-element-e7078bc elementor-widget elementor-widget-heading\" data-id=\"e7078bc\" data-element_type=\"widget\" data-e-type=\"widget\" data-widget_type=\"heading.default\">\n\t\t\t\t<div class=\"elementor-widget-container\">\n\t\t\t\t\t<h4 class=\"elementor-heading-title elementor-size-default\">Nous aimons travailler avec nos agences de voyage et les choyer, en cr\u00e9ant des relations durables, authentiques et positives qui cr\u00e9ent de la valeur pour tous.<\/h4>\t\t\t\t<\/div>\n\t\t\t\t<\/div>\n\t\t\t\t<\/div>\n\t\t<div class=\"elementor-element elementor-element-13aaece e-con-full e-flex e-con e-child\" data-id=\"13aaece\" data-element_type=\"container\" data-e-type=\"container\">\n\t\t\t\t<\/div>\n\t\t\t\t\t<\/div>\n\t\t\t\t<\/div>\n\t\t<div class=\"elementor-element elementor-element-e7773d3 e-flex e-con-boxed e-con e-parent\" data-id=\"e7773d3\" data-element_type=\"container\" data-e-type=\"container\">\n\t\t\t\t\t<div class=\"e-con-inner\">\n\t\t\t\t<div class=\"elementor-element elementor-element-f1a3e58 elementor-widget elementor-widget-spacer\" data-id=\"f1a3e58\" data-element_type=\"widget\" data-e-type=\"widget\" data-widget_type=\"spacer.default\">\n\t\t\t\t<div class=\"elementor-widget-container\">\n\t\t\t\t\t\t\t<div class=\"elementor-spacer\">\n\t\t\t<div class=\"elementor-spacer-inner\"><\/div>\n\t\t<\/div>\n\t\t\t\t\t\t<\/div>\n\t\t\t\t<\/div>\n\t\t\t\t\t<\/div>\n\t\t\t\t<\/div>\n\t\t<div class=\"elementor-element elementor-element-eabfad7 e-flex e-con-boxed e-con e-parent\" data-id=\"eabfad7\" data-element_type=\"container\" data-e-type=\"container\">\n\t\t\t\t\t<div class=\"e-con-inner\">\n\t\t<div class=\"elementor-element elementor-element-aa4fd9e e-con-full e-flex e-con e-child\" data-id=\"aa4fd9e\" data-element_type=\"container\" data-e-type=\"container\">\n\t\t\t\t<div class=\"elementor-element elementor-element-21dd724 elementor-widget elementor-widget-image\" data-id=\"21dd724\" data-element_type=\"widget\" data-e-type=\"widget\" data-widget_type=\"image.default\">\n\t\t\t\t<div class=\"elementor-widget-container\">\n\t\t\t\t\t\t\t\t\t\t\t\t\t\t\t<img decoding=\"async\" width=\"750\" height=\"1024\" src=\"https:\/\/balamdmc.com\/wp-content\/uploads\/2024\/04\/pexels-fausto-hernandez-12276701-750x1024.jpg\" class=\"attachment-large size-large wp-image-135\" alt=\"\" srcset=\"https:\/\/balamdmc.com\/wp-content\/uploads\/2024\/04\/pexels-fausto-hernandez-12276701-750x1024.jpg 750w, https:\/\/balamdmc.com\/wp-content\/uploads\/2024\/04\/pexels-fausto-hernandez-12276701-220x300.jpg 220w, https:\/\/balamdmc.com\/wp-content\/uploads\/2024\/04\/pexels-fausto-hernandez-12276701-768x1048.jpg 768w, https:\/\/balamdmc.com\/wp-content\/uploads\/2024\/04\/pexels-fausto-hernandez-12276701-1125x1536.jpg 1125w, https:\/\/balamdmc.com\/wp-content\/uploads\/2024\/04\/pexels-fausto-hernandez-12276701-1501x2048.jpg 1501w, https:\/\/balamdmc.com\/wp-content\/uploads\/2024\/04\/pexels-fausto-hernandez-12276701-9x12.jpg 9w, https:\/\/balamdmc.com\/wp-content\/uploads\/2024\/04\/pexels-fausto-hernandez-12276701-scaled.jpg 1876w\" sizes=\"(max-width: 750px) 100vw, 750px\" \/>\t\t\t\t\t\t\t\t\t\t\t\t\t\t\t<\/div>\n\t\t\t\t<\/div>\n\t\t\t\t<\/div>\n\t\t<div class=\"elementor-element elementor-element-c938491 e-con-full e-flex e-con e-child\" data-id=\"c938491\" data-element_type=\"container\" data-e-type=\"container\">\n\t\t\t\t<div class=\"elementor-element elementor-element-b591ff1 elementor-widget elementor-widget-text-editor\" data-id=\"b591ff1\" data-element_type=\"widget\" data-e-type=\"widget\" data-widget_type=\"text-editor.default\">\n\t\t\t\t<div class=\"elementor-widget-container\">\n\t\t\t\t\t\t\t\t\t<h3 data-start=\"126\" data-end=\"186\"><strong data-start=\"130\" data-end=\"186\">Notre fa\u00e7on de travailler avec les agences de voyage<\/strong><\/h3><p data-start=\"188\" data-end=\"313\">Au <strong data-start=\"191\" data-end=\"204\">Balam DMC<\/strong> nous aimons construire des relations bas\u00e9es sur la confiance, la transparence et la collaboration. Voici comment nous travaillons :<\/p><ul data-start=\"315\" data-end=\"978\"><li data-start=\"315\" data-end=\"389\"><p data-start=\"317\" data-end=\"389\"><strong data-start=\"317\" data-end=\"340\">Exclusivement B2B :<\/strong> nous ne collaborons qu'avec des agences de voyage.<\/p><\/li><li data-start=\"390\" data-end=\"490\"><p data-start=\"392\" data-end=\"490\"><strong data-start=\"392\" data-end=\"408\">Label blanc :<\/strong> nous agissons en tant que vos partenaires et votre \u00e9quipe au Mexique, en agissant toujours sous votre marque.<\/p><\/li><li data-start=\"491\" data-end=\"649\"><p data-start=\"493\" data-end=\"649\"><strong data-start=\"493\" data-end=\"505\">Honoraires :<\/strong> nous travaillons avec <strong data-start=\"521\" data-end=\"570\">les tarifs nets ou les tarifs incluant une commission<\/strong>Le nouveau syst\u00e8me garantit la clart\u00e9 et la flexibilit\u00e9 en fonction des besoins de chaque agence.<\/p><\/li><li data-start=\"650\" data-end=\"807\"><p data-start=\"652\" data-end=\"807\"><strong data-start=\"652\" data-end=\"679\">Commissions suppl\u00e9mentaires :<\/strong> sur tous les services que les voyageurs contractent directement pendant leur voyage, votre agence recevra une commission de <strong data-start=\"797\" data-end=\"804\">10%<\/strong>.<\/p><\/li><li data-start=\"808\" data-end=\"978\"><p data-start=\"810\" data-end=\"978\"><strong data-start=\"810\" data-end=\"837\">Une communication constante :<\/strong> nous maintenons une communication fluide et personnalis\u00e9e \u00e0 toutes les \u00e9tapes du processus, de la planification \u00e0 l'ex\u00e9cution du voyage.<\/p><\/li><\/ul>\t\t\t\t\t\t\t\t<\/div>\n\t\t\t\t<\/div>\n\t\t\t\t<\/div>\n\t\t\t\t\t<\/div>\n\t\t\t\t<\/div>\n\t\t<div class=\"elementor-element elementor-element-34da367 e-flex e-con-boxed e-con e-parent\" data-id=\"34da367\" data-element_type=\"container\" data-e-type=\"container\">\n\t\t\t\t\t<div class=\"e-con-inner\">\n\t\t<div class=\"elementor-element elementor-element-fe4a98f e-con-full e-flex e-con e-child\" data-id=\"fe4a98f\" data-element_type=\"container\" data-e-type=\"container\">\n\t\t\t\t<div class=\"elementor-element elementor-element-91e243d elementor-widget elementor-widget-text-editor\" data-id=\"91e243d\" data-element_type=\"widget\" data-e-type=\"widget\" data-widget_type=\"text-editor.default\">\n\t\t\t\t<div class=\"elementor-widget-container\">\n\t\t\t\t\t\t\t\t\t<h3 data-start=\"122\" data-end=\"172\"><strong data-start=\"126\" data-end=\"172\">Notre fa\u00e7on de travailler avec les voyageurs<\/strong><\/h3><p data-start=\"174\" data-end=\"309\">Au <strong data-start=\"177\" data-end=\"190\">Balam DMC<\/strong> Nous prenons soin de chaque d\u00e9tail pour garantir une exp\u00e9rience sans faille du d\u00e9but \u00e0 la fin. Voici comment nous travaillons avec vos voyageurs :<\/p><ul data-start=\"311\" data-end=\"920\"><li data-start=\"311\" data-end=\"408\"><p data-start=\"313\" data-end=\"408\"><strong data-start=\"313\" data-end=\"336\">Flexibilit\u00e9 totale :<\/strong> nous nous adaptons \u00e0 vos besoins et \u00e0 vos pr\u00e9f\u00e9rences tout au long du voyage.<\/p><\/li><li data-start=\"409\" data-end=\"541\"><p data-start=\"411\" data-end=\"541\"><strong data-start=\"411\" data-end=\"430\">Le multilinguisme :<\/strong> nous offrons des services et une expertise dans les domaines suivants <strong data-start=\"469\" data-end=\"490\">plus de 10 langues<\/strong>assurer une communication fluide \u00e0 tout moment.<\/p><\/li><li data-start=\"542\" data-end=\"650\"><p data-start=\"544\" data-end=\"650\"><strong data-start=\"544\" data-end=\"562\">Attention 24\/7 :<\/strong> notre \u00e9quipe est disponible \u00e0 tout moment pour vous aider dans n'importe quelle situation.<\/p><\/li><li data-start=\"651\" data-end=\"790\"><p data-start=\"653\" data-end=\"790\"><strong data-start=\"653\" data-end=\"679\">Service de conciergerie :<\/strong> disponibles pendant le voyage, si elles sont contract\u00e9es, pour r\u00e9pondre \u00e0 des demandes sp\u00e9ciales ou personnalis\u00e9es.<\/p><\/li><li data-start=\"791\" data-end=\"920\"><p data-start=\"793\" data-end=\"920\"><strong data-start=\"793\" data-end=\"823\">L'excellence dans le service :<\/strong> nous fournissons les <strong data-start=\"837\" data-end=\"893\">le plus haut niveau d'attention, d'engagement et de volont\u00e9<\/strong> \u00e0 chaque \u00e9tape du voyage.<\/p><\/li><\/ul>\t\t\t\t\t\t\t\t<\/div>\n\t\t\t\t<\/div>\n\t\t\t\t<\/div>\n\t\t<div class=\"elementor-element elementor-element-32cfdff e-con-full e-flex e-con e-child\" data-id=\"32cfdff\" data-element_type=\"container\" data-e-type=\"container\">\n\t\t\t\t<div class=\"elementor-element elementor-element-a6709a0 elementor-widget elementor-widget-image\" data-id=\"a6709a0\" data-element_type=\"widget\" data-e-type=\"widget\" data-widget_type=\"image.default\">\n\t\t\t\t<div class=\"elementor-widget-container\">\n\t\t\t\t\t\t\t\t\t\t\t\t\t\t\t<img decoding=\"async\" width=\"681\" height=\"1024\" src=\"https:\/\/balamdmc.com\/wp-content\/uploads\/2024\/04\/pexels-jhovani-morales-12319997-681x1024.jpg\" class=\"attachment-large size-large wp-image-140\" alt=\"\" srcset=\"https:\/\/balamdmc.com\/wp-content\/uploads\/2024\/04\/pexels-jhovani-morales-12319997-681x1024.jpg 681w, https:\/\/balamdmc.com\/wp-content\/uploads\/2024\/04\/pexels-jhovani-morales-12319997-200x300.jpg 200w, https:\/\/balamdmc.com\/wp-content\/uploads\/2024\/04\/pexels-jhovani-morales-12319997-768x1154.jpg 768w, https:\/\/balamdmc.com\/wp-content\/uploads\/2024\/04\/pexels-jhovani-morales-12319997-1022x1536.jpg 1022w, https:\/\/balamdmc.com\/wp-content\/uploads\/2024\/04\/pexels-jhovani-morales-12319997-1362x2048.jpg 1362w, https:\/\/balamdmc.com\/wp-content\/uploads\/2024\/04\/pexels-jhovani-morales-12319997-8x12.jpg 8w, https:\/\/balamdmc.com\/wp-content\/uploads\/2024\/04\/pexels-jhovani-morales-12319997-scaled.jpg 1703w\" sizes=\"(max-width: 681px) 100vw, 681px\" \/>\t\t\t\t\t\t\t\t\t\t\t\t\t\t\t<\/div>\n\t\t\t\t<\/div>\n\t\t\t\t<\/div>\n\t\t\t\t\t<\/div>\n\t\t\t\t<\/div>\n\t\t\t\t<\/div>","protected":false},"excerpt":{"rendered":"<p>\u00bfC\u00f3mo trabajamos? Nos encanta trabajar junto a nuestras agencias de viajes y consentirlas, creando relaciones duraderas, aut\u00e9nticas y positivas que generen valor para todos. Nuestra forma de trabajar con las agencias de viajes En Balam DMC nos gusta construir relaciones basadas en confianza, transparencia y colaboraci\u00f3n. As\u00ed es como trabajamos: Exclusivamente B2B: colaboramos \u00fanicamente con [&hellip;]<\/p>\n","protected":false},"author":1,"featured_media":0,"parent":0,"menu_order":0,"comment_status":"closed","ping_status":"closed","template":"","meta":{"footnotes":""},"class_list":["post-69","page","type-page","status-publish","hentry"],"_links":{"self":[{"href":"https:\/\/balamdmc.com\/fr\/wp-json\/wp\/v2\/pages\/69","targetHints":{"allow":["GET"]}}],"collection":[{"href":"https:\/\/balamdmc.com\/fr\/wp-json\/wp\/v2\/pages"}],"about":[{"href":"https:\/\/balamdmc.com\/fr\/wp-json\/wp\/v2\/types\/page"}],"author":[{"embeddable":true,"href":"https:\/\/balamdmc.com\/fr\/wp-json\/wp\/v2\/users\/1"}],"replies":[{"embeddable":true,"href":"https:\/\/balamdmc.com\/fr\/wp-json\/wp\/v2\/comments?post=69"}],"version-history":[{"count":4,"href":"https:\/\/balamdmc.com\/fr\/wp-json\/wp\/v2\/pages\/69\/revisions"}],"predecessor-version":[{"id":425,"href":"https:\/\/balamdmc.com\/fr\/wp-json\/wp\/v2\/pages\/69\/revisions\/425"}],"wp:attachment":[{"href":"https:\/\/balamdmc.com\/fr\/wp-json\/wp\/v2\/media?parent=69"}],"curies":[{"name":"wp","href":"https:\/\/api.w.org\/{rel}","templated":true}]}}