{"id":23,"date":"2024-04-05T02:15:52","date_gmt":"2024-04-05T02:15:52","guid":{"rendered":"https:\/\/balamdmc.com\/?page_id=23"},"modified":"2025-10-15T20:21:58","modified_gmt":"2025-10-15T20:21:58","slug":"home","status":"publish","type":"page","link":"https:\/\/balamdmc.com\/ja\/","title":{"rendered":"\u30db\u30fc\u30e0"},"content":{"rendered":"<div data-elementor-type=\"wp-page\" data-elementor-id=\"23\" class=\"elementor elementor-23\" data-elementor-post-type=\"page\">\n\t\t\t\t<div class=\"elementor-element elementor-element-c0a512b e-flex e-con-boxed e-con e-parent\" data-id=\"c0a512b\" data-element_type=\"container\" data-e-type=\"container\">\n\t\t\t\t\t<div class=\"e-con-inner\">\n\t\t\t\t<div class=\"elementor-element elementor-element-dfa33b8 elementor-widget elementor-widget-spacer\" data-id=\"dfa33b8\" data-element_type=\"widget\" data-e-type=\"widget\" data-widget_type=\"spacer.default\">\n\t\t\t\t<div class=\"elementor-widget-container\">\n\t\t\t\t\t\t\t<div class=\"elementor-spacer\">\n\t\t\t<div class=\"elementor-spacer-inner\"><\/div>\n\t\t<\/div>\n\t\t\t\t\t\t<\/div>\n\t\t\t\t<\/div>\n\t\t\t\t<div class=\"elementor-element elementor-element-9763c89 elementor-widget elementor-widget-text-editor\" data-id=\"9763c89\" data-element_type=\"widget\" data-e-type=\"widget\" data-widget_type=\"text-editor.default\">\n\t\t\t\t<div class=\"elementor-widget-container\">\n\t\t\t\t\t\t\t\t\t<p>\u30e9\u30b0\u30b8\u30e5\u30a2\u30ea\u30fcDMC<\/p>\t\t\t\t\t\t\t\t<\/div>\n\t\t\t\t<\/div>\n\t\t\t\t\t<\/div>\n\t\t\t\t<\/div>\n\t\t<div class=\"elementor-element elementor-element-a83e768 e-flex e-con-boxed e-con e-parent\" data-id=\"a83e768\" data-element_type=\"container\" data-e-type=\"container\">\n\t\t\t\t\t<div class=\"e-con-inner\">\n\t\t<div class=\"elementor-element elementor-element-1922fd2 e-con-full e-flex e-con e-child\" data-id=\"1922fd2\" data-element_type=\"container\" data-e-type=\"container\">\n\t\t\t\t<\/div>\n\t\t<div class=\"elementor-element elementor-element-9f50b25 e-con-full e-flex e-con e-child\" data-id=\"9f50b25\" data-element_type=\"container\" data-e-type=\"container\">\n\t\t\t\t<div class=\"elementor-element elementor-element-4d08242 elementor-widget elementor-widget-heading\" data-id=\"4d08242\" data-element_type=\"widget\" data-e-type=\"widget\" data-widget_type=\"heading.default\">\n\t\t\t\t<div class=\"elementor-widget-container\">\n\t\t\t\t\t<h2 class=\"elementor-heading-title elementor-size-default\">\u30d0\u30e9\u30e0\u30e1\u30d2\u30b3\n\u306f\u3001\u30e1\u30ad\u30b7\u30b3\u306b\u7279\u5316\u3057\u305f\u30e9\u30b0\u30b8\u30e5\u30a2\u30ea\u30fcDMC\u3067\u3059\u3002\n\u30e1\u30ad\u30b7\u30b3\u3067\u306e\u307f\u904b\u55b6\u3057\u3066\u3044\u307e\u3059\u3002<\/h2>\t\t\t\t<\/div>\n\t\t\t\t<\/div>\n\t\t\t\t<div class=\"elementor-element elementor-element-3fc8c47 elementor-widget elementor-widget-text-editor\" data-id=\"3fc8c47\" data-element_type=\"widget\" data-e-type=\"widget\" data-widget_type=\"text-editor.default\">\n\t\t\t\t<div class=\"elementor-widget-container\">\n\t\t\t\t\t\t\t\t\t<p style=\"text-align: center;\"><strong data-start=\"85\" data-end=\"98\">\u30d0\u30e9\u30e0DMC <\/strong>\u306f\u3001\u5275\u9020\u6027\u3001\u4fe1\u983c\u6027\u3001\u8c4a\u5bcc\u306a\u7d4c\u9a13\u3067\u540d\u9ad8\u3044\u3001\u30e1\u30ad\u30b7\u30b3\u3092\u4ee3\u8868\u3059\u308b\u30e9\u30b0\u30b8\u30e5\u30a2\u30ea\u30fc\u30ab\u30f3\u30d1\u30cb\u30fc\u3067\u3059\u3002\u79c1\u305f\u3061\u306f\u3001\u65c5\u884c\u82b8\u8853\u306b\u60c5\u71b1\u3092\u50be\u3051\u308b\u30c1\u30fc\u30e0\u3092\u64c1\u3057\u3001\u4ee3\u7406\u5e97\u3068\u72ec\u5360\u7684\u306b\u5354\u529b\u3057\u3001\u304a\u5ba2\u69d8\u306e\u305f\u3081\u306b\u6ca1\u982d\u3067\u304d\u308b\u3001\u5b8c\u5168\u306b\u30d1\u30fc\u30bd\u30ca\u30e9\u30a4\u30ba\u3055\u308c\u305f\u4f53\u9a13\u3092\u5275\u9020\u3057\u3066\u3044\u307e\u3059\u3002<\/p>\n<p style=\"text-align: center;\" data-start=\"496\" data-end=\"825\">\u79c1\u305f\u3061\u306f\u3001\u4e16\u754c5\u5927\u9678\u306e\u30e9\u30b0\u30b8\u30e5\u30a2\u30ea\u30fc\u306a\u65c5\u884c\u8005\u306b\u30b5\u30fc\u30d3\u30b9\u3092\u63d0\u4f9b\u3057\u3066\u304d\u305f\u8c4a\u5bcc\u306a\u7d4c\u9a13\u3092\u6301\u3063\u3066\u3044\u307e\u3059\u3002&nbsp;<strong data-start=\"583\" data-end=\"647\">FIT\u65c5\u884c\u3001\u30b0\u30eb\u30fc\u30d7\u3001MICE<\/strong> \u5c02\u9580\u30d6\u30e9\u30f3\u30c9\u3092\u901a\u3058\u3066 <strong data-start=\"688\" data-end=\"709\">\u30a8\u30e2\u30fc\u30b7\u30e7\u30f3\u30fb\u30af\u30ea\u30a8\u30fc\u30bf\u30fc<\/strong>\u3068\u7d44\u7e54\u5316&nbsp;<strong data-start=\"725\" data-end=\"766\">\u30e1\u30ad\u30b7\u30b3\u3067\u306e\u30e6\u30cb\u30fc\u30af\u3067\u5fd8\u308c\u3089\u308c\u306a\u3044\u30a6\u30a7\u30c7\u30a3\u30f3\u30b0<\/strong> \u5f53\u90e8\u9580\u3092\u901a\u3058\u3066 <strong data-start=\"793\" data-end=\"822\">\u30e1\u30ad\u30b7\u30b3\u3067\u306e\u30e6\u30cb\u30fc\u30af\u306a\u30a6\u30a7\u30c7\u30a3\u30f3\u30b0<\/strong>.<\/p>\n<p style=\"text-align: center;\" data-start=\"827\" data-end=\"1113\">\u79c1\u305f\u3061\u306e\u5c02\u9580\u5bb6\u306f\u3001\u7d30\u90e8\u306b\u81f3\u308b\u307e\u3067\u8a2d\u8a08\u3057\u3001\u5b9f\u884c\u3057\u3001\u30a2\u30a4\u30c7\u30a2\u3092\u56fd\u306e\u672c\u8cea\u3092\u53cd\u6620\u3057\u305f\u601d\u3044\u51fa\u306b\u6b8b\u308b\u4f53\u9a13\u306b\u5909\u3048\u307e\u3059\u3002<\/p>\n<p style=\"text-align: center;\" data-start=\"1115\" data-end=\"1237\"><strong data-start=\"1115\" data-end=\"1235\">\u30d0\u30e9\u30e0\u306f\u3001\u304a\u5ba2\u69d8\u304c\u30e1\u30ad\u30b7\u30b3\u306e\u6587\u5316\u3001\u4eba\u3005\u3001\u7f8e\u98df\u3092\u77e5\u308b\u305f\u3081\u306e\u7406\u60f3\u7684\u306a\u65b9\u6cd5\u3067\u3059\u3002<\/strong><\/p>\t\t\t\t\t\t\t\t<\/div>\n\t\t\t\t<\/div>\n\t\t\t\t<div class=\"elementor-element elementor-element-dc5df3c elementor-widget elementor-widget-image\" data-id=\"dc5df3c\" data-element_type=\"widget\" data-e-type=\"widget\" data-widget_type=\"image.default\">\n\t\t\t\t<div class=\"elementor-widget-container\">\n\t\t\t\t\t\t\t\t\t\t\t\t\t\t\t<img fetchpriority=\"high\" decoding=\"async\" width=\"800\" height=\"905\" src=\"https:\/\/balamdmc.com\/wp-content\/uploads\/2024\/02\/2-905x1024.gif\" class=\"attachment-large size-large wp-image-34\" alt=\"\" srcset=\"https:\/\/balamdmc.com\/wp-content\/uploads\/2024\/02\/2-905x1024.gif 905w, https:\/\/balamdmc.com\/wp-content\/uploads\/2024\/02\/2-265x300.gif 265w, https:\/\/balamdmc.com\/wp-content\/uploads\/2024\/02\/2-768x869.gif 768w, https:\/\/balamdmc.com\/wp-content\/uploads\/2024\/02\/2-11x12.gif 11w\" sizes=\"(max-width: 800px) 100vw, 800px\" \/>\t\t\t\t\t\t\t\t\t\t\t\t\t\t\t<\/div>\n\t\t\t\t<\/div>\n\t\t\t\t<div class=\"elementor-element elementor-element-dfa1330 elementor-widget elementor-widget-spacer\" data-id=\"dfa1330\" data-element_type=\"widget\" data-e-type=\"widget\" data-widget_type=\"spacer.default\">\n\t\t\t\t<div class=\"elementor-widget-container\">\n\t\t\t\t\t\t\t<div class=\"elementor-spacer\">\n\t\t\t<div class=\"elementor-spacer-inner\"><\/div>\n\t\t<\/div>\n\t\t\t\t\t\t<\/div>\n\t\t\t\t<\/div>\n\t\t\t\t<\/div>\n\t\t<div class=\"elementor-element elementor-element-1b90473 e-con-full e-flex e-con e-child\" data-id=\"1b90473\" data-element_type=\"container\" data-e-type=\"container\">\n\t\t\t\t<\/div>\n\t\t\t\t\t<\/div>\n\t\t\t\t<\/div>\n\t\t<div class=\"elementor-element elementor-element-99478b9 e-flex e-con-boxed e-con e-parent\" data-id=\"99478b9\" data-element_type=\"container\" data-e-type=\"container\">\n\t\t\t\t\t<div class=\"e-con-inner\">\n\t\t<div class=\"elementor-element elementor-element-51e2959 e-con-full e-flex e-con e-child\" data-id=\"51e2959\" data-element_type=\"container\" data-e-type=\"container\">\n\t\t\t\t<div class=\"elementor-element elementor-element-b2c25f5 elementor-widget elementor-widget-spacer\" data-id=\"b2c25f5\" data-element_type=\"widget\" data-e-type=\"widget\" data-widget_type=\"spacer.default\">\n\t\t\t\t<div class=\"elementor-widget-container\">\n\t\t\t\t\t\t\t<div class=\"elementor-spacer\">\n\t\t\t<div class=\"elementor-spacer-inner\"><\/div>\n\t\t<\/div>\n\t\t\t\t\t\t<\/div>\n\t\t\t\t<\/div>\n\t\t\t\t<div class=\"elementor-element elementor-element-64962a0 elementor-widget elementor-widget-image\" data-id=\"64962a0\" data-element_type=\"widget\" data-e-type=\"widget\" data-widget_type=\"image.default\">\n\t\t\t\t<div class=\"elementor-widget-container\">\n\t\t\t\t\t\t\t\t\t\t\t\t\t\t\t<img decoding=\"async\" width=\"625\" height=\"1024\" src=\"https:\/\/balamdmc.com\/wp-content\/uploads\/2024\/02\/3-625x1024.png\" class=\"attachment-large size-large wp-image-35\" alt=\"\" srcset=\"https:\/\/balamdmc.com\/wp-content\/uploads\/2024\/02\/3-625x1024.png 625w, https:\/\/balamdmc.com\/wp-content\/uploads\/2024\/02\/3-183x300.png 183w, https:\/\/balamdmc.com\/wp-content\/uploads\/2024\/02\/3-768x1259.png 768w, https:\/\/balamdmc.com\/wp-content\/uploads\/2024\/02\/3-937x1536.png 937w, https:\/\/balamdmc.com\/wp-content\/uploads\/2024\/02\/3-1249x2048.png 1249w, https:\/\/balamdmc.com\/wp-content\/uploads\/2024\/02\/3-7x12.png 7w\" sizes=\"(max-width: 625px) 100vw, 625px\" \/>\t\t\t\t\t\t\t\t\t\t\t\t\t\t\t<\/div>\n\t\t\t\t<\/div>\n\t\t\t\t<\/div>\n\t\t<div class=\"elementor-element elementor-element-326bddf e-con-full e-flex e-con e-child\" data-id=\"326bddf\" data-element_type=\"container\" data-e-type=\"container\">\n\t\t\t\t<div class=\"elementor-element elementor-element-46fc013 elementor-widget elementor-widget-spacer\" data-id=\"46fc013\" data-element_type=\"widget\" data-e-type=\"widget\" data-widget_type=\"spacer.default\">\n\t\t\t\t<div class=\"elementor-widget-container\">\n\t\t\t\t\t\t\t<div class=\"elementor-spacer\">\n\t\t\t<div class=\"elementor-spacer-inner\"><\/div>\n\t\t<\/div>\n\t\t\t\t\t\t<\/div>\n\t\t\t\t<\/div>\n\t\t\t\t<div class=\"elementor-element elementor-element-a80cca0 elementor-widget elementor-widget-heading\" data-id=\"a80cca0\" data-element_type=\"widget\" data-e-type=\"widget\" data-widget_type=\"heading.default\">\n\t\t\t\t<div class=\"elementor-widget-container\">\n\t\t\t\t\t<h2 class=\"elementor-heading-title elementor-size-default\">\u30e1\u30ad\u30b7\u30b3<\/h2>\t\t\t\t<\/div>\n\t\t\t\t<\/div>\n\t\t\t\t<div class=\"elementor-element elementor-element-274c314 elementor-widget elementor-widget-heading\" data-id=\"274c314\" data-element_type=\"widget\" data-e-type=\"widget\" data-widget_type=\"heading.default\">\n\t\t\t\t<div class=\"elementor-widget-container\">\n\t\t\t\t\t<h1 class=\"elementor-heading-title elementor-size-default\">\u9a5a\u7570\u3001\u81ea\u7136\u3001\u6587\u5316\u3001\u6b74\u53f2\u3001\u305d\u3057\u3066\u5353\u8d8a\u3057\u305f\u7f8e\u98df\u306b\u6e80\u3061\u305f\u5049\u5927\u306a\u56fd\u3002<\/h1>\t\t\t\t<\/div>\n\t\t\t\t<\/div>\n\t\t\t\t<\/div>\n\t\t<div class=\"elementor-element elementor-element-eede8b1 e-con-full e-flex e-con e-child\" data-id=\"eede8b1\" data-element_type=\"container\" data-e-type=\"container\">\n\t\t\t\t<div class=\"elementor-element elementor-element-d241856 elementor-widget elementor-widget-image\" data-id=\"d241856\" data-element_type=\"widget\" data-e-type=\"widget\" data-widget_type=\"image.default\">\n\t\t\t\t<div class=\"elementor-widget-container\">\n\t\t\t\t\t\t\t\t\t\t\t\t\t\t\t<img decoding=\"async\" width=\"611\" height=\"1024\" src=\"https:\/\/balamdmc.com\/wp-content\/uploads\/2024\/02\/4-611x1024.png\" class=\"attachment-large size-large wp-image-36\" alt=\"\" srcset=\"https:\/\/balamdmc.com\/wp-content\/uploads\/2024\/02\/4-611x1024.png 611w, https:\/\/balamdmc.com\/wp-content\/uploads\/2024\/02\/4-179x300.png 179w, https:\/\/balamdmc.com\/wp-content\/uploads\/2024\/02\/4-768x1287.png 768w, https:\/\/balamdmc.com\/wp-content\/uploads\/2024\/02\/4-916x1536.png 916w, https:\/\/balamdmc.com\/wp-content\/uploads\/2024\/02\/4-1222x2048.png 1222w, https:\/\/balamdmc.com\/wp-content\/uploads\/2024\/02\/4-7x12.png 7w, https:\/\/balamdmc.com\/wp-content\/uploads\/2024\/02\/4.png 1707w\" sizes=\"(max-width: 611px) 100vw, 611px\" \/>\t\t\t\t\t\t\t\t\t\t\t\t\t\t\t<\/div>\n\t\t\t\t<\/div>\n\t\t\t\t<div class=\"elementor-element elementor-element-6cf7068 elementor-widget elementor-widget-spacer\" data-id=\"6cf7068\" data-element_type=\"widget\" data-e-type=\"widget\" data-widget_type=\"spacer.default\">\n\t\t\t\t<div class=\"elementor-widget-container\">\n\t\t\t\t\t\t\t<div class=\"elementor-spacer\">\n\t\t\t<div class=\"elementor-spacer-inner\"><\/div>\n\t\t<\/div>\n\t\t\t\t\t\t<\/div>\n\t\t\t\t<\/div>\n\t\t\t\t<\/div>\n\t\t\t\t\t<\/div>\n\t\t\t\t<\/div>\n\t\t<div class=\"elementor-element elementor-element-09249c2 e-flex e-con-boxed e-con e-parent\" data-id=\"09249c2\" data-element_type=\"container\" data-e-type=\"container\" data-settings=\"{&quot;background_background&quot;:&quot;classic&quot;}\">\n\t\t\t\t\t<div class=\"e-con-inner\">\n\t\t<div class=\"elementor-element elementor-element-06acc1a e-con-full e-flex e-con e-child\" data-id=\"06acc1a\" data-element_type=\"container\" data-e-type=\"container\">\n\t\t\t\t<div class=\"elementor-element elementor-element-619afba elementor-widget elementor-widget-spacer\" data-id=\"619afba\" data-element_type=\"widget\" data-e-type=\"widget\" data-widget_type=\"spacer.default\">\n\t\t\t\t<div class=\"elementor-widget-container\">\n\t\t\t\t\t\t\t<div class=\"elementor-spacer\">\n\t\t\t<div class=\"elementor-spacer-inner\"><\/div>\n\t\t<\/div>\n\t\t\t\t\t\t<\/div>\n\t\t\t\t<\/div>\n\t\t\t\t<div class=\"elementor-element elementor-element-a978851 elementor-widget elementor-widget-heading\" data-id=\"a978851\" data-element_type=\"widget\" data-e-type=\"widget\" data-widget_type=\"heading.default\">\n\t\t\t\t<div class=\"elementor-widget-container\">\n\t\t\t\t\t<h2 class=\"elementor-heading-title elementor-size-default\">\u30e1\u30ad\u30b7\u30b3\u3067\u306e\u6d3b\u52d5<\/h2>\t\t\t\t<\/div>\n\t\t\t\t<\/div>\n\t\t\t\t<div class=\"elementor-element elementor-element-6750840 elementor-widget elementor-widget-spacer\" data-id=\"6750840\" data-element_type=\"widget\" data-e-type=\"widget\" data-widget_type=\"spacer.default\">\n\t\t\t\t<div class=\"elementor-widget-container\">\n\t\t\t\t\t\t\t<div class=\"elementor-spacer\">\n\t\t\t<div class=\"elementor-spacer-inner\"><\/div>\n\t\t<\/div>\n\t\t\t\t\t\t<\/div>\n\t\t\t\t<\/div>\n\t\t\t\t<div class=\"elementor-element elementor-element-83de406 elementor-widget elementor-widget-text-editor\" data-id=\"83de406\" data-element_type=\"widget\" data-e-type=\"widget\" data-widget_type=\"text-editor.default\">\n\t\t\t\t<div class=\"elementor-widget-container\">\n\t\t\t\t\t\t\t\t\t<p style=\"text-align: center;\">\u308f\u308c\u308f\u308c\u304c\u61f8\u5ff5\u3057\u3066\u3044\u308b\u306e\u306f\u3001\u6c38\u7d9a\u6027\u3067\u3042\u308b\u3002<br \/>\u8cac\u4efb\u3042\u308b\u89b3\u5149\u3092\u901a\u3058\u3066<br \/>\u5730\u57df\u793e\u4f1a\u306b\u6069\u8fd4\u3057\u3092\u3057<br \/>\u79c1\u305f\u3061\u306e\u74b0\u5883\u3092\u4f5c\u308a\u51fa\u3057<br \/>\u30dd\u30b8\u30c6\u30a3\u30d6\u3067\u6c38\u7d9a\u7684\u306a\u793e\u4f1a\u7684\u30a4\u30f3\u30d1\u30af\u30c8\u3092\u4e0e\u3048\u308b\u3002<\/p>\t\t\t\t\t\t\t\t<\/div>\n\t\t\t\t<\/div>\n\t\t\t\t<\/div>\n\t\t<div class=\"elementor-element elementor-element-9a2bff2 e-con-full e-flex e-con e-child\" data-id=\"9a2bff2\" data-element_type=\"container\" data-e-type=\"container\">\n\t\t\t\t<div class=\"elementor-element elementor-element-b236947 elementor-widget elementor-widget-image\" data-id=\"b236947\" data-element_type=\"widget\" data-e-type=\"widget\" data-widget_type=\"image.default\">\n\t\t\t\t<div class=\"elementor-widget-container\">\n\t\t\t\t\t\t\t\t\t\t\t\t\t\t\t<img loading=\"lazy\" decoding=\"async\" width=\"768\" height=\"1152\" src=\"https:\/\/balamdmc.com\/wp-content\/uploads\/2024\/02\/5-768x1152.png\" class=\"attachment-medium_large size-medium_large wp-image-37\" alt=\"\" srcset=\"https:\/\/balamdmc.com\/wp-content\/uploads\/2024\/02\/5-768x1152.png 768w, https:\/\/balamdmc.com\/wp-content\/uploads\/2024\/02\/5-200x300.png 200w, https:\/\/balamdmc.com\/wp-content\/uploads\/2024\/02\/5-683x1024.png 683w, https:\/\/balamdmc.com\/wp-content\/uploads\/2024\/02\/5-1024x1536.png 1024w, https:\/\/balamdmc.com\/wp-content\/uploads\/2024\/02\/5-1365x2048.png 1365w, https:\/\/balamdmc.com\/wp-content\/uploads\/2024\/02\/5-8x12.png 8w\" sizes=\"(max-width: 768px) 100vw, 768px\" \/>\t\t\t\t\t\t\t\t\t\t\t\t\t\t\t<\/div>\n\t\t\t\t<\/div>\n\t\t\t\t<\/div>\n\t\t\t\t\t<\/div>\n\t\t\t\t<\/div>\n\t\t<div class=\"elementor-element elementor-element-aab2c63 e-flex e-con-boxed e-con e-parent\" data-id=\"aab2c63\" data-element_type=\"container\" data-e-type=\"container\">\n\t\t\t\t\t<div class=\"e-con-inner\">\n\t\t\t\t<div class=\"elementor-element elementor-element-fdf0ff2 elementor-widget elementor-widget-spacer\" data-id=\"fdf0ff2\" data-element_type=\"widget\" data-e-type=\"widget\" data-widget_type=\"spacer.default\">\n\t\t\t\t<div class=\"elementor-widget-container\">\n\t\t\t\t\t\t\t<div class=\"elementor-spacer\">\n\t\t\t<div class=\"elementor-spacer-inner\"><\/div>\n\t\t<\/div>\n\t\t\t\t\t\t<\/div>\n\t\t\t\t<\/div>\n\t\t\t\t\t<\/div>\n\t\t\t\t<\/div>\n\t\t<div class=\"elementor-element elementor-element-169e85a e-flex e-con-boxed e-con e-parent\" data-id=\"169e85a\" data-element_type=\"container\" data-e-type=\"container\">\n\t\t\t\t\t<div class=\"e-con-inner\">\n\t\t\t\t<div class=\"elementor-element elementor-element-8a6c884 elementor-widget elementor-widget-heading\" data-id=\"8a6c884\" data-element_type=\"widget\" data-e-type=\"widget\" data-widget_type=\"heading.default\">\n\t\t\t\t<div class=\"elementor-widget-container\">\n\t\t\t\t\t<h2 class=\"elementor-heading-title elementor-size-default\">MICE\u304a\u3088\u3073\u30c7\u30b9\u30c6\u30a3\u30cd\u30fc\u30b7\u30e7\u30f3\u30fb\u30a6\u30a8\u30c7\u30a3\u30f3\u30b0\u30fb\u30d6\u30e9\u30f3\u30c9<\/h2>\t\t\t\t<\/div>\n\t\t\t\t<\/div>\n\t\t\t\t\t<\/div>\n\t\t\t\t<\/div>\n\t\t<div class=\"elementor-element elementor-element-4385800 e-flex e-con-boxed e-con e-parent\" data-id=\"4385800\" data-element_type=\"container\" data-e-type=\"container\">\n\t\t\t\t\t<div class=\"e-con-inner\">\n\t\t\t\t<div class=\"elementor-element elementor-element-482bcb7 elementor-widget elementor-widget-spacer\" data-id=\"482bcb7\" data-element_type=\"widget\" data-e-type=\"widget\" data-widget_type=\"spacer.default\">\n\t\t\t\t<div class=\"elementor-widget-container\">\n\t\t\t\t\t\t\t<div class=\"elementor-spacer\">\n\t\t\t<div class=\"elementor-spacer-inner\"><\/div>\n\t\t<\/div>\n\t\t\t\t\t\t<\/div>\n\t\t\t\t<\/div>\n\t\t\t\t\t<\/div>\n\t\t\t\t<\/div>\n\t\t<div class=\"elementor-element elementor-element-457d9e9 e-flex e-con-boxed e-con e-parent\" data-id=\"457d9e9\" data-element_type=\"container\" data-e-type=\"container\">\n\t\t\t\t\t<div class=\"e-con-inner\">\n\t\t<div class=\"elementor-element elementor-element-8135b71 e-con-full e-flex e-con e-child\" data-id=\"8135b71\" data-element_type=\"container\" data-e-type=\"container\">\n\t\t\t\t<div class=\"elementor-element elementor-element-7bcdb00 elementor-widget elementor-widget-image\" data-id=\"7bcdb00\" data-element_type=\"widget\" data-e-type=\"widget\" data-widget_type=\"image.default\">\n\t\t\t\t<div class=\"elementor-widget-container\">\n\t\t\t\t\t\t\t\t\t\t\t\t\t\t\t<img loading=\"lazy\" decoding=\"async\" width=\"255\" height=\"215\" src=\"https:\/\/balamdmc.com\/wp-content\/uploads\/2025\/10\/logos-06.png\" class=\"attachment-large size-large wp-image-490\" alt=\"\" srcset=\"https:\/\/balamdmc.com\/wp-content\/uploads\/2025\/10\/logos-06.png 255w, https:\/\/balamdmc.com\/wp-content\/uploads\/2025\/10\/logos-06-14x12.png 14w\" sizes=\"(max-width: 255px) 100vw, 255px\" \/>\t\t\t\t\t\t\t\t\t\t\t\t\t\t\t<\/div>\n\t\t\t\t<\/div>\n\t\t\t\t<\/div>\n\t\t<div class=\"elementor-element elementor-element-6310e94 e-con-full e-flex e-con e-child\" data-id=\"6310e94\" data-element_type=\"container\" data-e-type=\"container\">\n\t\t\t\t<div class=\"elementor-element elementor-element-bbe9147 elementor-widget elementor-widget-image\" data-id=\"bbe9147\" data-element_type=\"widget\" data-e-type=\"widget\" data-widget_type=\"image.default\">\n\t\t\t\t<div class=\"elementor-widget-container\">\n\t\t\t\t\t\t\t\t\t\t\t\t\t\t\t<img loading=\"lazy\" decoding=\"async\" width=\"255\" height=\"215\" src=\"https:\/\/balamdmc.com\/wp-content\/uploads\/2025\/10\/logos-05.png\" class=\"attachment-large size-large wp-image-491\" alt=\"\" srcset=\"https:\/\/balamdmc.com\/wp-content\/uploads\/2025\/10\/logos-05.png 255w, https:\/\/balamdmc.com\/wp-content\/uploads\/2025\/10\/logos-05-14x12.png 14w\" sizes=\"(max-width: 255px) 100vw, 255px\" \/>\t\t\t\t\t\t\t\t\t\t\t\t\t\t\t<\/div>\n\t\t\t\t<\/div>\n\t\t\t\t<\/div>\n\t\t\t\t\t<\/div>\n\t\t\t\t<\/div>\n\t\t<div class=\"elementor-element elementor-element-a1291f3 e-flex e-con-boxed e-con e-parent\" data-id=\"a1291f3\" data-element_type=\"container\" data-e-type=\"container\">\n\t\t\t\t\t<div class=\"e-con-inner\">\n\t\t\t\t<div class=\"elementor-element elementor-element-bcfa134 elementor-widget elementor-widget-spacer\" data-id=\"bcfa134\" data-element_type=\"widget\" data-e-type=\"widget\" data-widget_type=\"spacer.default\">\n\t\t\t\t<div class=\"elementor-widget-container\">\n\t\t\t\t\t\t\t<div class=\"elementor-spacer\">\n\t\t\t<div class=\"elementor-spacer-inner\"><\/div>\n\t\t<\/div>\n\t\t\t\t\t\t<\/div>\n\t\t\t\t<\/div>\n\t\t\t\t\t<\/div>\n\t\t\t\t<\/div>\n\t\t\t\t<\/div>","protected":false},"excerpt":{"rendered":"<p>LUXURY DMC BALAM M\u00c9XICO es un LUXURY DMC que opera exclusivamente en M\u00c9XICO. Balam DMC es una empresa l\u00edder en el lujo en M\u00e9xico, reconocida por su creatividad, confiabilidad y amplia experiencia. Contamos con un equipo apasionado por el arte de viajar, que trabaja exclusivamente con agencias para crear experiencias inmersivas y totalmente personalizadas para sus clientes. Tenemos amplia experiencia atendiendo a viajeros de lujo de los cinco continentes en&nbsp;viajes FIT, grupos, MICE a trav\u00e9s de nuestra marca especializada Emotions Creators, y organizando&nbsp;bodas \u00fanicas e inolvidables en M\u00e9xico mediante nuestra divisi\u00f3n Unique Weddings in Mexico. Nuestros expertos se encargan de dise\u00f1ar y ejecutar cada detalle, transformando ideas en experiencias memorables [&hellip;]<\/p>\n","protected":false},"author":1,"featured_media":0,"parent":0,"menu_order":0,"comment_status":"closed","ping_status":"closed","template":"","meta":{"footnotes":""},"class_list":["post-23","page","type-page","status-publish","hentry"],"_links":{"self":[{"href":"https:\/\/balamdmc.com\/ja\/wp-json\/wp\/v2\/pages\/23","targetHints":{"allow":["GET"]}}],"collection":[{"href":"https:\/\/balamdmc.com\/ja\/wp-json\/wp\/v2\/pages"}],"about":[{"href":"https:\/\/balamdmc.com\/ja\/wp-json\/wp\/v2\/types\/page"}],"author":[{"embeddable":true,"href":"https:\/\/balamdmc.com\/ja\/wp-json\/wp\/v2\/users\/1"}],"replies":[{"embeddable":true,"href":"https:\/\/balamdmc.com\/ja\/wp-json\/wp\/v2\/comments?post=23"}],"version-history":[{"count":37,"href":"https:\/\/balamdmc.com\/ja\/wp-json\/wp\/v2\/pages\/23\/revisions"}],"predecessor-version":[{"id":495,"href":"https:\/\/balamdmc.com\/ja\/wp-json\/wp\/v2\/pages\/23\/revisions\/495"}],"wp:attachment":[{"href":"https:\/\/balamdmc.com\/ja\/wp-json\/wp\/v2\/media?parent=23"}],"curies":[{"name":"wp","href":"https:\/\/api.w.org\/{rel}","templated":true}]}}