{"id":304,"date":"2025-10-15T02:01:19","date_gmt":"2025-10-15T02:01:19","guid":{"rendered":"https:\/\/balamdmc.com\/?page_id=304"},"modified":"2025-12-11T00:39:09","modified_gmt":"2025-12-11T00:39:09","slug":"2026-in-mexico","status":"publish","type":"page","link":"https:\/\/balamdmc.com\/ja\/2026-in-mexico\/","title":{"rendered":"\u30b5\u30c3\u30ab\u30fc\u30fb\u30ab\u30c3\u30d72026 \u30e1\u30ad\u30b7\u30b3\u5927\u4f1a"},"content":{"rendered":"<div data-elementor-type=\"wp-page\" data-elementor-id=\"304\" class=\"elementor elementor-304\" data-elementor-post-type=\"page\">\n\t\t\t\t<div class=\"elementor-element elementor-element-e45c870 e-flex e-con-boxed e-con e-parent\" data-id=\"e45c870\" data-element_type=\"container\" data-e-type=\"container\">\n\t\t\t\t\t<div class=\"e-con-inner\">\n\t\t\t\t<div class=\"elementor-element elementor-element-ad3c1fb elementor-widget elementor-widget-spacer\" data-id=\"ad3c1fb\" data-element_type=\"widget\" data-e-type=\"widget\" data-widget_type=\"spacer.default\">\n\t\t\t\t<div class=\"elementor-widget-container\">\n\t\t\t\t\t\t\t<div class=\"elementor-spacer\">\n\t\t\t<div class=\"elementor-spacer-inner\"><\/div>\n\t\t<\/div>\n\t\t\t\t\t\t<\/div>\n\t\t\t\t<\/div>\n\t\t\t\t<div class=\"elementor-element elementor-element-34c4b2f elementor-widget elementor-widget-heading\" data-id=\"34c4b2f\" data-element_type=\"widget\" data-e-type=\"widget\" data-widget_type=\"heading.default\">\n\t\t\t\t<div class=\"elementor-widget-container\">\n\t\t\t\t\t<h2 class=\"elementor-heading-title elementor-size-default\">2026 FIFA\u30ef\u30fc\u30eb\u30c9\u30ab\u30c3\u30d7 - \u30e1\u30ad\u30b7\u30b3<\/h2>\t\t\t\t<\/div>\n\t\t\t\t<\/div>\n\t\t\t\t\t<\/div>\n\t\t\t\t<\/div>\n\t\t<div class=\"elementor-element elementor-element-4b2a256 e-flex e-con-boxed e-con e-parent\" data-id=\"4b2a256\" data-element_type=\"container\" data-e-type=\"container\">\n\t\t\t\t\t<div class=\"e-con-inner\">\n\t\t\t\t<div class=\"elementor-element elementor-element-c34b5e7 elementor-widget elementor-widget-heading\" data-id=\"c34b5e7\" data-element_type=\"widget\" data-e-type=\"widget\" data-widget_type=\"heading.default\">\n\t\t\t\t<div class=\"elementor-widget-container\">\n\t\t\t\t\t<h5 class=\"elementor-heading-title elementor-size-default\">\u3042\u306a\u305f\u306e\u9867\u5ba2\u306f\u30012026\u5e74\u306b\u30e1\u30ad\u30b7\u30b3\u3067\u958b\u50ac\u3055\u308c\u308b\u30b5\u30c3\u30ab\u30fc\u30fb\u30ab\u30c3\u30d7\u306b\u53c2\u52a0\u3057\u305f\u3044\u3068\u304a\u8003\u3048\u3067\u3059\u304b\uff1f<\/h5>\t\t\t\t<\/div>\n\t\t\t\t<\/div>\n\t\t\t\t<div class=\"elementor-element elementor-element-3af7396 elementor-widget elementor-widget-text-editor\" data-id=\"3af7396\" data-element_type=\"widget\" data-e-type=\"widget\" data-widget_type=\"text-editor.default\">\n\t\t\t\t<div class=\"elementor-widget-container\">\n\t\t\t\t\t\t\t\t\t<p style=\"text-align: center;\" data-start=\"212\" data-end=\"571\">\u3067 <strong data-start=\"272\" data-end=\"285\">\u30d0\u30e9\u30e0DMC<\/strong> \u79c1\u305f\u3061\u306f\u3001\u5b8c\u5168\u3067\u5fd8\u308c\u3089\u308c\u306a\u3044\u4f53\u9a13\u3092\u30c7\u30b6\u30a4\u30f3\u3059\u308b\u304a\u624b\u4f1d\u3044\u3092\u3057\u307e\u3059\u3002\u79c1\u305f\u3061\u306f <strong data-start=\"367\" data-end=\"478\">\u5bbf\u6cca\u3001\u9001\u8fce\u3001\u7279\u5225\u306a\u4f53\u9a13\u3001\u30d1\u30fc\u30c6\u30a3\u30fc\u3001\u7279\u5225\u306a\u30a4\u30d9\u30f3\u30c8\u306a\u3069\u3001\u3059\u3079\u3066\u306e\u30b5\u30fc\u30d3\u30b9\u3092\u63d0\u4f9b\u3002<\/strong>\u306e\u307f\u306a\u3089\u305a <strong data-start=\"492\" data-end=\"521\">\u65c5\u884c\u524d\u5f8c<\/strong>&nbsp;\u30e1\u30ad\u30b7\u30b3\u306e\u6700\u3082\u7d20\u6674\u3089\u3057\u3044\u76ee\u7684\u5730\u3078\u3002<\/p>\n<p style=\"text-align: center;\" data-start=\"573\" data-end=\"721\">\u30b5\u30c3\u30ab\u30fc\u306e\u8208\u596e\u3068\u30e1\u30ad\u30b7\u30b3\u306e\u6587\u5316\u3001\u7f8e\u98df\u3001\u30db\u30b9\u30d4\u30bf\u30ea\u30c6\u30a3\u3092\u878d\u5408\u3055\u305b\u305f\u30aa\u30fc\u30c0\u30fc\u30e1\u30a4\u30c9\u306e\u30d7\u30ed\u30b0\u30e9\u30e0\u3092\u3001\u305c\u3072\u79c1\u305f\u3061\u306b\u304a\u4efb\u305b\u304f\u3060\u3055\u3044\u3002<\/p>\t\t\t\t\t\t\t\t<\/div>\n\t\t\t\t<\/div>\n\t\t\t\t<div class=\"elementor-element elementor-element-751b271 elementor-widget elementor-widget-heading\" data-id=\"751b271\" data-element_type=\"widget\" data-e-type=\"widget\" data-widget_type=\"heading.default\">\n\t\t\t\t<div class=\"elementor-widget-container\">\n\t\t\t\t\t<h5 class=\"elementor-heading-title elementor-size-default\">\u3053\u3053\u3092\u30af\u30ea\u30c3\u30af\u3057\u3066\u30e1\u30fc\u30eb\u3092\u9001\u4fe1\u3057\u30012026\u5e74\u306e\u30d3\u30c3\u30b0\u30a4\u30d9\u30f3\u30c8\u306e\u305f\u3081\u306e\u5b8c\u74a7\u306a\u4f53\u9a13\u3092\u8a08\u753b\u3057\u59cb\u3081\u308b\u3002.<\/h5>\t\t\t\t<\/div>\n\t\t\t\t<\/div>\n\t\t\t\t<div class=\"elementor-element elementor-element-478b821 elementor-align-center elementor-widget elementor-widget-button\" data-id=\"478b821\" data-element_type=\"widget\" data-e-type=\"widget\" data-widget_type=\"button.default\">\n\t\t\t\t<div class=\"elementor-widget-container\">\n\t\t\t\t\t\t\t\t\t<div class=\"elementor-button-wrapper\">\n\t\t\t\t\t<a class=\"elementor-button elementor-button-link elementor-size-sm\" href=\"mailto:wc26@balamdmc.com%20?subject=Request%20for%20WC%2026%20in%20Mexico%20&#038;cc=juan@balamdmc.com;%20rodrigo@balamdmc.com;natalia@balamdmc.com;%20mariel@balamdmc.com\">\n\t\t\t\t\t\t<span class=\"elementor-button-content-wrapper\">\n\t\t\t\t\t\t\t\t\t<span class=\"elementor-button-text\">\u30e1\u30fc\u30eb\u3092\u9001\u308b<\/span>\n\t\t\t\t\t<\/span>\n\t\t\t\t\t<\/a>\n\t\t\t\t<\/div>\n\t\t\t\t\t\t\t\t<\/div>\n\t\t\t\t<\/div>\n\t\t\t\t\t<\/div>\n\t\t\t\t<\/div>\n\t\t\t\t<\/div>","protected":false},"excerpt":{"rendered":"<p>Copa de F\u00fatbol 2026 &#8211; M\u00e9xico \u00bfSus clientes quieren asistir a la Copa de F\u00fatbol 2026 en M\u00e9xico? En Balam DMC les ayudamos a dise\u00f1ar una experiencia completa e inolvidable. Nos encargamos de de todos los servicios incluyendo hospedaje, transportaci\u00f3n, experiencias exclusivas, fiestas y eventos especiales, as\u00ed como de viajes pre y post&nbsp;por los destinos m\u00e1s extraordinarios de M\u00e9xico. Conf\u00ede en nosotros para crear un programa a la medida que combine la emoci\u00f3n del f\u00fatbol con la cultura, la gastronom\u00eda y la hospitalidad mexicana. Haga clic aqu\u00ed para enviarnos un correo y comenzar a planificar la experiencia perfecta para el magno evento de 2026. Enviar correo<\/p>","protected":false},"author":1,"featured_media":0,"parent":0,"menu_order":0,"comment_status":"closed","ping_status":"closed","template":"","meta":{"footnotes":""},"class_list":["post-304","page","type-page","status-publish","hentry"],"_links":{"self":[{"href":"https:\/\/balamdmc.com\/ja\/wp-json\/wp\/v2\/pages\/304","targetHints":{"allow":["GET"]}}],"collection":[{"href":"https:\/\/balamdmc.com\/ja\/wp-json\/wp\/v2\/pages"}],"about":[{"href":"https:\/\/balamdmc.com\/ja\/wp-json\/wp\/v2\/types\/page"}],"author":[{"embeddable":true,"href":"https:\/\/balamdmc.com\/ja\/wp-json\/wp\/v2\/users\/1"}],"replies":[{"embeddable":true,"href":"https:\/\/balamdmc.com\/ja\/wp-json\/wp\/v2\/comments?post=304"}],"version-history":[{"count":40,"href":"https:\/\/balamdmc.com\/ja\/wp-json\/wp\/v2\/pages\/304\/revisions"}],"predecessor-version":[{"id":578,"href":"https:\/\/balamdmc.com\/ja\/wp-json\/wp\/v2\/pages\/304\/revisions\/578"}],"wp:attachment":[{"href":"https:\/\/balamdmc.com\/ja\/wp-json\/wp\/v2\/media?parent=304"}],"curies":[{"name":"wp","href":"https:\/\/api.w.org\/{rel}","templated":true}]}}