{"id":508,"date":"2025-10-26T18:43:18","date_gmt":"2025-10-26T18:43:18","guid":{"rendered":"https:\/\/balamdmc.com\/?page_id=508"},"modified":"2025-12-11T00:46:10","modified_gmt":"2025-12-11T00:46:10","slug":"2026-football-cup-packages","status":"publish","type":"page","link":"https:\/\/balamdmc.com\/ja\/2026-football-cup-packages\/","title":{"rendered":"WC 2026 - \u30af\u30ec\u30c7\u30f3\u30b7\u30e3\u30eb\uff06\u30b5\u30fc\u30d3\u30b9\u30fb\u30ab\u30bf\u30ed\u30b0"},"content":{"rendered":"<div data-elementor-type=\"wp-page\" data-elementor-id=\"508\" class=\"elementor elementor-508\" data-elementor-post-type=\"page\">\n\t\t\t\t<div class=\"elementor-element elementor-element-fe56a53 e-flex e-con-boxed e-con e-parent\" data-id=\"fe56a53\" data-element_type=\"container\" data-e-type=\"container\">\n\t\t\t\t\t<div class=\"e-con-inner\">\n\t\t\t\t<div class=\"elementor-element elementor-element-d140bdf elementor-widget elementor-widget-spacer\" data-id=\"d140bdf\" data-element_type=\"widget\" data-e-type=\"widget\" data-widget_type=\"spacer.default\">\n\t\t\t\t<div class=\"elementor-widget-container\">\n\t\t\t\t\t\t\t<div class=\"elementor-spacer\">\n\t\t\t<div class=\"elementor-spacer-inner\"><\/div>\n\t\t<\/div>\n\t\t\t\t\t\t<\/div>\n\t\t\t\t<\/div>\n\t\t\t\t<div class=\"elementor-element elementor-element-2194821 elementor-widget elementor-widget-heading\" data-id=\"2194821\" data-element_type=\"widget\" data-e-type=\"widget\" data-widget_type=\"heading.default\">\n\t\t\t\t<div class=\"elementor-widget-container\">\n\t\t\t\t\t<h2 class=\"elementor-heading-title elementor-size-default\">2026\u5e74\u30b5\u30c3\u30ab\u30fc\u30fb\u30ab\u30c3\u30d7\u306e\u30af\u30ec\u30c7\u30f3\u30b7\u30e3\u30eb\u3001\u88fd\u54c1\u30fb\u30b5\u30fc\u30d3\u30b9\u30ab\u30bf\u30ed\u30b0\u3001\u30d1\u30c3\u30b1\u30fc\u30b8\n<\/h2>\t\t\t\t<\/div>\n\t\t\t\t<\/div>\n\t\t\t\t<div class=\"elementor-element elementor-element-41e5a96 elementor-widget elementor-widget-spacer\" data-id=\"41e5a96\" data-element_type=\"widget\" data-e-type=\"widget\" data-widget_type=\"spacer.default\">\n\t\t\t\t<div class=\"elementor-widget-container\">\n\t\t\t\t\t\t\t<div class=\"elementor-spacer\">\n\t\t\t<div class=\"elementor-spacer-inner\"><\/div>\n\t\t<\/div>\n\t\t\t\t\t\t<\/div>\n\t\t\t\t<\/div>\n\t\t\t\t\t<\/div>\n\t\t\t\t<\/div>\n\t\t<div class=\"elementor-element elementor-element-04a16a6 e-flex e-con-boxed e-con e-parent\" data-id=\"04a16a6\" data-element_type=\"container\" data-e-type=\"container\">\n\t\t\t\t\t<div class=\"e-con-inner\">\n\t\t<div class=\"elementor-element elementor-element-c3a8302 e-con-full e-flex e-con e-child\" data-id=\"c3a8302\" data-element_type=\"container\" data-e-type=\"container\">\n\t\t\t\t<div class=\"elementor-element elementor-element-0872975 elementor-align-center elementor-widget elementor-widget-button\" data-id=\"0872975\" data-element_type=\"widget\" data-e-type=\"widget\" data-widget_type=\"button.default\">\n\t\t\t\t<div class=\"elementor-widget-container\">\n\t\t\t\t\t\t\t\t\t<div class=\"elementor-button-wrapper\">\n\t\t\t\t\t<a class=\"elementor-button elementor-button-link elementor-size-sm\" href=\"https:\/\/balamdmc.com\/wp-content\/uploads\/2025\/12\/Balam-DMC-Credentials-2026.pdf\" target=\"_blank\">\n\t\t\t\t\t\t<span class=\"elementor-button-content-wrapper\">\n\t\t\t\t\t\t\t\t\t<span class=\"elementor-button-text\">\u30d0\u30e9\u30e0DMC\u306e\u8cc7\u683c<\/span>\n\t\t\t\t\t<\/span>\n\t\t\t\t\t<\/a>\n\t\t\t\t<\/div>\n\t\t\t\t\t\t\t\t<\/div>\n\t\t\t\t<\/div>\n\t\t\t\t<\/div>\n\t\t<div class=\"elementor-element elementor-element-b76826e e-con-full e-flex e-con e-child\" data-id=\"b76826e\" data-element_type=\"container\" data-e-type=\"container\">\n\t\t\t\t<div class=\"elementor-element elementor-element-e3c0396 elementor-align-center elementor-widget elementor-widget-button\" data-id=\"e3c0396\" data-element_type=\"widget\" data-e-type=\"widget\" data-widget_type=\"button.default\">\n\t\t\t\t<div class=\"elementor-widget-container\">\n\t\t\t\t\t\t\t\t\t<div class=\"elementor-button-wrapper\">\n\t\t\t\t\t<a class=\"elementor-button elementor-button-link elementor-size-sm\" href=\"https:\/\/balamdmc.com\/wp-content\/uploads\/2025\/12\/Packages-2026-Mexico.pdf\" target=\"_blank\">\n\t\t\t\t\t\t<span class=\"elementor-button-content-wrapper\">\n\t\t\t\t\t\t\t\t\t<span class=\"elementor-button-text\">\u30de\u30c3\u30c1\u30d1\u30c3\u30b1\u30fc\u30b8<\/span>\n\t\t\t\t\t<\/span>\n\t\t\t\t\t<\/a>\n\t\t\t\t<\/div>\n\t\t\t\t\t\t\t\t<\/div>\n\t\t\t\t<\/div>\n\t\t\t\t<\/div>\n\t\t<div class=\"elementor-element elementor-element-c95c997 e-con-full e-flex e-con e-child\" data-id=\"c95c997\" data-element_type=\"container\" data-e-type=\"container\">\n\t\t\t\t<div class=\"elementor-element elementor-element-74ccc39 elementor-align-center elementor-widget elementor-widget-button\" data-id=\"74ccc39\" data-element_type=\"widget\" data-e-type=\"widget\" data-widget_type=\"button.default\">\n\t\t\t\t<div class=\"elementor-widget-container\">\n\t\t\t\t\t\t\t\t\t<div class=\"elementor-button-wrapper\">\n\t\t\t\t\t<a class=\"elementor-button elementor-button-link elementor-size-sm\" href=\"https:\/\/balamdmc.com\/wp-content\/uploads\/2025\/12\/Products-and-Services-2026-Balam-DMC.pdf\" target=\"_blank\">\n\t\t\t\t\t\t<span class=\"elementor-button-content-wrapper\">\n\t\t\t\t\t\t\t\t\t<span class=\"elementor-button-text\">\u88fd\u54c1\u30fb\u30b5\u30fc\u30d3\u30b9\u30ab\u30bf\u30ed\u30b0<\/span>\n\t\t\t\t\t<\/span>\n\t\t\t\t\t<\/a>\n\t\t\t\t<\/div>\n\t\t\t\t\t\t\t\t<\/div>\n\t\t\t\t<\/div>\n\t\t\t\t<\/div>\n\t\t\t\t\t<\/div>\n\t\t\t\t<\/div>\n\t\t<div class=\"elementor-element elementor-element-4eb9a8b e-flex e-con-boxed e-con e-parent\" data-id=\"4eb9a8b\" data-element_type=\"container\" data-e-type=\"container\">\n\t\t\t\t\t<div class=\"e-con-inner\">\n\t\t<div class=\"elementor-element elementor-element-1d5b157 e-con-full e-flex e-con e-child\" data-id=\"1d5b157\" data-element_type=\"container\" data-e-type=\"container\">\n\t\t\t\t<div class=\"elementor-element elementor-element-ce74787 elementor-widget elementor-widget-heading\" data-id=\"ce74787\" data-element_type=\"widget\" data-e-type=\"widget\" data-widget_type=\"heading.default\">\n\t\t\t\t<div class=\"elementor-widget-container\">\n\t\t\t\t\t<h5 class=\"elementor-heading-title elementor-size-default\">\u3042\u306a\u305f\u306e\u9867\u5ba2\u306f\u30012026\u5e74\u306b\u30e1\u30ad\u30b7\u30b3\u3067\u958b\u50ac\u3055\u308c\u308b\u30b5\u30c3\u30ab\u30fc\u30fb\u30ab\u30c3\u30d7\u306b\u53c2\u52a0\u3057\u305f\u3044\u3068\u304a\u8003\u3048\u3067\u3059\u304b\uff1f\n<\/h5>\t\t\t\t<\/div>\n\t\t\t\t<\/div>\n\t\t\t\t<div class=\"elementor-element elementor-element-363c9bc elementor-widget elementor-widget-text-editor\" data-id=\"363c9bc\" data-element_type=\"widget\" data-e-type=\"widget\" data-widget_type=\"text-editor.default\">\n\t\t\t\t<div class=\"elementor-widget-container\">\n\t\t\t\t\t\t\t\t\t<p style=\"text-align: center;\" data-start=\"212\" data-end=\"571\">\u3067 <strong data-start=\"272\" data-end=\"285\">\u30d0\u30e9\u30e0DMC<\/strong> \u79c1\u305f\u3061\u306f\u3001\u5b8c\u5168\u3067\u5fd8\u308c\u3089\u308c\u306a\u3044\u4f53\u9a13\u3092\u30c7\u30b6\u30a4\u30f3\u3059\u308b\u304a\u624b\u4f1d\u3044\u3092\u3057\u307e\u3059\u3002\u79c1\u305f\u3061\u306f <strong data-start=\"367\" data-end=\"478\">\u5bbf\u6cca\u3001\u9001\u8fce\u3001\u7279\u5225\u4f53\u9a13\u3001\u30d1\u30fc\u30c6\u30a3\u30fc\u3001\u7279\u5225\u30a4\u30d9\u30f3\u30c8\u306a\u3069\u3059\u3079\u3066\u306e\u30b5\u30fc\u30d3\u30b9<\/strong>\u306e\u307f\u306a\u3089\u305a <strong data-start=\"492\" data-end=\"521\">\u65c5\u884c\u524d\u5f8c <\/strong>\u30e1\u30ad\u30b7\u30b3\u306e\u6700\u3082\u7d20\u6674\u3089\u3057\u3044\u76ee\u7684\u5730\u3078\u3002<\/p><p style=\"text-align: center;\" data-start=\"573\" data-end=\"721\">\u30b5\u30c3\u30ab\u30fc\u306e\u8208\u596e\u3068\u30e1\u30ad\u30b7\u30b3\u306e\u6587\u5316\u3001\u7f8e\u98df\u3001\u30db\u30b9\u30d4\u30bf\u30ea\u30c6\u30a3\u3092\u878d\u5408\u3055\u305b\u305f\u30aa\u30fc\u30c0\u30fc\u30e1\u30a4\u30c9\u306e\u30d7\u30ed\u30b0\u30e9\u30e0\u3092\u3001\u305c\u3072\u79c1\u305f\u3061\u306b\u304a\u4efb\u305b\u304f\u3060\u3055\u3044\u3002<\/p>\t\t\t\t\t\t\t\t<\/div>\n\t\t\t\t<\/div>\n\t\t\t\t<div class=\"elementor-element elementor-element-4a7dd56 elementor-widget elementor-widget-heading\" data-id=\"4a7dd56\" data-element_type=\"widget\" data-e-type=\"widget\" data-widget_type=\"heading.default\">\n\t\t\t\t<div class=\"elementor-widget-container\">\n\t\t\t\t\t<h5 class=\"elementor-heading-title elementor-size-default\">\u3053\u3053\u3092\u30af\u30ea\u30c3\u30af\u3057\u3066\u30e1\u30fc\u30eb\u3092\u9001\u4fe1\u3057\u30012026\u5e74\u306e\u30d3\u30c3\u30b0\u30a4\u30d9\u30f3\u30c8\u306e\u305f\u3081\u306e\u5b8c\u74a7\u306a\u4f53\u9a13\u3092\u8a08\u753b\u3057\u59cb\u3081\u308b\u3002.<\/h5>\t\t\t\t<\/div>\n\t\t\t\t<\/div>\n\t\t\t\t<div class=\"elementor-element elementor-element-270eb8b elementor-align-center elementor-widget elementor-widget-button\" data-id=\"270eb8b\" data-element_type=\"widget\" data-e-type=\"widget\" data-widget_type=\"button.default\">\n\t\t\t\t<div class=\"elementor-widget-container\">\n\t\t\t\t\t\t\t\t\t<div class=\"elementor-button-wrapper\">\n\t\t\t\t\t<a class=\"elementor-button elementor-button-link elementor-size-sm\" href=\"mailto:wc26@balamdmc.com%20?subject=Request%20for%20WC%2026%20in%20Mexico%20&#038;cc=juan@balamdmc.com;%20rodrigo@balamdmc.com;natalia@balamdmc.com;%20mariel@balamdmc.com\">\n\t\t\t\t\t\t<span class=\"elementor-button-content-wrapper\">\n\t\t\t\t\t\t\t\t\t<span class=\"elementor-button-text\">\u30e1\u30fc\u30eb\u3092\u9001\u308b<\/span>\n\t\t\t\t\t<\/span>\n\t\t\t\t\t<\/a>\n\t\t\t\t<\/div>\n\t\t\t\t\t\t\t\t<\/div>\n\t\t\t\t<\/div>\n\t\t\t\t<\/div>\n\t\t\t\t\t<\/div>\n\t\t\t\t<\/div>\n\t\t\t\t<\/div>","protected":false},"excerpt":{"rendered":"<p>Credenciales, Cat\u00e1logo de Productos y Servicios y Paquetes para la Copa de Futbol 2026 Balam DMC Credenciales Paquetes para los partidos Cat\u00e1logo de Productos y Servicios \u00bfSus clientes quieren asistir al Copa de F\u00fatbol 2026 en M\u00e9xico? En Balam DMC les ayudamos a dise\u00f1ar una experiencia completa e inolvidable. Nos encargamos de todos los servicios incluyendo hospedaje, transportaci\u00f3n, experiencias exclusivas, fiestas y eventos especiales, as\u00ed como de viajes pre y post por los destinos m\u00e1s extraordinarios de M\u00e9xico. Conf\u00ede en nosotros para crear un programa a la medida que combine la emoci\u00f3n del f\u00fatbol con la cultura, la gastronom\u00eda y la hospitalidad mexicana. Haga clic aqu\u00ed para enviarnos un correo [&hellip;]<\/p>\n","protected":false},"author":1,"featured_media":0,"parent":0,"menu_order":0,"comment_status":"closed","ping_status":"closed","template":"","meta":{"footnotes":""},"class_list":["post-508","page","type-page","status-publish","hentry"],"_links":{"self":[{"href":"https:\/\/balamdmc.com\/ja\/wp-json\/wp\/v2\/pages\/508","targetHints":{"allow":["GET"]}}],"collection":[{"href":"https:\/\/balamdmc.com\/ja\/wp-json\/wp\/v2\/pages"}],"about":[{"href":"https:\/\/balamdmc.com\/ja\/wp-json\/wp\/v2\/types\/page"}],"author":[{"embeddable":true,"href":"https:\/\/balamdmc.com\/ja\/wp-json\/wp\/v2\/users\/1"}],"replies":[{"embeddable":true,"href":"https:\/\/balamdmc.com\/ja\/wp-json\/wp\/v2\/comments?post=508"}],"version-history":[{"count":37,"href":"https:\/\/balamdmc.com\/ja\/wp-json\/wp\/v2\/pages\/508\/revisions"}],"predecessor-version":[{"id":581,"href":"https:\/\/balamdmc.com\/ja\/wp-json\/wp\/v2\/pages\/508\/revisions\/581"}],"wp:attachment":[{"href":"https:\/\/balamdmc.com\/ja\/wp-json\/wp\/v2\/media?parent=508"}],"curies":[{"name":"wp","href":"https:\/\/api.w.org\/{rel}","templated":true}]}}