{"id":62,"date":"2024-04-05T19:23:28","date_gmt":"2024-04-05T19:23:28","guid":{"rendered":"https:\/\/balamdmc.com\/?page_id=62"},"modified":"2025-10-15T20:22:41","modified_gmt":"2025-10-15T20:22:41","slug":"nosotros","status":"publish","type":"page","link":"https:\/\/balamdmc.com\/ja\/nosotros\/","title":{"rendered":"\u6211\u3005\u306f"},"content":{"rendered":"<div data-elementor-type=\"wp-page\" data-elementor-id=\"62\" class=\"elementor elementor-62\" data-elementor-post-type=\"page\">\n\t\t\t\t<div class=\"elementor-element elementor-element-237c014 e-flex e-con-boxed e-con e-parent\" data-id=\"237c014\" data-element_type=\"container\" data-e-type=\"container\">\n\t\t\t\t\t<div class=\"e-con-inner\">\n\t\t\t\t<div class=\"elementor-element elementor-element-ebbad47 elementor-widget elementor-widget-spacer\" data-id=\"ebbad47\" data-element_type=\"widget\" data-e-type=\"widget\" data-widget_type=\"spacer.default\">\n\t\t\t\t<div class=\"elementor-widget-container\">\n\t\t\t\t\t\t\t<div class=\"elementor-spacer\">\n\t\t\t<div class=\"elementor-spacer-inner\"><\/div>\n\t\t<\/div>\n\t\t\t\t\t\t<\/div>\n\t\t\t\t<\/div>\n\t\t\t\t<div class=\"elementor-element elementor-element-597fa0f elementor-widget elementor-widget-heading\" data-id=\"597fa0f\" data-element_type=\"widget\" data-e-type=\"widget\" data-widget_type=\"heading.default\">\n\t\t\t\t<div class=\"elementor-widget-container\">\n\t\t\t\t\t<h2 class=\"elementor-heading-title elementor-size-default\">\u6211\u3005\u306f<\/h2>\t\t\t\t<\/div>\n\t\t\t\t<\/div>\n\t\t\t\t<div class=\"elementor-element elementor-element-7549b9a elementor-widget elementor-widget-spacer\" data-id=\"7549b9a\" data-element_type=\"widget\" data-e-type=\"widget\" data-widget_type=\"spacer.default\">\n\t\t\t\t<div class=\"elementor-widget-container\">\n\t\t\t\t\t\t\t<div class=\"elementor-spacer\">\n\t\t\t<div class=\"elementor-spacer-inner\"><\/div>\n\t\t<\/div>\n\t\t\t\t\t\t<\/div>\n\t\t\t\t<\/div>\n\t\t\t\t\t<\/div>\n\t\t\t\t<\/div>\n\t\t<div class=\"elementor-element elementor-element-3628b04 e-flex e-con-boxed e-con e-parent\" data-id=\"3628b04\" data-element_type=\"container\" data-e-type=\"container\">\n\t\t\t\t\t<div class=\"e-con-inner\">\n\t\t\t\t<div class=\"elementor-element elementor-element-6ac9f68 elementor-widget elementor-widget-text-editor\" data-id=\"6ac9f68\" data-element_type=\"widget\" data-e-type=\"widget\" data-widget_type=\"text-editor.default\">\n\t\t\t\t<div class=\"elementor-widget-container\">\n\t\t\t\t\t\t\t\t\t<p style=\"text-align: center;\"><strong data-start=\"447\" data-end=\"460\">\u30d0\u30e9\u30e0DMC<\/strong> \u306f\u3001\u30e1\u30ad\u30b7\u30b3\u306b\u304a\u3051\u308b\u30e9\u30b0\u30b8\u30e5\u30a2\u30ea\u30fc\u306a\u30c6\u30fc\u30e9\u30fc\u30e1\u30a4\u30c9\u65c5\u884c\u306e\u30b3\u30f3\u30bb\u30d7\u30c8\u3092\u518d\u5b9a\u7fa9\u3059\u308b\u305f\u3081\u306b\u767b\u5834\u3057\u305f\u3002\u30e1\u30ad\u30b7\u30b3\u4e3b\u5c0e\u306eDMC\u306f\u3001\u4e00\u8cab\u6027\u3001\u4fe1\u6191\u6027\u3001\u5353\u8d8a\u6027\u3092\u7d30\u90e8\u306b\u81f3\u308b\u307e\u3067\u517c\u306d\u5099\u3048\u3001\u5404\u4f53\u9a13\u3092\u771f\u306b\u7279\u5225\u306a\u3082\u306e\u306b\u5909\u3048\u3066\u3044\u304f\u3002<\/p>\t\t\t\t\t\t\t\t<\/div>\n\t\t\t\t<\/div>\n\t\t\t\t\t<\/div>\n\t\t\t\t<\/div>\n\t\t<div class=\"elementor-element elementor-element-a299ba9 e-flex e-con-boxed e-con e-parent\" data-id=\"a299ba9\" data-element_type=\"container\" data-e-type=\"container\">\n\t\t\t\t\t<div class=\"e-con-inner\">\n\t\t<div class=\"elementor-element elementor-element-ecd21ba e-con-full e-flex e-con e-child\" data-id=\"ecd21ba\" data-element_type=\"container\" data-e-type=\"container\">\n\t\t\t\t<\/div>\n\t\t<div class=\"elementor-element elementor-element-afab07c e-con-full e-flex e-con e-child\" data-id=\"afab07c\" data-element_type=\"container\" data-e-type=\"container\">\n\t\t\t\t<div class=\"elementor-element elementor-element-01d89ac elementor-widget elementor-widget-image\" data-id=\"01d89ac\" data-element_type=\"widget\" data-e-type=\"widget\" data-widget_type=\"image.default\">\n\t\t\t\t<div class=\"elementor-widget-container\">\n\t\t\t\t\t\t\t\t\t\t\t\t\t\t\t<img fetchpriority=\"high\" decoding=\"async\" width=\"768\" height=\"768\" src=\"https:\/\/balamdmc.com\/wp-content\/uploads\/2025\/01\/13-768x768.png\" class=\"attachment-medium_large size-medium_large wp-image-240\" alt=\"\" srcset=\"https:\/\/balamdmc.com\/wp-content\/uploads\/2025\/01\/13-768x768.png 768w, https:\/\/balamdmc.com\/wp-content\/uploads\/2025\/01\/13-300x300.png 300w, https:\/\/balamdmc.com\/wp-content\/uploads\/2025\/01\/13-150x150.png 150w, https:\/\/balamdmc.com\/wp-content\/uploads\/2025\/01\/13-12x12.png 12w, https:\/\/balamdmc.com\/wp-content\/uploads\/2025\/01\/13-400x400.png 400w, https:\/\/balamdmc.com\/wp-content\/uploads\/2025\/01\/13-600x600.png 600w, https:\/\/balamdmc.com\/wp-content\/uploads\/2025\/01\/13.png 1024w\" sizes=\"(max-width: 768px) 100vw, 768px\" \/>\t\t\t\t\t\t\t\t\t\t\t\t\t\t\t<\/div>\n\t\t\t\t<\/div>\n\t\t\t\t<div class=\"elementor-element elementor-element-441bf29 elementor-widget elementor-widget-spacer\" data-id=\"441bf29\" data-element_type=\"widget\" data-e-type=\"widget\" data-widget_type=\"spacer.default\">\n\t\t\t\t<div class=\"elementor-widget-container\">\n\t\t\t\t\t\t\t<div class=\"elementor-spacer\">\n\t\t\t<div class=\"elementor-spacer-inner\"><\/div>\n\t\t<\/div>\n\t\t\t\t\t\t<\/div>\n\t\t\t\t<\/div>\n\t\t\t\t<\/div>\n\t\t\t\t<div class=\"elementor-element elementor-element-29d55e4 elementor-widget elementor-widget-spacer\" data-id=\"29d55e4\" data-element_type=\"widget\" data-e-type=\"widget\" data-widget_type=\"spacer.default\">\n\t\t\t\t<div class=\"elementor-widget-container\">\n\t\t\t\t\t\t\t<div class=\"elementor-spacer\">\n\t\t\t<div class=\"elementor-spacer-inner\"><\/div>\n\t\t<\/div>\n\t\t\t\t\t\t<\/div>\n\t\t\t\t<\/div>\n\t\t<div class=\"elementor-element elementor-element-47a1a2e e-con-full e-flex e-con e-child\" data-id=\"47a1a2e\" data-element_type=\"container\" data-e-type=\"container\">\n\t\t\t\t<\/div>\n\t\t\t\t\t<\/div>\n\t\t\t\t<\/div>\n\t\t<div class=\"elementor-element elementor-element-40c7154 e-flex e-con-boxed e-con e-parent\" data-id=\"40c7154\" data-element_type=\"container\" data-e-type=\"container\" data-settings=\"{&quot;background_background&quot;:&quot;classic&quot;}\">\n\t\t\t\t\t<div class=\"e-con-inner\">\n\t\t<div class=\"elementor-element elementor-element-60a1401 e-con-full e-flex e-con e-child\" data-id=\"60a1401\" data-element_type=\"container\" data-e-type=\"container\">\n\t\t\t\t<div class=\"elementor-element elementor-element-5e309be elementor-widget elementor-widget-image\" data-id=\"5e309be\" data-element_type=\"widget\" data-e-type=\"widget\" data-widget_type=\"image.default\">\n\t\t\t\t<div class=\"elementor-widget-container\">\n\t\t\t\t\t\t\t\t\t\t\t\t\t\t\t<img decoding=\"async\" width=\"255\" height=\"215\" src=\"https:\/\/balamdmc.com\/wp-content\/uploads\/2025\/10\/logos-04.png\" class=\"attachment-medium size-medium wp-image-492\" alt=\"\" srcset=\"https:\/\/balamdmc.com\/wp-content\/uploads\/2025\/10\/logos-04.png 255w, https:\/\/balamdmc.com\/wp-content\/uploads\/2025\/10\/logos-04-14x12.png 14w\" sizes=\"(max-width: 255px) 100vw, 255px\" \/>\t\t\t\t\t\t\t\t\t\t\t\t\t\t\t<\/div>\n\t\t\t\t<\/div>\n\t\t\t\t<\/div>\n\t\t<div class=\"elementor-element elementor-element-a78aa50 e-con-full e-flex e-con e-child\" data-id=\"a78aa50\" data-element_type=\"container\" data-e-type=\"container\">\n\t\t\t\t<div class=\"elementor-element elementor-element-fd94b22 elementor-widget elementor-widget-spacer\" data-id=\"fd94b22\" data-element_type=\"widget\" data-e-type=\"widget\" data-widget_type=\"spacer.default\">\n\t\t\t\t<div class=\"elementor-widget-container\">\n\t\t\t\t\t\t\t<div class=\"elementor-spacer\">\n\t\t\t<div class=\"elementor-spacer-inner\"><\/div>\n\t\t<\/div>\n\t\t\t\t\t\t<\/div>\n\t\t\t\t<\/div>\n\t\t\t\t<div class=\"elementor-element elementor-element-331a6b3 elementor-widget elementor-widget-text-editor\" data-id=\"331a6b3\" data-element_type=\"widget\" data-e-type=\"widget\" data-widget_type=\"text-editor.default\">\n\t\t\t\t<div class=\"elementor-widget-container\">\n\t\t\t\t\t\t\t\t\t<p style=\"text-align: center;\">\u79c1\u305f\u3061\u306e\u30ed\u30b4\u306f\u3001\u30de\u30e4\u6587\u660e\u306e\u5049\u5927\u3055\u306b\u30a4\u30f3\u30b9\u30d1\u30a4\u30a2\u3055\u308c\u305f\u3082\u306e\u3067\u3001\u66a6\u3092\u8c61\u5fb4\u3059\u308b\u30b7\u30f3\u30dc\u30eb\u3068\u3001\u30de\u30e4\u6587\u660e\u3092\u8c61\u5fb4\u3059\u308b\u30b7\u30f3\u30dc\u30eb\u3092\u878d\u5408\u3055\u305b\u3066\u3044\u307e\u3059\u3002 <strong data-start=\"261\" data-end=\"283\">\u30ab\u30df\u30fc\u30ce\u306e\u30b7\u30f3\u30dc\u30eb<\/strong>\u77e5\u6075\u3001\u52d5\u304d\u3001\u3064\u306a\u304c\u308a\u3092\u547c\u3073\u8d77\u3053\u3059\u3002 <strong data-start=\"328\" data-end=\"337\">\u30d0\u30e9\u30e0<\/strong> \u305d\u308c\u306f\u307e\u3055\u306b\u3001\u304a\u5ba2\u69d8\u306b\u3053\u306e\u56fd\u306e\u7d20\u6674\u3089\u3057\u3055\u3092\u767a\u898b\u3057\u3066\u3044\u305f\u3060\u304f\u305f\u3081\u306e\u9053\u3057\u308b\u3079\u3068\u306a\u308b\u3082\u306e\u3067\u3059\u3002<\/p>\t\t\t\t\t\t\t\t<\/div>\n\t\t\t\t<\/div>\n\t\t\t\t<div class=\"elementor-element elementor-element-5a66ac8 elementor-widget elementor-widget-spacer\" data-id=\"5a66ac8\" data-element_type=\"widget\" data-e-type=\"widget\" data-widget_type=\"spacer.default\">\n\t\t\t\t<div class=\"elementor-widget-container\">\n\t\t\t\t\t\t\t<div class=\"elementor-spacer\">\n\t\t\t<div class=\"elementor-spacer-inner\"><\/div>\n\t\t<\/div>\n\t\t\t\t\t\t<\/div>\n\t\t\t\t<\/div>\n\t\t\t\t<\/div>\n\t\t\t\t\t<\/div>\n\t\t\t\t<\/div>\n\t\t<div class=\"elementor-element elementor-element-8692273 e-flex e-con-boxed e-con e-parent\" data-id=\"8692273\" data-element_type=\"container\" data-e-type=\"container\" data-settings=\"{&quot;background_background&quot;:&quot;classic&quot;}\">\n\t\t\t\t\t<div class=\"e-con-inner\">\n\t\t<div class=\"elementor-element elementor-element-7e39deb e-con-full e-flex e-con e-child\" data-id=\"7e39deb\" data-element_type=\"container\" data-e-type=\"container\">\n\t\t\t\t<\/div>\n\t\t<div class=\"elementor-element elementor-element-5e96ad4 e-con-full e-flex e-con e-child\" data-id=\"5e96ad4\" data-element_type=\"container\" data-e-type=\"container\">\n\t\t\t\t<div class=\"elementor-element elementor-element-4ef910f elementor-widget elementor-widget-heading\" data-id=\"4ef910f\" data-element_type=\"widget\" data-e-type=\"widget\" data-widget_type=\"heading.default\">\n\t\t\t\t<div class=\"elementor-widget-container\">\n\t\t\t\t\t<h1 class=\"elementor-heading-title elementor-size-default\">\u3069\u3046\u3059\u308b\uff1f<\/h1>\t\t\t\t<\/div>\n\t\t\t\t<\/div>\n\t\t\t\t<div class=\"elementor-element elementor-element-c998281 elementor-widget elementor-widget-spacer\" data-id=\"c998281\" data-element_type=\"widget\" data-e-type=\"widget\" data-widget_type=\"spacer.default\">\n\t\t\t\t<div class=\"elementor-widget-container\">\n\t\t\t\t\t\t\t<div class=\"elementor-spacer\">\n\t\t\t<div class=\"elementor-spacer-inner\"><\/div>\n\t\t<\/div>\n\t\t\t\t\t\t<\/div>\n\t\t\t\t<\/div>\n\t\t\t\t<div class=\"elementor-element elementor-element-39a03df elementor-widget elementor-widget-text-editor\" data-id=\"39a03df\" data-element_type=\"widget\" data-e-type=\"widget\" data-widget_type=\"text-editor.default\">\n\t\t\t\t<div class=\"elementor-widget-container\">\n\t\t\t\t\t\t\t\t\t<p style=\"text-align: center;\" data-start=\"306\" data-end=\"693\"><strong data-start=\"306\" data-end=\"329\">\u30d0\u30e9\u30e0DMC\u30e1\u30ad\u30b7\u30b3<\/strong> \u79c1\u305f\u3061\u306f\u3001\u975e\u65e5\u5e38\u3092\u6c42\u3081\u308b\u76ee\u306e\u80a5\u3048\u305f\u65c5\u884c\u8005\u306e\u305f\u3081\u306b\u3001\u30e6\u30cb\u30fc\u30af\u3067\u601d\u3044\u51fa\u306b\u6b8b\u308b\u4f53\u9a13\u3092\u5275\u9020\u3059\u308b\u30a8\u30ad\u30b9\u30d1\u30fc\u30c8\u3067\u3059\u3002\u30c7\u30b9\u30c6\u30a3\u30cd\u30fc\u30b7\u30e7\u30f3\u306b\u95a2\u3059\u308b\u6df1\u3044\u77e5\u8b58\u3092\u6301\u3064\u79c1\u305f\u3061\u306f\u3001\u6b21\u306e\u3088\u3046\u306a\u30b5\u30fc\u30d3\u30b9\u3092\u63d0\u4f9b\u3057\u3066\u3044\u307e\u3059\u3002 <strong data-start=\"493\" data-end=\"515\">\u30e9\u30b0\u30b8\u30e5\u30a2\u30ea\u30fcFIT\u65c5\u884c<\/strong> \u771f\u6b63\u6027\u3001\u5275\u9020\u6027\u3001\u7279\u5225\u306a\u30a2\u30af\u30bb\u30b9\u3092\u517c\u306d\u5099\u3048\u305f\u3001\u5b8c\u5168\u30aa\u30fc\u30c0\u30fc\u30e1\u30a4\u30c9\u306e\u30c7\u30b6\u30a4\u30f3(<em data-start=\"613\" data-end=\"629\">\u30a4\u30f3\u30b5\u30a4\u30c0\u30fc\u30a2\u30af\u30bb\u30b9<\/em>\u30e1\u30ad\u30b7\u30b3\u306e\u6700\u3082\u30e6\u30cb\u30fc\u30af\u306a\u5834\u6240\u3001\u4eba\u3005\u3001\u305d\u3057\u3066\u77ac\u9593\u3078\uff09\u3002<\/p><p style=\"text-align: center;\" data-start=\"695\" data-end=\"927\">\u5c02\u9580\u30d6\u30e9\u30f3\u30c9\u3092\u901a\u3058\u3066 <strong data-start=\"735\" data-end=\"756\">\u30a8\u30e2\u30fc\u30b7\u30e7\u30f3\u30fb\u30af\u30ea\u30a8\u30fc\u30bf\u30fc<\/strong>\u79c1\u305f\u3061\u306f\u8a2d\u8a08\u3057\u3001\u904b\u55b6\u3059\u308b <strong data-start=\"779\" data-end=\"835\">\u30a4\u30d9\u30f3\u30c8\u3001\u4f1a\u8b70\u3001\u30ab\u30f3\u30d5\u30a1\u30ec\u30f3\u30b9\u3001\u30a4\u30f3\u30bb\u30f3\u30c6\u30a3\u30d6\uff08MICE\uff09<\/strong> \u81ea\u793e\u5236\u4f5c\u3001\u9650\u308a\u306a\u3044\u5275\u9020\u6027\u3001\u305d\u3057\u3066\u5b8c\u74a7\u306a\u5b9f\u884c\u529b\u3067\u3001\u5168\u56fd\u3092\u99c6\u3051\u5de1\u308b\u3002<\/p><p style=\"text-align: center;\" data-start=\"929\" data-end=\"1195\">\u79c1\u305f\u3061\u306e\u90e8\u9580 <strong data-start=\"946\" data-end=\"975\">\u30e1\u30ad\u30b7\u30b3\u3067\u306e\u30e6\u30cb\u30fc\u30af\u306a\u30a6\u30a7\u30c7\u30a3\u30f3\u30b0<\/strong> \u306e\u5275\u8a2d\u306b\u5c02\u5ff5\u3057\u3066\u3044\u308b\u3002 <strong data-start=\"1003\" data-end=\"1034\">\u7279\u5225\u306a\u30c7\u30b9\u30c6\u30a3\u30cd\u30fc\u30b7\u30e7\u30f3\u30fb\u30a6\u30a7\u30c7\u30a3\u30f3\u30b0<\/strong>\u3053\u306e\u30a4\u30d9\u30f3\u30c8\u306f\u3001\u58ee\u5927\u306a\u666f\u8272\u3001\u500b\u6027\u7684\u306a\u30c7\u30a3\u30c6\u30fc\u30eb\u3001\u30e1\u30ad\u30b7\u30b3\u306e\u6587\u5316\u7684\u306a\u9b54\u6cd5\u304c\u878d\u5408\u3057\u305f\u3082\u306e\u3067\u3001\u3059\u3079\u3066\u306e\u304a\u795d\u3044\u304c\u5fd8\u308c\u3089\u308c\u306a\u3044\u4f53\u9a13\u306b\u5909\u308f\u308a\u307e\u3059\u3002<\/p><p style=\"text-align: center;\" data-start=\"1197\" data-end=\"1356\">\u3067 <strong data-start=\"1200\" data-end=\"1213\">\u30d0\u30e9\u30e0DMC<\/strong>\u65c5\u884c\u3067\u3042\u308c\u3001\u30a4\u30d9\u30f3\u30c8\u3067\u3042\u308c\u3001\u795d\u5178\u3067\u3042\u308c\u3001\u305d\u308c\u305e\u308c\u306e\u30d7\u30ed\u30b8\u30a7\u30af\u30c8\u306f\u3001\u30a4\u30f3\u30b9\u30d4\u30ec\u30fc\u30b7\u30e7\u30f3\u3092\u4e0e\u3048\u3001\u3064\u306a\u304c\u308a\u3001\u8208\u596e\u3055\u305b\u308b\u3088\u3046\u306b\u6ce8\u610f\u6df1\u304f\u30c7\u30b6\u30a4\u30f3\u3055\u308c\u305f\u3001\u30aa\u30fc\u30c0\u30fc\u30e1\u30a4\u30c9\u306e\u4f5c\u54c1\u3067\u3042\u308b\u3002<\/p>\t\t\t\t\t\t\t\t<\/div>\n\t\t\t\t<\/div>\n\t\t\t\t<div class=\"elementor-element elementor-element-34e4c4d elementor-widget elementor-widget-image\" data-id=\"34e4c4d\" data-element_type=\"widget\" data-e-type=\"widget\" data-widget_type=\"image.default\">\n\t\t\t\t<div class=\"elementor-widget-container\">\n\t\t\t\t\t\t\t\t\t\t\t\t\t\t\t<img decoding=\"async\" width=\"225\" height=\"300\" src=\"https:\/\/balamdmc.com\/wp-content\/uploads\/2024\/04\/ryan-loughlin-A5f8tCAfjq8-unsplash-225x300.jpg\" class=\"attachment-medium size-medium wp-image-145\" alt=\"\" srcset=\"https:\/\/balamdmc.com\/wp-content\/uploads\/2024\/04\/ryan-loughlin-A5f8tCAfjq8-unsplash-225x300.jpg 225w, https:\/\/balamdmc.com\/wp-content\/uploads\/2024\/04\/ryan-loughlin-A5f8tCAfjq8-unsplash-768x1024.jpg 768w, https:\/\/balamdmc.com\/wp-content\/uploads\/2024\/04\/ryan-loughlin-A5f8tCAfjq8-unsplash-1152x1536.jpg 1152w, https:\/\/balamdmc.com\/wp-content\/uploads\/2024\/04\/ryan-loughlin-A5f8tCAfjq8-unsplash-1536x2048.jpg 1536w, https:\/\/balamdmc.com\/wp-content\/uploads\/2024\/04\/ryan-loughlin-A5f8tCAfjq8-unsplash-9x12.jpg 9w, https:\/\/balamdmc.com\/wp-content\/uploads\/2024\/04\/ryan-loughlin-A5f8tCAfjq8-unsplash-scaled.jpg 1920w\" sizes=\"(max-width: 225px) 100vw, 225px\" \/>\t\t\t\t\t\t\t\t\t\t\t\t\t\t\t<\/div>\n\t\t\t\t<\/div>\n\t\t\t\t<\/div>\n\t\t<div class=\"elementor-element elementor-element-ba84cb3 e-con-full e-flex e-con e-child\" data-id=\"ba84cb3\" data-element_type=\"container\" data-e-type=\"container\">\n\t\t\t\t<\/div>\n\t\t\t\t\t<\/div>\n\t\t\t\t<\/div>\n\t\t<div class=\"elementor-element elementor-element-1c1096b e-flex e-con-boxed e-con e-parent\" data-id=\"1c1096b\" data-element_type=\"container\" data-e-type=\"container\">\n\t\t\t\t\t<div class=\"e-con-inner\">\n\t\t<div class=\"elementor-element elementor-element-9b9ce40 e-con-full e-flex e-con e-child\" data-id=\"9b9ce40\" data-element_type=\"container\" data-e-type=\"container\">\n\t\t\t\t<\/div>\n\t\t<div class=\"elementor-element elementor-element-7db1f0d e-con-full e-flex e-con e-child\" data-id=\"7db1f0d\" data-element_type=\"container\" data-e-type=\"container\">\n\t\t\t\t<div class=\"elementor-element elementor-element-4c06d00 elementor-widget elementor-widget-heading\" data-id=\"4c06d00\" data-element_type=\"widget\" data-e-type=\"widget\" data-widget_type=\"heading.default\">\n\t\t\t\t<div class=\"elementor-widget-container\">\n\t\t\t\t\t<h2 class=\"elementor-heading-title elementor-size-default\">\u3069\u3046\u3084\u308b\u306e\u304b\uff1f<\/h2>\t\t\t\t<\/div>\n\t\t\t\t<\/div>\n\t\t\t\t<div class=\"elementor-element elementor-element-8c772cb elementor-widget elementor-widget-spacer\" data-id=\"8c772cb\" data-element_type=\"widget\" data-e-type=\"widget\" data-widget_type=\"spacer.default\">\n\t\t\t\t<div class=\"elementor-widget-container\">\n\t\t\t\t\t\t\t<div class=\"elementor-spacer\">\n\t\t\t<div class=\"elementor-spacer-inner\"><\/div>\n\t\t<\/div>\n\t\t\t\t\t\t<\/div>\n\t\t\t\t<\/div>\n\t\t\t\t<div class=\"elementor-element elementor-element-7f7acdc elementor-widget elementor-widget-text-editor\" data-id=\"7f7acdc\" data-element_type=\"widget\" data-e-type=\"widget\" data-widget_type=\"text-editor.default\">\n\t\t\t\t<div class=\"elementor-widget-container\">\n\t\t\t\t\t\t\t\t\t<p style=\"text-align: center;\" data-start=\"167\" data-end=\"465\">\u3067 <strong data-start=\"170\" data-end=\"183\">\u30d0\u30e9\u30e0DMC<\/strong> \u79c1\u305f\u3061\u306f\u3001\u304a\u5ba2\u69d8\u3068\u306e\u7dca\u5bc6\u3067\u900f\u660e\u306a\u30b3\u30df\u30e5\u30cb\u30b1\u30fc\u30b7\u30e7\u30f3\u3092\u901a\u3058\u3066\u3001\u65c5\u884c\u8005\u306e\u30cb\u30fc\u30ba\u3092\u5fb9\u5e95\u7684\u306b\u7406\u89e3\u3059\u308b\u3053\u3068\u306b\u8a87\u308a\u3092\u6301\u3063\u3066\u3044\u307e\u3059\u3002\u79c1\u305f\u3061\u306f\u3001\u30c7\u30b9\u30c6\u30a3\u30cd\u30fc\u30b7\u30e7\u30f3\u306b\u95a2\u3059\u308b\u6df1\u3044\u77e5\u8b58\u3068\u6700\u9ad8\u306e\u56fd\u969b\u8cc7\u683c\u3092\u6301\u3064\u3001\u502b\u7406\u7684\u3067\u826f\u5fc3\u7684\u306a\u3001\u9ad8\u3044\u8cc7\u683c\u3092\u6301\u3063\u305f\u30c1\u30fc\u30e0\u3092\u64c1\u3057\u3066\u3044\u307e\u3059\u3002<\/p><p style=\"text-align: center;\" data-start=\"467\" data-end=\"776\">\u79c1\u305f\u3061\u306f\u4e16\u754c\u306e\u89b3\u5149\u30c8\u30ec\u30f3\u30c9\u3092\u8ffd\u3044\u304b\u3051\u308b\u304c\u3001\u540c\u6642\u306b\u3001\u305d\u306e\u30c8\u30ec\u30f3\u30c9\u306b\u6311\u6226\u3057\u3001\u89b3\u5149\u3092\u5275\u9020\u3059\u308b\u3002 <strong data-start=\"552\" data-end=\"600\">\u30e6\u30cb\u30fc\u30af\u3067\u3001\u672c\u7269\u306e\u3001\u601d\u3044\u51fa\u306b\u6b8b\u308b\u4f53\u9a13<\/strong>.\u79c1\u305f\u3061\u306e\u30b3\u30df\u30c3\u30c8\u30e1\u30f3\u30c8\u306f\u3001\u3042\u306a\u305f\u3068\u3042\u306a\u305f\u306e\u65c5\u884c\u8005\u306b\u53ef\u80fd\u306a\u9650\u308a\u6700\u9ad8\u306e\u30b5\u30fc\u30d3\u30b9\u3092\u63d0\u4f9b\u3059\u308b\u3053\u3068\u3067\u3059\u3002 <strong data-start=\"659\" data-end=\"703\">\u6700\u521d\u304b\u3089\u6700\u5f8c\u307e\u3067\u5b89\u5fc3<\/strong>\u30d0\u30e9\u30e0\u306e\u5404\u30d7\u30ed\u30b8\u30a7\u30af\u30c8\u3092\u7279\u5fb4\u3065\u3051\u308b\u5353\u8d8a\u6027\u3068\u914d\u616e\u3092\u3082\u3063\u3066\u3002<\/p>\t\t\t\t\t\t\t\t<\/div>\n\t\t\t\t<\/div>\n\t\t\t\t<div class=\"elementor-element elementor-element-9d4f07a elementor-widget elementor-widget-spacer\" data-id=\"9d4f07a\" data-element_type=\"widget\" data-e-type=\"widget\" data-widget_type=\"spacer.default\">\n\t\t\t\t<div class=\"elementor-widget-container\">\n\t\t\t\t\t\t\t<div class=\"elementor-spacer\">\n\t\t\t<div class=\"elementor-spacer-inner\"><\/div>\n\t\t<\/div>\n\t\t\t\t\t\t<\/div>\n\t\t\t\t<\/div>\n\t\t\t\t<\/div>\n\t\t<div class=\"elementor-element elementor-element-eb03155 e-con-full e-flex e-con e-child\" data-id=\"eb03155\" data-element_type=\"container\" data-e-type=\"container\">\n\t\t\t\t<\/div>\n\t\t\t\t\t<\/div>\n\t\t\t\t<\/div>\n\t\t\t\t<\/div>","protected":false},"excerpt":{"rendered":"<p>Nosotros Balam DMC surge para redefinir el concepto del lujo en los viajes a medida en M\u00e9xico. Un DMC liderado por mexicanos que combina coherencia, autenticidad y excelencia en cada detalle, transformando cada experiencia en algo verdaderamente excepcional. Nuestro logotipo se inspira en la grandeza de la civilizaci\u00f3n maya, fusionando s\u00edmbolos representativos del calendario y el s\u00edmbolo del Camino, evocando sabidur\u00eda, movimiento y conexi\u00f3n. Balam representa precisamente eso: el camino que gu\u00eda a nuestros clientes para descubrir lo mejor de nuestro extraordinario pa\u00eds. \u00bfQU\u00c9 HACEMOS? En Balam DMC M\u00e9xico somos expertos en crear experiencias \u00fanicas y memorables para viajeros exigentes que buscan lo extraordinario. Con un profundo conocimiento del destino, [&hellip;]<\/p>\n","protected":false},"author":1,"featured_media":0,"parent":0,"menu_order":0,"comment_status":"closed","ping_status":"closed","template":"","meta":{"footnotes":""},"class_list":["post-62","page","type-page","status-publish","hentry"],"_links":{"self":[{"href":"https:\/\/balamdmc.com\/ja\/wp-json\/wp\/v2\/pages\/62","targetHints":{"allow":["GET"]}}],"collection":[{"href":"https:\/\/balamdmc.com\/ja\/wp-json\/wp\/v2\/pages"}],"about":[{"href":"https:\/\/balamdmc.com\/ja\/wp-json\/wp\/v2\/types\/page"}],"author":[{"embeddable":true,"href":"https:\/\/balamdmc.com\/ja\/wp-json\/wp\/v2\/users\/1"}],"replies":[{"embeddable":true,"href":"https:\/\/balamdmc.com\/ja\/wp-json\/wp\/v2\/comments?post=62"}],"version-history":[{"count":37,"href":"https:\/\/balamdmc.com\/ja\/wp-json\/wp\/v2\/pages\/62\/revisions"}],"predecessor-version":[{"id":504,"href":"https:\/\/balamdmc.com\/ja\/wp-json\/wp\/v2\/pages\/62\/revisions\/504"}],"wp:attachment":[{"href":"https:\/\/balamdmc.com\/ja\/wp-json\/wp\/v2\/media?parent=62"}],"curies":[{"name":"wp","href":"https:\/\/api.w.org\/{rel}","templated":true}]}}