{"id":63,"date":"2024-04-05T19:23:36","date_gmt":"2024-04-05T19:23:36","guid":{"rendered":"https:\/\/balamdmc.com\/?page_id=63"},"modified":"2025-10-15T05:34:44","modified_gmt":"2025-10-15T05:34:44","slug":"mexico","status":"publish","type":"page","link":"https:\/\/balamdmc.com\/ja\/mexico\/","title":{"rendered":"\u30e1\u30ad\u30b7\u30b3"},"content":{"rendered":"<div data-elementor-type=\"wp-page\" data-elementor-id=\"63\" class=\"elementor elementor-63\" data-elementor-post-type=\"page\">\n\t\t\t\t<div class=\"elementor-element elementor-element-5d21fa9 e-flex e-con-boxed e-con e-parent\" data-id=\"5d21fa9\" data-element_type=\"container\" data-e-type=\"container\">\n\t\t\t\t\t<div class=\"e-con-inner\">\n\t\t\t\t<div class=\"elementor-element elementor-element-22818b2 elementor-widget elementor-widget-spacer\" data-id=\"22818b2\" data-element_type=\"widget\" data-e-type=\"widget\" data-widget_type=\"spacer.default\">\n\t\t\t\t<div class=\"elementor-widget-container\">\n\t\t\t\t\t\t\t<div class=\"elementor-spacer\">\n\t\t\t<div class=\"elementor-spacer-inner\"><\/div>\n\t\t<\/div>\n\t\t\t\t\t\t<\/div>\n\t\t\t\t<\/div>\n\t\t\t\t\t<\/div>\n\t\t\t\t<\/div>\n\t\t<div class=\"elementor-element elementor-element-8fb44a5 e-flex e-con-boxed e-con e-parent\" data-id=\"8fb44a5\" data-element_type=\"container\" data-e-type=\"container\">\n\t\t\t\t\t<div class=\"e-con-inner\">\n\t\t\t\t<div class=\"elementor-element elementor-element-3792407 elementor-widget elementor-widget-heading\" data-id=\"3792407\" data-element_type=\"widget\" data-e-type=\"widget\" data-widget_type=\"heading.default\">\n\t\t\t\t<div class=\"elementor-widget-container\">\n\t\t\t\t\t<h2 class=\"elementor-heading-title elementor-size-default\">\u30e1\u30ad\u30b7\u30b3<\/h2>\t\t\t\t<\/div>\n\t\t\t\t<\/div>\n\t\t\t\t<div class=\"elementor-element elementor-element-dc150ec elementor-widget elementor-widget-spacer\" data-id=\"dc150ec\" data-element_type=\"widget\" data-e-type=\"widget\" data-widget_type=\"spacer.default\">\n\t\t\t\t<div class=\"elementor-widget-container\">\n\t\t\t\t\t\t\t<div class=\"elementor-spacer\">\n\t\t\t<div class=\"elementor-spacer-inner\"><\/div>\n\t\t<\/div>\n\t\t\t\t\t\t<\/div>\n\t\t\t\t<\/div>\n\t\t\t\t\t<\/div>\n\t\t\t\t<\/div>\n\t\t<div class=\"elementor-element elementor-element-5f00636 e-flex e-con-boxed e-con e-parent\" data-id=\"5f00636\" data-element_type=\"container\" data-e-type=\"container\">\n\t\t\t\t\t<div class=\"e-con-inner\">\n\t\t<div class=\"elementor-element elementor-element-47526f8 e-con-full e-flex e-con e-child\" data-id=\"47526f8\" data-element_type=\"container\" data-e-type=\"container\">\n\t\t\t\t<div class=\"elementor-element elementor-element-e0002e0 elementor-widget elementor-widget-text-editor\" data-id=\"e0002e0\" data-element_type=\"widget\" data-e-type=\"widget\" data-widget_type=\"text-editor.default\">\n\t\t\t\t<div class=\"elementor-widget-container\">\n\t\t\t\t\t\t\t\t\t<p data-start=\"184\" data-end=\"480\"><strong data-start=\"184\" data-end=\"194\">\u30e1\u30ad\u30b7\u30b3<\/strong> \u306f\u56fd <strong data-start=\"206\" data-end=\"216\">\u30de\u30b8\u30c3\u30af<\/strong>\u6b74\u53f2\u3068\u4f1d\u7d71\u3001\u305d\u3057\u3066\u9685\u3005\u307e\u3067\u611f\u3058\u3089\u308c\u308b\u72ec\u7279\u306e\u30a8\u30cd\u30eb\u30ae\u30fc\u306b\u6e80\u3061\u3066\u3044\u308b\u3002\u3053\u306e\u5730\u306b\u306f\u3001\u4e16\u754c\u3067\u3082\u6709\u6570\u306e <strong data-start=\"314\" data-end=\"348\">\u4e16\u754c\u306e\u30d9\u30b9\u30c8\u30fb\u30ad\u30e5\u30a4\u30b8\u30fc\u30cc<\/strong>a <strong data-start=\"354\" data-end=\"376\">\u89aa\u5207\u306a\u4eba\u3005<\/strong> \u30aa\u30fc\u30d7\u30f3\u30cf\u30fc\u30c8\u3067\u6b53\u8fce\u3057 <strong data-start=\"413\" data-end=\"437\">\u81ea\u7136\u306e\u9a5a\u7570<\/strong> \u8a00\u8449\u3092\u5931\u3046\u3060\u308d\u3046\u3002<\/p><p data-start=\"482\" data-end=\"739\">\u3053\u3053\u306b\u306f <strong data-start=\"499\" data-end=\"536\">\u9b45\u529b\u6ea2\u308c\u308b\u9b54\u6cd5\u306e\u753a<\/strong>, <strong data-start=\"538\" data-end=\"573\">\u6d3b\u6c17\u3042\u308b\u56fd\u969b\u90fd\u5e02<\/strong>, y <strong data-start=\"577\" data-end=\"602\">\u5148\u4f4f\u6c11\u30b3\u30df\u30e5\u30cb\u30c6\u30a3<\/strong> \u5148\u7956\u4ee3\u3005\u306e\u4f1d\u7d71\u3092\u5b88\u308b <strong data-start=\"651\" data-end=\"736\">\u8c37\u3001\u5c71\u3001\u706b\u5c71\u3001\u30d3\u30fc\u30c1\u3001\u30b8\u30e3\u30f3\u30b0\u30eb\u3001\u7802\u4e18\u3001\u81ea\u7136\u4fdd\u8b77\u533a\u3001\u7802\u6f20<\/strong>.<\/p><p data-start=\"741\" data-end=\"875\"><strong data-start=\"741\" data-end=\"789\">\u30e1\u30ad\u30b7\u30b3\u306f\u591a\u69d8\u6027\u3067\u3042\u308a\u3001\u8272\u3067\u3042\u308a\u3001\u6587\u5316\u3067\u3042\u308a\u3001\u4eba\u751f\u3067\u3042\u308b\u3002<\/strong> \u4e94\u611f\u3067\u767a\u898b\u3057...\u305d\u3057\u3066\u6c38\u9060\u306b\u5fc3\u306b\u6b8b\u308b\u76ee\u7684\u5730\u3002<\/p>\t\t\t\t\t\t\t\t<\/div>\n\t\t\t\t<\/div>\n\t\t\t\t<\/div>\n\t\t<div class=\"elementor-element elementor-element-69ffa0e e-con-full e-flex e-con e-child\" data-id=\"69ffa0e\" data-element_type=\"container\" data-e-type=\"container\">\n\t\t\t\t<div class=\"elementor-element elementor-element-bddbbfb elementor-widget elementor-widget-image\" data-id=\"bddbbfb\" data-element_type=\"widget\" data-e-type=\"widget\" data-widget_type=\"image.default\">\n\t\t\t\t<div class=\"elementor-widget-container\">\n\t\t\t\t\t\t\t\t\t\t\t\t\t\t\t<img fetchpriority=\"high\" decoding=\"async\" width=\"768\" height=\"412\" src=\"https:\/\/balamdmc.com\/wp-content\/uploads\/2024\/04\/Captura-de-Pantalla-2022-08-24-a-las-13.01.01-768x412.png\" class=\"attachment-medium_large size-medium_large wp-image-111\" alt=\"\" srcset=\"https:\/\/balamdmc.com\/wp-content\/uploads\/2024\/04\/Captura-de-Pantalla-2022-08-24-a-las-13.01.01-768x412.png 768w, https:\/\/balamdmc.com\/wp-content\/uploads\/2024\/04\/Captura-de-Pantalla-2022-08-24-a-las-13.01.01-300x161.png 300w, https:\/\/balamdmc.com\/wp-content\/uploads\/2024\/04\/Captura-de-Pantalla-2022-08-24-a-las-13.01.01-1024x549.png 1024w, https:\/\/balamdmc.com\/wp-content\/uploads\/2024\/04\/Captura-de-Pantalla-2022-08-24-a-las-13.01.01-1536x823.png 1536w, https:\/\/balamdmc.com\/wp-content\/uploads\/2024\/04\/Captura-de-Pantalla-2022-08-24-a-las-13.01.01-2048x1098.png 2048w, https:\/\/balamdmc.com\/wp-content\/uploads\/2024\/04\/Captura-de-Pantalla-2022-08-24-a-las-13.01.01-18x10.png 18w\" sizes=\"(max-width: 768px) 100vw, 768px\" \/>\t\t\t\t\t\t\t\t\t\t\t\t\t\t\t<\/div>\n\t\t\t\t<\/div>\n\t\t\t\t<\/div>\n\t\t\t\t\t<\/div>\n\t\t\t\t<\/div>\n\t\t<div class=\"elementor-element elementor-element-d09cdc9 e-flex e-con-boxed e-con e-parent\" data-id=\"d09cdc9\" data-element_type=\"container\" data-e-type=\"container\" data-settings=\"{&quot;background_background&quot;:&quot;classic&quot;}\">\n\t\t\t\t\t<div class=\"e-con-inner\">\n\t\t\t\t<div class=\"elementor-element elementor-element-9706b01 elementor-widget elementor-widget-heading\" data-id=\"9706b01\" data-element_type=\"widget\" data-e-type=\"widget\" data-widget_type=\"heading.default\">\n\t\t\t\t<div class=\"elementor-widget-container\">\n\t\t\t\t\t<h3 class=\"elementor-heading-title elementor-size-default\">\u30e1\u30ad\u30b7\u30b3\u306f2\u3064\u306e\u89b3\u5149\u5730\u57df\u306b\u5206\u304b\u308c\u3066\u3044\u308b\u3002<\/h3>\t\t\t\t<\/div>\n\t\t\t\t<\/div>\n\t\t\t\t<div class=\"elementor-element elementor-element-49f0edb elementor-widget elementor-widget-image\" data-id=\"49f0edb\" data-element_type=\"widget\" data-e-type=\"widget\" data-widget_type=\"image.default\">\n\t\t\t\t<div class=\"elementor-widget-container\">\n\t\t\t\t\t\t\t\t\t\t\t\t\t\t\t<img decoding=\"async\" width=\"800\" height=\"295\" src=\"https:\/\/balamdmc.com\/wp-content\/uploads\/2024\/04\/Captura-de-Pantalla-2022-08-24-a-las-12.30.03-1024x377.png\" class=\"attachment-large size-large wp-image-108\" alt=\"\" srcset=\"https:\/\/balamdmc.com\/wp-content\/uploads\/2024\/04\/Captura-de-Pantalla-2022-08-24-a-las-12.30.03-1024x377.png 1024w, https:\/\/balamdmc.com\/wp-content\/uploads\/2024\/04\/Captura-de-Pantalla-2022-08-24-a-las-12.30.03-300x111.png 300w, https:\/\/balamdmc.com\/wp-content\/uploads\/2024\/04\/Captura-de-Pantalla-2022-08-24-a-las-12.30.03-768x283.png 768w, https:\/\/balamdmc.com\/wp-content\/uploads\/2024\/04\/Captura-de-Pantalla-2022-08-24-a-las-12.30.03-1536x566.png 1536w, https:\/\/balamdmc.com\/wp-content\/uploads\/2024\/04\/Captura-de-Pantalla-2022-08-24-a-las-12.30.03-2048x755.png 2048w, https:\/\/balamdmc.com\/wp-content\/uploads\/2024\/04\/Captura-de-Pantalla-2022-08-24-a-las-12.30.03-18x7.png 18w\" sizes=\"(max-width: 800px) 100vw, 800px\" \/>\t\t\t\t\t\t\t\t\t\t\t\t\t\t\t<\/div>\n\t\t\t\t<\/div>\n\t\t\t\t\t<\/div>\n\t\t\t\t<\/div>\n\t\t<div class=\"elementor-element elementor-element-46e2869 e-flex e-con-boxed e-con e-parent\" data-id=\"46e2869\" data-element_type=\"container\" data-e-type=\"container\">\n\t\t\t\t\t<div class=\"e-con-inner\">\n\t\t\t\t<div class=\"elementor-element elementor-element-b29747b elementor-widget elementor-widget-spacer\" data-id=\"b29747b\" data-element_type=\"widget\" data-e-type=\"widget\" data-widget_type=\"spacer.default\">\n\t\t\t\t<div class=\"elementor-widget-container\">\n\t\t\t\t\t\t\t<div class=\"elementor-spacer\">\n\t\t\t<div class=\"elementor-spacer-inner\"><\/div>\n\t\t<\/div>\n\t\t\t\t\t\t<\/div>\n\t\t\t\t<\/div>\n\t\t\t\t<div class=\"elementor-element elementor-element-35e55fe elementor-widget elementor-widget-text-editor\" data-id=\"35e55fe\" data-element_type=\"widget\" data-e-type=\"widget\" data-widget_type=\"text-editor.default\">\n\t\t\t\t<div class=\"elementor-widget-container\">\n\t\t\t\t\t\t\t\t\t<h3 style=\"text-align: center;\" data-start=\"127\" data-end=\"291\"><strong data-start=\"127\" data-end=\"137\">\u30e1\u30ad\u30b7\u30b3<\/strong> \u306f\u3001\u65c5\u884c\u8005\u304c\u8a2a\u308c\u305f\u3044\u3068\u601d\u3046\u65c5\u5148\u3067\u3042\u308b\u3002 <strong data-start=\"180\" data-end=\"205\">\u4f55\u5ea6\u3067\u3082\u6765\u308b<\/strong>\u4eba\u3005\u3001\u6587\u5316\u3001\u98df\u3079\u7269\u3001\u305d\u3057\u3066\u30db\u30b9\u30d4\u30bf\u30ea\u30c6\u30a3\u306b\u9b45\u4e86\u3055\u308c\u308b\u3002<\/h3>\t\t\t\t\t\t\t\t<\/div>\n\t\t\t\t<\/div>\n\t\t\t\t\t<\/div>\n\t\t\t\t<\/div>\n\t\t\t\t<\/div>","protected":false},"excerpt":{"rendered":"<p>M\u00e9xico M\u00e9xico es un pa\u00eds m\u00e1gico, lleno de historia, tradici\u00f3n y una energ\u00eda \u00fanica que se siente en cada rinc\u00f3n. Posee una de las mejores gastronom\u00edas del mundo, una gente hospitalaria que recibe con el coraz\u00f3n abierto y maravillas naturales que simplemente te dejar\u00e1n sin palabras. Aqu\u00ed encontrar\u00e1n pueblos m\u00e1gicos llenos de encanto, ciudades cosmopolitas vibrantes, y comunidades ind\u00edgenas que preservan sus tradiciones ancestrales entre valles, monta\u00f1as, volcanes, playas, selvas, dunas, reservas naturales y desiertos. M\u00e9xico es diversidad, color, cultura y vida. Un destino que se descubre con los sentidos\u2026 y se queda para siempre en el coraz\u00f3n. M\u00c9XICO est\u00e1 divido en DOCE REGIONES TUR\u00cdSTICAS M\u00e9xico es un destino al [&hellip;]<\/p>\n","protected":false},"author":1,"featured_media":0,"parent":0,"menu_order":0,"comment_status":"closed","ping_status":"closed","template":"","meta":{"footnotes":""},"class_list":["post-63","page","type-page","status-publish","hentry"],"_links":{"self":[{"href":"https:\/\/balamdmc.com\/ja\/wp-json\/wp\/v2\/pages\/63","targetHints":{"allow":["GET"]}}],"collection":[{"href":"https:\/\/balamdmc.com\/ja\/wp-json\/wp\/v2\/pages"}],"about":[{"href":"https:\/\/balamdmc.com\/ja\/wp-json\/wp\/v2\/types\/page"}],"author":[{"embeddable":true,"href":"https:\/\/balamdmc.com\/ja\/wp-json\/wp\/v2\/users\/1"}],"replies":[{"embeddable":true,"href":"https:\/\/balamdmc.com\/ja\/wp-json\/wp\/v2\/comments?post=63"}],"version-history":[{"count":10,"href":"https:\/\/balamdmc.com\/ja\/wp-json\/wp\/v2\/pages\/63\/revisions"}],"predecessor-version":[{"id":466,"href":"https:\/\/balamdmc.com\/ja\/wp-json\/wp\/v2\/pages\/63\/revisions\/466"}],"wp:attachment":[{"href":"https:\/\/balamdmc.com\/ja\/wp-json\/wp\/v2\/media?parent=63"}],"curies":[{"name":"wp","href":"https:\/\/api.w.org\/{rel}","templated":true}]}}