{"id":64,"date":"2024-04-05T19:23:45","date_gmt":"2024-04-05T19:23:45","guid":{"rendered":"https:\/\/balamdmc.com\/?page_id=64"},"modified":"2025-10-15T05:23:45","modified_gmt":"2025-10-15T05:23:45","slug":"productos","status":"publish","type":"page","link":"https:\/\/balamdmc.com\/ja\/productos\/","title":{"rendered":"\u88fd\u54c1\u7d39\u4ecb"},"content":{"rendered":"<div data-elementor-type=\"wp-page\" data-elementor-id=\"64\" class=\"elementor elementor-64\" data-elementor-post-type=\"page\">\n\t\t\t\t<div class=\"elementor-element elementor-element-7c567cd e-flex e-con-boxed e-con e-parent\" data-id=\"7c567cd\" data-element_type=\"container\" data-e-type=\"container\">\n\t\t\t\t\t<div class=\"e-con-inner\">\n\t\t\t\t<div class=\"elementor-element elementor-element-60f8106 elementor-widget elementor-widget-spacer\" data-id=\"60f8106\" data-element_type=\"widget\" data-e-type=\"widget\" data-widget_type=\"spacer.default\">\n\t\t\t\t<div class=\"elementor-widget-container\">\n\t\t\t\t\t\t\t<div class=\"elementor-spacer\">\n\t\t\t<div class=\"elementor-spacer-inner\"><\/div>\n\t\t<\/div>\n\t\t\t\t\t\t<\/div>\n\t\t\t\t<\/div>\n\t\t\t\t<div class=\"elementor-element elementor-element-1507221 elementor-widget elementor-widget-heading\" data-id=\"1507221\" data-element_type=\"widget\" data-e-type=\"widget\" data-widget_type=\"heading.default\">\n\t\t\t\t<div class=\"elementor-widget-container\">\n\t\t\t\t\t<h2 class=\"elementor-heading-title elementor-size-default\">\u88fd\u54c1\u7d39\u4ecb<\/h2>\t\t\t\t<\/div>\n\t\t\t\t<\/div>\n\t\t\t\t<div class=\"elementor-element elementor-element-4f65b27 elementor-widget elementor-widget-spacer\" data-id=\"4f65b27\" data-element_type=\"widget\" data-e-type=\"widget\" data-widget_type=\"spacer.default\">\n\t\t\t\t<div class=\"elementor-widget-container\">\n\t\t\t\t\t\t\t<div class=\"elementor-spacer\">\n\t\t\t<div class=\"elementor-spacer-inner\"><\/div>\n\t\t<\/div>\n\t\t\t\t\t\t<\/div>\n\t\t\t\t<\/div>\n\t\t\t\t\t<\/div>\n\t\t\t\t<\/div>\n\t\t<div class=\"elementor-element elementor-element-4f3c202 e-flex e-con-boxed e-con e-parent\" data-id=\"4f3c202\" data-element_type=\"container\" data-e-type=\"container\">\n\t\t\t\t\t<div class=\"e-con-inner\">\n\t\t<div class=\"elementor-element elementor-element-ef75a9d e-con-full e-flex e-con e-child\" data-id=\"ef75a9d\" data-element_type=\"container\" data-e-type=\"container\">\n\t\t\t\t<\/div>\n\t\t<div class=\"elementor-element elementor-element-da99f0f e-con-full e-flex e-con e-child\" data-id=\"da99f0f\" data-element_type=\"container\" data-e-type=\"container\">\n\t\t\t\t<div class=\"elementor-element elementor-element-bde8ee3 elementor-widget elementor-widget-text-editor\" data-id=\"bde8ee3\" data-element_type=\"widget\" data-e-type=\"widget\" data-widget_type=\"text-editor.default\">\n\t\t\t\t<div class=\"elementor-widget-container\">\n\t\t\t\t\t\t\t\t\t<p style=\"text-align: center;\">\u3067 <strong data-start=\"238\" data-end=\"251\">\u30d0\u30e9\u30e0DMC<\/strong> \u79c1\u305f\u3061\u306f\u3001\u304a\u5ba2\u69d8\u304c\u4ee5\u4e0b\u306e\u3053\u3068\u3092\u5b9f\u73fe\u3067\u304d\u308b\u3088\u3046\u3001\u5e45\u5e83\u3044\u88fd\u54c1\u3068\u30b5\u30fc\u30d3\u30b9\u3092\u958b\u767a\u3057\u3066\u304d\u307e\u3057\u305f\u3002 <strong data-start=\"344\" data-end=\"364\">\u30d1\u30fc\u30c8\u30ca\u30fc\u6a5f\u95a2<\/strong> \u3067\u306e\u30e6\u30cb\u30fc\u30af\u3067\u5b89\u5168\u306a\u601d\u3044\u51fa\u306b\u6b8b\u308b\u4f53\u9a13\u3092\u9867\u5ba2\u306b\u63d0\u4f9b\u3067\u304d\u308b\u5b89\u5fc3\u611f\u304c\u3042\u308b\u3002 <strong data-start=\"459\" data-end=\"469\">\u30e1\u30ad\u30b7\u30b3<\/strong>.<\/p>\t\t\t\t\t\t\t\t<\/div>\n\t\t\t\t<\/div>\n\t\t\t\t<\/div>\n\t\t<div class=\"elementor-element elementor-element-f0ad558 e-con-full e-flex e-con e-child\" data-id=\"f0ad558\" data-element_type=\"container\" data-e-type=\"container\">\n\t\t\t\t<\/div>\n\t\t\t\t\t<\/div>\n\t\t\t\t<\/div>\n\t\t<div class=\"elementor-element elementor-element-411b8f2 e-flex e-con-boxed e-con e-parent\" data-id=\"411b8f2\" data-element_type=\"container\" data-e-type=\"container\" data-settings=\"{&quot;shape_divider_top&quot;:&quot;zigzag&quot;}\">\n\t\t\t\t\t<div class=\"e-con-inner\">\n\t\t\t\t<div class=\"elementor-shape elementor-shape-top\" aria-hidden=\"true\" data-negative=\"false\">\n\t\t\t<svg xmlns=\"http:\/\/www.w3.org\/2000\/svg\" viewbox=\"0 0 1800 5.8\" preserveaspectratio=\"none\">\n  <path class=\"elementor-shape-fill\" d=\"M5.4.4l5.4 5.3L16.5.4l5.4 5.3L27.5.4 33 5.7 38.6.4l5.5 5.4h.1L49.9.4l5.4 5.3L60.9.4l5.5 5.3L72 .4l5.5 5.3L83.1.4l5.4 5.3L94.1.4l5.5 5.4h.2l5.6-5.4 5.5 5.3 5.6-5.3 5.4 5.3 5.6-5.3 5.5 5.3 5.6-5.3 5.5 5.4h.2l5.6-5.4 5.4 5.3L161 .4l5.4 5.3L172 .4l5.5 5.3 5.6-5.3 5.4 5.3 5.7-5.3 5.4 5.4h.2l5.6-5.4 5.5 5.3 5.6-5.3 5.5 5.3 5.6-5.3 5.4 5.3 5.6-5.3 5.5 5.4h.2l5.6-5.4 5.5 5.3L261 .4l5.4 5.3L272 .4l5.5 5.3 5.6-5.3 5.5 5.3 5.6-5.3 5.5 5.4h.1l5.7-5.4 5.4 5.3 5.6-5.3 5.5 5.3 5.6-5.3 5.4 5.3 5.7-5.3 5.4 5.4h.2l5.6-5.4 5.5 5.3L361 .4l5.5 5.3 5.6-5.3 5.4 5.3 5.6-5.3 5.5 5.3 5.6-5.3 5.5 5.4h.1l5.7-5.4 5.4 5.3 5.6-5.3 5.5 5.3 5.6-5.3 5.5 5.3 5.6-5.3 5.5 5.4h.1l5.6-5.4 5.5 5.3L461 .4l5.5 5.3 5.6-5.3 5.4 5.3 5.7-5.3 5.4 5.3 5.6-5.3 5.5 5.4h.2l5.6-5.4 5.5 5.3 5.6-5.3 5.4 5.3 5.6-5.3 5.5 5.3 5.6-5.3 5.5 5.4h.1L550 .4l5.4 5.3L561 .4l5.5 5.3 5.6-5.3 5.5 5.3 5.6-5.3 5.4 5.3 5.6-5.3 5.5 5.4h.2l5.6-5.4 5.5 5.3 5.6-5.3 5.4 5.3 5.7-5.3 5.4 5.3 5.6-5.3 5.5 5.4h.2L650 .4l5.5 5.3 5.6-5.3 5.4 5.3 5.6-5.3 5.5 5.3 5.6-5.3 5.5 5.3 5.6-5.3 5.4 5.4h.2l5.6-5.4 5.5 5.3 5.6-5.3 5.5 5.3 5.6-5.3 5.4 5.3 5.6-5.3 5.5 5.4h.2L750 .4l5.5 5.3 5.6-5.3 5.4 5.3 5.7-5.3 5.4 5.3 5.6-5.3 5.5 5.3 5.6-5.3 5.5 5.4h.1l5.7-5.4 5.4 5.3 5.6-5.3 5.5 5.3 5.6-5.3 5.5 5.3 5.6-5.3 5.4 5.4h.2L850 .4l5.5 5.3 5.6-5.3 5.5 5.3 5.6-5.3 5.4 5.3 5.6-5.3 5.5 5.3 5.6-5.3 5.5 5.4h.2l5.6-5.4 5.4 5.3 5.7-5.3 5.4 5.3 5.6-5.3 5.5 5.3 5.6-5.3 5.5 5.4h.1l5.7-5.4 5.4 5.3 5.6-5.3 5.5 5.3 5.6-5.3 5.5 5.3 5.6-5.3 5.4 5.3 5.6-5.3 5.5 5.4h.2l5.6-5.4 5.5 5.3 5.6-5.3 5.4 5.3 5.6-5.3 5.5 5.3 5.6-5.3 5.5 5.4h.2l5.6-5.4 5.4 5.3 5.7-5.3 5.4 5.3 5.6-5.3 5.5 5.3 5.6-5.3 5.5 5.3 5.6-5.3 5.4 5.4h.2l5.6-5.4 5.5 5.3 5.6-5.3 5.5 5.3 5.6-5.3 5.4 5.3 5.6-5.3 5.5 5.4h.2l5.6-5.4 5.5 5.3 5.6-5.3 5.4 5.3 5.6-5.3 5.5 5.3 5.6-5.3 5.5 5.3 5.6-5.3 5.5 5.4h.1l5.7-5.4 5.4 5.3 5.6-5.3 5.5 5.3 5.6-5.3 5.5 5.3 5.6-5.3 5.4 5.4h.2l5.6-5.4 5.5 5.3 5.6-5.3 5.5 5.3 5.6-5.3 5.4 5.3 5.6-5.3 5.5 5.3 5.6-5.3 5.5 5.4h.2l5.6-5.4 5.4 5.3 5.6-5.3 5.5 5.3 5.6-5.3 5.5 5.3 5.6-5.3 5.5 5.4h.1l5.7-5.4 5.4 5.3 5.6-5.3 5.5 5.3 5.6-5.3 5.5 5.3 5.6-5.3 5.4 5.3 5.6-5.3 5.5 5.4h.2l5.6-5.4 5.5 5.3 5.6-5.3 5.4 5.3 5.6-5.3 5.5 5.3 5.6-5.3 5.5 5.4h.2l5.6-5.4 5.4 5.3 5.6-5.3 5.5 5.3 5.6-5.3 5.5 5.3 5.6-5.3 5.4 5.3 5.7-5.3 5.4 5.4h.2l5.6-5.4 5.5 5.3 5.6-5.3 5.5 5.3 5.6-5.3 5.4 5.3 5.6-5.3 5.5 5.4h.2l5.6-5.4 5.5 5.3 5.6-5.3 5.4 5.3 5.6-5.3 5.5 5.3 5.6-5.3 5.5 5.3 5.6-5.3 5.5 5.4h.1l5.6-5.4 5.5 5.3 5.6-5.3 5.5 5.3 5.6-5.3 5.4 5.3 5.7-5.3 5.4 5.4h.2l5.6-5.4 5.5 5.3 5.6-5.3 5.5 5.3 5.6-5.3 5.4 5.3 5.6-5.3 5.5 5.3 5.6-5.3 5.5 5.4h.1l5.7-5.4 5.4 5.3 5.6-5.3 5.5 5.3 5.6-5.3 5.5 5.3 5.6-5.3 5.5 5.4h.1l5.6-5.4 5.5 5.3 5.6-5.3 5.5 5.3 5.6-5.3 5.4 5.3 5.7-5.3 5.4 5.3 5.6-5.3 5.5 5.4V0H-.2v5.8z\"\/>\n<\/svg>\n\t\t<\/div>\n\t\t<div class=\"elementor-element elementor-element-c81c7a6 e-con-full e-flex e-con e-child\" data-id=\"c81c7a6\" data-element_type=\"container\" data-e-type=\"container\">\n\t\t\t\t<div class=\"elementor-element elementor-element-bfeb3f2 elementor-widget elementor-widget-text-editor\" data-id=\"bfeb3f2\" data-element_type=\"widget\" data-e-type=\"widget\" data-widget_type=\"text-editor.default\">\n\t\t\t\t<div class=\"elementor-widget-container\">\n\t\t\t\t\t\t\t\t\t<p style=\"text-align: center;\">\u79c1\u305f\u3061\u306e <strong data-start=\"482\" data-end=\"496\">\u30dd\u30fc\u30c8\u30d5\u30a9\u30ea\u30aa<\/strong> \u5bbf\u6cca\u65bd\u8a2d\u3084\u4ea4\u901a\u624b\u6bb5\u304b\u3089\u3001\u30d1\u30fc\u30bd\u30ca\u30eb\u306a\u4f53\u9a13\u3001\u30e9\u30a4\u30d5\u30b9\u30bf\u30a4\u30eb\u3001VIP\u3078\u306e\u5bfe\u5fdc\u307e\u3067\u3001\u65c5\u884c\u8005\u304c\u6ede\u5728\u4e2d\u306b\u5fc5\u8981\u3068\u3059\u308b\u3042\u3089\u3086\u308b\u3082\u306e\u3092\u7db2\u7f85\u3002<\/p>\t\t\t\t\t\t\t\t<\/div>\n\t\t\t\t<\/div>\n\t\t\t\t<\/div>\n\t\t<div class=\"elementor-element elementor-element-a232ac5 e-con-full e-flex e-con e-child\" data-id=\"a232ac5\" data-element_type=\"container\" data-e-type=\"container\">\n\t\t\t\t<div class=\"elementor-element elementor-element-88dca28 elementor-widget elementor-widget-text-editor\" data-id=\"88dca28\" data-element_type=\"widget\" data-e-type=\"widget\" data-widget_type=\"text-editor.default\">\n\t\t\t\t<div class=\"elementor-widget-container\">\n\t\t\t\t\t\t\t\t\t<p data-start=\"668\" data-end=\"890\">\u79c1\u305f\u3061\u306f\u3001\u4ee3\u7406\u5e97\u3068\u3057\u3066\u3001\u9069\u5207\u306a\u4eba\u6750\u304c\u3042\u306a\u305f\u306e\u5074\u306b\u3044\u308b\u3068\u3044\u3046\u4fe1\u983c\u3092\u4eab\u53d7\u3067\u304d\u308b\u3088\u3046\u3001\u7d30\u90e8\u307e\u3067\u914d\u616e\u3057\u307e\u3059\u3002 <strong data-start=\"772\" data-end=\"800\">\u30e1\u30ad\u30b7\u30b3\u306e\u30d9\u30b9\u30c8\u30fb\u30d1\u30fc\u30c8\u30ca\u30fc<\/strong>\u3042\u306a\u305f\u306e\u9867\u5ba2\u306f\u3001\u6700\u3082\u91cd\u8981\u306a\u3053\u3068\u3060\u3051\u306b\u96c6\u4e2d\u3059\u308c\u3070\u3088\u3044\u306e\u3067\u3059\uff1a <strong data-start=\"865\" data-end=\"887\">\u65c5\u3092\u697d\u3057\u3080<\/strong>.<\/p><p style=\"text-align: center;\" data-start=\"892\" data-end=\"938\">\u00a0<\/p>\t\t\t\t\t\t\t\t<\/div>\n\t\t\t\t<\/div>\n\t\t\t\t<\/div>\n\t\t\t\t\t<\/div>\n\t\t\t\t<\/div>\n\t\t<div class=\"elementor-element elementor-element-910bab2 e-flex e-con-boxed e-con e-parent\" data-id=\"910bab2\" data-element_type=\"container\" data-e-type=\"container\">\n\t\t\t\t\t<div class=\"e-con-inner\">\n\t\t\t\t<div class=\"elementor-element elementor-element-04b9fe5 elementor-widget elementor-widget-image\" data-id=\"04b9fe5\" data-element_type=\"widget\" data-e-type=\"widget\" data-widget_type=\"image.default\">\n\t\t\t\t<div class=\"elementor-widget-container\">\n\t\t\t\t\t\t\t\t\t\t\t\t\t\t\t<img fetchpriority=\"high\" decoding=\"async\" width=\"800\" height=\"326\" src=\"https:\/\/balamdmc.com\/wp-content\/uploads\/2024\/04\/Captura-de-Pantalla-2022-08-24-a-las-12.51.24-1024x417.png\" class=\"attachment-large size-large wp-image-110\" alt=\"\" srcset=\"https:\/\/balamdmc.com\/wp-content\/uploads\/2024\/04\/Captura-de-Pantalla-2022-08-24-a-las-12.51.24-1024x417.png 1024w, https:\/\/balamdmc.com\/wp-content\/uploads\/2024\/04\/Captura-de-Pantalla-2022-08-24-a-las-12.51.24-300x122.png 300w, https:\/\/balamdmc.com\/wp-content\/uploads\/2024\/04\/Captura-de-Pantalla-2022-08-24-a-las-12.51.24-768x312.png 768w, https:\/\/balamdmc.com\/wp-content\/uploads\/2024\/04\/Captura-de-Pantalla-2022-08-24-a-las-12.51.24-1536x625.png 1536w, https:\/\/balamdmc.com\/wp-content\/uploads\/2024\/04\/Captura-de-Pantalla-2022-08-24-a-las-12.51.24-2048x833.png 2048w, https:\/\/balamdmc.com\/wp-content\/uploads\/2024\/04\/Captura-de-Pantalla-2022-08-24-a-las-12.51.24-18x7.png 18w\" sizes=\"(max-width: 800px) 100vw, 800px\" \/>\t\t\t\t\t\t\t\t\t\t\t\t\t\t\t<\/div>\n\t\t\t\t<\/div>\n\t\t\t\t\t<\/div>\n\t\t\t\t<\/div>\n\t\t\t\t<\/div>","protected":false},"excerpt":{"rendered":"<p>Productos En Balam DMC hemos desarrollado una amplia variedad de productos y servicios dise\u00f1ados para que nuestras agencias aliadas tengan la tranquilidad de ofrecer a sus clientes experiencias \u00fanicas, seguras y memorables en M\u00e9xico. Nuestro portafolio abarca todo lo que un viajero puede necesitar durante su estancia: desde alojamiento y transportaci\u00f3n hasta experiencias personalizadas, estilo de vida y atenci\u00f3n VIP. Nos encargamos de cada detalle para que ustedes, como agencia, disfruten la confianza de contar con los mejores socios en M\u00e9xico, y sus clientes solo tengan que enfocarse en lo m\u00e1s importante: disfrutar su viaje. \u00a0<\/p>","protected":false},"author":1,"featured_media":0,"parent":0,"menu_order":0,"comment_status":"closed","ping_status":"closed","template":"","meta":{"footnotes":""},"class_list":["post-64","page","type-page","status-publish","hentry"],"_links":{"self":[{"href":"https:\/\/balamdmc.com\/ja\/wp-json\/wp\/v2\/pages\/64","targetHints":{"allow":["GET"]}}],"collection":[{"href":"https:\/\/balamdmc.com\/ja\/wp-json\/wp\/v2\/pages"}],"about":[{"href":"https:\/\/balamdmc.com\/ja\/wp-json\/wp\/v2\/types\/page"}],"author":[{"embeddable":true,"href":"https:\/\/balamdmc.com\/ja\/wp-json\/wp\/v2\/users\/1"}],"replies":[{"embeddable":true,"href":"https:\/\/balamdmc.com\/ja\/wp-json\/wp\/v2\/comments?post=64"}],"version-history":[{"count":4,"href":"https:\/\/balamdmc.com\/ja\/wp-json\/wp\/v2\/pages\/64\/revisions"}],"predecessor-version":[{"id":453,"href":"https:\/\/balamdmc.com\/ja\/wp-json\/wp\/v2\/pages\/64\/revisions\/453"}],"wp:attachment":[{"href":"https:\/\/balamdmc.com\/ja\/wp-json\/wp\/v2\/media?parent=64"}],"curies":[{"name":"wp","href":"https:\/\/api.w.org\/{rel}","templated":true}]}}