{"id":65,"date":"2024-04-05T20:07:40","date_gmt":"2024-04-05T20:07:40","guid":{"rendered":"https:\/\/balamdmc.com\/?page_id=65"},"modified":"2025-10-15T05:43:09","modified_gmt":"2025-10-15T05:43:09","slug":"contacto","status":"publish","type":"page","link":"https:\/\/balamdmc.com\/ja\/contacto\/","title":{"rendered":"\u9023\u7d61\u5148"},"content":{"rendered":"<div data-elementor-type=\"wp-page\" data-elementor-id=\"65\" class=\"elementor elementor-65\" data-elementor-post-type=\"page\">\n\t\t\t\t<div class=\"elementor-element elementor-element-4c004ee e-flex e-con-boxed e-con e-parent\" data-id=\"4c004ee\" data-element_type=\"container\" data-e-type=\"container\">\n\t\t\t\t\t<div class=\"e-con-inner\">\n\t\t\t\t<div class=\"elementor-element elementor-element-b7932a9 elementor-widget elementor-widget-spacer\" data-id=\"b7932a9\" data-element_type=\"widget\" data-e-type=\"widget\" data-widget_type=\"spacer.default\">\n\t\t\t\t<div class=\"elementor-widget-container\">\n\t\t\t\t\t\t\t<div class=\"elementor-spacer\">\n\t\t\t<div class=\"elementor-spacer-inner\"><\/div>\n\t\t<\/div>\n\t\t\t\t\t\t<\/div>\n\t\t\t\t<\/div>\n\t\t\t\t<div class=\"elementor-element elementor-element-676f653 elementor-widget elementor-widget-heading\" data-id=\"676f653\" data-element_type=\"widget\" data-e-type=\"widget\" data-widget_type=\"heading.default\">\n\t\t\t\t<div class=\"elementor-widget-container\">\n\t\t\t\t\t<h2 class=\"elementor-heading-title elementor-size-default\">\u9023\u7d61\u5148\n<\/h2>\t\t\t\t<\/div>\n\t\t\t\t<\/div>\n\t\t\t\t<div class=\"elementor-element elementor-element-390bf7d elementor-widget elementor-widget-spacer\" data-id=\"390bf7d\" data-element_type=\"widget\" data-e-type=\"widget\" data-widget_type=\"spacer.default\">\n\t\t\t\t<div class=\"elementor-widget-container\">\n\t\t\t\t\t\t\t<div class=\"elementor-spacer\">\n\t\t\t<div class=\"elementor-spacer-inner\"><\/div>\n\t\t<\/div>\n\t\t\t\t\t\t<\/div>\n\t\t\t\t<\/div>\n\t\t\t\t\t<\/div>\n\t\t\t\t<\/div>\n\t\t<div class=\"elementor-element elementor-element-06feb8b e-flex e-con-boxed e-con e-parent\" data-id=\"06feb8b\" data-element_type=\"container\" data-e-type=\"container\">\n\t\t\t\t\t<div class=\"e-con-inner\">\n\t\t<div class=\"elementor-element elementor-element-c2df8b9 e-con-full e-flex e-con e-child\" data-id=\"c2df8b9\" data-element_type=\"container\" data-e-type=\"container\">\n\t\t\t\t<\/div>\n\t\t<div class=\"elementor-element elementor-element-328e9be e-con-full e-flex e-con e-child\" data-id=\"328e9be\" data-element_type=\"container\" data-e-type=\"container\">\n\t\t\t\t<div class=\"elementor-element elementor-element-8ccadbc elementor-widget elementor-widget-text-editor\" data-id=\"8ccadbc\" data-element_type=\"widget\" data-e-type=\"widget\" data-widget_type=\"text-editor.default\">\n\t\t\t\t<div class=\"elementor-widget-container\">\n\t\t\t\t\t\t\t\t\t<p style=\"text-align: center;\" data-start=\"165\" data-end=\"252\">\u3044\u304b\u306a\u308b\u5834\u5408\u306b\u3082 <strong data-start=\"180\" data-end=\"212\">\u3054\u8981\u671b\u3001\u3054\u610f\u898b\u3001\u3054\u8cea\u554f<\/strong>\u3054\u9060\u616e\u306a\u304f\u304a\u554f\u3044\u5408\u308f\u305b\u304f\u3060\u3055\u3044\uff1a<\/p><p data-start=\"165\" data-end=\"252\">\u00a0<\/p><p style=\"text-align: center;\" data-start=\"254\" data-end=\"327\"><strong data-start=\"254\" data-end=\"264\">E\u30e1\u30fc\u30eb<\/strong> <a class=\"decorated-link cursor-pointer\" href=\"mailto:contact@balamdmc.com ?cc=juan@balamdmc.com; rodrigo@balamdmc.com; natalia@balamdmc.com; mariel@balamdmc.com\" rel=\"noopener\" data-start=\"265\" data-end=\"285\">contact@balamdmc.com<\/a><br data-start=\"285\" data-end=\"288\" \/><strong data-start=\"288\" data-end=\"308\">\u96fb\u8a71<\/strong> +52 55 9063 0144<\/p><p data-start=\"254\" data-end=\"327\">\u00a0<\/p><p style=\"text-align: center;\" data-start=\"329\" data-end=\"428\"><strong data-start=\"329\" data-end=\"347\">\u30e1\u30ad\u30b7\u30b3\u4e8b\u52d9\u6240<\/strong><br data-start=\"347\" data-end=\"350\" \/>\u30d6\u30eb\u30d0\u30fc\u30c9\u30fb\u30d1\u30eb\u30de\u30b9\u30d2\u30eb\u30ba1\u300111-115<br data-start=\"378\" data-end=\"381\" \/>52787 \u30e1\u30ad\u30b7\u30b3\u5408\u8846\u56fd\u30e1\u30ad\u30b7\u30b3\u5dde\u30d2\u30e5\u30a4\u30b9\u30ad\u30eb\u30ab\u30f3\u5e02<\/p><p data-start=\"329\" data-end=\"428\">\u00a0<\/p><p style=\"text-align: center;\" data-start=\"430\" data-end=\"529\"><strong data-start=\"430\" data-end=\"456\">\u7c73\u56fd\u4e8b\u52d9\u6240<\/strong><br data-start=\"456\" data-end=\"459\" \/>330 N Wabash Ave, 23-156<br data-start=\"484\" data-end=\"487\" \/>\u7c73\u56fd\u30a4\u30ea\u30ce\u30a4\u5dde\u30b7\u30ab\u30b4\u300160611<\/p>\t\t\t\t\t\t\t\t<\/div>\n\t\t\t\t<\/div>\n\t\t\t\t<\/div>\n\t\t<div class=\"elementor-element elementor-element-7ba35d1 e-con-full e-flex e-con e-child\" data-id=\"7ba35d1\" data-element_type=\"container\" data-e-type=\"container\">\n\t\t\t\t<\/div>\n\t\t\t\t\t<\/div>\n\t\t\t\t<\/div>\n\t\t<div class=\"elementor-element elementor-element-312d23a e-flex e-con-boxed e-con e-parent\" data-id=\"312d23a\" data-element_type=\"container\" data-e-type=\"container\">\n\t\t\t\t\t<div class=\"e-con-inner\">\n\t\t<div class=\"elementor-element elementor-element-dfd5bac e-con-full e-flex e-con e-child\" data-id=\"dfd5bac\" data-element_type=\"container\" data-e-type=\"container\">\n\t\t\t\t<\/div>\n\t\t<div class=\"elementor-element elementor-element-f78f7e3 e-con-full e-flex e-con e-child\" data-id=\"f78f7e3\" data-element_type=\"container\" data-e-type=\"container\">\n\t\t\t\t<\/div>\n\t\t\t\t\t<\/div>\n\t\t\t\t<\/div>\n\t\t\t\t<\/div>","protected":false},"excerpt":{"rendered":"<p>Contacto Para cualquier solicitud, comentario o duda, no dude en comunicarse con nosotros: \u00a0 Email: contact@balamdmc.comTel\u00e9fono: +52 55 9063 0144 \u00a0 Oficina M\u00e9xicoBlvd. Palmas Hills 1, 11-115Huixquilucan, Estado de M\u00e9xico, M\u00e9xico, 52787 \u00a0 Oficina Estados Unidos330 N Wabash Ave., 23-156Chicago, Illinois, Estados Unidos, 60611<\/p>","protected":false},"author":1,"featured_media":0,"parent":0,"menu_order":0,"comment_status":"closed","ping_status":"closed","template":"","meta":{"footnotes":""},"class_list":["post-65","page","type-page","status-publish","hentry"],"_links":{"self":[{"href":"https:\/\/balamdmc.com\/ja\/wp-json\/wp\/v2\/pages\/65","targetHints":{"allow":["GET"]}}],"collection":[{"href":"https:\/\/balamdmc.com\/ja\/wp-json\/wp\/v2\/pages"}],"about":[{"href":"https:\/\/balamdmc.com\/ja\/wp-json\/wp\/v2\/types\/page"}],"author":[{"embeddable":true,"href":"https:\/\/balamdmc.com\/ja\/wp-json\/wp\/v2\/users\/1"}],"replies":[{"embeddable":true,"href":"https:\/\/balamdmc.com\/ja\/wp-json\/wp\/v2\/comments?post=65"}],"version-history":[{"count":10,"href":"https:\/\/balamdmc.com\/ja\/wp-json\/wp\/v2\/pages\/65\/revisions"}],"predecessor-version":[{"id":476,"href":"https:\/\/balamdmc.com\/ja\/wp-json\/wp\/v2\/pages\/65\/revisions\/476"}],"wp:attachment":[{"href":"https:\/\/balamdmc.com\/ja\/wp-json\/wp\/v2\/media?parent=65"}],"curies":[{"name":"wp","href":"https:\/\/api.w.org\/{rel}","templated":true}]}}