{"id":66,"date":"2024-04-05T20:07:43","date_gmt":"2024-04-05T20:07:43","guid":{"rendered":"https:\/\/balamdmc.com\/?page_id=66"},"modified":"2025-10-15T05:09:33","modified_gmt":"2025-10-15T05:09:33","slug":"equipo","status":"publish","type":"page","link":"https:\/\/balamdmc.com\/ja\/equipo\/","title":{"rendered":"\u30c1\u30fc\u30e0"},"content":{"rendered":"<div data-elementor-type=\"wp-page\" data-elementor-id=\"66\" class=\"elementor elementor-66\" data-elementor-post-type=\"page\">\n\t\t\t\t<div class=\"elementor-element elementor-element-a7dbc5c e-flex e-con-boxed e-con e-parent\" data-id=\"a7dbc5c\" data-element_type=\"container\" data-e-type=\"container\">\n\t\t\t\t\t<div class=\"e-con-inner\">\n\t\t\t\t<div class=\"elementor-element elementor-element-3851cfc elementor-widget elementor-widget-spacer\" data-id=\"3851cfc\" data-element_type=\"widget\" data-e-type=\"widget\" data-widget_type=\"spacer.default\">\n\t\t\t\t<div class=\"elementor-widget-container\">\n\t\t\t\t\t\t\t<div class=\"elementor-spacer\">\n\t\t\t<div class=\"elementor-spacer-inner\"><\/div>\n\t\t<\/div>\n\t\t\t\t\t\t<\/div>\n\t\t\t\t<\/div>\n\t\t\t\t<div class=\"elementor-element elementor-element-9291a81 elementor-widget elementor-widget-heading\" data-id=\"9291a81\" data-element_type=\"widget\" data-e-type=\"widget\" data-widget_type=\"heading.default\">\n\t\t\t\t<div class=\"elementor-widget-container\">\n\t\t\t\t\t<h2 class=\"elementor-heading-title elementor-size-default\">\u30c1\u30fc\u30e0\u7d39\u4ecb<\/h2>\t\t\t\t<\/div>\n\t\t\t\t<\/div>\n\t\t\t\t<div class=\"elementor-element elementor-element-e518f29 elementor-widget elementor-widget-spacer\" data-id=\"e518f29\" data-element_type=\"widget\" data-e-type=\"widget\" data-widget_type=\"spacer.default\">\n\t\t\t\t<div class=\"elementor-widget-container\">\n\t\t\t\t\t\t\t<div class=\"elementor-spacer\">\n\t\t\t<div class=\"elementor-spacer-inner\"><\/div>\n\t\t<\/div>\n\t\t\t\t\t\t<\/div>\n\t\t\t\t<\/div>\n\t\t\t\t<div class=\"elementor-element elementor-element-07020ce elementor-widget elementor-widget-text-editor\" data-id=\"07020ce\" data-element_type=\"widget\" data-e-type=\"widget\" data-widget_type=\"text-editor.default\">\n\t\t\t\t<div class=\"elementor-widget-container\">\n\t\t\t\t\t\t\t\t\t<p style=\"text-align: center;\" data-start=\"170\" data-end=\"329\">\u79c1\u305f\u3061\u306f\u30e1\u30ad\u30b7\u30b3\u306e\u30d7\u30ed\u30d5\u30a7\u30c3\u30b7\u30e7\u30ca\u30eb\u3067\u69cb\u6210\u3055\u308c\u305f\u30c1\u30fc\u30e0\u3067\u3042\u308a\u3001\u89b3\u5149\u306b\u60c5\u71b1\u3092\u6ce8\u304e\u3001\u30e1\u30ad\u30b7\u30b3\u306e\u53ef\u80fd\u6027\u306b\u6df1\u3044\u8a87\u308a\u3092\u62b1\u3044\u3066\u3044\u308b\u3002 <strong data-start=\"284\" data-end=\"305\">\u30e1\u30ad\u30b7\u30b3\u3068\u305d\u306e\u4eba\u3005<\/strong> \u30e9\u30b0\u30b8\u30e5\u30a2\u30ea\u30fc\u30fb\u30c7\u30b9\u30c6\u30a3\u30cd\u30fc\u30b7\u30e7\u30f3\u3068\u3057\u3066\u3002<\/p><p style=\"text-align: center;\" data-start=\"331\" data-end=\"540\">\u79c1\u305f\u3061\u306f\u4ee5\u4e0b\u304b\u3089\u30a4\u30f3\u30b9\u30d4\u30ec\u30fc\u30b7\u30e7\u30f3\u3092\u53d7\u3051\u3066\u3044\u308b\u3002 <strong data-start=\"343\" data-end=\"376\">\u30e6\u30cb\u30fc\u30af\u306a\u65c5\u306e\u5275\u9020\u3068\u30c7\u30b6\u30a4\u30f3<\/strong>\u6587\u5316\u3001\u6b74\u53f2\u3001\u7f8e\u98df\u3001\u4eba\u9593\u7684\u306a\u6e29\u304b\u3055\u306a\u3069\u3001\u3053\u306e\u56fd\u306e\u771f\u9ac4\u3092\u767a\u898b\u3059\u308b\u3053\u3068\u304c\u3067\u304d\u308b\u3002<\/p><p style=\"text-align: center;\" data-start=\"542\" data-end=\"741\">\u304a\u5ba2\u69d8\u304c\u3001\u300c\u3053\u306e\u3088\u3046\u306a\u7d20\u6674\u3089\u3057\u3044\u7d4c\u9a13\u3092\u7a4d\u3093\u3067\u5e30\u56fd\u3055\u308c\u308b\u306e\u3092\u898b\u5c4a\u3051\u305f\u3044\u3002 <strong data-start=\"590\" data-end=\"609\">\u7d20\u9854\u306e\u7b11\u9854<\/strong> \u305d\u3057\u3066\u3001\u305d\u306e\u7d4c\u9a13\u3092\u5bb6\u65cf\u3084\u53cb\u4eba\u3068\u5206\u304b\u3061\u5408\u3044\u305f\u3044\u3068\u3044\u3046\u9858\u671b\u304c\u3001\u79c1\u305f\u3061\u306e\u9858\u3044\u3067\u3042\u308b\u3002 <strong data-start=\"684\" data-end=\"704\">\u9ad8\u3044\u30e2\u30c1\u30d9\u30fc\u30b7\u30e7\u30f3<\/strong> \u305d\u3057\u3066 <strong data-start=\"715\" data-end=\"738\">\u76ee\u7684\u7b2c\u4e00<\/strong>.<\/p>\t\t\t\t\t\t\t\t<\/div>\n\t\t\t\t<\/div>\n\t\t\t\t\t<\/div>\n\t\t\t\t<\/div>\n\t\t<div class=\"elementor-element elementor-element-1a3c7ff e-flex e-con-boxed e-con e-parent\" data-id=\"1a3c7ff\" data-element_type=\"container\" data-e-type=\"container\">\n\t\t\t\t\t<div class=\"e-con-inner\">\n\t\t<div class=\"elementor-element elementor-element-b6960d5 e-con-full e-flex e-con e-child\" data-id=\"b6960d5\" data-element_type=\"container\" data-e-type=\"container\">\n\t\t\t\t<div class=\"elementor-element elementor-element-bc5ca95 elementor-widget elementor-widget-image\" data-id=\"bc5ca95\" data-element_type=\"widget\" data-e-type=\"widget\" data-widget_type=\"image.default\">\n\t\t\t\t<div class=\"elementor-widget-container\">\n\t\t\t\t\t\t\t\t\t\t\t\t\t\t\t<img fetchpriority=\"high\" decoding=\"async\" width=\"300\" height=\"300\" src=\"https:\/\/balamdmc.com\/wp-content\/uploads\/2025\/10\/Fotos-Emotion-Creators-3-300x300.png\" class=\"attachment-medium size-medium wp-image-437\" alt=\"\" srcset=\"https:\/\/balamdmc.com\/wp-content\/uploads\/2025\/10\/Fotos-Emotion-Creators-3-300x300.png 300w, https:\/\/balamdmc.com\/wp-content\/uploads\/2025\/10\/Fotos-Emotion-Creators-3-150x150.png 150w, https:\/\/balamdmc.com\/wp-content\/uploads\/2025\/10\/Fotos-Emotion-Creators-3-12x12.png 12w, https:\/\/balamdmc.com\/wp-content\/uploads\/2025\/10\/Fotos-Emotion-Creators-3.png 500w\" sizes=\"(max-width: 300px) 100vw, 300px\" \/>\t\t\t\t\t\t\t\t\t\t\t\t\t\t\t<\/div>\n\t\t\t\t<\/div>\n\t\t\t\t<div class=\"elementor-element elementor-element-02d8d12 elementor-widget elementor-widget-heading\" data-id=\"02d8d12\" data-element_type=\"widget\" data-e-type=\"widget\" data-widget_type=\"heading.default\">\n\t\t\t\t<div class=\"elementor-widget-container\">\n\t\t\t\t\t<h4 class=\"elementor-heading-title elementor-size-default\">\u30d5\u30a1\u30f3\u30fb\u30de\u30cc\u30a8\u30eb\u30fb\u30a8\u30b9\u30b1\u30e9<\/h4>\t\t\t\t<\/div>\n\t\t\t\t<\/div>\n\t\t\t\t<\/div>\n\t\t<div class=\"elementor-element elementor-element-370e99c e-con-full e-flex e-con e-child\" data-id=\"370e99c\" data-element_type=\"container\" data-e-type=\"container\">\n\t\t\t\t<div class=\"elementor-element elementor-element-0d637ee elementor-widget elementor-widget-image\" data-id=\"0d637ee\" data-element_type=\"widget\" data-e-type=\"widget\" data-widget_type=\"image.default\">\n\t\t\t\t<div class=\"elementor-widget-container\">\n\t\t\t\t\t\t\t\t\t\t\t\t\t\t\t<img decoding=\"async\" src=\"https:\/\/balamdmc.com\/wp-content\/plugins\/elementor\/assets\/images\/placeholder.png\" title=\"\" alt=\"\" loading=\"lazy\" \/>\t\t\t\t\t\t\t\t\t\t\t\t\t\t\t<\/div>\n\t\t\t\t<\/div>\n\t\t\t\t<div class=\"elementor-element elementor-element-abea4d2 elementor-widget elementor-widget-heading\" data-id=\"abea4d2\" data-element_type=\"widget\" data-e-type=\"widget\" data-widget_type=\"heading.default\">\n\t\t\t\t<div class=\"elementor-widget-container\">\n\t\t\t\t\t<h4 class=\"elementor-heading-title elementor-size-default\">\u30de\u30ea\u30a8\u30eb\u30fb\u30b0\u30ea\u30fc\u30bd\u30f3<\/h4>\t\t\t\t<\/div>\n\t\t\t\t<\/div>\n\t\t\t\t<\/div>\n\t\t<div class=\"elementor-element elementor-element-fb9b893 e-con-full e-flex e-con e-child\" data-id=\"fb9b893\" data-element_type=\"container\" data-e-type=\"container\">\n\t\t\t\t<div class=\"elementor-element elementor-element-4241edb elementor-widget elementor-widget-image\" data-id=\"4241edb\" data-element_type=\"widget\" data-e-type=\"widget\" data-widget_type=\"image.default\">\n\t\t\t\t<div class=\"elementor-widget-container\">\n\t\t\t\t\t\t\t\t\t\t\t\t\t\t\t<img decoding=\"async\" src=\"https:\/\/balamdmc.com\/wp-content\/plugins\/elementor\/assets\/images\/placeholder.png\" title=\"\" alt=\"\" loading=\"lazy\" \/>\t\t\t\t\t\t\t\t\t\t\t\t\t\t\t<\/div>\n\t\t\t\t<\/div>\n\t\t\t\t<div class=\"elementor-element elementor-element-9c60f64 elementor-widget elementor-widget-heading\" data-id=\"9c60f64\" data-element_type=\"widget\" data-e-type=\"widget\" data-widget_type=\"heading.default\">\n\t\t\t\t<div class=\"elementor-widget-container\">\n\t\t\t\t\t<h4 class=\"elementor-heading-title elementor-size-default\">\u30ca\u30bf\u30ea\u30a2\u30fb\u30d8\u30e9\u30b9<\/h4>\t\t\t\t<\/div>\n\t\t\t\t<\/div>\n\t\t\t\t<\/div>\n\t\t<div class=\"elementor-element elementor-element-761f5a5 e-con-full e-flex e-con e-child\" data-id=\"761f5a5\" data-element_type=\"container\" data-e-type=\"container\">\n\t\t\t\t<div class=\"elementor-element elementor-element-bfc5cd5 elementor-widget elementor-widget-image\" data-id=\"bfc5cd5\" data-element_type=\"widget\" data-e-type=\"widget\" data-widget_type=\"image.default\">\n\t\t\t\t<div class=\"elementor-widget-container\">\n\t\t\t\t\t\t\t\t\t\t\t\t\t\t\t<img decoding=\"async\" src=\"https:\/\/balamdmc.com\/wp-content\/plugins\/elementor\/assets\/images\/placeholder.png\" title=\"\" alt=\"\" loading=\"lazy\" \/>\t\t\t\t\t\t\t\t\t\t\t\t\t\t\t<\/div>\n\t\t\t\t<\/div>\n\t\t\t\t<div class=\"elementor-element elementor-element-07803d9 elementor-widget elementor-widget-heading\" data-id=\"07803d9\" data-element_type=\"widget\" data-e-type=\"widget\" data-widget_type=\"heading.default\">\n\t\t\t\t<div class=\"elementor-widget-container\">\n\t\t\t\t\t<h4 class=\"elementor-heading-title elementor-size-default\">\u30ed\u30c9\u30ea\u30b4\u30fb\u30d2\u30e1\u30cd\u30b9<\/h4>\t\t\t\t<\/div>\n\t\t\t\t<\/div>\n\t\t\t\t<\/div>\n\t\t<div class=\"elementor-element elementor-element-c3b2853 e-con-full e-flex e-con e-child\" data-id=\"c3b2853\" data-element_type=\"container\" data-e-type=\"container\">\n\t\t\t\t<div class=\"elementor-element elementor-element-8812dcf elementor-widget elementor-widget-image\" data-id=\"8812dcf\" data-element_type=\"widget\" data-e-type=\"widget\" data-widget_type=\"image.default\">\n\t\t\t\t<div class=\"elementor-widget-container\">\n\t\t\t\t\t\t\t\t\t\t\t\t\t\t\t<img decoding=\"async\" src=\"https:\/\/balamdmc.com\/wp-content\/plugins\/elementor\/assets\/images\/placeholder.png\" title=\"\" alt=\"\" loading=\"lazy\" \/>\t\t\t\t\t\t\t\t\t\t\t\t\t\t\t<\/div>\n\t\t\t\t<\/div>\n\t\t\t\t<div class=\"elementor-element elementor-element-39316ee elementor-widget elementor-widget-heading\" data-id=\"39316ee\" data-element_type=\"widget\" data-e-type=\"widget\" data-widget_type=\"heading.default\">\n\t\t\t\t<div class=\"elementor-widget-container\">\n\t\t\t\t\t<h4 class=\"elementor-heading-title elementor-size-default\">\u30df\u30b7\u30a7\u30eb\u30fb\u30d5\u30eb\u30bf\u30fc\u30c9<\/h4>\t\t\t\t<\/div>\n\t\t\t\t<\/div>\n\t\t\t\t<\/div>\n\t\t<div class=\"elementor-element elementor-element-e0b7ae7 e-con-full e-flex e-con e-child\" data-id=\"e0b7ae7\" data-element_type=\"container\" data-e-type=\"container\">\n\t\t\t\t<div class=\"elementor-element elementor-element-e650107 elementor-widget elementor-widget-image\" data-id=\"e650107\" data-element_type=\"widget\" data-e-type=\"widget\" data-widget_type=\"image.default\">\n\t\t\t\t<div class=\"elementor-widget-container\">\n\t\t\t\t\t\t\t\t\t\t\t\t\t\t\t<img decoding=\"async\" src=\"https:\/\/balamdmc.com\/wp-content\/plugins\/elementor\/assets\/images\/placeholder.png\" title=\"\" alt=\"\" loading=\"lazy\" \/>\t\t\t\t\t\t\t\t\t\t\t\t\t\t\t<\/div>\n\t\t\t\t<\/div>\n\t\t\t\t<div class=\"elementor-element elementor-element-69084cd elementor-widget elementor-widget-heading\" data-id=\"69084cd\" data-element_type=\"widget\" data-e-type=\"widget\" data-widget_type=\"heading.default\">\n\t\t\t\t<div class=\"elementor-widget-container\">\n\t\t\t\t\t<h4 class=\"elementor-heading-title elementor-size-default\">\u30d5\u30a7\u30eb\u30ca\u30f3\u30c0\u30fb\u30a2\u30c0\u30ea\u30c9<\/h4>\t\t\t\t<\/div>\n\t\t\t\t<\/div>\n\t\t\t\t<\/div>\n\t\t<div class=\"elementor-element elementor-element-aa2baba e-con-full e-flex e-con e-child\" data-id=\"aa2baba\" data-element_type=\"container\" data-e-type=\"container\">\n\t\t\t\t<div class=\"elementor-element elementor-element-572c5d3 elementor-widget elementor-widget-image\" data-id=\"572c5d3\" data-element_type=\"widget\" data-e-type=\"widget\" data-widget_type=\"image.default\">\n\t\t\t\t<div class=\"elementor-widget-container\">\n\t\t\t\t\t\t\t\t\t\t\t\t\t\t\t<img decoding=\"async\" src=\"https:\/\/balamdmc.com\/wp-content\/plugins\/elementor\/assets\/images\/placeholder.png\" title=\"\" alt=\"\" loading=\"lazy\" \/>\t\t\t\t\t\t\t\t\t\t\t\t\t\t\t<\/div>\n\t\t\t\t<\/div>\n\t\t\t\t<div class=\"elementor-element elementor-element-e7e9f23 elementor-widget elementor-widget-heading\" data-id=\"e7e9f23\" data-element_type=\"widget\" data-e-type=\"widget\" data-widget_type=\"heading.default\">\n\t\t\t\t<div class=\"elementor-widget-container\">\n\t\t\t\t\t<h4 class=\"elementor-heading-title elementor-size-default\">\u30af\u30e9\u30a6\u30c7\u30a3\u30a2\u30fb\u30cf\u30a4\u30e1<\/h4>\t\t\t\t<\/div>\n\t\t\t\t<\/div>\n\t\t\t\t<\/div>\n\t\t<div class=\"elementor-element elementor-element-fed95c4 e-con-full e-flex e-con e-child\" data-id=\"fed95c4\" data-element_type=\"container\" data-e-type=\"container\">\n\t\t\t\t<div class=\"elementor-element elementor-element-294ac66 elementor-widget elementor-widget-image\" data-id=\"294ac66\" data-element_type=\"widget\" data-e-type=\"widget\" data-widget_type=\"image.default\">\n\t\t\t\t<div class=\"elementor-widget-container\">\n\t\t\t\t\t\t\t\t\t\t\t\t\t\t\t<img decoding=\"async\" src=\"https:\/\/balamdmc.com\/wp-content\/plugins\/elementor\/assets\/images\/placeholder.png\" title=\"\" alt=\"\" loading=\"lazy\" \/>\t\t\t\t\t\t\t\t\t\t\t\t\t\t\t<\/div>\n\t\t\t\t<\/div>\n\t\t\t\t<div class=\"elementor-element elementor-element-1faff79 elementor-widget elementor-widget-heading\" data-id=\"1faff79\" data-element_type=\"widget\" data-e-type=\"widget\" data-widget_type=\"heading.default\">\n\t\t\t\t<div class=\"elementor-widget-container\">\n\t\t\t\t\t<h4 class=\"elementor-heading-title elementor-size-default\">\u30a4\u30b0\u30ca\u30b7\u30aa\u30fb\u30a8\u30b9\u30b1\u30e9<\/h4>\t\t\t\t<\/div>\n\t\t\t\t<\/div>\n\t\t\t\t<\/div>\n\t\t<div class=\"elementor-element elementor-element-d5d8aa6 e-con-full e-flex e-con e-child\" data-id=\"d5d8aa6\" data-element_type=\"container\" data-e-type=\"container\">\n\t\t\t\t<div class=\"elementor-element elementor-element-196e9f0 elementor-widget elementor-widget-image\" data-id=\"196e9f0\" data-element_type=\"widget\" data-e-type=\"widget\" data-widget_type=\"image.default\">\n\t\t\t\t<div class=\"elementor-widget-container\">\n\t\t\t\t\t\t\t\t\t\t\t\t\t\t\t<img decoding=\"async\" src=\"https:\/\/balamdmc.com\/wp-content\/plugins\/elementor\/assets\/images\/placeholder.png\" title=\"\" alt=\"\" loading=\"lazy\" \/>\t\t\t\t\t\t\t\t\t\t\t\t\t\t\t<\/div>\n\t\t\t\t<\/div>\n\t\t\t\t<div class=\"elementor-element elementor-element-26d423d elementor-widget elementor-widget-heading\" data-id=\"26d423d\" data-element_type=\"widget\" data-e-type=\"widget\" data-widget_type=\"heading.default\">\n\t\t\t\t<div class=\"elementor-widget-container\">\n\t\t\t\t\t<h4 class=\"elementor-heading-title elementor-size-default\">\u30df\u30b2\u30eb\u30fb\u30a2\u30f3\u30d8\u30eb\u30fb\u30a8\u30b9\u30b1\u30e9<\/h4>\t\t\t\t<\/div>\n\t\t\t\t<\/div>\n\t\t\t\t<\/div>\n\t\t<div class=\"elementor-element elementor-element-e5018c5 e-con-full e-flex e-con e-child\" data-id=\"e5018c5\" data-element_type=\"container\" data-e-type=\"container\">\n\t\t\t\t<div class=\"elementor-element elementor-element-94f5bf3 elementor-widget elementor-widget-image\" data-id=\"94f5bf3\" data-element_type=\"widget\" data-e-type=\"widget\" data-widget_type=\"image.default\">\n\t\t\t\t<div class=\"elementor-widget-container\">\n\t\t\t\t\t\t\t\t\t\t\t\t\t\t\t<img decoding=\"async\" src=\"https:\/\/balamdmc.com\/wp-content\/plugins\/elementor\/assets\/images\/placeholder.png\" title=\"\" alt=\"\" loading=\"lazy\" \/>\t\t\t\t\t\t\t\t\t\t\t\t\t\t\t<\/div>\n\t\t\t\t<\/div>\n\t\t\t\t<div class=\"elementor-element elementor-element-b6486f8 elementor-widget elementor-widget-heading\" data-id=\"b6486f8\" data-element_type=\"widget\" data-e-type=\"widget\" data-widget_type=\"heading.default\">\n\t\t\t\t<div class=\"elementor-widget-container\">\n\t\t\t\t\t<h4 class=\"elementor-heading-title elementor-size-default\">\u30c0\u30a4\u30a2\u30ca\u30fb\u30d9\u30e9<\/h4>\t\t\t\t<\/div>\n\t\t\t\t<\/div>\n\t\t\t\t<\/div>\n\t\t<div class=\"elementor-element elementor-element-83b1a7a e-con-full e-flex e-con e-child\" data-id=\"83b1a7a\" data-element_type=\"container\" data-e-type=\"container\">\n\t\t\t\t<div class=\"elementor-element elementor-element-d622d36 elementor-widget elementor-widget-image\" data-id=\"d622d36\" data-element_type=\"widget\" data-e-type=\"widget\" data-widget_type=\"image.default\">\n\t\t\t\t<div class=\"elementor-widget-container\">\n\t\t\t\t\t\t\t\t\t\t\t\t\t\t\t<img decoding=\"async\" src=\"https:\/\/balamdmc.com\/wp-content\/plugins\/elementor\/assets\/images\/placeholder.png\" title=\"\" alt=\"\" loading=\"lazy\" \/>\t\t\t\t\t\t\t\t\t\t\t\t\t\t\t<\/div>\n\t\t\t\t<\/div>\n\t\t\t\t<div class=\"elementor-element elementor-element-e181ad6 elementor-widget elementor-widget-heading\" data-id=\"e181ad6\" data-element_type=\"widget\" data-e-type=\"widget\" data-widget_type=\"heading.default\">\n\t\t\t\t<div class=\"elementor-widget-container\">\n\t\t\t\t\t<h4 class=\"elementor-heading-title elementor-size-default\">\u30bd\u30d5\u30a3\u30a2\u30fb\u30d7\u30a8\u30f3\u30c6<\/h4>\t\t\t\t<\/div>\n\t\t\t\t<\/div>\n\t\t\t\t<\/div>\n\t\t<div class=\"elementor-element elementor-element-9c2bbf8 e-con-full e-flex e-con e-child\" data-id=\"9c2bbf8\" data-element_type=\"container\" data-e-type=\"container\">\n\t\t\t\t<div class=\"elementor-element elementor-element-2dd69c1 elementor-widget elementor-widget-image\" data-id=\"2dd69c1\" data-element_type=\"widget\" data-e-type=\"widget\" data-widget_type=\"image.default\">\n\t\t\t\t<div class=\"elementor-widget-container\">\n\t\t\t\t\t\t\t\t\t\t\t\t\t\t\t<img decoding=\"async\" src=\"https:\/\/balamdmc.com\/wp-content\/plugins\/elementor\/assets\/images\/placeholder.png\" title=\"\" alt=\"\" loading=\"lazy\" \/>\t\t\t\t\t\t\t\t\t\t\t\t\t\t\t<\/div>\n\t\t\t\t<\/div>\n\t\t\t\t<div class=\"elementor-element elementor-element-bb893c1 elementor-widget elementor-widget-heading\" data-id=\"bb893c1\" data-element_type=\"widget\" data-e-type=\"widget\" data-widget_type=\"heading.default\">\n\t\t\t\t<div class=\"elementor-widget-container\">\n\t\t\t\t\t<h4 class=\"elementor-heading-title elementor-size-default\">\u30bb\u30b7\u30ea\u30a2\u30fb\u30b8\u30e5\u30f3\u30b3<\/h4>\t\t\t\t<\/div>\n\t\t\t\t<\/div>\n\t\t\t\t<\/div>\n\t\t\t\t\t<\/div>\n\t\t\t\t<\/div>\n\t\t\t\t<\/div>","protected":false},"excerpt":{"rendered":"<p>Nuestro Equipo Somos un equipo de profesionales mexicanos apasionados por el turismo y profundamente orgullosos del potencial de M\u00e9xico y su gente como destino de lujo. Nos inspira crear y dise\u00f1ar viajes \u00fanicos, llenos de autenticidad, que permitan a cada viajero descubrir la verdadera esencia de nuestro pa\u00eds: su cultura, su historia, su gastronom\u00eda y su calidez humana. Ver a nuestros clientes regresar a casa con una sonrisa genuina y el deseo de compartir su experiencia con familiares y amigos es nuestra mayor motivaci\u00f3n y nuestro objetivo n\u00famero uno. Juan Manuel Ezquerra Mariel Gleason Natalia Heras Rodrigo Jimenez Michelle Hurtado Fernanda Adalid Claudia Jaime Ignacio Ezquerra Miguel Angel Ezquerra Diana [&hellip;]<\/p>\n","protected":false},"author":1,"featured_media":0,"parent":0,"menu_order":0,"comment_status":"closed","ping_status":"closed","template":"","meta":{"footnotes":""},"class_list":["post-66","page","type-page","status-publish","hentry"],"_links":{"self":[{"href":"https:\/\/balamdmc.com\/ja\/wp-json\/wp\/v2\/pages\/66","targetHints":{"allow":["GET"]}}],"collection":[{"href":"https:\/\/balamdmc.com\/ja\/wp-json\/wp\/v2\/pages"}],"about":[{"href":"https:\/\/balamdmc.com\/ja\/wp-json\/wp\/v2\/types\/page"}],"author":[{"embeddable":true,"href":"https:\/\/balamdmc.com\/ja\/wp-json\/wp\/v2\/users\/1"}],"replies":[{"embeddable":true,"href":"https:\/\/balamdmc.com\/ja\/wp-json\/wp\/v2\/comments?post=66"}],"version-history":[{"count":10,"href":"https:\/\/balamdmc.com\/ja\/wp-json\/wp\/v2\/pages\/66\/revisions"}],"predecessor-version":[{"id":446,"href":"https:\/\/balamdmc.com\/ja\/wp-json\/wp\/v2\/pages\/66\/revisions\/446"}],"wp:attachment":[{"href":"https:\/\/balamdmc.com\/ja\/wp-json\/wp\/v2\/media?parent=66"}],"curies":[{"name":"wp","href":"https:\/\/api.w.org\/{rel}","templated":true}]}}