{"id":69,"date":"2024-04-05T19:24:41","date_gmt":"2024-04-05T19:24:41","guid":{"rendered":"https:\/\/balamdmc.com\/?page_id=69"},"modified":"2025-10-15T04:55:16","modified_gmt":"2025-10-15T04:55:16","slug":"como-trabajamos","status":"publish","type":"page","link":"https:\/\/balamdmc.com\/ja\/como-trabajamos\/","title":{"rendered":"\u3069\u306e\u3088\u3046\u306b\u4ed5\u4e8b\u3092\u3059\u308b\u306e\u304b\uff1f"},"content":{"rendered":"<div data-elementor-type=\"wp-page\" data-elementor-id=\"69\" class=\"elementor elementor-69\" data-elementor-post-type=\"page\">\n\t\t\t\t<div class=\"elementor-element elementor-element-a97edd6 e-flex e-con-boxed e-con e-parent\" data-id=\"a97edd6\" data-element_type=\"container\" data-e-type=\"container\">\n\t\t\t\t\t<div class=\"e-con-inner\">\n\t\t\t\t<div class=\"elementor-element elementor-element-a9bce78 elementor-widget elementor-widget-spacer\" data-id=\"a9bce78\" data-element_type=\"widget\" data-e-type=\"widget\" data-widget_type=\"spacer.default\">\n\t\t\t\t<div class=\"elementor-widget-container\">\n\t\t\t\t\t\t\t<div class=\"elementor-spacer\">\n\t\t\t<div class=\"elementor-spacer-inner\"><\/div>\n\t\t<\/div>\n\t\t\t\t\t\t<\/div>\n\t\t\t\t<\/div>\n\t\t\t\t<div class=\"elementor-element elementor-element-f9d6fff elementor-widget elementor-widget-heading\" data-id=\"f9d6fff\" data-element_type=\"widget\" data-e-type=\"widget\" data-widget_type=\"heading.default\">\n\t\t\t\t<div class=\"elementor-widget-container\">\n\t\t\t\t\t<h2 class=\"elementor-heading-title elementor-size-default\">\u3069\u306e\u3088\u3046\u306b\u4ed5\u4e8b\u3092\u3059\u308b\u306e\u304b\uff1f<\/h2>\t\t\t\t<\/div>\n\t\t\t\t<\/div>\n\t\t\t\t<div class=\"elementor-element elementor-element-4ff6123 elementor-widget elementor-widget-spacer\" data-id=\"4ff6123\" data-element_type=\"widget\" data-e-type=\"widget\" data-widget_type=\"spacer.default\">\n\t\t\t\t<div class=\"elementor-widget-container\">\n\t\t\t\t\t\t\t<div class=\"elementor-spacer\">\n\t\t\t<div class=\"elementor-spacer-inner\"><\/div>\n\t\t<\/div>\n\t\t\t\t\t\t<\/div>\n\t\t\t\t<\/div>\n\t\t\t\t\t<\/div>\n\t\t\t\t<\/div>\n\t\t<div class=\"elementor-element elementor-element-06af4bc e-flex e-con-boxed e-con e-parent\" data-id=\"06af4bc\" data-element_type=\"container\" data-e-type=\"container\">\n\t\t\t\t\t<div class=\"e-con-inner\">\n\t\t<div class=\"elementor-element elementor-element-07093d5 e-con-full e-flex e-con e-child\" data-id=\"07093d5\" data-element_type=\"container\" data-e-type=\"container\">\n\t\t\t\t<\/div>\n\t\t<div class=\"elementor-element elementor-element-66bc0ac e-con-full e-flex e-con e-child\" data-id=\"66bc0ac\" data-element_type=\"container\" data-e-type=\"container\">\n\t\t\t\t<div class=\"elementor-element elementor-element-ad95969 elementor-widget elementor-widget-image\" data-id=\"ad95969\" data-element_type=\"widget\" data-e-type=\"widget\" data-widget_type=\"image.default\">\n\t\t\t\t<div class=\"elementor-widget-container\">\n\t\t\t\t\t\t\t\t\t\t\t\t\t\t\t<img fetchpriority=\"high\" decoding=\"async\" width=\"768\" height=\"1152\" src=\"https:\/\/balamdmc.com\/wp-content\/uploads\/2024\/04\/pexels-felipe-perez-12282043-768x1152.jpg\" class=\"attachment-medium_large size-medium_large wp-image-136\" alt=\"\" srcset=\"https:\/\/balamdmc.com\/wp-content\/uploads\/2024\/04\/pexels-felipe-perez-12282043-768x1152.jpg 768w, https:\/\/balamdmc.com\/wp-content\/uploads\/2024\/04\/pexels-felipe-perez-12282043-200x300.jpg 200w, https:\/\/balamdmc.com\/wp-content\/uploads\/2024\/04\/pexels-felipe-perez-12282043-683x1024.jpg 683w, https:\/\/balamdmc.com\/wp-content\/uploads\/2024\/04\/pexels-felipe-perez-12282043-1024x1536.jpg 1024w, https:\/\/balamdmc.com\/wp-content\/uploads\/2024\/04\/pexels-felipe-perez-12282043-1365x2048.jpg 1365w, https:\/\/balamdmc.com\/wp-content\/uploads\/2024\/04\/pexels-felipe-perez-12282043-8x12.jpg 8w, https:\/\/balamdmc.com\/wp-content\/uploads\/2024\/04\/pexels-felipe-perez-12282043-scaled.jpg 1706w\" sizes=\"(max-width: 768px) 100vw, 768px\" \/>\t\t\t\t\t\t\t\t\t\t\t\t\t\t\t<\/div>\n\t\t\t\t<\/div>\n\t\t\t\t<div class=\"elementor-element elementor-element-e7078bc elementor-widget elementor-widget-heading\" data-id=\"e7078bc\" data-element_type=\"widget\" data-e-type=\"widget\" data-widget_type=\"heading.default\">\n\t\t\t\t<div class=\"elementor-widget-container\">\n\t\t\t\t\t<h4 class=\"elementor-heading-title elementor-size-default\">\u79c1\u305f\u3061\u306f\u3001\u65c5\u884c\u4ee3\u7406\u5e97\u3068\u5354\u529b\u3057\u3001\u65c5\u884c\u4ee3\u7406\u5e97\u3092\u7518\u3084\u304b\u3057\u3001\u3059\u3079\u3066\u306e\u4eba\u306b\u4fa1\u5024\u3092\u751f\u307f\u51fa\u3059\u3001\u9577\u671f\u7684\u3067\u4fe1\u983c\u3067\u304d\u308b\u826f\u597d\u306a\u95a2\u4fc2\u3092\u7bc9\u304f\u3053\u3068\u3092\u5927\u5207\u306b\u3057\u3066\u3044\u307e\u3059\u3002<\/h4>\t\t\t\t<\/div>\n\t\t\t\t<\/div>\n\t\t\t\t<\/div>\n\t\t<div class=\"elementor-element elementor-element-13aaece e-con-full e-flex e-con e-child\" data-id=\"13aaece\" data-element_type=\"container\" data-e-type=\"container\">\n\t\t\t\t<\/div>\n\t\t\t\t\t<\/div>\n\t\t\t\t<\/div>\n\t\t<div class=\"elementor-element elementor-element-e7773d3 e-flex e-con-boxed e-con e-parent\" data-id=\"e7773d3\" data-element_type=\"container\" data-e-type=\"container\">\n\t\t\t\t\t<div class=\"e-con-inner\">\n\t\t\t\t<div class=\"elementor-element elementor-element-f1a3e58 elementor-widget elementor-widget-spacer\" data-id=\"f1a3e58\" data-element_type=\"widget\" data-e-type=\"widget\" data-widget_type=\"spacer.default\">\n\t\t\t\t<div class=\"elementor-widget-container\">\n\t\t\t\t\t\t\t<div class=\"elementor-spacer\">\n\t\t\t<div class=\"elementor-spacer-inner\"><\/div>\n\t\t<\/div>\n\t\t\t\t\t\t<\/div>\n\t\t\t\t<\/div>\n\t\t\t\t\t<\/div>\n\t\t\t\t<\/div>\n\t\t<div class=\"elementor-element elementor-element-eabfad7 e-flex e-con-boxed e-con e-parent\" data-id=\"eabfad7\" data-element_type=\"container\" data-e-type=\"container\">\n\t\t\t\t\t<div class=\"e-con-inner\">\n\t\t<div class=\"elementor-element elementor-element-aa4fd9e e-con-full e-flex e-con e-child\" data-id=\"aa4fd9e\" data-element_type=\"container\" data-e-type=\"container\">\n\t\t\t\t<div class=\"elementor-element elementor-element-21dd724 elementor-widget elementor-widget-image\" data-id=\"21dd724\" data-element_type=\"widget\" data-e-type=\"widget\" data-widget_type=\"image.default\">\n\t\t\t\t<div class=\"elementor-widget-container\">\n\t\t\t\t\t\t\t\t\t\t\t\t\t\t\t<img decoding=\"async\" width=\"750\" height=\"1024\" src=\"https:\/\/balamdmc.com\/wp-content\/uploads\/2024\/04\/pexels-fausto-hernandez-12276701-750x1024.jpg\" class=\"attachment-large size-large wp-image-135\" alt=\"\" srcset=\"https:\/\/balamdmc.com\/wp-content\/uploads\/2024\/04\/pexels-fausto-hernandez-12276701-750x1024.jpg 750w, https:\/\/balamdmc.com\/wp-content\/uploads\/2024\/04\/pexels-fausto-hernandez-12276701-220x300.jpg 220w, https:\/\/balamdmc.com\/wp-content\/uploads\/2024\/04\/pexels-fausto-hernandez-12276701-768x1048.jpg 768w, https:\/\/balamdmc.com\/wp-content\/uploads\/2024\/04\/pexels-fausto-hernandez-12276701-1125x1536.jpg 1125w, https:\/\/balamdmc.com\/wp-content\/uploads\/2024\/04\/pexels-fausto-hernandez-12276701-1501x2048.jpg 1501w, https:\/\/balamdmc.com\/wp-content\/uploads\/2024\/04\/pexels-fausto-hernandez-12276701-9x12.jpg 9w, https:\/\/balamdmc.com\/wp-content\/uploads\/2024\/04\/pexels-fausto-hernandez-12276701-scaled.jpg 1876w\" sizes=\"(max-width: 750px) 100vw, 750px\" \/>\t\t\t\t\t\t\t\t\t\t\t\t\t\t\t<\/div>\n\t\t\t\t<\/div>\n\t\t\t\t<\/div>\n\t\t<div class=\"elementor-element elementor-element-c938491 e-con-full e-flex e-con e-child\" data-id=\"c938491\" data-element_type=\"container\" data-e-type=\"container\">\n\t\t\t\t<div class=\"elementor-element elementor-element-b591ff1 elementor-widget elementor-widget-text-editor\" data-id=\"b591ff1\" data-element_type=\"widget\" data-e-type=\"widget\" data-widget_type=\"text-editor.default\">\n\t\t\t\t<div class=\"elementor-widget-container\">\n\t\t\t\t\t\t\t\t\t<h3 data-start=\"126\" data-end=\"186\"><strong data-start=\"130\" data-end=\"186\">\u65c5\u884c\u4f1a\u793e\u3068\u306e\u5354\u529b\u4f53\u5236<\/strong><\/h3><p data-start=\"188\" data-end=\"313\">\u3067 <strong data-start=\"191\" data-end=\"204\">\u30d0\u30e9\u30e0DMC<\/strong> \u79c1\u305f\u3061\u306f\u3001\u4fe1\u983c\u3001\u900f\u660e\u6027\u3001\u5354\u529b\u306b\u57fa\u3065\u3044\u305f\u95a2\u4fc2\u3092\u7bc9\u304d\u305f\u3044\u3068\u8003\u3048\u3066\u3044\u307e\u3059\u3002\u3053\u308c\u304c\u79c1\u305f\u3061\u306e\u4ed5\u4e8b\u306e\u3084\u308a\u65b9\u3067\u3059\uff1a<\/p><ul data-start=\"315\" data-end=\"978\"><li data-start=\"315\" data-end=\"389\"><p data-start=\"317\" data-end=\"389\"><strong data-start=\"317\" data-end=\"340\">B2B\u5c02\u7528\uff1a<\/strong> \u5f53\u793e\u306f\u65c5\u884c\u4ee3\u7406\u5e97\u306e\u307f\u3068\u63d0\u643a\u3057\u3066\u3044\u307e\u3059\u3002<\/p><\/li><li data-start=\"390\" data-end=\"490\"><p data-start=\"392\" data-end=\"490\"><strong data-start=\"392\" data-end=\"408\">\u30db\u30ef\u30a4\u30c8\u30ec\u30fc\u30d9\u30eb\uff1a<\/strong> \u79c1\u305f\u3061\u306f\u3001\u304a\u5ba2\u69d8\u306e\u30d1\u30fc\u30c8\u30ca\u30fc\u3068\u3057\u3066\u3001\u307e\u305f\u30e1\u30ad\u30b7\u30b3\u306b\u304a\u3051\u308b\u304a\u5ba2\u69d8\u306e\u30c1\u30fc\u30e0\u3068\u3057\u3066\u3001\u5e38\u306b\u304a\u5ba2\u69d8\u306e\u30d6\u30e9\u30f3\u30c9\u306e\u3082\u3068\u3067\u6d3b\u52d5\u3057\u3066\u3044\u307e\u3059\u3002<\/p><\/li><li data-start=\"491\" data-end=\"649\"><p data-start=\"493\" data-end=\"649\"><strong data-start=\"493\" data-end=\"505\">\u6599\u91d1<\/strong> \u79c1\u305f\u3061\u306f <strong data-start=\"521\" data-end=\"570\">\u30cd\u30c3\u30c8\u30fb\u30bf\u30ea\u30d5\u307e\u305f\u306f\u624b\u6570\u6599\u3092\u542b\u3080\u30bf\u30ea\u30d5<\/strong>\u65b0\u30b7\u30b9\u30c6\u30e0\u306f\u3001\u5404\u6a5f\u95a2\u306e\u30cb\u30fc\u30ba\u306b\u5fdc\u3058\u305f\u660e\u78ba\u6027\u3068\u67d4\u8edf\u6027\u3092\u4fdd\u8a3c\u3059\u308b\u3002<\/p><\/li><li data-start=\"650\" data-end=\"807\"><p data-start=\"652\" data-end=\"807\"><strong data-start=\"652\" data-end=\"679\">\u8ffd\u52a0\u306e\u30b3\u30df\u30c3\u30b7\u30e7\u30f3<\/strong> \u65c5\u884c\u8005\u304c\u65c5\u884c\u4e2d\u306b\u76f4\u63a5\u5951\u7d04\u3057\u305f\u30b5\u30fc\u30d3\u30b9\u306b\u3064\u3044\u3066\u306f\u3001\u4ee3\u7406\u5e97\u306b\u306f\u4ee5\u4e0b\u306e\u624b\u6570\u6599\u304c\u652f\u6255\u308f\u308c\u307e\u3059\u3002 <strong data-start=\"797\" data-end=\"804\">10%<\/strong>.<\/p><\/li><li data-start=\"808\" data-end=\"978\"><p data-start=\"810\" data-end=\"978\"><strong data-start=\"810\" data-end=\"837\">\u7d76\u3048\u9593\u306a\u3044\u30b3\u30df\u30e5\u30cb\u30b1\u30fc\u30b7\u30e7\u30f3\uff1a<\/strong> \u79c1\u305f\u3061\u306f\u3001\u65c5\u884c\u306e\u8a08\u753b\u304b\u3089\u5b9f\u65bd\u306b\u81f3\u308b\u307e\u3067\u3001\u3059\u3079\u3066\u306e\u30d7\u30ed\u30bb\u30b9\u306b\u304a\u3044\u3066\u3001\u6d41\u52d5\u7684\u3067\u30d1\u30fc\u30bd\u30ca\u30e9\u30a4\u30ba\u3055\u308c\u305f\u30b3\u30df\u30e5\u30cb\u30b1\u30fc\u30b7\u30e7\u30f3\u3092\u7dad\u6301\u3057\u307e\u3059\u3002<\/p><\/li><\/ul>\t\t\t\t\t\t\t\t<\/div>\n\t\t\t\t<\/div>\n\t\t\t\t<\/div>\n\t\t\t\t\t<\/div>\n\t\t\t\t<\/div>\n\t\t<div class=\"elementor-element elementor-element-34da367 e-flex e-con-boxed e-con e-parent\" data-id=\"34da367\" data-element_type=\"container\" data-e-type=\"container\">\n\t\t\t\t\t<div class=\"e-con-inner\">\n\t\t<div class=\"elementor-element elementor-element-fe4a98f e-con-full e-flex e-con e-child\" data-id=\"fe4a98f\" data-element_type=\"container\" data-e-type=\"container\">\n\t\t\t\t<div class=\"elementor-element elementor-element-91e243d elementor-widget elementor-widget-text-editor\" data-id=\"91e243d\" data-element_type=\"widget\" data-e-type=\"widget\" data-widget_type=\"text-editor.default\">\n\t\t\t\t<div class=\"elementor-widget-container\">\n\t\t\t\t\t\t\t\t\t<h3 data-start=\"122\" data-end=\"172\"><strong data-start=\"126\" data-end=\"172\">\u65c5\u884c\u8005\u3068\u306e\u95a2\u308f\u308a\u65b9<\/strong><\/h3><p data-start=\"174\" data-end=\"309\">\u3067 <strong data-start=\"177\" data-end=\"190\">\u30d0\u30e9\u30e0DMC<\/strong> \u79c1\u305f\u3061\u306f\u3001\u6700\u521d\u304b\u3089\u6700\u5f8c\u307e\u3067\u5b8c\u74a7\u306a\u4f53\u9a13\u304c\u3067\u304d\u308b\u3088\u3046\u3001\u7d30\u90e8\u306b\u307e\u3067\u6c17\u3092\u914d\u308a\u307e\u3059\u3002\u3053\u306e\u3088\u3046\u306b\u3001\u79c1\u305f\u3061\u306f\u304a\u5ba2\u69d8\u306e\u65c5\u884c\u8005\u3068\u4e00\u7dd2\u306b\u4ed5\u4e8b\u3092\u3057\u307e\u3059\uff1a<\/p><ul data-start=\"311\" data-end=\"920\"><li data-start=\"311\" data-end=\"408\"><p data-start=\"313\" data-end=\"408\"><strong data-start=\"313\" data-end=\"336\">\u7dcf\u5408\u7684\u306a\u67d4\u8edf\u6027\uff1a<\/strong> \u79c1\u305f\u3061\u306f\u65c5\u884c\u4e2d\u3001\u304a\u5ba2\u69d8\u306e\u30cb\u30fc\u30ba\u3084\u597d\u307f\u306b\u5408\u308f\u305b\u3066\u5bfe\u5fdc\u3057\u307e\u3059\u3002<\/p><\/li><li data-start=\"409\" data-end=\"541\"><p data-start=\"411\" data-end=\"541\"><strong data-start=\"411\" data-end=\"430\">\u591a\u8a00\u8a9e\u4e3b\u7fa9\uff1a<\/strong> \u79c1\u305f\u3061\u306f\u6b21\u306e\u3088\u3046\u306a\u30b5\u30fc\u30d3\u30b9\u3068\u5c02\u9580\u77e5\u8b58\u3092\u63d0\u4f9b\u3057\u3066\u3044\u307e\u3059\u3002 <strong data-start=\"469\" data-end=\"490\">10\u30f6\u56fd\u8a9e\u4ee5\u4e0a<\/strong>\u5e38\u306b\u5186\u6ed1\u306a\u30b3\u30df\u30e5\u30cb\u30b1\u30fc\u30b7\u30e7\u30f3\u3092\u78ba\u4fdd\u3059\u308b\u3002<\/p><\/li><li data-start=\"542\" data-end=\"650\"><p data-start=\"544\" data-end=\"650\"><strong data-start=\"544\" data-end=\"562\">\u5e74\u4e2d\u7121\u4f11\uff1a<\/strong> \u79c1\u305f\u3061\u306e\u30c1\u30fc\u30e0\u306f\u3001\u3069\u3093\u306a\u72b6\u6cc1\u306b\u3082\u5bfe\u5fdc\u3067\u304d\u308b\u3088\u3046\u3001\u3044\u3064\u3067\u3082\u5f85\u6a5f\u3057\u3066\u3044\u307e\u3059\u3002<\/p><\/li><li data-start=\"651\" data-end=\"790\"><p data-start=\"653\" data-end=\"790\"><strong data-start=\"653\" data-end=\"679\">\u30b3\u30f3\u30b7\u30a7\u30eb\u30b8\u30e5\u30fb\u30b5\u30fc\u30d3\u30b9\uff1a<\/strong> \u3054\u65c5\u884c\u4e2d\u3001\u7279\u5225\u306a\u3054\u8981\u671b\u3084\u500b\u4eba\u7684\u306a\u3054\u8981\u671b\u306b\u304a\u5fdc\u3048\u3059\u308b\u305f\u3081\u3001\u3054\u5951\u7d04\u304c\u3042\u308c\u3070\u3054\u5229\u7528\u3044\u305f\u3060\u3051\u307e\u3059\u3002<\/p><\/li><li data-start=\"791\" data-end=\"920\"><p data-start=\"793\" data-end=\"920\"><strong data-start=\"793\" data-end=\"823\">\u5353\u8d8a\u3057\u305f\u30b5\u30fc\u30d3\u30b9\uff1a<\/strong> \u3092\u63d0\u4f9b\u3059\u308b\u3002 <strong data-start=\"837\" data-end=\"893\">\u6700\u9ad8\u30ec\u30d9\u30eb\u306e\u914d\u616e\u3001\u30b3\u30df\u30c3\u30c8\u30e1\u30f3\u30c8\u3001\u610f\u6b32<\/strong> \u65c5\u306e\u3042\u3089\u3086\u308b\u6bb5\u968e\u3067\u3002<\/p><\/li><\/ul>\t\t\t\t\t\t\t\t<\/div>\n\t\t\t\t<\/div>\n\t\t\t\t<\/div>\n\t\t<div class=\"elementor-element elementor-element-32cfdff e-con-full e-flex e-con e-child\" data-id=\"32cfdff\" data-element_type=\"container\" data-e-type=\"container\">\n\t\t\t\t<div class=\"elementor-element elementor-element-a6709a0 elementor-widget elementor-widget-image\" data-id=\"a6709a0\" data-element_type=\"widget\" data-e-type=\"widget\" data-widget_type=\"image.default\">\n\t\t\t\t<div class=\"elementor-widget-container\">\n\t\t\t\t\t\t\t\t\t\t\t\t\t\t\t<img decoding=\"async\" width=\"681\" height=\"1024\" src=\"https:\/\/balamdmc.com\/wp-content\/uploads\/2024\/04\/pexels-jhovani-morales-12319997-681x1024.jpg\" class=\"attachment-large size-large wp-image-140\" alt=\"\" srcset=\"https:\/\/balamdmc.com\/wp-content\/uploads\/2024\/04\/pexels-jhovani-morales-12319997-681x1024.jpg 681w, https:\/\/balamdmc.com\/wp-content\/uploads\/2024\/04\/pexels-jhovani-morales-12319997-200x300.jpg 200w, https:\/\/balamdmc.com\/wp-content\/uploads\/2024\/04\/pexels-jhovani-morales-12319997-768x1154.jpg 768w, https:\/\/balamdmc.com\/wp-content\/uploads\/2024\/04\/pexels-jhovani-morales-12319997-1022x1536.jpg 1022w, https:\/\/balamdmc.com\/wp-content\/uploads\/2024\/04\/pexels-jhovani-morales-12319997-1362x2048.jpg 1362w, https:\/\/balamdmc.com\/wp-content\/uploads\/2024\/04\/pexels-jhovani-morales-12319997-8x12.jpg 8w, https:\/\/balamdmc.com\/wp-content\/uploads\/2024\/04\/pexels-jhovani-morales-12319997-scaled.jpg 1703w\" sizes=\"(max-width: 681px) 100vw, 681px\" \/>\t\t\t\t\t\t\t\t\t\t\t\t\t\t\t<\/div>\n\t\t\t\t<\/div>\n\t\t\t\t<\/div>\n\t\t\t\t\t<\/div>\n\t\t\t\t<\/div>\n\t\t\t\t<\/div>","protected":false},"excerpt":{"rendered":"<p>\u00bfC\u00f3mo trabajamos? Nos encanta trabajar junto a nuestras agencias de viajes y consentirlas, creando relaciones duraderas, aut\u00e9nticas y positivas que generen valor para todos. Nuestra forma de trabajar con las agencias de viajes En Balam DMC nos gusta construir relaciones basadas en confianza, transparencia y colaboraci\u00f3n. As\u00ed es como trabajamos: Exclusivamente B2B: colaboramos \u00fanicamente con agencias de viajes. White Label: operamos como tus socios y tu equipo en M\u00e9xico, actuando siempre bajo tu marca. Tarifas: trabajamos con tarifas netas o tarifas con comisi\u00f3n incluida, garantizando claridad y flexibilidad seg\u00fan las necesidades de cada agencia. Comisiones adicionales: en cualquier servicio que los viajeros contraten directamente durante su viaje, tu agencia recibir\u00e1 [&hellip;]<\/p>\n","protected":false},"author":1,"featured_media":0,"parent":0,"menu_order":0,"comment_status":"closed","ping_status":"closed","template":"","meta":{"footnotes":""},"class_list":["post-69","page","type-page","status-publish","hentry"],"_links":{"self":[{"href":"https:\/\/balamdmc.com\/ja\/wp-json\/wp\/v2\/pages\/69","targetHints":{"allow":["GET"]}}],"collection":[{"href":"https:\/\/balamdmc.com\/ja\/wp-json\/wp\/v2\/pages"}],"about":[{"href":"https:\/\/balamdmc.com\/ja\/wp-json\/wp\/v2\/types\/page"}],"author":[{"embeddable":true,"href":"https:\/\/balamdmc.com\/ja\/wp-json\/wp\/v2\/users\/1"}],"replies":[{"embeddable":true,"href":"https:\/\/balamdmc.com\/ja\/wp-json\/wp\/v2\/comments?post=69"}],"version-history":[{"count":4,"href":"https:\/\/balamdmc.com\/ja\/wp-json\/wp\/v2\/pages\/69\/revisions"}],"predecessor-version":[{"id":425,"href":"https:\/\/balamdmc.com\/ja\/wp-json\/wp\/v2\/pages\/69\/revisions\/425"}],"wp:attachment":[{"href":"https:\/\/balamdmc.com\/ja\/wp-json\/wp\/v2\/media?parent=69"}],"curies":[{"name":"wp","href":"https:\/\/api.w.org\/{rel}","templated":true}]}}