{"id":304,"date":"2025-10-15T02:01:19","date_gmt":"2025-10-15T02:01:19","guid":{"rendered":"https:\/\/balamdmc.com\/?page_id=304"},"modified":"2025-12-11T00:39:09","modified_gmt":"2025-12-11T00:39:09","slug":"2026-in-mexico","status":"publish","type":"page","link":"https:\/\/balamdmc.com\/pt\/2026-in-mexico\/","title":{"rendered":"Copa do Mundo de Futebol 2026 no M\u00e9xico"},"content":{"rendered":"<div data-elementor-type=\"wp-page\" data-elementor-id=\"304\" class=\"elementor elementor-304\" data-elementor-post-type=\"page\">\n\t\t\t\t<div class=\"elementor-element elementor-element-e45c870 e-flex e-con-boxed e-con e-parent\" data-id=\"e45c870\" data-element_type=\"container\" data-e-type=\"container\">\n\t\t\t\t\t<div class=\"e-con-inner\">\n\t\t\t\t<div class=\"elementor-element elementor-element-ad3c1fb elementor-widget elementor-widget-spacer\" data-id=\"ad3c1fb\" data-element_type=\"widget\" data-e-type=\"widget\" data-widget_type=\"spacer.default\">\n\t\t\t\t<div class=\"elementor-widget-container\">\n\t\t\t\t\t\t\t<div class=\"elementor-spacer\">\n\t\t\t<div class=\"elementor-spacer-inner\"><\/div>\n\t\t<\/div>\n\t\t\t\t\t\t<\/div>\n\t\t\t\t<\/div>\n\t\t\t\t<div class=\"elementor-element elementor-element-34c4b2f elementor-widget elementor-widget-heading\" data-id=\"34c4b2f\" data-element_type=\"widget\" data-e-type=\"widget\" data-widget_type=\"heading.default\">\n\t\t\t\t<div class=\"elementor-widget-container\">\n\t\t\t\t\t<h2 class=\"elementor-heading-title elementor-size-default\">Copa do Mundo da FIFA 2026 - M\u00e9xico<\/h2>\t\t\t\t<\/div>\n\t\t\t\t<\/div>\n\t\t\t\t\t<\/div>\n\t\t\t\t<\/div>\n\t\t<div class=\"elementor-element elementor-element-4b2a256 e-flex e-con-boxed e-con e-parent\" data-id=\"4b2a256\" data-element_type=\"container\" data-e-type=\"container\">\n\t\t\t\t\t<div class=\"e-con-inner\">\n\t\t\t\t<div class=\"elementor-element elementor-element-c34b5e7 elementor-widget elementor-widget-heading\" data-id=\"c34b5e7\" data-element_type=\"widget\" data-e-type=\"widget\" data-widget_type=\"heading.default\">\n\t\t\t\t<div class=\"elementor-widget-container\">\n\t\t\t\t\t<h5 class=\"elementor-heading-title elementor-size-default\">Seus clientes querem participar da Copa de Futebol de 2026 no M\u00e9xico?<\/h5>\t\t\t\t<\/div>\n\t\t\t\t<\/div>\n\t\t\t\t<div class=\"elementor-element elementor-element-3af7396 elementor-widget elementor-widget-text-editor\" data-id=\"3af7396\" data-element_type=\"widget\" data-e-type=\"widget\" data-widget_type=\"text-editor.default\">\n\t\t\t\t<div class=\"elementor-widget-container\">\n\t\t\t\t\t\t\t\t\t<p style=\"text-align: center;\" data-start=\"212\" data-end=\"571\">Em <strong data-start=\"272\" data-end=\"285\">Balam DMC<\/strong> ajudamos voc\u00ea a criar uma experi\u00eancia completa e inesquec\u00edvel. N\u00f3s cuidamos de <strong data-start=\"367\" data-end=\"478\">de todos os servi\u00e7os, incluindo acomoda\u00e7\u00e3o, transporte, experi\u00eancias exclusivas, festas e eventos especiais.<\/strong>bem como <strong data-start=\"492\" data-end=\"521\">pr\u00e9 e p\u00f3s-viagem<\/strong>&nbsp;para os destinos mais extraordin\u00e1rios do M\u00e9xico.<\/p>\n<p style=\"text-align: center;\" data-start=\"573\" data-end=\"721\">Confie em n\u00f3s para criar um programa sob medida que combine a emo\u00e7\u00e3o do futebol com a cultura, a gastronomia e a hospitalidade mexicanas.<\/p>\t\t\t\t\t\t\t\t<\/div>\n\t\t\t\t<\/div>\n\t\t\t\t<div class=\"elementor-element elementor-element-751b271 elementor-widget elementor-widget-heading\" data-id=\"751b271\" data-element_type=\"widget\" data-e-type=\"widget\" data-widget_type=\"heading.default\">\n\t\t\t\t<div class=\"elementor-widget-container\">\n\t\t\t\t\t<h5 class=\"elementor-heading-title elementor-size-default\">Clique aqui para nos enviar um e-mail e come\u00e7ar a planejar a experi\u00eancia perfeita para o grande evento em 2026.<\/h5>\t\t\t\t<\/div>\n\t\t\t\t<\/div>\n\t\t\t\t<div class=\"elementor-element elementor-element-478b821 elementor-align-center elementor-widget elementor-widget-button\" data-id=\"478b821\" data-element_type=\"widget\" data-e-type=\"widget\" data-widget_type=\"button.default\">\n\t\t\t\t<div class=\"elementor-widget-container\">\n\t\t\t\t\t\t\t\t\t<div class=\"elementor-button-wrapper\">\n\t\t\t\t\t<a class=\"elementor-button elementor-button-link elementor-size-sm\" href=\"mailto:wc26@balamdmc.com%20?subject=Request%20for%20WC%2026%20in%20Mexico%20&#038;cc=juan@balamdmc.com;%20rodrigo@balamdmc.com;natalia@balamdmc.com;%20mariel@balamdmc.com\">\n\t\t\t\t\t\t<span class=\"elementor-button-content-wrapper\">\n\t\t\t\t\t\t\t\t\t<span class=\"elementor-button-text\">Enviar e-mail<\/span>\n\t\t\t\t\t<\/span>\n\t\t\t\t\t<\/a>\n\t\t\t\t<\/div>\n\t\t\t\t\t\t\t\t<\/div>\n\t\t\t\t<\/div>\n\t\t\t\t\t<\/div>\n\t\t\t\t<\/div>\n\t\t\t\t<\/div>","protected":false},"excerpt":{"rendered":"<p>Copa de F\u00fatbol 2026 &#8211; M\u00e9xico \u00bfSus clientes quieren asistir a la Copa de F\u00fatbol 2026 en M\u00e9xico? En Balam DMC les ayudamos a dise\u00f1ar una experiencia completa e inolvidable. Nos encargamos de de todos los servicios incluyendo hospedaje, transportaci\u00f3n, experiencias exclusivas, fiestas y eventos especiales, as\u00ed como de viajes pre y post&nbsp;por los destinos [&hellip;]<\/p>\n","protected":false},"author":1,"featured_media":0,"parent":0,"menu_order":0,"comment_status":"closed","ping_status":"closed","template":"","meta":{"footnotes":""},"class_list":["post-304","page","type-page","status-publish","hentry"],"_links":{"self":[{"href":"https:\/\/balamdmc.com\/pt\/wp-json\/wp\/v2\/pages\/304","targetHints":{"allow":["GET"]}}],"collection":[{"href":"https:\/\/balamdmc.com\/pt\/wp-json\/wp\/v2\/pages"}],"about":[{"href":"https:\/\/balamdmc.com\/pt\/wp-json\/wp\/v2\/types\/page"}],"author":[{"embeddable":true,"href":"https:\/\/balamdmc.com\/pt\/wp-json\/wp\/v2\/users\/1"}],"replies":[{"embeddable":true,"href":"https:\/\/balamdmc.com\/pt\/wp-json\/wp\/v2\/comments?post=304"}],"version-history":[{"count":40,"href":"https:\/\/balamdmc.com\/pt\/wp-json\/wp\/v2\/pages\/304\/revisions"}],"predecessor-version":[{"id":578,"href":"https:\/\/balamdmc.com\/pt\/wp-json\/wp\/v2\/pages\/304\/revisions\/578"}],"wp:attachment":[{"href":"https:\/\/balamdmc.com\/pt\/wp-json\/wp\/v2\/media?parent=304"}],"curies":[{"name":"wp","href":"https:\/\/api.w.org\/{rel}","templated":true}]}}