{"id":65,"date":"2024-04-05T20:07:40","date_gmt":"2024-04-05T20:07:40","guid":{"rendered":"https:\/\/balamdmc.com\/?page_id=65"},"modified":"2025-10-15T05:43:09","modified_gmt":"2025-10-15T05:43:09","slug":"contacto","status":"publish","type":"page","link":"https:\/\/balamdmc.com\/pt\/contacto\/","title":{"rendered":"Contato"},"content":{"rendered":"<div data-elementor-type=\"wp-page\" data-elementor-id=\"65\" class=\"elementor elementor-65\" data-elementor-post-type=\"page\">\n\t\t\t\t<div class=\"elementor-element elementor-element-4c004ee e-flex e-con-boxed e-con e-parent\" data-id=\"4c004ee\" data-element_type=\"container\" data-e-type=\"container\">\n\t\t\t\t\t<div class=\"e-con-inner\">\n\t\t\t\t<div class=\"elementor-element elementor-element-b7932a9 elementor-widget elementor-widget-spacer\" data-id=\"b7932a9\" data-element_type=\"widget\" data-e-type=\"widget\" data-widget_type=\"spacer.default\">\n\t\t\t\t<div class=\"elementor-widget-container\">\n\t\t\t\t\t\t\t<div class=\"elementor-spacer\">\n\t\t\t<div class=\"elementor-spacer-inner\"><\/div>\n\t\t<\/div>\n\t\t\t\t\t\t<\/div>\n\t\t\t\t<\/div>\n\t\t\t\t<div class=\"elementor-element elementor-element-676f653 elementor-widget elementor-widget-heading\" data-id=\"676f653\" data-element_type=\"widget\" data-e-type=\"widget\" data-widget_type=\"heading.default\">\n\t\t\t\t<div class=\"elementor-widget-container\">\n\t\t\t\t\t<h2 class=\"elementor-heading-title elementor-size-default\">Contato\n<\/h2>\t\t\t\t<\/div>\n\t\t\t\t<\/div>\n\t\t\t\t<div class=\"elementor-element elementor-element-390bf7d elementor-widget elementor-widget-spacer\" data-id=\"390bf7d\" data-element_type=\"widget\" data-e-type=\"widget\" data-widget_type=\"spacer.default\">\n\t\t\t\t<div class=\"elementor-widget-container\">\n\t\t\t\t\t\t\t<div class=\"elementor-spacer\">\n\t\t\t<div class=\"elementor-spacer-inner\"><\/div>\n\t\t<\/div>\n\t\t\t\t\t\t<\/div>\n\t\t\t\t<\/div>\n\t\t\t\t\t<\/div>\n\t\t\t\t<\/div>\n\t\t<div class=\"elementor-element elementor-element-06feb8b e-flex e-con-boxed e-con e-parent\" data-id=\"06feb8b\" data-element_type=\"container\" data-e-type=\"container\">\n\t\t\t\t\t<div class=\"e-con-inner\">\n\t\t<div class=\"elementor-element elementor-element-c2df8b9 e-con-full e-flex e-con e-child\" data-id=\"c2df8b9\" data-element_type=\"container\" data-e-type=\"container\">\n\t\t\t\t<\/div>\n\t\t<div class=\"elementor-element elementor-element-328e9be e-con-full e-flex e-con e-child\" data-id=\"328e9be\" data-element_type=\"container\" data-e-type=\"container\">\n\t\t\t\t<div class=\"elementor-element elementor-element-8ccadbc elementor-widget elementor-widget-text-editor\" data-id=\"8ccadbc\" data-element_type=\"widget\" data-e-type=\"widget\" data-widget_type=\"text-editor.default\">\n\t\t\t\t<div class=\"elementor-widget-container\">\n\t\t\t\t\t\t\t\t\t<p style=\"text-align: center;\" data-start=\"165\" data-end=\"252\">Para qualquer <strong data-start=\"180\" data-end=\"212\">solicita\u00e7\u00e3o, coment\u00e1rio ou pergunta<\/strong>N\u00e3o hesite em entrar em contato conosco:<\/p><p data-start=\"165\" data-end=\"252\">\u00a0<\/p><p style=\"text-align: center;\" data-start=\"254\" data-end=\"327\"><strong data-start=\"254\" data-end=\"264\">E-mail:<\/strong> <a class=\"decorated-link cursor-pointer\" href=\"mailto:contact@balamdmc.com ?cc=juan@balamdmc.com; rodrigo@balamdmc.com; natalia@balamdmc.com; mariel@balamdmc.com\" rel=\"noopener\" data-start=\"265\" data-end=\"285\">contact@balamdmc.com<\/a><br data-start=\"285\" data-end=\"288\" \/><strong data-start=\"288\" data-end=\"308\">Telefone:<\/strong> +52 55 9063 0144<\/p><p data-start=\"254\" data-end=\"327\">\u00a0<\/p><p style=\"text-align: center;\" data-start=\"329\" data-end=\"428\"><strong data-start=\"329\" data-end=\"347\">Escrit\u00f3rio do M\u00e9xico<\/strong><br data-start=\"347\" data-end=\"350\" \/>Blvd. Palmas Hills 1, 11-115<br data-start=\"378\" data-end=\"381\" \/>Huixquilucan, Estado do M\u00e9xico, M\u00e9xico, 52787<\/p><p data-start=\"329\" data-end=\"428\">\u00a0<\/p><p style=\"text-align: center;\" data-start=\"430\" data-end=\"529\"><strong data-start=\"430\" data-end=\"456\">Escrit\u00f3rio nos Estados Unidos<\/strong><br data-start=\"456\" data-end=\"459\" \/>330 N Wabash Ave., 23-156<br data-start=\"484\" data-end=\"487\" \/>Chicago, Illinois, Estados Unidos, 60611<\/p>\t\t\t\t\t\t\t\t<\/div>\n\t\t\t\t<\/div>\n\t\t\t\t<\/div>\n\t\t<div class=\"elementor-element elementor-element-7ba35d1 e-con-full e-flex e-con e-child\" data-id=\"7ba35d1\" data-element_type=\"container\" data-e-type=\"container\">\n\t\t\t\t<\/div>\n\t\t\t\t\t<\/div>\n\t\t\t\t<\/div>\n\t\t<div class=\"elementor-element elementor-element-312d23a e-flex e-con-boxed e-con e-parent\" data-id=\"312d23a\" data-element_type=\"container\" data-e-type=\"container\">\n\t\t\t\t\t<div class=\"e-con-inner\">\n\t\t<div class=\"elementor-element elementor-element-dfd5bac e-con-full e-flex e-con e-child\" data-id=\"dfd5bac\" data-element_type=\"container\" data-e-type=\"container\">\n\t\t\t\t<\/div>\n\t\t<div class=\"elementor-element elementor-element-f78f7e3 e-con-full e-flex e-con e-child\" data-id=\"f78f7e3\" data-element_type=\"container\" data-e-type=\"container\">\n\t\t\t\t<\/div>\n\t\t\t\t\t<\/div>\n\t\t\t\t<\/div>\n\t\t\t\t<\/div>","protected":false},"excerpt":{"rendered":"<p>Contacto Para cualquier solicitud, comentario o duda, no dude en comunicarse con nosotros: \u00a0 Email: contact@balamdmc.comTel\u00e9fono: +52 55 9063 0144 \u00a0 Oficina M\u00e9xicoBlvd. Palmas Hills 1, 11-115Huixquilucan, Estado de M\u00e9xico, M\u00e9xico, 52787 \u00a0 Oficina Estados Unidos330 N Wabash Ave., 23-156Chicago, Illinois, Estados Unidos, 60611<\/p>","protected":false},"author":1,"featured_media":0,"parent":0,"menu_order":0,"comment_status":"closed","ping_status":"closed","template":"","meta":{"footnotes":""},"class_list":["post-65","page","type-page","status-publish","hentry"],"_links":{"self":[{"href":"https:\/\/balamdmc.com\/pt\/wp-json\/wp\/v2\/pages\/65","targetHints":{"allow":["GET"]}}],"collection":[{"href":"https:\/\/balamdmc.com\/pt\/wp-json\/wp\/v2\/pages"}],"about":[{"href":"https:\/\/balamdmc.com\/pt\/wp-json\/wp\/v2\/types\/page"}],"author":[{"embeddable":true,"href":"https:\/\/balamdmc.com\/pt\/wp-json\/wp\/v2\/users\/1"}],"replies":[{"embeddable":true,"href":"https:\/\/balamdmc.com\/pt\/wp-json\/wp\/v2\/comments?post=65"}],"version-history":[{"count":10,"href":"https:\/\/balamdmc.com\/pt\/wp-json\/wp\/v2\/pages\/65\/revisions"}],"predecessor-version":[{"id":476,"href":"https:\/\/balamdmc.com\/pt\/wp-json\/wp\/v2\/pages\/65\/revisions\/476"}],"wp:attachment":[{"href":"https:\/\/balamdmc.com\/pt\/wp-json\/wp\/v2\/media?parent=65"}],"curies":[{"name":"wp","href":"https:\/\/api.w.org\/{rel}","templated":true}]}}