{"id":508,"date":"2025-10-26T18:43:18","date_gmt":"2025-10-26T18:43:18","guid":{"rendered":"https:\/\/balamdmc.com\/?page_id=508"},"modified":"2025-12-11T00:46:10","modified_gmt":"2025-12-11T00:46:10","slug":"2026-football-cup-packages","status":"publish","type":"page","link":"https:\/\/balamdmc.com\/zh\/2026-football-cup-packages\/","title":{"rendered":"WC 2026 - \u8bc1\u4e66\u548c\u670d\u52a1\u76ee\u5f55"},"content":{"rendered":"<div data-elementor-type=\"wp-page\" data-elementor-id=\"508\" class=\"elementor elementor-508\" data-elementor-post-type=\"page\">\n\t\t\t\t<div class=\"elementor-element elementor-element-fe56a53 e-flex e-con-boxed e-con e-parent\" data-id=\"fe56a53\" data-element_type=\"container\" data-e-type=\"container\">\n\t\t\t\t\t<div class=\"e-con-inner\">\n\t\t\t\t<div class=\"elementor-element elementor-element-d140bdf elementor-widget elementor-widget-spacer\" data-id=\"d140bdf\" data-element_type=\"widget\" data-e-type=\"widget\" data-widget_type=\"spacer.default\">\n\t\t\t\t<div class=\"elementor-widget-container\">\n\t\t\t\t\t\t\t<div class=\"elementor-spacer\">\n\t\t\t<div class=\"elementor-spacer-inner\"><\/div>\n\t\t<\/div>\n\t\t\t\t\t\t<\/div>\n\t\t\t\t<\/div>\n\t\t\t\t<div class=\"elementor-element elementor-element-2194821 elementor-widget elementor-widget-heading\" data-id=\"2194821\" data-element_type=\"widget\" data-e-type=\"widget\" data-widget_type=\"heading.default\">\n\t\t\t\t<div class=\"elementor-widget-container\">\n\t\t\t\t\t<h2 class=\"elementor-heading-title elementor-size-default\">2026 \u5e74\u8db3\u7403\u676f\u8bc1\u4e66\u3001\u4ea7\u54c1\u548c\u670d\u52a1\u76ee\u5f55\u53ca\u5957\u9910\n<\/h2>\t\t\t\t<\/div>\n\t\t\t\t<\/div>\n\t\t\t\t<div class=\"elementor-element elementor-element-41e5a96 elementor-widget elementor-widget-spacer\" data-id=\"41e5a96\" data-element_type=\"widget\" data-e-type=\"widget\" data-widget_type=\"spacer.default\">\n\t\t\t\t<div class=\"elementor-widget-container\">\n\t\t\t\t\t\t\t<div class=\"elementor-spacer\">\n\t\t\t<div class=\"elementor-spacer-inner\"><\/div>\n\t\t<\/div>\n\t\t\t\t\t\t<\/div>\n\t\t\t\t<\/div>\n\t\t\t\t\t<\/div>\n\t\t\t\t<\/div>\n\t\t<div class=\"elementor-element elementor-element-04a16a6 e-flex e-con-boxed e-con e-parent\" data-id=\"04a16a6\" data-element_type=\"container\" data-e-type=\"container\">\n\t\t\t\t\t<div class=\"e-con-inner\">\n\t\t<div class=\"elementor-element elementor-element-c3a8302 e-con-full e-flex e-con e-child\" data-id=\"c3a8302\" data-element_type=\"container\" data-e-type=\"container\">\n\t\t\t\t<div class=\"elementor-element elementor-element-0872975 elementor-align-center elementor-widget elementor-widget-button\" data-id=\"0872975\" data-element_type=\"widget\" data-e-type=\"widget\" data-widget_type=\"button.default\">\n\t\t\t\t<div class=\"elementor-widget-container\">\n\t\t\t\t\t\t\t\t\t<div class=\"elementor-button-wrapper\">\n\t\t\t\t\t<a class=\"elementor-button elementor-button-link elementor-size-sm\" href=\"https:\/\/balamdmc.com\/wp-content\/uploads\/2025\/12\/Balam-DMC-Credentials-2026.pdf\" target=\"_blank\">\n\t\t\t\t\t\t<span class=\"elementor-button-content-wrapper\">\n\t\t\t\t\t\t\t\t\t<span class=\"elementor-button-text\">\u5df4\u5170 DMC \u8bc1\u4e66<\/span>\n\t\t\t\t\t<\/span>\n\t\t\t\t\t<\/a>\n\t\t\t\t<\/div>\n\t\t\t\t\t\t\t\t<\/div>\n\t\t\t\t<\/div>\n\t\t\t\t<\/div>\n\t\t<div class=\"elementor-element elementor-element-b76826e e-con-full e-flex e-con e-child\" data-id=\"b76826e\" data-element_type=\"container\" data-e-type=\"container\">\n\t\t\t\t<div class=\"elementor-element elementor-element-e3c0396 elementor-align-center elementor-widget elementor-widget-button\" data-id=\"e3c0396\" data-element_type=\"widget\" data-e-type=\"widget\" data-widget_type=\"button.default\">\n\t\t\t\t<div class=\"elementor-widget-container\">\n\t\t\t\t\t\t\t\t\t<div class=\"elementor-button-wrapper\">\n\t\t\t\t\t<a class=\"elementor-button elementor-button-link elementor-size-sm\" href=\"https:\/\/balamdmc.com\/wp-content\/uploads\/2025\/12\/Packages-2026-Mexico.pdf\" target=\"_blank\">\n\t\t\t\t\t\t<span class=\"elementor-button-content-wrapper\">\n\t\t\t\t\t\t\t\t\t<span class=\"elementor-button-text\">\u6bd4\u8d5b\u5957\u9910<\/span>\n\t\t\t\t\t<\/span>\n\t\t\t\t\t<\/a>\n\t\t\t\t<\/div>\n\t\t\t\t\t\t\t\t<\/div>\n\t\t\t\t<\/div>\n\t\t\t\t<\/div>\n\t\t<div class=\"elementor-element elementor-element-c95c997 e-con-full e-flex e-con e-child\" data-id=\"c95c997\" data-element_type=\"container\" data-e-type=\"container\">\n\t\t\t\t<div class=\"elementor-element elementor-element-74ccc39 elementor-align-center elementor-widget elementor-widget-button\" data-id=\"74ccc39\" data-element_type=\"widget\" data-e-type=\"widget\" data-widget_type=\"button.default\">\n\t\t\t\t<div class=\"elementor-widget-container\">\n\t\t\t\t\t\t\t\t\t<div class=\"elementor-button-wrapper\">\n\t\t\t\t\t<a class=\"elementor-button elementor-button-link elementor-size-sm\" href=\"https:\/\/balamdmc.com\/wp-content\/uploads\/2025\/12\/Products-and-Services-2026-Balam-DMC.pdf\" target=\"_blank\">\n\t\t\t\t\t\t<span class=\"elementor-button-content-wrapper\">\n\t\t\t\t\t\t\t\t\t<span class=\"elementor-button-text\">\u4ea7\u54c1\u548c\u670d\u52a1\u76ee\u5f55<\/span>\n\t\t\t\t\t<\/span>\n\t\t\t\t\t<\/a>\n\t\t\t\t<\/div>\n\t\t\t\t\t\t\t\t<\/div>\n\t\t\t\t<\/div>\n\t\t\t\t<\/div>\n\t\t\t\t\t<\/div>\n\t\t\t\t<\/div>\n\t\t<div class=\"elementor-element elementor-element-4eb9a8b e-flex e-con-boxed e-con e-parent\" data-id=\"4eb9a8b\" data-element_type=\"container\" data-e-type=\"container\">\n\t\t\t\t\t<div class=\"e-con-inner\">\n\t\t<div class=\"elementor-element elementor-element-1d5b157 e-con-full e-flex e-con e-child\" data-id=\"1d5b157\" data-element_type=\"container\" data-e-type=\"container\">\n\t\t\t\t<div class=\"elementor-element elementor-element-ce74787 elementor-widget elementor-widget-heading\" data-id=\"ce74787\" data-element_type=\"widget\" data-e-type=\"widget\" data-widget_type=\"heading.default\">\n\t\t\t\t<div class=\"elementor-widget-container\">\n\t\t\t\t\t<h5 class=\"elementor-heading-title elementor-size-default\">\u60a8\u7684\u5ba2\u6237\u60f3\u53c2\u52a0 2026 \u5e74\u58a8\u897f\u54e5\u4e16\u754c\u676f\u8db3\u7403\u8d5b\u5417\uff1f\n<\/h5>\t\t\t\t<\/div>\n\t\t\t\t<\/div>\n\t\t\t\t<div class=\"elementor-element elementor-element-363c9bc elementor-widget elementor-widget-text-editor\" data-id=\"363c9bc\" data-element_type=\"widget\" data-e-type=\"widget\" data-widget_type=\"text-editor.default\">\n\t\t\t\t<div class=\"elementor-widget-container\">\n\t\t\t\t\t\t\t\t\t<p style=\"text-align: center;\" data-start=\"212\" data-end=\"571\">\u5728 <strong data-start=\"272\" data-end=\"285\">Balam DMC<\/strong> \u6211\u4eec\u5e2e\u52a9\u60a8\u8bbe\u8ba1\u4e00\u4e2a\u5b8c\u6574\u800c\u96be\u5fd8\u7684\u4f53\u9a8c\u3002\u6211\u4eec\u8d1f\u8d23 <strong data-start=\"367\" data-end=\"478\">\u6240\u6709\u670d\u52a1\uff0c\u5305\u62ec\u4f4f\u5bbf\u3001\u4ea4\u901a\u3001\u72ec\u5bb6\u4f53\u9a8c\u3001\u6d3e\u5bf9\u548c\u7279\u522b\u6d3b\u52a8<\/strong>\u4ee5\u53ca <strong data-start=\"492\" data-end=\"521\">\u65c5\u884c\u524d\u540e <\/strong>\u524d\u5f80\u58a8\u897f\u54e5\u6700\u7279\u522b\u7684\u76ee\u7684\u5730\u3002<\/p><p style=\"text-align: center;\" data-start=\"573\" data-end=\"721\">\u8bf7\u76f8\u4fe1\u6211\u4eec\uff0c\u6211\u4eec\u4f1a\u4e3a\u60a8\u91cf\u8eab\u6253\u9020\u4e00\u4e2a\u5c06\u8db3\u7403\u7684\u6fc0\u60c5\u4e0e\u58a8\u897f\u54e5\u6587\u5316\u3001\u7f8e\u98df\u548c\u70ed\u60c5\u597d\u5ba2\u5b8c\u7f8e\u7ed3\u5408\u7684\u9879\u76ee\u3002<\/p>\t\t\t\t\t\t\t\t<\/div>\n\t\t\t\t<\/div>\n\t\t\t\t<div class=\"elementor-element elementor-element-4a7dd56 elementor-widget elementor-widget-heading\" data-id=\"4a7dd56\" data-element_type=\"widget\" data-e-type=\"widget\" data-widget_type=\"heading.default\">\n\t\t\t\t<div class=\"elementor-widget-container\">\n\t\t\t\t\t<h5 class=\"elementor-heading-title elementor-size-default\">\u5355\u51fb\u6b64\u5904\u5411\u6211\u4eec\u53d1\u9001\u7535\u5b50\u90ae\u4ef6\uff0c\u5f00\u59cb\u89c4\u5212 2026 \u5e74\u5927\u578b\u6d3b\u52a8\u7684\u5b8c\u7f8e\u4f53\u9a8c\u3002.<\/h5>\t\t\t\t<\/div>\n\t\t\t\t<\/div>\n\t\t\t\t<div class=\"elementor-element elementor-element-270eb8b elementor-align-center elementor-widget elementor-widget-button\" data-id=\"270eb8b\" data-element_type=\"widget\" data-e-type=\"widget\" data-widget_type=\"button.default\">\n\t\t\t\t<div class=\"elementor-widget-container\">\n\t\t\t\t\t\t\t\t\t<div class=\"elementor-button-wrapper\">\n\t\t\t\t\t<a class=\"elementor-button elementor-button-link elementor-size-sm\" href=\"mailto:wc26@balamdmc.com%20?subject=Request%20for%20WC%2026%20in%20Mexico%20&#038;cc=juan@balamdmc.com;%20rodrigo@balamdmc.com;natalia@balamdmc.com;%20mariel@balamdmc.com\">\n\t\t\t\t\t\t<span class=\"elementor-button-content-wrapper\">\n\t\t\t\t\t\t\t\t\t<span class=\"elementor-button-text\">\u53d1\u9001\u90ae\u4ef6<\/span>\n\t\t\t\t\t<\/span>\n\t\t\t\t\t<\/a>\n\t\t\t\t<\/div>\n\t\t\t\t\t\t\t\t<\/div>\n\t\t\t\t<\/div>\n\t\t\t\t<\/div>\n\t\t\t\t\t<\/div>\n\t\t\t\t<\/div>\n\t\t\t\t<\/div>","protected":false},"excerpt":{"rendered":"<p>Credenciales, Cat\u00e1logo de Productos y Servicios y Paquetes para la Copa de Futbol 2026 Balam DMC Credenciales Paquetes para los partidos Cat\u00e1logo de Productos y Servicios \u00bfSus clientes quieren asistir al Copa de F\u00fatbol 2026 en M\u00e9xico? En Balam DMC les ayudamos a dise\u00f1ar una experiencia completa e inolvidable. Nos encargamos de todos los servicios [&hellip;]<\/p>\n","protected":false},"author":1,"featured_media":0,"parent":0,"menu_order":0,"comment_status":"closed","ping_status":"closed","template":"","meta":{"footnotes":""},"class_list":["post-508","page","type-page","status-publish","hentry"],"_links":{"self":[{"href":"https:\/\/balamdmc.com\/zh\/wp-json\/wp\/v2\/pages\/508","targetHints":{"allow":["GET"]}}],"collection":[{"href":"https:\/\/balamdmc.com\/zh\/wp-json\/wp\/v2\/pages"}],"about":[{"href":"https:\/\/balamdmc.com\/zh\/wp-json\/wp\/v2\/types\/page"}],"author":[{"embeddable":true,"href":"https:\/\/balamdmc.com\/zh\/wp-json\/wp\/v2\/users\/1"}],"replies":[{"embeddable":true,"href":"https:\/\/balamdmc.com\/zh\/wp-json\/wp\/v2\/comments?post=508"}],"version-history":[{"count":37,"href":"https:\/\/balamdmc.com\/zh\/wp-json\/wp\/v2\/pages\/508\/revisions"}],"predecessor-version":[{"id":581,"href":"https:\/\/balamdmc.com\/zh\/wp-json\/wp\/v2\/pages\/508\/revisions\/581"}],"wp:attachment":[{"href":"https:\/\/balamdmc.com\/zh\/wp-json\/wp\/v2\/media?parent=508"}],"curies":[{"name":"wp","href":"https:\/\/api.w.org\/{rel}","templated":true}]}}