{"id":63,"date":"2024-04-05T19:23:36","date_gmt":"2024-04-05T19:23:36","guid":{"rendered":"https:\/\/balamdmc.com\/?page_id=63"},"modified":"2025-10-15T05:34:44","modified_gmt":"2025-10-15T05:34:44","slug":"mexico","status":"publish","type":"page","link":"https:\/\/balamdmc.com\/zh\/mexico\/","title":{"rendered":"\u58a8\u897f\u54e5"},"content":{"rendered":"<div data-elementor-type=\"wp-page\" data-elementor-id=\"63\" class=\"elementor elementor-63\" data-elementor-post-type=\"page\">\n\t\t\t\t<div class=\"elementor-element elementor-element-5d21fa9 e-flex e-con-boxed e-con e-parent\" data-id=\"5d21fa9\" data-element_type=\"container\" data-e-type=\"container\">\n\t\t\t\t\t<div class=\"e-con-inner\">\n\t\t\t\t<div class=\"elementor-element elementor-element-22818b2 elementor-widget elementor-widget-spacer\" data-id=\"22818b2\" data-element_type=\"widget\" data-e-type=\"widget\" data-widget_type=\"spacer.default\">\n\t\t\t\t<div class=\"elementor-widget-container\">\n\t\t\t\t\t\t\t<div class=\"elementor-spacer\">\n\t\t\t<div class=\"elementor-spacer-inner\"><\/div>\n\t\t<\/div>\n\t\t\t\t\t\t<\/div>\n\t\t\t\t<\/div>\n\t\t\t\t\t<\/div>\n\t\t\t\t<\/div>\n\t\t<div class=\"elementor-element elementor-element-8fb44a5 e-flex e-con-boxed e-con e-parent\" data-id=\"8fb44a5\" data-element_type=\"container\" data-e-type=\"container\">\n\t\t\t\t\t<div class=\"e-con-inner\">\n\t\t\t\t<div class=\"elementor-element elementor-element-3792407 elementor-widget elementor-widget-heading\" data-id=\"3792407\" data-element_type=\"widget\" data-e-type=\"widget\" data-widget_type=\"heading.default\">\n\t\t\t\t<div class=\"elementor-widget-container\">\n\t\t\t\t\t<h2 class=\"elementor-heading-title elementor-size-default\">\u58a8\u897f\u54e5<\/h2>\t\t\t\t<\/div>\n\t\t\t\t<\/div>\n\t\t\t\t<div class=\"elementor-element elementor-element-dc150ec elementor-widget elementor-widget-spacer\" data-id=\"dc150ec\" data-element_type=\"widget\" data-e-type=\"widget\" data-widget_type=\"spacer.default\">\n\t\t\t\t<div class=\"elementor-widget-container\">\n\t\t\t\t\t\t\t<div class=\"elementor-spacer\">\n\t\t\t<div class=\"elementor-spacer-inner\"><\/div>\n\t\t<\/div>\n\t\t\t\t\t\t<\/div>\n\t\t\t\t<\/div>\n\t\t\t\t\t<\/div>\n\t\t\t\t<\/div>\n\t\t<div class=\"elementor-element elementor-element-5f00636 e-flex e-con-boxed e-con e-parent\" data-id=\"5f00636\" data-element_type=\"container\" data-e-type=\"container\">\n\t\t\t\t\t<div class=\"e-con-inner\">\n\t\t<div class=\"elementor-element elementor-element-47526f8 e-con-full e-flex e-con e-child\" data-id=\"47526f8\" data-element_type=\"container\" data-e-type=\"container\">\n\t\t\t\t<div class=\"elementor-element elementor-element-e0002e0 elementor-widget elementor-widget-text-editor\" data-id=\"e0002e0\" data-element_type=\"widget\" data-e-type=\"widget\" data-widget_type=\"text-editor.default\">\n\t\t\t\t<div class=\"elementor-widget-container\">\n\t\t\t\t\t\t\t\t\t<p data-start=\"184\" data-end=\"480\"><strong data-start=\"184\" data-end=\"194\">\u58a8\u897f\u54e5<\/strong> \u662f\u4e00\u4e2a\u56fd\u5bb6 <strong data-start=\"206\" data-end=\"216\">\u9b54\u6cd5<\/strong>\u5b83\u5145\u6ee1\u4e86\u5386\u53f2\u548c\u4f20\u7edf\uff0c\u6bcf\u4e2a\u89d2\u843d\u90fd\u80fd\u611f\u53d7\u5230\u72ec\u7279\u7684\u6d3b\u529b\u3002\u5b83\u62e5\u6709 <strong data-start=\"314\" data-end=\"348\">\u4e16\u754c\u6700\u4f73\u7f8e\u98df<\/strong>a <strong data-start=\"354\" data-end=\"376\">\u5b9c\u4eba<\/strong> \u655e\u5f00\u80f8\u6000\u6b22\u8fce <strong data-start=\"413\" data-end=\"437\">\u81ea\u7136\u5947\u89c2<\/strong> \u8ba9\u4f60\u65e0\u8bdd\u53ef\u8bf4\u3002<\/p><p data-start=\"482\" data-end=\"739\">\u5728\u8fd9\u91cc\u60a8\u53ef\u4ee5\u627e\u5230 <strong data-start=\"499\" data-end=\"536\">\u5145\u6ee1\u9b45\u529b\u7684\u795e\u5947\u5c0f\u9547<\/strong>, <strong data-start=\"538\" data-end=\"573\">\u5145\u6ee1\u6d3b\u529b\u7684\u56fd\u9645\u5927\u90fd\u5e02<\/strong>, y <strong data-start=\"577\" data-end=\"602\">\u539f\u4f4f\u6c11\u793e\u533a<\/strong> \u4e4b\u95f4\u4fdd\u7559\u5176\u7956\u5148\u4f20\u7edf <strong data-start=\"651\" data-end=\"736\">\u5c71\u8c37\u3001\u5c71\u8109\u3001\u706b\u5c71\u3001\u6d77\u6ee9\u3001\u4e1b\u6797\u3001\u6c99\u4e18\u3001\u81ea\u7136\u4fdd\u62a4\u533a\u548c\u6c99\u6f20<\/strong>.<\/p><p data-start=\"741\" data-end=\"875\"><strong data-start=\"741\" data-end=\"789\">\u58a8\u897f\u54e5\u662f\u591a\u5143\u7684\u3001\u591a\u5f69\u7684\u3001\u6587\u5316\u7684\u548c\u751f\u6d3b\u7684\u3002<\/strong> \u7528\u611f\u5b98\u53bb\u53d1\u73b0......\u5e76\u6c38\u8fdc\u7559\u5728\u5fc3\u4e2d\u7684\u76ee\u7684\u5730\u3002<\/p>\t\t\t\t\t\t\t\t<\/div>\n\t\t\t\t<\/div>\n\t\t\t\t<\/div>\n\t\t<div class=\"elementor-element elementor-element-69ffa0e e-con-full e-flex e-con e-child\" data-id=\"69ffa0e\" data-element_type=\"container\" data-e-type=\"container\">\n\t\t\t\t<div class=\"elementor-element elementor-element-bddbbfb elementor-widget elementor-widget-image\" data-id=\"bddbbfb\" data-element_type=\"widget\" data-e-type=\"widget\" data-widget_type=\"image.default\">\n\t\t\t\t<div class=\"elementor-widget-container\">\n\t\t\t\t\t\t\t\t\t\t\t\t\t\t\t<img fetchpriority=\"high\" decoding=\"async\" width=\"768\" height=\"412\" src=\"https:\/\/balamdmc.com\/wp-content\/uploads\/2024\/04\/Captura-de-Pantalla-2022-08-24-a-las-13.01.01-768x412.png\" class=\"attachment-medium_large size-medium_large wp-image-111\" alt=\"\" srcset=\"https:\/\/balamdmc.com\/wp-content\/uploads\/2024\/04\/Captura-de-Pantalla-2022-08-24-a-las-13.01.01-768x412.png 768w, https:\/\/balamdmc.com\/wp-content\/uploads\/2024\/04\/Captura-de-Pantalla-2022-08-24-a-las-13.01.01-300x161.png 300w, https:\/\/balamdmc.com\/wp-content\/uploads\/2024\/04\/Captura-de-Pantalla-2022-08-24-a-las-13.01.01-1024x549.png 1024w, https:\/\/balamdmc.com\/wp-content\/uploads\/2024\/04\/Captura-de-Pantalla-2022-08-24-a-las-13.01.01-1536x823.png 1536w, https:\/\/balamdmc.com\/wp-content\/uploads\/2024\/04\/Captura-de-Pantalla-2022-08-24-a-las-13.01.01-2048x1098.png 2048w, https:\/\/balamdmc.com\/wp-content\/uploads\/2024\/04\/Captura-de-Pantalla-2022-08-24-a-las-13.01.01-18x10.png 18w\" sizes=\"(max-width: 768px) 100vw, 768px\" \/>\t\t\t\t\t\t\t\t\t\t\t\t\t\t\t<\/div>\n\t\t\t\t<\/div>\n\t\t\t\t<\/div>\n\t\t\t\t\t<\/div>\n\t\t\t\t<\/div>\n\t\t<div class=\"elementor-element elementor-element-d09cdc9 e-flex e-con-boxed e-con e-parent\" data-id=\"d09cdc9\" data-element_type=\"container\" data-e-type=\"container\" data-settings=\"{&quot;background_background&quot;:&quot;classic&quot;}\">\n\t\t\t\t\t<div class=\"e-con-inner\">\n\t\t\t\t<div class=\"elementor-element elementor-element-9706b01 elementor-widget elementor-widget-heading\" data-id=\"9706b01\" data-element_type=\"widget\" data-e-type=\"widget\" data-widget_type=\"heading.default\">\n\t\t\t\t<div class=\"elementor-widget-container\">\n\t\t\t\t\t<h3 class=\"elementor-heading-title elementor-size-default\">\u58a8\u897f\u54e5\u5206\u4e3a\u5341\u4e8c\u4e2a\u65c5\u6e38\u533a<\/h3>\t\t\t\t<\/div>\n\t\t\t\t<\/div>\n\t\t\t\t<div class=\"elementor-element elementor-element-49f0edb elementor-widget elementor-widget-image\" data-id=\"49f0edb\" data-element_type=\"widget\" data-e-type=\"widget\" data-widget_type=\"image.default\">\n\t\t\t\t<div class=\"elementor-widget-container\">\n\t\t\t\t\t\t\t\t\t\t\t\t\t\t\t<img decoding=\"async\" width=\"800\" height=\"295\" src=\"https:\/\/balamdmc.com\/wp-content\/uploads\/2024\/04\/Captura-de-Pantalla-2022-08-24-a-las-12.30.03-1024x377.png\" class=\"attachment-large size-large wp-image-108\" alt=\"\" srcset=\"https:\/\/balamdmc.com\/wp-content\/uploads\/2024\/04\/Captura-de-Pantalla-2022-08-24-a-las-12.30.03-1024x377.png 1024w, https:\/\/balamdmc.com\/wp-content\/uploads\/2024\/04\/Captura-de-Pantalla-2022-08-24-a-las-12.30.03-300x111.png 300w, https:\/\/balamdmc.com\/wp-content\/uploads\/2024\/04\/Captura-de-Pantalla-2022-08-24-a-las-12.30.03-768x283.png 768w, https:\/\/balamdmc.com\/wp-content\/uploads\/2024\/04\/Captura-de-Pantalla-2022-08-24-a-las-12.30.03-1536x566.png 1536w, https:\/\/balamdmc.com\/wp-content\/uploads\/2024\/04\/Captura-de-Pantalla-2022-08-24-a-las-12.30.03-2048x755.png 2048w, https:\/\/balamdmc.com\/wp-content\/uploads\/2024\/04\/Captura-de-Pantalla-2022-08-24-a-las-12.30.03-18x7.png 18w\" sizes=\"(max-width: 800px) 100vw, 800px\" \/>\t\t\t\t\t\t\t\t\t\t\t\t\t\t\t<\/div>\n\t\t\t\t<\/div>\n\t\t\t\t\t<\/div>\n\t\t\t\t<\/div>\n\t\t<div class=\"elementor-element elementor-element-46e2869 e-flex e-con-boxed e-con e-parent\" data-id=\"46e2869\" data-element_type=\"container\" data-e-type=\"container\">\n\t\t\t\t\t<div class=\"e-con-inner\">\n\t\t\t\t<div class=\"elementor-element elementor-element-b29747b elementor-widget elementor-widget-spacer\" data-id=\"b29747b\" data-element_type=\"widget\" data-e-type=\"widget\" data-widget_type=\"spacer.default\">\n\t\t\t\t<div class=\"elementor-widget-container\">\n\t\t\t\t\t\t\t<div class=\"elementor-spacer\">\n\t\t\t<div class=\"elementor-spacer-inner\"><\/div>\n\t\t<\/div>\n\t\t\t\t\t\t<\/div>\n\t\t\t\t<\/div>\n\t\t\t\t<div class=\"elementor-element elementor-element-35e55fe elementor-widget elementor-widget-text-editor\" data-id=\"35e55fe\" data-element_type=\"widget\" data-e-type=\"widget\" data-widget_type=\"text-editor.default\">\n\t\t\t\t<div class=\"elementor-widget-container\">\n\t\t\t\t\t\t\t\t\t<h3 style=\"text-align: center;\" data-start=\"127\" data-end=\"291\"><strong data-start=\"127\" data-end=\"137\">\u58a8\u897f\u54e5<\/strong> \u60a8\u7684\u65c5\u884c\u8005\u4e00\u5b9a\u5e0c\u671b <strong data-start=\"180\" data-end=\"205\">\u6765\u6765\u56de\u56de<\/strong>\u8fd9\u91cc\u7684\u4eba\u6c11\u3001\u6587\u5316\u3001\u7f8e\u98df\u548c\u70ed\u60c5\u597d\u5ba2\u90fd\u4ee4\u4eba\u7740\u8ff7\u3002<\/h3>\t\t\t\t\t\t\t\t<\/div>\n\t\t\t\t<\/div>\n\t\t\t\t\t<\/div>\n\t\t\t\t<\/div>\n\t\t\t\t<\/div>","protected":false},"excerpt":{"rendered":"<p>M\u00e9xico M\u00e9xico es un pa\u00eds m\u00e1gico, lleno de historia, tradici\u00f3n y una energ\u00eda \u00fanica que se siente en cada rinc\u00f3n. Posee una de las mejores gastronom\u00edas del mundo, una gente hospitalaria que recibe con el coraz\u00f3n abierto y maravillas naturales que simplemente te dejar\u00e1n sin palabras. Aqu\u00ed encontrar\u00e1n pueblos m\u00e1gicos llenos de encanto, ciudades cosmopolitas [&hellip;]<\/p>\n","protected":false},"author":1,"featured_media":0,"parent":0,"menu_order":0,"comment_status":"closed","ping_status":"closed","template":"","meta":{"footnotes":""},"class_list":["post-63","page","type-page","status-publish","hentry"],"_links":{"self":[{"href":"https:\/\/balamdmc.com\/zh\/wp-json\/wp\/v2\/pages\/63","targetHints":{"allow":["GET"]}}],"collection":[{"href":"https:\/\/balamdmc.com\/zh\/wp-json\/wp\/v2\/pages"}],"about":[{"href":"https:\/\/balamdmc.com\/zh\/wp-json\/wp\/v2\/types\/page"}],"author":[{"embeddable":true,"href":"https:\/\/balamdmc.com\/zh\/wp-json\/wp\/v2\/users\/1"}],"replies":[{"embeddable":true,"href":"https:\/\/balamdmc.com\/zh\/wp-json\/wp\/v2\/comments?post=63"}],"version-history":[{"count":10,"href":"https:\/\/balamdmc.com\/zh\/wp-json\/wp\/v2\/pages\/63\/revisions"}],"predecessor-version":[{"id":466,"href":"https:\/\/balamdmc.com\/zh\/wp-json\/wp\/v2\/pages\/63\/revisions\/466"}],"wp:attachment":[{"href":"https:\/\/balamdmc.com\/zh\/wp-json\/wp\/v2\/media?parent=63"}],"curies":[{"name":"wp","href":"https:\/\/api.w.org\/{rel}","templated":true}]}}