{"id":66,"date":"2024-04-05T20:07:43","date_gmt":"2024-04-05T20:07:43","guid":{"rendered":"https:\/\/balamdmc.com\/?page_id=66"},"modified":"2025-10-15T05:09:33","modified_gmt":"2025-10-15T05:09:33","slug":"equipo","status":"publish","type":"page","link":"https:\/\/balamdmc.com\/zh\/equipo\/","title":{"rendered":"\u56e2\u961f"},"content":{"rendered":"<div data-elementor-type=\"wp-page\" data-elementor-id=\"66\" class=\"elementor elementor-66\" data-elementor-post-type=\"page\">\n\t\t\t\t<div class=\"elementor-element elementor-element-a7dbc5c e-flex e-con-boxed e-con e-parent\" data-id=\"a7dbc5c\" data-element_type=\"container\" data-e-type=\"container\">\n\t\t\t\t\t<div class=\"e-con-inner\">\n\t\t\t\t<div class=\"elementor-element elementor-element-3851cfc elementor-widget elementor-widget-spacer\" data-id=\"3851cfc\" data-element_type=\"widget\" data-e-type=\"widget\" data-widget_type=\"spacer.default\">\n\t\t\t\t<div class=\"elementor-widget-container\">\n\t\t\t\t\t\t\t<div class=\"elementor-spacer\">\n\t\t\t<div class=\"elementor-spacer-inner\"><\/div>\n\t\t<\/div>\n\t\t\t\t\t\t<\/div>\n\t\t\t\t<\/div>\n\t\t\t\t<div class=\"elementor-element elementor-element-9291a81 elementor-widget elementor-widget-heading\" data-id=\"9291a81\" data-element_type=\"widget\" data-e-type=\"widget\" data-widget_type=\"heading.default\">\n\t\t\t\t<div class=\"elementor-widget-container\">\n\t\t\t\t\t<h2 class=\"elementor-heading-title elementor-size-default\">\u6211\u4eec\u7684\u56e2\u961f<\/h2>\t\t\t\t<\/div>\n\t\t\t\t<\/div>\n\t\t\t\t<div class=\"elementor-element elementor-element-e518f29 elementor-widget elementor-widget-spacer\" data-id=\"e518f29\" data-element_type=\"widget\" data-e-type=\"widget\" data-widget_type=\"spacer.default\">\n\t\t\t\t<div class=\"elementor-widget-container\">\n\t\t\t\t\t\t\t<div class=\"elementor-spacer\">\n\t\t\t<div class=\"elementor-spacer-inner\"><\/div>\n\t\t<\/div>\n\t\t\t\t\t\t<\/div>\n\t\t\t\t<\/div>\n\t\t\t\t<div class=\"elementor-element elementor-element-07020ce elementor-widget elementor-widget-text-editor\" data-id=\"07020ce\" data-element_type=\"widget\" data-e-type=\"widget\" data-widget_type=\"text-editor.default\">\n\t\t\t\t<div class=\"elementor-widget-container\">\n\t\t\t\t\t\t\t\t\t<p style=\"text-align: center;\" data-start=\"170\" data-end=\"329\">\u6211\u4eec\u662f\u4e00\u652f\u7531\u58a8\u897f\u54e5\u4e13\u4e1a\u4eba\u58eb\u7ec4\u6210\u7684\u56e2\u961f\uff0c\u4ed6\u4eec\u5bf9\u65c5\u6e38\u4e1a\u5145\u6ee1\u70ed\u60c5\uff0c\u5e76\u5bf9\u58a8\u897f\u54e5\u7684\u6f5c\u529b\u6df1\u611f\u81ea\u8c6a\u3002 <strong data-start=\"284\" data-end=\"305\">\u58a8\u897f\u54e5\u53ca\u5176\u4eba\u6c11<\/strong> \u4f5c\u4e3a\u8c6a\u534e\u76ee\u7684\u5730\u3002<\/p><p style=\"text-align: center;\" data-start=\"331\" data-end=\"540\">\u6211\u4eec\u7684\u7075\u611f\u6765\u81ea <strong data-start=\"343\" data-end=\"376\">\u521b\u5efa\u548c\u8bbe\u8ba1\u72ec\u7279\u7684\u65c5\u7a0b<\/strong>\u8fd9\u5ea7\u57ce\u5e02\u5145\u6ee1\u4e86\u771f\u5b9e\u611f\uff0c\u8ba9\u6bcf\u4e00\u4f4d\u6e38\u5ba2\u90fd\u80fd\u53d1\u73b0\u6211\u4eec\u56fd\u5bb6\u7684\u771f\u6b63\u7cbe\u9ad3\uff1a\u6587\u5316\u3001\u5386\u53f2\u3001\u7f8e\u98df\u548c\u4eba\u60c5\u5473\u3002<\/p><p style=\"text-align: center;\" data-start=\"542\" data-end=\"741\">\u770b\u5230\u6211\u4eec\u7684\u5ba2\u6237\u5e26\u7740 <strong data-start=\"590\" data-end=\"609\">\u771f\u631a\u7684\u5fae\u7b11<\/strong> \u5e76\u5e0c\u671b\u4e0e\u5bb6\u4eba\u548c\u670b\u53cb\u5206\u4eab\u4ed6\u4eec\u7684\u7ecf\u5386\uff0c\u8fd9\u5c31\u662f\u6211\u4eec\u7684 <strong data-start=\"684\" data-end=\"704\">\u66f4\u9ad8\u7684\u52a8\u529b<\/strong> \u548c\u6211\u4eec\u7684 <strong data-start=\"715\" data-end=\"738\">\u7b2c\u4e00\u76ee\u6807<\/strong>.<\/p>\t\t\t\t\t\t\t\t<\/div>\n\t\t\t\t<\/div>\n\t\t\t\t\t<\/div>\n\t\t\t\t<\/div>\n\t\t<div class=\"elementor-element elementor-element-1a3c7ff e-flex e-con-boxed e-con e-parent\" data-id=\"1a3c7ff\" data-element_type=\"container\" data-e-type=\"container\">\n\t\t\t\t\t<div class=\"e-con-inner\">\n\t\t<div class=\"elementor-element elementor-element-b6960d5 e-con-full e-flex e-con e-child\" data-id=\"b6960d5\" data-element_type=\"container\" data-e-type=\"container\">\n\t\t\t\t<div class=\"elementor-element elementor-element-bc5ca95 elementor-widget elementor-widget-image\" data-id=\"bc5ca95\" data-element_type=\"widget\" data-e-type=\"widget\" data-widget_type=\"image.default\">\n\t\t\t\t<div class=\"elementor-widget-container\">\n\t\t\t\t\t\t\t\t\t\t\t\t\t\t\t<img fetchpriority=\"high\" decoding=\"async\" width=\"300\" height=\"300\" src=\"https:\/\/balamdmc.com\/wp-content\/uploads\/2025\/10\/Fotos-Emotion-Creators-3-300x300.png\" class=\"attachment-medium size-medium wp-image-437\" alt=\"\" srcset=\"https:\/\/balamdmc.com\/wp-content\/uploads\/2025\/10\/Fotos-Emotion-Creators-3-300x300.png 300w, https:\/\/balamdmc.com\/wp-content\/uploads\/2025\/10\/Fotos-Emotion-Creators-3-150x150.png 150w, https:\/\/balamdmc.com\/wp-content\/uploads\/2025\/10\/Fotos-Emotion-Creators-3-12x12.png 12w, https:\/\/balamdmc.com\/wp-content\/uploads\/2025\/10\/Fotos-Emotion-Creators-3.png 500w\" sizes=\"(max-width: 300px) 100vw, 300px\" \/>\t\t\t\t\t\t\t\t\t\t\t\t\t\t\t<\/div>\n\t\t\t\t<\/div>\n\t\t\t\t<div class=\"elementor-element elementor-element-02d8d12 elementor-widget elementor-widget-heading\" data-id=\"02d8d12\" data-element_type=\"widget\" data-e-type=\"widget\" data-widget_type=\"heading.default\">\n\t\t\t\t<div class=\"elementor-widget-container\">\n\t\t\t\t\t<h4 class=\"elementor-heading-title elementor-size-default\">\u80e1\u5b89-\u66fc\u52aa\u57c3\u5c14-\u57c3\u5179\u594e\u62c9<\/h4>\t\t\t\t<\/div>\n\t\t\t\t<\/div>\n\t\t\t\t<\/div>\n\t\t<div class=\"elementor-element elementor-element-370e99c e-con-full e-flex e-con e-child\" data-id=\"370e99c\" data-element_type=\"container\" data-e-type=\"container\">\n\t\t\t\t<div class=\"elementor-element elementor-element-0d637ee elementor-widget elementor-widget-image\" data-id=\"0d637ee\" data-element_type=\"widget\" data-e-type=\"widget\" data-widget_type=\"image.default\">\n\t\t\t\t<div class=\"elementor-widget-container\">\n\t\t\t\t\t\t\t\t\t\t\t\t\t\t\t<img decoding=\"async\" src=\"https:\/\/balamdmc.com\/wp-content\/plugins\/elementor\/assets\/images\/placeholder.png\" title=\"\" alt=\"\" loading=\"lazy\" \/>\t\t\t\t\t\t\t\t\t\t\t\t\t\t\t<\/div>\n\t\t\t\t<\/div>\n\t\t\t\t<div class=\"elementor-element elementor-element-abea4d2 elementor-widget elementor-widget-heading\" data-id=\"abea4d2\" data-element_type=\"widget\" data-e-type=\"widget\" data-widget_type=\"heading.default\">\n\t\t\t\t<div class=\"elementor-widget-container\">\n\t\t\t\t\t<h4 class=\"elementor-heading-title elementor-size-default\">\u739b\u4e3d\u5c14-\u683c\u91cc\u68ee<\/h4>\t\t\t\t<\/div>\n\t\t\t\t<\/div>\n\t\t\t\t<\/div>\n\t\t<div class=\"elementor-element elementor-element-fb9b893 e-con-full e-flex e-con e-child\" data-id=\"fb9b893\" data-element_type=\"container\" data-e-type=\"container\">\n\t\t\t\t<div class=\"elementor-element elementor-element-4241edb elementor-widget elementor-widget-image\" data-id=\"4241edb\" data-element_type=\"widget\" data-e-type=\"widget\" data-widget_type=\"image.default\">\n\t\t\t\t<div class=\"elementor-widget-container\">\n\t\t\t\t\t\t\t\t\t\t\t\t\t\t\t<img decoding=\"async\" src=\"https:\/\/balamdmc.com\/wp-content\/plugins\/elementor\/assets\/images\/placeholder.png\" title=\"\" alt=\"\" loading=\"lazy\" \/>\t\t\t\t\t\t\t\t\t\t\t\t\t\t\t<\/div>\n\t\t\t\t<\/div>\n\t\t\t\t<div class=\"elementor-element elementor-element-9c60f64 elementor-widget elementor-widget-heading\" data-id=\"9c60f64\" data-element_type=\"widget\" data-e-type=\"widget\" data-widget_type=\"heading.default\">\n\t\t\t\t<div class=\"elementor-widget-container\">\n\t\t\t\t\t<h4 class=\"elementor-heading-title elementor-size-default\">\u7eb3\u5854\u5229\u5a05-\u8d6b\u62c9\u65af<\/h4>\t\t\t\t<\/div>\n\t\t\t\t<\/div>\n\t\t\t\t<\/div>\n\t\t<div class=\"elementor-element elementor-element-761f5a5 e-con-full e-flex e-con e-child\" data-id=\"761f5a5\" data-element_type=\"container\" data-e-type=\"container\">\n\t\t\t\t<div class=\"elementor-element elementor-element-bfc5cd5 elementor-widget elementor-widget-image\" data-id=\"bfc5cd5\" data-element_type=\"widget\" data-e-type=\"widget\" data-widget_type=\"image.default\">\n\t\t\t\t<div class=\"elementor-widget-container\">\n\t\t\t\t\t\t\t\t\t\t\t\t\t\t\t<img decoding=\"async\" src=\"https:\/\/balamdmc.com\/wp-content\/plugins\/elementor\/assets\/images\/placeholder.png\" title=\"\" alt=\"\" loading=\"lazy\" \/>\t\t\t\t\t\t\t\t\t\t\t\t\t\t\t<\/div>\n\t\t\t\t<\/div>\n\t\t\t\t<div class=\"elementor-element elementor-element-07803d9 elementor-widget elementor-widget-heading\" data-id=\"07803d9\" data-element_type=\"widget\" data-e-type=\"widget\" data-widget_type=\"heading.default\">\n\t\t\t\t<div class=\"elementor-widget-container\">\n\t\t\t\t\t<h4 class=\"elementor-heading-title elementor-size-default\">\u7f57\u5fb7\u91cc\u6208-\u5e0c\u95e8\u5c3c\u65af<\/h4>\t\t\t\t<\/div>\n\t\t\t\t<\/div>\n\t\t\t\t<\/div>\n\t\t<div class=\"elementor-element elementor-element-c3b2853 e-con-full e-flex e-con e-child\" data-id=\"c3b2853\" data-element_type=\"container\" data-e-type=\"container\">\n\t\t\t\t<div class=\"elementor-element elementor-element-8812dcf elementor-widget elementor-widget-image\" data-id=\"8812dcf\" data-element_type=\"widget\" data-e-type=\"widget\" data-widget_type=\"image.default\">\n\t\t\t\t<div class=\"elementor-widget-container\">\n\t\t\t\t\t\t\t\t\t\t\t\t\t\t\t<img decoding=\"async\" src=\"https:\/\/balamdmc.com\/wp-content\/plugins\/elementor\/assets\/images\/placeholder.png\" title=\"\" alt=\"\" loading=\"lazy\" \/>\t\t\t\t\t\t\t\t\t\t\t\t\t\t\t<\/div>\n\t\t\t\t<\/div>\n\t\t\t\t<div class=\"elementor-element elementor-element-39316ee elementor-widget elementor-widget-heading\" data-id=\"39316ee\" data-element_type=\"widget\" data-e-type=\"widget\" data-widget_type=\"heading.default\">\n\t\t\t\t<div class=\"elementor-widget-container\">\n\t\t\t\t\t<h4 class=\"elementor-heading-title elementor-size-default\">\u7c73\u6b47\u5c14-\u4e4c\u5c14\u5854\u591a<\/h4>\t\t\t\t<\/div>\n\t\t\t\t<\/div>\n\t\t\t\t<\/div>\n\t\t<div class=\"elementor-element elementor-element-e0b7ae7 e-con-full e-flex e-con e-child\" data-id=\"e0b7ae7\" data-element_type=\"container\" data-e-type=\"container\">\n\t\t\t\t<div class=\"elementor-element elementor-element-e650107 elementor-widget elementor-widget-image\" data-id=\"e650107\" data-element_type=\"widget\" data-e-type=\"widget\" data-widget_type=\"image.default\">\n\t\t\t\t<div class=\"elementor-widget-container\">\n\t\t\t\t\t\t\t\t\t\t\t\t\t\t\t<img decoding=\"async\" src=\"https:\/\/balamdmc.com\/wp-content\/plugins\/elementor\/assets\/images\/placeholder.png\" title=\"\" alt=\"\" loading=\"lazy\" \/>\t\t\t\t\t\t\t\t\t\t\t\t\t\t\t<\/div>\n\t\t\t\t<\/div>\n\t\t\t\t<div class=\"elementor-element elementor-element-69084cd elementor-widget elementor-widget-heading\" data-id=\"69084cd\" data-element_type=\"widget\" data-e-type=\"widget\" data-widget_type=\"heading.default\">\n\t\t\t\t<div class=\"elementor-widget-container\">\n\t\t\t\t\t<h4 class=\"elementor-heading-title elementor-size-default\">\u8d39\u5c14\u5357\u8fbe-\u963f\u8fbe\u5229\u5fb7<\/h4>\t\t\t\t<\/div>\n\t\t\t\t<\/div>\n\t\t\t\t<\/div>\n\t\t<div class=\"elementor-element elementor-element-aa2baba e-con-full e-flex e-con e-child\" data-id=\"aa2baba\" data-element_type=\"container\" data-e-type=\"container\">\n\t\t\t\t<div class=\"elementor-element elementor-element-572c5d3 elementor-widget elementor-widget-image\" data-id=\"572c5d3\" data-element_type=\"widget\" data-e-type=\"widget\" data-widget_type=\"image.default\">\n\t\t\t\t<div class=\"elementor-widget-container\">\n\t\t\t\t\t\t\t\t\t\t\t\t\t\t\t<img decoding=\"async\" src=\"https:\/\/balamdmc.com\/wp-content\/plugins\/elementor\/assets\/images\/placeholder.png\" title=\"\" alt=\"\" loading=\"lazy\" \/>\t\t\t\t\t\t\t\t\t\t\t\t\t\t\t<\/div>\n\t\t\t\t<\/div>\n\t\t\t\t<div class=\"elementor-element elementor-element-e7e9f23 elementor-widget elementor-widget-heading\" data-id=\"e7e9f23\" data-element_type=\"widget\" data-e-type=\"widget\" data-widget_type=\"heading.default\">\n\t\t\t\t<div class=\"elementor-widget-container\">\n\t\t\t\t\t<h4 class=\"elementor-heading-title elementor-size-default\">\u514b\u52b3\u8fea\u5a05-\u6d77\u6885<\/h4>\t\t\t\t<\/div>\n\t\t\t\t<\/div>\n\t\t\t\t<\/div>\n\t\t<div class=\"elementor-element elementor-element-fed95c4 e-con-full e-flex e-con e-child\" data-id=\"fed95c4\" data-element_type=\"container\" data-e-type=\"container\">\n\t\t\t\t<div class=\"elementor-element elementor-element-294ac66 elementor-widget elementor-widget-image\" data-id=\"294ac66\" data-element_type=\"widget\" data-e-type=\"widget\" data-widget_type=\"image.default\">\n\t\t\t\t<div class=\"elementor-widget-container\">\n\t\t\t\t\t\t\t\t\t\t\t\t\t\t\t<img decoding=\"async\" src=\"https:\/\/balamdmc.com\/wp-content\/plugins\/elementor\/assets\/images\/placeholder.png\" title=\"\" alt=\"\" loading=\"lazy\" \/>\t\t\t\t\t\t\t\t\t\t\t\t\t\t\t<\/div>\n\t\t\t\t<\/div>\n\t\t\t\t<div class=\"elementor-element elementor-element-1faff79 elementor-widget elementor-widget-heading\" data-id=\"1faff79\" data-element_type=\"widget\" data-e-type=\"widget\" data-widget_type=\"heading.default\">\n\t\t\t\t<div class=\"elementor-widget-container\">\n\t\t\t\t\t<h4 class=\"elementor-heading-title elementor-size-default\">\u4f0a\u683c\u7eb3\u897f\u5965-\u57c3\u5179\u594e\u62c9<\/h4>\t\t\t\t<\/div>\n\t\t\t\t<\/div>\n\t\t\t\t<\/div>\n\t\t<div class=\"elementor-element elementor-element-d5d8aa6 e-con-full e-flex e-con e-child\" data-id=\"d5d8aa6\" data-element_type=\"container\" data-e-type=\"container\">\n\t\t\t\t<div class=\"elementor-element elementor-element-196e9f0 elementor-widget elementor-widget-image\" data-id=\"196e9f0\" data-element_type=\"widget\" data-e-type=\"widget\" data-widget_type=\"image.default\">\n\t\t\t\t<div class=\"elementor-widget-container\">\n\t\t\t\t\t\t\t\t\t\t\t\t\t\t\t<img decoding=\"async\" src=\"https:\/\/balamdmc.com\/wp-content\/plugins\/elementor\/assets\/images\/placeholder.png\" title=\"\" alt=\"\" loading=\"lazy\" \/>\t\t\t\t\t\t\t\t\t\t\t\t\t\t\t<\/div>\n\t\t\t\t<\/div>\n\t\t\t\t<div class=\"elementor-element elementor-element-26d423d elementor-widget elementor-widget-heading\" data-id=\"26d423d\" data-element_type=\"widget\" data-e-type=\"widget\" data-widget_type=\"heading.default\">\n\t\t\t\t<div class=\"elementor-widget-container\">\n\t\t\t\t\t<h4 class=\"elementor-heading-title elementor-size-default\">\u7c73\u683c\u5c14-\u5b89\u8d6b\u5c14-\u57c3\u5179\u594e\u62c9<\/h4>\t\t\t\t<\/div>\n\t\t\t\t<\/div>\n\t\t\t\t<\/div>\n\t\t<div class=\"elementor-element elementor-element-e5018c5 e-con-full e-flex e-con e-child\" data-id=\"e5018c5\" data-element_type=\"container\" data-e-type=\"container\">\n\t\t\t\t<div class=\"elementor-element elementor-element-94f5bf3 elementor-widget elementor-widget-image\" data-id=\"94f5bf3\" data-element_type=\"widget\" data-e-type=\"widget\" data-widget_type=\"image.default\">\n\t\t\t\t<div class=\"elementor-widget-container\">\n\t\t\t\t\t\t\t\t\t\t\t\t\t\t\t<img decoding=\"async\" src=\"https:\/\/balamdmc.com\/wp-content\/plugins\/elementor\/assets\/images\/placeholder.png\" title=\"\" alt=\"\" loading=\"lazy\" \/>\t\t\t\t\t\t\t\t\t\t\t\t\t\t\t<\/div>\n\t\t\t\t<\/div>\n\t\t\t\t<div class=\"elementor-element elementor-element-b6486f8 elementor-widget elementor-widget-heading\" data-id=\"b6486f8\" data-element_type=\"widget\" data-e-type=\"widget\" data-widget_type=\"heading.default\">\n\t\t\t\t<div class=\"elementor-widget-container\">\n\t\t\t\t\t<h4 class=\"elementor-heading-title elementor-size-default\">\u6234\u5b89\u5a1c-\u7ef4\u62c9<\/h4>\t\t\t\t<\/div>\n\t\t\t\t<\/div>\n\t\t\t\t<\/div>\n\t\t<div class=\"elementor-element elementor-element-83b1a7a e-con-full e-flex e-con e-child\" data-id=\"83b1a7a\" data-element_type=\"container\" data-e-type=\"container\">\n\t\t\t\t<div class=\"elementor-element elementor-element-d622d36 elementor-widget elementor-widget-image\" data-id=\"d622d36\" data-element_type=\"widget\" data-e-type=\"widget\" data-widget_type=\"image.default\">\n\t\t\t\t<div class=\"elementor-widget-container\">\n\t\t\t\t\t\t\t\t\t\t\t\t\t\t\t<img decoding=\"async\" src=\"https:\/\/balamdmc.com\/wp-content\/plugins\/elementor\/assets\/images\/placeholder.png\" title=\"\" alt=\"\" loading=\"lazy\" \/>\t\t\t\t\t\t\t\t\t\t\t\t\t\t\t<\/div>\n\t\t\t\t<\/div>\n\t\t\t\t<div class=\"elementor-element elementor-element-e181ad6 elementor-widget elementor-widget-heading\" data-id=\"e181ad6\" data-element_type=\"widget\" data-e-type=\"widget\" data-widget_type=\"heading.default\">\n\t\t\t\t<div class=\"elementor-widget-container\">\n\t\t\t\t\t<h4 class=\"elementor-heading-title elementor-size-default\">\u7d22\u83f2\u4e9a-\u666e\u6069\u7279<\/h4>\t\t\t\t<\/div>\n\t\t\t\t<\/div>\n\t\t\t\t<\/div>\n\t\t<div class=\"elementor-element elementor-element-9c2bbf8 e-con-full e-flex e-con e-child\" data-id=\"9c2bbf8\" data-element_type=\"container\" data-e-type=\"container\">\n\t\t\t\t<div class=\"elementor-element elementor-element-2dd69c1 elementor-widget elementor-widget-image\" data-id=\"2dd69c1\" data-element_type=\"widget\" data-e-type=\"widget\" data-widget_type=\"image.default\">\n\t\t\t\t<div class=\"elementor-widget-container\">\n\t\t\t\t\t\t\t\t\t\t\t\t\t\t\t<img decoding=\"async\" src=\"https:\/\/balamdmc.com\/wp-content\/plugins\/elementor\/assets\/images\/placeholder.png\" title=\"\" alt=\"\" loading=\"lazy\" \/>\t\t\t\t\t\t\t\t\t\t\t\t\t\t\t<\/div>\n\t\t\t\t<\/div>\n\t\t\t\t<div class=\"elementor-element elementor-element-bb893c1 elementor-widget elementor-widget-heading\" data-id=\"bb893c1\" data-element_type=\"widget\" data-e-type=\"widget\" data-widget_type=\"heading.default\">\n\t\t\t\t<div class=\"elementor-widget-container\">\n\t\t\t\t\t<h4 class=\"elementor-heading-title elementor-size-default\">\u585e\u897f\u8389\u4e9a-\u5bb9\u79d1<\/h4>\t\t\t\t<\/div>\n\t\t\t\t<\/div>\n\t\t\t\t<\/div>\n\t\t\t\t\t<\/div>\n\t\t\t\t<\/div>\n\t\t\t\t<\/div>","protected":false},"excerpt":{"rendered":"<p>Nuestro Equipo Somos un equipo de profesionales mexicanos apasionados por el turismo y profundamente orgullosos del potencial de M\u00e9xico y su gente como destino de lujo. Nos inspira crear y dise\u00f1ar viajes \u00fanicos, llenos de autenticidad, que permitan a cada viajero descubrir la verdadera esencia de nuestro pa\u00eds: su cultura, su historia, su gastronom\u00eda y [&hellip;]<\/p>\n","protected":false},"author":1,"featured_media":0,"parent":0,"menu_order":0,"comment_status":"closed","ping_status":"closed","template":"","meta":{"footnotes":""},"class_list":["post-66","page","type-page","status-publish","hentry"],"_links":{"self":[{"href":"https:\/\/balamdmc.com\/zh\/wp-json\/wp\/v2\/pages\/66","targetHints":{"allow":["GET"]}}],"collection":[{"href":"https:\/\/balamdmc.com\/zh\/wp-json\/wp\/v2\/pages"}],"about":[{"href":"https:\/\/balamdmc.com\/zh\/wp-json\/wp\/v2\/types\/page"}],"author":[{"embeddable":true,"href":"https:\/\/balamdmc.com\/zh\/wp-json\/wp\/v2\/users\/1"}],"replies":[{"embeddable":true,"href":"https:\/\/balamdmc.com\/zh\/wp-json\/wp\/v2\/comments?post=66"}],"version-history":[{"count":10,"href":"https:\/\/balamdmc.com\/zh\/wp-json\/wp\/v2\/pages\/66\/revisions"}],"predecessor-version":[{"id":446,"href":"https:\/\/balamdmc.com\/zh\/wp-json\/wp\/v2\/pages\/66\/revisions\/446"}],"wp:attachment":[{"href":"https:\/\/balamdmc.com\/zh\/wp-json\/wp\/v2\/media?parent=66"}],"curies":[{"name":"wp","href":"https:\/\/api.w.org\/{rel}","templated":true}]}}