{"id":69,"date":"2024-04-05T19:24:41","date_gmt":"2024-04-05T19:24:41","guid":{"rendered":"https:\/\/balamdmc.com\/?page_id=69"},"modified":"2025-10-15T04:55:16","modified_gmt":"2025-10-15T04:55:16","slug":"como-trabajamos","status":"publish","type":"page","link":"https:\/\/balamdmc.com\/zh\/como-trabajamos\/","title":{"rendered":"\u6211\u4eec\u5982\u4f55\u5de5\u4f5c\uff1f"},"content":{"rendered":"<div data-elementor-type=\"wp-page\" data-elementor-id=\"69\" class=\"elementor elementor-69\" data-elementor-post-type=\"page\">\n\t\t\t\t<div class=\"elementor-element elementor-element-a97edd6 e-flex e-con-boxed e-con e-parent\" data-id=\"a97edd6\" data-element_type=\"container\" data-e-type=\"container\">\n\t\t\t\t\t<div class=\"e-con-inner\">\n\t\t\t\t<div class=\"elementor-element elementor-element-a9bce78 elementor-widget elementor-widget-spacer\" data-id=\"a9bce78\" data-element_type=\"widget\" data-e-type=\"widget\" data-widget_type=\"spacer.default\">\n\t\t\t\t<div class=\"elementor-widget-container\">\n\t\t\t\t\t\t\t<div class=\"elementor-spacer\">\n\t\t\t<div class=\"elementor-spacer-inner\"><\/div>\n\t\t<\/div>\n\t\t\t\t\t\t<\/div>\n\t\t\t\t<\/div>\n\t\t\t\t<div class=\"elementor-element elementor-element-f9d6fff elementor-widget elementor-widget-heading\" data-id=\"f9d6fff\" data-element_type=\"widget\" data-e-type=\"widget\" data-widget_type=\"heading.default\">\n\t\t\t\t<div class=\"elementor-widget-container\">\n\t\t\t\t\t<h2 class=\"elementor-heading-title elementor-size-default\">\u6211\u4eec\u5982\u4f55\u5de5\u4f5c\uff1f<\/h2>\t\t\t\t<\/div>\n\t\t\t\t<\/div>\n\t\t\t\t<div class=\"elementor-element elementor-element-4ff6123 elementor-widget elementor-widget-spacer\" data-id=\"4ff6123\" data-element_type=\"widget\" data-e-type=\"widget\" data-widget_type=\"spacer.default\">\n\t\t\t\t<div class=\"elementor-widget-container\">\n\t\t\t\t\t\t\t<div class=\"elementor-spacer\">\n\t\t\t<div class=\"elementor-spacer-inner\"><\/div>\n\t\t<\/div>\n\t\t\t\t\t\t<\/div>\n\t\t\t\t<\/div>\n\t\t\t\t\t<\/div>\n\t\t\t\t<\/div>\n\t\t<div class=\"elementor-element elementor-element-06af4bc e-flex e-con-boxed e-con e-parent\" data-id=\"06af4bc\" data-element_type=\"container\" data-e-type=\"container\">\n\t\t\t\t\t<div class=\"e-con-inner\">\n\t\t<div class=\"elementor-element elementor-element-07093d5 e-con-full e-flex e-con e-child\" data-id=\"07093d5\" data-element_type=\"container\" data-e-type=\"container\">\n\t\t\t\t<\/div>\n\t\t<div class=\"elementor-element elementor-element-66bc0ac e-con-full e-flex e-con e-child\" data-id=\"66bc0ac\" data-element_type=\"container\" data-e-type=\"container\">\n\t\t\t\t<div class=\"elementor-element elementor-element-ad95969 elementor-widget elementor-widget-image\" data-id=\"ad95969\" data-element_type=\"widget\" data-e-type=\"widget\" data-widget_type=\"image.default\">\n\t\t\t\t<div class=\"elementor-widget-container\">\n\t\t\t\t\t\t\t\t\t\t\t\t\t\t\t<img fetchpriority=\"high\" decoding=\"async\" width=\"768\" height=\"1152\" src=\"https:\/\/balamdmc.com\/wp-content\/uploads\/2024\/04\/pexels-felipe-perez-12282043-768x1152.jpg\" class=\"attachment-medium_large size-medium_large wp-image-136\" alt=\"\" srcset=\"https:\/\/balamdmc.com\/wp-content\/uploads\/2024\/04\/pexels-felipe-perez-12282043-768x1152.jpg 768w, https:\/\/balamdmc.com\/wp-content\/uploads\/2024\/04\/pexels-felipe-perez-12282043-200x300.jpg 200w, https:\/\/balamdmc.com\/wp-content\/uploads\/2024\/04\/pexels-felipe-perez-12282043-683x1024.jpg 683w, https:\/\/balamdmc.com\/wp-content\/uploads\/2024\/04\/pexels-felipe-perez-12282043-1024x1536.jpg 1024w, https:\/\/balamdmc.com\/wp-content\/uploads\/2024\/04\/pexels-felipe-perez-12282043-1365x2048.jpg 1365w, https:\/\/balamdmc.com\/wp-content\/uploads\/2024\/04\/pexels-felipe-perez-12282043-8x12.jpg 8w, https:\/\/balamdmc.com\/wp-content\/uploads\/2024\/04\/pexels-felipe-perez-12282043-scaled.jpg 1706w\" sizes=\"(max-width: 768px) 100vw, 768px\" \/>\t\t\t\t\t\t\t\t\t\t\t\t\t\t\t<\/div>\n\t\t\t\t<\/div>\n\t\t\t\t<div class=\"elementor-element elementor-element-e7078bc elementor-widget elementor-widget-heading\" data-id=\"e7078bc\" data-element_type=\"widget\" data-e-type=\"widget\" data-widget_type=\"heading.default\">\n\t\t\t\t<div class=\"elementor-widget-container\">\n\t\t\t\t\t<h4 class=\"elementor-heading-title elementor-size-default\">\u6211\u4eec\u4e50\u4e8e\u4e0e\u65c5\u884c\u793e\u5408\u4f5c\uff0c\u5e76\u4e3a\u5176\u63d0\u4f9b\u5468\u5230\u7684\u670d\u52a1\uff0c\u5efa\u7acb\u957f\u671f\u3001\u771f\u5b9e\u548c\u79ef\u6781\u7684\u5408\u4f5c\u5173\u7cfb\uff0c\u4e3a\u5404\u65b9\u521b\u9020\u4ef7\u503c\u3002<\/h4>\t\t\t\t<\/div>\n\t\t\t\t<\/div>\n\t\t\t\t<\/div>\n\t\t<div class=\"elementor-element elementor-element-13aaece e-con-full e-flex e-con e-child\" data-id=\"13aaece\" data-element_type=\"container\" data-e-type=\"container\">\n\t\t\t\t<\/div>\n\t\t\t\t\t<\/div>\n\t\t\t\t<\/div>\n\t\t<div class=\"elementor-element elementor-element-e7773d3 e-flex e-con-boxed e-con e-parent\" data-id=\"e7773d3\" data-element_type=\"container\" data-e-type=\"container\">\n\t\t\t\t\t<div class=\"e-con-inner\">\n\t\t\t\t<div class=\"elementor-element elementor-element-f1a3e58 elementor-widget elementor-widget-spacer\" data-id=\"f1a3e58\" data-element_type=\"widget\" data-e-type=\"widget\" data-widget_type=\"spacer.default\">\n\t\t\t\t<div class=\"elementor-widget-container\">\n\t\t\t\t\t\t\t<div class=\"elementor-spacer\">\n\t\t\t<div class=\"elementor-spacer-inner\"><\/div>\n\t\t<\/div>\n\t\t\t\t\t\t<\/div>\n\t\t\t\t<\/div>\n\t\t\t\t\t<\/div>\n\t\t\t\t<\/div>\n\t\t<div class=\"elementor-element elementor-element-eabfad7 e-flex e-con-boxed e-con e-parent\" data-id=\"eabfad7\" data-element_type=\"container\" data-e-type=\"container\">\n\t\t\t\t\t<div class=\"e-con-inner\">\n\t\t<div class=\"elementor-element elementor-element-aa4fd9e e-con-full e-flex e-con e-child\" data-id=\"aa4fd9e\" data-element_type=\"container\" data-e-type=\"container\">\n\t\t\t\t<div class=\"elementor-element elementor-element-21dd724 elementor-widget elementor-widget-image\" data-id=\"21dd724\" data-element_type=\"widget\" data-e-type=\"widget\" data-widget_type=\"image.default\">\n\t\t\t\t<div class=\"elementor-widget-container\">\n\t\t\t\t\t\t\t\t\t\t\t\t\t\t\t<img decoding=\"async\" width=\"750\" height=\"1024\" src=\"https:\/\/balamdmc.com\/wp-content\/uploads\/2024\/04\/pexels-fausto-hernandez-12276701-750x1024.jpg\" class=\"attachment-large size-large wp-image-135\" alt=\"\" srcset=\"https:\/\/balamdmc.com\/wp-content\/uploads\/2024\/04\/pexels-fausto-hernandez-12276701-750x1024.jpg 750w, https:\/\/balamdmc.com\/wp-content\/uploads\/2024\/04\/pexels-fausto-hernandez-12276701-220x300.jpg 220w, https:\/\/balamdmc.com\/wp-content\/uploads\/2024\/04\/pexels-fausto-hernandez-12276701-768x1048.jpg 768w, https:\/\/balamdmc.com\/wp-content\/uploads\/2024\/04\/pexels-fausto-hernandez-12276701-1125x1536.jpg 1125w, https:\/\/balamdmc.com\/wp-content\/uploads\/2024\/04\/pexels-fausto-hernandez-12276701-1501x2048.jpg 1501w, https:\/\/balamdmc.com\/wp-content\/uploads\/2024\/04\/pexels-fausto-hernandez-12276701-9x12.jpg 9w, https:\/\/balamdmc.com\/wp-content\/uploads\/2024\/04\/pexels-fausto-hernandez-12276701-scaled.jpg 1876w\" sizes=\"(max-width: 750px) 100vw, 750px\" \/>\t\t\t\t\t\t\t\t\t\t\t\t\t\t\t<\/div>\n\t\t\t\t<\/div>\n\t\t\t\t<\/div>\n\t\t<div class=\"elementor-element elementor-element-c938491 e-con-full e-flex e-con e-child\" data-id=\"c938491\" data-element_type=\"container\" data-e-type=\"container\">\n\t\t\t\t<div class=\"elementor-element elementor-element-b591ff1 elementor-widget elementor-widget-text-editor\" data-id=\"b591ff1\" data-element_type=\"widget\" data-e-type=\"widget\" data-widget_type=\"text-editor.default\">\n\t\t\t\t<div class=\"elementor-widget-container\">\n\t\t\t\t\t\t\t\t\t<h3 data-start=\"126\" data-end=\"186\"><strong data-start=\"130\" data-end=\"186\">\u6211\u4eec\u4e0e\u65c5\u884c\u793e\u7684\u5408\u4f5c\u65b9\u5f0f<\/strong><\/h3><p data-start=\"188\" data-end=\"313\">\u5728 <strong data-start=\"191\" data-end=\"204\">Balam DMC<\/strong> \u6211\u4eec\u559c\u6b22\u5728\u4fe1\u4efb\u3001\u900f\u660e\u548c\u5408\u4f5c\u7684\u57fa\u7840\u4e0a\u5efa\u7acb\u5173\u7cfb\u3002\u8fd9\u5c31\u662f\u6211\u4eec\u7684\u5de5\u4f5c\u65b9\u5f0f\uff1a<\/p><ul data-start=\"315\" data-end=\"978\"><li data-start=\"315\" data-end=\"389\"><p data-start=\"317\" data-end=\"389\"><strong data-start=\"317\" data-end=\"340\">\u4e13\u4f9b B2B\uff1a<\/strong> \u6211\u4eec\u53ea\u4e0e\u65c5\u884c\u793e\u5408\u4f5c\u3002<\/p><\/li><li data-start=\"390\" data-end=\"490\"><p data-start=\"392\" data-end=\"490\"><strong data-start=\"392\" data-end=\"408\">\u767d\u6807\uff1a<\/strong> \u6211\u4eec\u662f\u60a8\u5728\u58a8\u897f\u54e5\u7684\u5408\u4f5c\u4f19\u4f34\u548c\u56e2\u961f\uff0c\u59cb\u7ec8\u4ee5\u60a8\u7684\u54c1\u724c\u884c\u4e8b\u3002<\/p><\/li><li data-start=\"491\" data-end=\"649\"><p data-start=\"493\" data-end=\"649\"><strong data-start=\"493\" data-end=\"505\">\u8d39\u7528<\/strong> \u6211\u4eec\u4e0e <strong data-start=\"521\" data-end=\"570\">\u51c0\u6536\u8d39\u6216\u5305\u62ec\u4f63\u91d1\u5728\u5185\u7684\u6536\u8d39<\/strong>\u65b0\u7cfb\u7edf\u53ef\u6839\u636e\u5404\u673a\u6784\u7684\u9700\u8981\u786e\u4fdd\u6e05\u6670\u5ea6\u548c\u7075\u6d3b\u6027\u3002<\/p><\/li><li data-start=\"650\" data-end=\"807\"><p data-start=\"652\" data-end=\"807\"><strong data-start=\"652\" data-end=\"679\">\u989d\u5916\u4f63\u91d1<\/strong> \u5bf9\u4e8e\u65c5\u5ba2\u5728\u65c5\u884c\u671f\u95f4\u76f4\u63a5\u7b7e\u7ea6\u7684\u4efb\u4f55\u670d\u52a1\uff0c\u8d35\u673a\u6784\u5c06\u83b7\u5f97\u4ee5\u4e0b\u4f63\u91d1 <strong data-start=\"797\" data-end=\"804\">10%<\/strong>.<\/p><\/li><li data-start=\"808\" data-end=\"978\"><p data-start=\"810\" data-end=\"978\"><strong data-start=\"810\" data-end=\"837\">\u4e0d\u65ad\u6c9f\u901a\uff1a<\/strong> \u6211\u4eec\u5728\u4ece\u8ba1\u5212\u5230\u6267\u884c\u65c5\u884c\u7684\u6240\u6709\u9636\u6bb5\u90fd\u4fdd\u6301\u7740\u987a\u7545\u548c\u4e2a\u6027\u5316\u7684\u6c9f\u901a\u3002<\/p><\/li><\/ul>\t\t\t\t\t\t\t\t<\/div>\n\t\t\t\t<\/div>\n\t\t\t\t<\/div>\n\t\t\t\t\t<\/div>\n\t\t\t\t<\/div>\n\t\t<div class=\"elementor-element elementor-element-34da367 e-flex e-con-boxed e-con e-parent\" data-id=\"34da367\" data-element_type=\"container\" data-e-type=\"container\">\n\t\t\t\t\t<div class=\"e-con-inner\">\n\t\t<div class=\"elementor-element elementor-element-fe4a98f e-con-full e-flex e-con e-child\" data-id=\"fe4a98f\" data-element_type=\"container\" data-e-type=\"container\">\n\t\t\t\t<div class=\"elementor-element elementor-element-91e243d elementor-widget elementor-widget-text-editor\" data-id=\"91e243d\" data-element_type=\"widget\" data-e-type=\"widget\" data-widget_type=\"text-editor.default\">\n\t\t\t\t<div class=\"elementor-widget-container\">\n\t\t\t\t\t\t\t\t\t<h3 data-start=\"122\" data-end=\"172\"><strong data-start=\"126\" data-end=\"172\">\u6211\u4eec\u4e0e\u65c5\u884c\u8005\u7684\u5408\u4f5c\u65b9\u5f0f<\/strong><\/h3><p data-start=\"174\" data-end=\"309\">\u5728 <strong data-start=\"177\" data-end=\"190\">Balam DMC<\/strong> \u6211\u4eec\u5173\u6ce8\u6bcf\u4e00\u4e2a\u7ec6\u8282\uff0c\u786e\u4fdd\u81ea\u59cb\u81f3\u7ec8\u90fd\u80fd\u4e3a\u60a8\u63d0\u4f9b\u5b8c\u7f8e\u7684\u4f53\u9a8c\u3002\u8fd9\u5c31\u662f\u6211\u4eec\u4e0e\u65c5\u5ba2\u5408\u4f5c\u7684\u65b9\u5f0f\uff1a<\/p><ul data-start=\"311\" data-end=\"920\"><li data-start=\"311\" data-end=\"408\"><p data-start=\"313\" data-end=\"408\"><strong data-start=\"313\" data-end=\"336\">\u5b8c\u5168\u7075\u6d3b\uff1a<\/strong> \u5728\u6574\u4e2a\u884c\u7a0b\u4e2d\uff0c\u6211\u4eec\u4f1a\u6839\u636e\u60a8\u7684\u9700\u6c42\u548c\u559c\u597d\u8fdb\u884c\u8c03\u6574\u3002<\/p><\/li><li data-start=\"409\" data-end=\"541\"><p data-start=\"411\" data-end=\"541\"><strong data-start=\"411\" data-end=\"430\">\u4f7f\u7528\u591a\u79cd\u8bed\u8a00\uff1a<\/strong> \u6211\u4eec\u5728\u4ee5\u4e0b\u65b9\u9762\u63d0\u4f9b\u670d\u52a1\u548c\u4e13\u4e1a\u77e5\u8bc6 <strong data-start=\"469\" data-end=\"490\">10 \u591a\u79cd\u8bed\u8a00<\/strong>\u786e\u4fdd\u59cb\u7ec8\u4fdd\u6301\u987a\u7545\u7684\u6c9f\u901a\u3002<\/p><\/li><li data-start=\"542\" data-end=\"650\"><p data-start=\"544\" data-end=\"650\"><strong data-start=\"544\" data-end=\"562\">\u5168\u5929\u5019\u5173\u6ce8\uff1a<\/strong> \u6211\u4eec\u7684\u56e2\u961f\u968f\u65f6\u51c6\u5907\u5728\u4efb\u4f55\u60c5\u51b5\u4e0b\u63d0\u4f9b\u5e2e\u52a9\u3002<\/p><\/li><li data-start=\"651\" data-end=\"790\"><p data-start=\"653\" data-end=\"790\"><strong data-start=\"653\" data-end=\"679\">\u793c\u5bbe\u670d\u52a1\uff1a<\/strong> \u5982\u679c\u7b7e\u7ea6\uff0c\u5728\u65c5\u884c\u671f\u95f4\u53ef\u6ee1\u8db3\u7279\u6b8a\u6216\u4e2a\u6027\u5316\u8981\u6c42\u3002<\/p><\/li><li data-start=\"791\" data-end=\"920\"><p data-start=\"793\" data-end=\"920\"><strong data-start=\"793\" data-end=\"823\">\u5353\u8d8a\u670d\u52a1\uff1a<\/strong> \u6211\u4eec\u63d0\u4f9b <strong data-start=\"837\" data-end=\"893\">\u6700\u9ad8\u7ea7\u522b\u7684\u5173\u6ce8\u3001\u627f\u8bfa\u548c\u610f\u613f<\/strong> \u5728\u65c5\u7a0b\u7684\u6bcf\u4e2a\u9636\u6bb5\u3002<\/p><\/li><\/ul>\t\t\t\t\t\t\t\t<\/div>\n\t\t\t\t<\/div>\n\t\t\t\t<\/div>\n\t\t<div class=\"elementor-element elementor-element-32cfdff e-con-full e-flex e-con e-child\" data-id=\"32cfdff\" data-element_type=\"container\" data-e-type=\"container\">\n\t\t\t\t<div class=\"elementor-element elementor-element-a6709a0 elementor-widget elementor-widget-image\" data-id=\"a6709a0\" data-element_type=\"widget\" data-e-type=\"widget\" data-widget_type=\"image.default\">\n\t\t\t\t<div class=\"elementor-widget-container\">\n\t\t\t\t\t\t\t\t\t\t\t\t\t\t\t<img decoding=\"async\" width=\"681\" height=\"1024\" src=\"https:\/\/balamdmc.com\/wp-content\/uploads\/2024\/04\/pexels-jhovani-morales-12319997-681x1024.jpg\" class=\"attachment-large size-large wp-image-140\" alt=\"\" srcset=\"https:\/\/balamdmc.com\/wp-content\/uploads\/2024\/04\/pexels-jhovani-morales-12319997-681x1024.jpg 681w, https:\/\/balamdmc.com\/wp-content\/uploads\/2024\/04\/pexels-jhovani-morales-12319997-200x300.jpg 200w, https:\/\/balamdmc.com\/wp-content\/uploads\/2024\/04\/pexels-jhovani-morales-12319997-768x1154.jpg 768w, https:\/\/balamdmc.com\/wp-content\/uploads\/2024\/04\/pexels-jhovani-morales-12319997-1022x1536.jpg 1022w, https:\/\/balamdmc.com\/wp-content\/uploads\/2024\/04\/pexels-jhovani-morales-12319997-1362x2048.jpg 1362w, https:\/\/balamdmc.com\/wp-content\/uploads\/2024\/04\/pexels-jhovani-morales-12319997-8x12.jpg 8w, https:\/\/balamdmc.com\/wp-content\/uploads\/2024\/04\/pexels-jhovani-morales-12319997-scaled.jpg 1703w\" sizes=\"(max-width: 681px) 100vw, 681px\" \/>\t\t\t\t\t\t\t\t\t\t\t\t\t\t\t<\/div>\n\t\t\t\t<\/div>\n\t\t\t\t<\/div>\n\t\t\t\t\t<\/div>\n\t\t\t\t<\/div>\n\t\t\t\t<\/div>","protected":false},"excerpt":{"rendered":"<p>\u00bfC\u00f3mo trabajamos? Nos encanta trabajar junto a nuestras agencias de viajes y consentirlas, creando relaciones duraderas, aut\u00e9nticas y positivas que generen valor para todos. Nuestra forma de trabajar con las agencias de viajes En Balam DMC nos gusta construir relaciones basadas en confianza, transparencia y colaboraci\u00f3n. As\u00ed es como trabajamos: Exclusivamente B2B: colaboramos \u00fanicamente con [&hellip;]<\/p>\n","protected":false},"author":1,"featured_media":0,"parent":0,"menu_order":0,"comment_status":"closed","ping_status":"closed","template":"","meta":{"footnotes":""},"class_list":["post-69","page","type-page","status-publish","hentry"],"_links":{"self":[{"href":"https:\/\/balamdmc.com\/zh\/wp-json\/wp\/v2\/pages\/69","targetHints":{"allow":["GET"]}}],"collection":[{"href":"https:\/\/balamdmc.com\/zh\/wp-json\/wp\/v2\/pages"}],"about":[{"href":"https:\/\/balamdmc.com\/zh\/wp-json\/wp\/v2\/types\/page"}],"author":[{"embeddable":true,"href":"https:\/\/balamdmc.com\/zh\/wp-json\/wp\/v2\/users\/1"}],"replies":[{"embeddable":true,"href":"https:\/\/balamdmc.com\/zh\/wp-json\/wp\/v2\/comments?post=69"}],"version-history":[{"count":4,"href":"https:\/\/balamdmc.com\/zh\/wp-json\/wp\/v2\/pages\/69\/revisions"}],"predecessor-version":[{"id":425,"href":"https:\/\/balamdmc.com\/zh\/wp-json\/wp\/v2\/pages\/69\/revisions\/425"}],"wp:attachment":[{"href":"https:\/\/balamdmc.com\/zh\/wp-json\/wp\/v2\/media?parent=69"}],"curies":[{"name":"wp","href":"https:\/\/api.w.org\/{rel}","templated":true}]}}